{"id":530,"date":"2021-12-17T15:48:30","date_gmt":"2021-12-17T14:48:30","guid":{"rendered":"https:\/\/www.stl-software.de\/cms\/?page_id=530"},"modified":"2024-09-23T11:49:46","modified_gmt":"2024-09-23T09:49:46","slug":"stl-veranstaltungen","status":"publish","type":"page","link":"https:\/\/www.stl-software.de\/cms\/stl-veranstaltungen\/","title":{"rendered":"STL Veranstaltungen"},"content":{"rendered":"\n[et_pb_section fb_built=&#8220;1&#8243; _builder_version=&#8220;4.16&#8243; _module_preset=&#8220;753eb255-b498-452c-9075-9b40b679d3b4&#8243; global_colors_info=&#8220;{}&#8220;][et_pb_row _builder_version=&#8220;4.16&#8243; _module_preset=&#8220;default&#8220; animation_style=&#8220;slide&#8220; animation_intensity_slide=&#8220;10%&#8220; global_colors_info=&#8220;{}&#8220;][et_pb_column type=&#8220;4_4&#8243; _builder_version=&#8220;4.16&#8243; _module_preset=&#8220;default&#8220; global_colors_info=&#8220;{}&#8220;][et_pb_text _builder_version=&#8220;4.16&#8243; _module_preset=&#8220;b9bb25d6-91bf-4e23-95cd-4a9e00f511ab&#8220; global_colors_info=&#8220;{}&#8220;]<h1>STL Veranstaltungen<\/h1>[\/et_pb_text][et_pb_divider color=&#8220;#29c4a9&#8243; divider_weight=&#8220;4px&#8220; _builder_version=&#8220;4.9.10&#8243; _module_preset=&#8220;default&#8220; max_width=&#8220;40px&#8220; custom_margin=&#8220;||10px||false|false&#8220; global_module=&#8220;354&#8243; saved_tabs=&#8220;all&#8220; global_colors_info=&#8220;{}&#8220;][\/et_pb_divider][et_pb_text _builder_version=&#8220;4.16&#8243; _module_preset=&#8220;b9bb25d6-91bf-4e23-95cd-4a9e00f511ab&#8220; custom_padding=&#8220;1px||1px|||&#8220; global_colors_info=&#8220;{}&#8220;]<p>Hier finden Sie Informationen zum j\u00e4hrlichen Anwendertreffen, Trainingskatalog und bald auch zu Webinaren.<\/p>[\/et_pb_text][et_pb_button button_url=&#8220;https:\/\/www.stl-software.de\/cimoio\/&#8220; button_text=&#8220;Zum Katalog&#8220; _builder_version=&#8220;4.16.1&#8243; _module_preset=&#8220;5a00950a-f579-48e7-b9bd-3632ad8bbf2f&#8220; global_colors_info=&#8220;{}&#8220;][\/et_pb_button][\/et_pb_column][\/et_pb_row][\/et_pb_section][et_pb_section fb_built=&#8220;1&#8243; _builder_version=&#8220;4.16&#8243; _module_preset=&#8220;534b0480-ebfc-4f34-959c-de457c8ca269&#8243; global_colors_info=&#8220;{}&#8220;][et_pb_row column_structure=&#8220;1_4,3_4&#8243; _builder_version=&#8220;4.16&#8243; _module_preset=&#8220;default&#8220; animation_style=&#8220;slide&#8220; animation_direction=&#8220;left&#8220; animation_intensity_slide=&#8220;10%&#8220; global_colors_info=&#8220;{}&#8220;][et_pb_column type=&#8220;1_4&#8243; _builder_version=&#8220;4.16&#8243; _module_preset=&#8220;default&#8220; global_colors_info=&#8220;{}&#8220;][\/et_pb_column][et_pb_column type=&#8220;3_4&#8243; _builder_version=&#8220;4.16&#8243; _module_preset=&#8220;default&#8220; global_colors_info=&#8220;{}&#8220;][et_pb_text _builder_version=&#8220;4.16&#8243; _module_preset=&#8220;default&#8220; custom_margin=&#8220;||28px|||&#8220; global_colors_info=&#8220;{}&#8220;]<h2>Das j\u00e4hrliche STL Anwendertreffen<\/h2>[\/et_pb_text][et_pb_divider color=&#8220;#29c4a9&#8243; divider_weight=&#8220;4px&#8220; _builder_version=&#8220;4.9.10&#8243; _module_preset=&#8220;default&#8220; max_width=&#8220;40px&#8220; custom_margin=&#8220;||10px||false|false&#8220; global_module=&#8220;354&#8243; saved_tabs=&#8220;all&#8220; global_colors_info=&#8220;{}&#8220;][\/et_pb_divider][et_pb_text _builder_version=&#8220;4.22.1&#8243; _module_preset=&#8220;default&#8220; custom_padding=&#8220;||0px|||&#8220; hover_enabled=&#8220;0&#8243; global_colors_info=&#8220;{}&#8220; sticky_enabled=&#8220;0&#8243;]<p>Jedes Jahr treffen wir uns mit Kund_innen und Partner_innen um uns auszutauschen.<br \/>Die STL berichtet \u00fcber die &#8211; \u00fcblicherweise: &#8211; zwei Releases, die wir im laufenden Jahr bereitgestellt haben.<br \/>Unser Kund_innen berichten \u00fcber wichtige Neuerungen in ihren Projekten.<br \/>Und unsere Partner_innen berichten in der Key Note \u00fcber aktuelle Trends in der Personalentwicklungs- oder &#8222;L&amp;D&#8220;-Branche.<\/p>\n<p>Sie finden weitergehende<a href=\"\/cimoio\/site\/ad_de-DE_\/Seminar%20(Bildungsprodukt)_type\/cimoio-Anwendertreffen_title\/ID_securedGetRequest_const=l6gl4nI1DdGcZZA83QctsUN0YwS9UJoqP6lvGK2rNG4\" target=\"_blank\" rel=\"noopener\" title=\"Informationen zum Anwendertreffen\"> Informationen zum Anwendertreffen<\/a> und sowohl den Termin als auch die M\u00f6glichkeit zur Anmeldung f\u00fcr das <a href=\"\/cimoio\/site\/ad_de-DE_\/Veranstaltung_type\/cimoio-Anwendertreffen-2022-Mo.-13.06.2022---Di.-14.06.2022_title\/ID_securedGetRequest_const=9PonIkDCa50iwGR3fFaROKSaBhqX845d-r77bTKVT2Y\" target=\"_blank\" rel=\"noopener\" title=\"diesj\u00e4hrige Anwendertreffen\">diesj\u00e4hrige Anwendertreffen<\/a> in unserem Katalog.<\/p>\n<p>Und dieses Jahr haben wir die Freude, 20 Jahre STL zu feiern und das <a href=\"https:\/\/www.cimoio.de\/cms\/cimoio-anwendertreffen-2023\/\" target=\"_blank\" rel=\"noopener\" title=\"Blogeintrag zum 15. cimoio-Anwendertreffen\">15. cimoio Anwendertreffen<\/a>!<\/p>[\/et_pb_text][\/et_pb_column][\/et_pb_row][\/et_pb_section][et_pb_section fb_built=&#8220;1&#8243; _builder_version=&#8220;4.16&#8243; _module_preset=&#8220;753eb255-b498-452c-9075-9b40b679d3b4&#8243; global_colors_info=&#8220;{}&#8220;][et_pb_row column_structure=&#8220;3_4,1_4&#8243; _builder_version=&#8220;4.16&#8243; _module_preset=&#8220;default&#8220; animation_style=&#8220;slide&#8220; animation_direction=&#8220;right&#8220; animation_intensity_slide=&#8220;10%&#8220; global_colors_info=&#8220;{}&#8220;][et_pb_column type=&#8220;3_4&#8243; _builder_version=&#8220;4.16&#8243; _module_preset=&#8220;default&#8220; global_colors_info=&#8220;{}&#8220;][et_pb_text _builder_version=&#8220;4.17.0&#8243; _module_preset=&#8220;b9bb25d6-91bf-4e23-95cd-4a9e00f511ab&#8220; global_colors_info=&#8220;{}&#8220;]<h2>STL GmbH auf Messen und Tagungen<\/h2>[\/et_pb_text][et_pb_divider color=&#8220;#29c4a9&#8243; divider_weight=&#8220;4px&#8220; _builder_version=&#8220;4.9.10&#8243; _module_preset=&#8220;default&#8220; max_width=&#8220;40px&#8220; custom_margin=&#8220;||10px||false|false&#8220; global_module=&#8220;354&#8243; saved_tabs=&#8220;all&#8220; global_colors_info=&#8220;{}&#8220;][\/et_pb_divider][et_pb_text _builder_version=&#8220;4.22.1&#8243; _module_preset=&#8220;b9bb25d6-91bf-4e23-95cd-4a9e00f511ab&#8220; global_colors_info=&#8220;{}&#8220;]<p>Als STL GmbH pr\u00e4sentieren wir unser Produkt cimoio auch auf Messen und Tagungen. So sind wir zum Beispiel j\u00e4hrlich auf der Learntec anwesend.<\/p>\n<p>Weiterf\u00fchrende Informationen zu unseren <a href=\"\/cimoio\/site\/ad_de-DE_\/Seminar%20(Bildungsprodukt)_type\/STL-GmbH-auf-der-Learntec_title\/ID_securedGetRequest_const=R2DDzTwQd_ZZE2TpNRj1CDREzru0__yvuV_Y_vXqeLw\" title=\"STL auf der Learntec\">Messe-Teilnahmen finden Sie im Katalog<\/a>.<\/p>[\/et_pb_text][\/et_pb_column][et_pb_column type=&#8220;1_4&#8243; _builder_version=&#8220;4.16&#8243; _module_preset=&#8220;default&#8220; global_colors_info=&#8220;{}&#8220;][\/et_pb_column][\/et_pb_row][\/et_pb_section][et_pb_section fb_built=&#8220;1&#8243; _builder_version=&#8220;4.16&#8243; _module_preset=&#8220;534b0480-ebfc-4f34-959c-de457c8ca269&#8243; global_colors_info=&#8220;{}&#8220;][et_pb_row column_structure=&#8220;1_4,3_4&#8243; _builder_version=&#8220;4.16&#8243; _module_preset=&#8220;default&#8220; animation_style=&#8220;slide&#8220; animation_direction=&#8220;left&#8220; animation_intensity_slide=&#8220;10%&#8220; global_colors_info=&#8220;{}&#8220;][et_pb_column type=&#8220;1_4&#8243; _builder_version=&#8220;4.16&#8243; _module_preset=&#8220;default&#8220; global_colors_info=&#8220;{}&#8220;][\/et_pb_column][et_pb_column type=&#8220;3_4&#8243; _builder_version=&#8220;4.16&#8243; _module_preset=&#8220;default&#8220; global_colors_info=&#8220;{}&#8220;][et_pb_text _builder_version=&#8220;4.16&#8243; _module_preset=&#8220;default&#8220; custom_margin=&#8220;||28px|||&#8220; global_colors_info=&#8220;{}&#8220;]<h2>Webinare<\/h2>[\/et_pb_text][et_pb_divider color=&#8220;#29c4a9&#8243; divider_weight=&#8220;4px&#8220; _builder_version=&#8220;4.9.10&#8243; _module_preset=&#8220;default&#8220; max_width=&#8220;40px&#8220; custom_margin=&#8220;||10px||false|false&#8220; global_module=&#8220;354&#8243; saved_tabs=&#8220;all&#8220; global_colors_info=&#8220;{}&#8220;][\/et_pb_divider][et_pb_text _builder_version=&#8220;4.21.0&#8243; _module_preset=&#8220;default&#8220; global_colors_info=&#8220;{}&#8220;]<p>Wir planen in der Zukunft auch Webinare. Einerseits f\u00fcr zuk\u00fcnftige Interessenten mit generellen Informationen zum Leistungsspektrum von cimoio. Andererseits auch f\u00fcr Bestandskund_innen mit Informationen zu wichtigen Neuerungen &#8211; zum Beispiel im Rahmen eines neuen Releases.<\/p>[\/et_pb_text][\/et_pb_column][\/et_pb_row][\/et_pb_section][et_pb_section fb_built=&#8220;1&#8243; _builder_version=&#8220;4.16&#8243; _module_preset=&#8220;753eb255-b498-452c-9075-9b40b679d3b4&#8243; global_colors_info=&#8220;{}&#8220;][et_pb_row column_structure=&#8220;3_4,1_4&#8243; _builder_version=&#8220;4.16&#8243; _module_preset=&#8220;default&#8220; animation_style=&#8220;slide&#8220; animation_direction=&#8220;right&#8220; animation_intensity_slide=&#8220;10%&#8220; global_colors_info=&#8220;{}&#8220;][et_pb_column type=&#8220;3_4&#8243; _builder_version=&#8220;4.16&#8243; _module_preset=&#8220;default&#8220; global_colors_info=&#8220;{}&#8220;][et_pb_text _builder_version=&#8220;4.16&#8243; _module_preset=&#8220;b9bb25d6-91bf-4e23-95cd-4a9e00f511ab&#8220; global_colors_info=&#8220;{}&#8220;]<h2>Unser Trainingskatalog<\/h2>[\/et_pb_text][et_pb_divider color=&#8220;#29c4a9&#8243; divider_weight=&#8220;4px&#8220; _builder_version=&#8220;4.9.10&#8243; _module_preset=&#8220;default&#8220; max_width=&#8220;40px&#8220; custom_margin=&#8220;||10px||false|false&#8220; global_module=&#8220;354&#8243; saved_tabs=&#8220;all&#8220; global_colors_info=&#8220;{}&#8220;][\/et_pb_divider][et_pb_text _builder_version=&#8220;4.16&#8243; _module_preset=&#8220;b9bb25d6-91bf-4e23-95cd-4a9e00f511ab&#8220; global_colors_info=&#8220;{}&#8220;]<p>Unseren Kunden bieten wir Trainings f\u00fcr verschiedene Zielgruppen in ihrem cimoio-Verwaltungs-Team:<\/p>\n<ul>\n<li>Trainings f\u00fcr Veranstalter_innen<\/li>\n<li>Trainings f\u00fcr Produktmanager_innen und andere Spezialrollen<\/li>\n<li>Trainings f\u00fcr cimoio-Administration<\/li>\n<\/ul>[\/et_pb_text][\/et_pb_column][et_pb_column type=&#8220;1_4&#8243; _builder_version=&#8220;4.16&#8243; _module_preset=&#8220;default&#8220; global_colors_info=&#8220;{}&#8220;][\/et_pb_column][\/et_pb_row][\/et_pb_section][et_pb_section fb_built=&#8220;1&#8243; _builder_version=&#8220;4.16&#8243; _module_preset=&#8220;534b0480-ebfc-4f34-959c-de457c8ca269&#8243; global_colors_info=&#8220;{}&#8220;][et_pb_row _builder_version=&#8220;4.16&#8243; _module_preset=&#8220;default&#8220; global_colors_info=&#8220;{}&#8220;][et_pb_column type=&#8220;4_4&#8243; _builder_version=&#8220;4.16&#8243; _module_preset=&#8220;default&#8220; global_colors_info=&#8220;{}&#8220;][et_pb_divider color=&#8220;#009fe3&#8243; _builder_version=&#8220;4.16&#8243; _module_preset=&#8220;default&#8220; global_colors_info=&#8220;{}&#8220;][\/et_pb_divider][\/et_pb_column][\/et_pb_row][et_pb_row column_structure=&#8220;1_3,1_3,1_3&#8243; _builder_version=&#8220;4.16&#8243; _module_preset=&#8220;default&#8220; animation_style=&#8220;slide&#8220; animation_intensity_slide=&#8220;10%&#8220; global_colors_info=&#8220;{}&#8220;][et_pb_column type=&#8220;1_3&#8243; _builder_version=&#8220;4.16&#8243; _module_preset=&#8220;default&#8220; global_colors_info=&#8220;{}&#8220;][et_pb_cta title=&#8220;Schon unsere Produkte gesehen?&#8220; button_url=&#8220;@ET-DC@eyJkeW5hbWljIjp0cnVlLCJjb250ZW50IjoicG9zdF9saW5rX3VybF9wYWdlIiwic2V0dGluZ3MiOnsicG9zdF9pZCI6IjE4MiJ9fQ==@&#8220; button_text=&#8220;Lesen Sie mehr&#8220; _builder_version=&#8220;4.9.10&#8243; _dynamic_attributes=&#8220;button_url&#8220; _module_preset=&#8220;545dde89-ea91-4fb4-b13d-f0f53518a37d&#8220; global_module=&#8220;320&#8243; saved_tabs=&#8220;all&#8220; global_colors_info=&#8220;{}&#8220;]<p>Wir bieten auch verschiedene Softwareprodukte und L\u00f6sungen an &#8211; Details dazu haben wir hier zusammengefasst:<\/p>\n[\/et_pb_cta][\/et_pb_column][et_pb_column type=&#8220;1_3&#8243; _builder_version=&#8220;4.16&#8243; _module_preset=&#8220;default&#8220; global_colors_info=&#8220;{}&#8220;][et_pb_cta title=&#8220;Ben\u00f6tigen Sie auch Services?&#8220; button_url=&#8220;@ET-DC@eyJkeW5hbWljIjp0cnVlLCJjb250ZW50IjoicG9zdF9saW5rX3VybF9wYWdlIiwic2V0dGluZ3MiOnsicG9zdF9pZCI6IjI1NCJ9fQ==@&#8220; button_text=&#8220;Lesen Sie mehr&#8220; _builder_version=&#8220;4.9.10&#8243; _dynamic_attributes=&#8220;button_url&#8220; _module_preset=&#8220;default&#8220; global_module=&#8220;306&#8243; saved_tabs=&#8220;all&#8220; global_colors_info=&#8220;{}&#8220;]<p>Wenn Sie au\u00dfer einem Tool auch Services rund um ihr Trainingsgesch\u00e4ft ben\u00f6tigen, finden Sie hier mehr Informationen!<\/p>\n[\/et_pb_cta][\/et_pb_column][et_pb_column type=&#8220;1_3&#8243; _builder_version=&#8220;4.16&#8243; _module_preset=&#8220;default&#8220; global_colors_info=&#8220;{}&#8220;][et_pb_cta title=&#8220;M\u00f6chten Sie Kundenstimmen lesen?&#8220; button_url=&#8220;@ET-DC@eyJkeW5hbWljIjp0cnVlLCJjb250ZW50IjoicG9zdF9saW5rX3VybF9wYWdlIiwic2V0dGluZ3MiOnsicG9zdF9pZCI6IjI1NCJ9fQ==@&#8220; button_text=&#8220;Lesen Sie mehr&#8220; _builder_version=&#8220;4.9.10&#8243; _dynamic_attributes=&#8220;button_url&#8220; _module_preset=&#8220;545dde89-ea91-4fb4-b13d-f0f53518a37d&#8220; global_module=&#8220;317&#8243; global_colors_info=&#8220;{}&#8220;]<p>Hier finden Sie Kundenstimmen zu unserem Tool cimoio, MTS-L\u00f6sungen und qamaas-Installationen<\/p>\n[\/et_pb_cta][\/et_pb_column][\/et_pb_row][\/et_pb_section]\n","protected":false},"excerpt":{"rendered":"<p>STL VeranstaltungenHier finden Sie Informationen zum j\u00e4hrlichen Anwendertreffen, Trainingskatalog und bald auch zu Webinaren.Das j\u00e4hrliche STL AnwendertreffenJedes Jahr treffen wir uns mit Kund_innen und Partner_innen um uns auszutauschen.Die STL berichtet \u00fcber die &#8211; \u00fcblicherweise: &#8211; zwei Releases, die wir im laufenden Jahr bereitgestellt haben.Unser Kund_innen berichten \u00fcber wichtige Neuerungen in ihren Projekten.Und unsere Partner_innen berichten [&hellip;]<\/p>\n","protected":false},"author":3,"featured_media":0,"parent":0,"menu_order":50,"comment_status":"closed","ping_status":"closed","template":"","meta":{"_et_pb_use_builder":"on","_et_pb_old_content":"","_et_gb_content_width":"","inline_featured_image":false,"footnotes":""},"class_list":["post-530","page","type-page","status-publish","hentry"],"yoast_head":"<!-- This site is optimized with the Yoast SEO plugin v27.2 - https:\/\/yoast.com\/product\/yoast-seo-wordpress\/ -->\n<title>STL Veranstaltungen | STL GmbH<\/title>\n<meta name=\"description\" content=\"STL Veranstaltungen: hier finden Sie Informationen zum j\u00e4hrlichen Anwendertreffen, Trainingskatalog und bald auch Webinare\" \/>\n<meta name=\"robots\" content=\"index, follow, max-snippet:-1, max-image-preview:large, max-video-preview:-1\" \/>\n<link rel=\"canonical\" href=\"https:\/\/www.stl-software.de\/cms\/stl-veranstaltungen\/\" \/>\n<meta property=\"og:locale\" content=\"de_DE\" \/>\n<meta property=\"og:type\" content=\"article\" \/>\n<meta property=\"og:title\" content=\"STL Veranstaltungen | STL GmbH\" \/>\n<meta property=\"og:description\" content=\"STL Veranstaltungen: hier finden Sie Informationen zum j\u00e4hrlichen Anwendertreffen, Trainingskatalog und bald auch Webinare\" \/>\n<meta property=\"og:url\" content=\"https:\/\/www.stl-software.de\/cms\/stl-veranstaltungen\/\" \/>\n<meta property=\"og:site_name\" content=\"STL GmbH\" \/>\n<meta property=\"article:modified_time\" content=\"2024-09-23T09:49:46+00:00\" \/>\n<meta name=\"twitter:card\" content=\"summary_large_image\" \/>\n<script type=\"application\/ld+json\" class=\"yoast-schema-graph\">{\"@context\":\"https:\/\/schema.org\",\"@graph\":[{\"@type\":\"WebPage\",\"@id\":\"https:\/\/www.stl-software.de\/cms\/stl-veranstaltungen\/\",\"url\":\"https:\/\/www.stl-software.de\/cms\/stl-veranstaltungen\/\",\"name\":\"STL Veranstaltungen | STL GmbH\",\"isPartOf\":{\"@id\":\"https:\/\/www.stl-software.de\/cms\/#website\"},\"datePublished\":\"2021-12-17T14:48:30+00:00\",\"dateModified\":\"2024-09-23T09:49:46+00:00\",\"description\":\"STL Veranstaltungen: hier finden Sie Informationen zum j\u00e4hrlichen Anwendertreffen, Trainingskatalog und bald auch Webinare\",\"breadcrumb\":{\"@id\":\"https:\/\/www.stl-software.de\/cms\/stl-veranstaltungen\/#breadcrumb\"},\"inLanguage\":\"de\",\"potentialAction\":[{\"@type\":\"ReadAction\",\"target\":[\"https:\/\/www.stl-software.de\/cms\/stl-veranstaltungen\/\"]}]},{\"@type\":\"BreadcrumbList\",\"@id\":\"https:\/\/www.stl-software.de\/cms\/stl-veranstaltungen\/#breadcrumb\",\"itemListElement\":[{\"@type\":\"ListItem\",\"position\":1,\"name\":\"Startseite\",\"item\":\"https:\/\/www.stl-software.de\/cms\/\"},{\"@type\":\"ListItem\",\"position\":2,\"name\":\"STL Veranstaltungen\"}]},{\"@type\":\"WebSite\",\"@id\":\"https:\/\/www.stl-software.de\/cms\/#website\",\"url\":\"https:\/\/www.stl-software.de\/cms\/\",\"name\":\"STL GmbH\",\"description\":\"Die Firma, die das LMS cimoio entwickelt hat\",\"potentialAction\":[{\"@type\":\"SearchAction\",\"target\":{\"@type\":\"EntryPoint\",\"urlTemplate\":\"https:\/\/www.stl-software.de\/cms\/?s={search_term_string}\"},\"query-input\":{\"@type\":\"PropertyValueSpecification\",\"valueRequired\":true,\"valueName\":\"search_term_string\"}}],\"inLanguage\":\"de\"}]}<\/script>\n<!-- \/ Yoast SEO plugin. -->","yoast_head_json":{"title":"STL Veranstaltungen | STL GmbH","description":"STL Veranstaltungen: hier finden Sie Informationen zum j\u00e4hrlichen Anwendertreffen, Trainingskatalog und bald auch Webinare","robots":{"index":"index","follow":"follow","max-snippet":"max-snippet:-1","max-image-preview":"max-image-preview:large","max-video-preview":"max-video-preview:-1"},"canonical":"https:\/\/www.stl-software.de\/cms\/stl-veranstaltungen\/","og_locale":"de_DE","og_type":"article","og_title":"STL Veranstaltungen | STL GmbH","og_description":"STL Veranstaltungen: hier finden Sie Informationen zum j\u00e4hrlichen Anwendertreffen, Trainingskatalog und bald auch Webinare","og_url":"https:\/\/www.stl-software.de\/cms\/stl-veranstaltungen\/","og_site_name":"STL GmbH","article_modified_time":"2024-09-23T09:49:46+00:00","twitter_card":"summary_large_image","schema":{"@context":"https:\/\/schema.org","@graph":[{"@type":"WebPage","@id":"https:\/\/www.stl-software.de\/cms\/stl-veranstaltungen\/","url":"https:\/\/www.stl-software.de\/cms\/stl-veranstaltungen\/","name":"STL Veranstaltungen | STL GmbH","isPartOf":{"@id":"https:\/\/www.stl-software.de\/cms\/#website"},"datePublished":"2021-12-17T14:48:30+00:00","dateModified":"2024-09-23T09:49:46+00:00","description":"STL Veranstaltungen: hier finden Sie Informationen zum j\u00e4hrlichen Anwendertreffen, Trainingskatalog und bald auch Webinare","breadcrumb":{"@id":"https:\/\/www.stl-software.de\/cms\/stl-veranstaltungen\/#breadcrumb"},"inLanguage":"de","potentialAction":[{"@type":"ReadAction","target":["https:\/\/www.stl-software.de\/cms\/stl-veranstaltungen\/"]}]},{"@type":"BreadcrumbList","@id":"https:\/\/www.stl-software.de\/cms\/stl-veranstaltungen\/#breadcrumb","itemListElement":[{"@type":"ListItem","position":1,"name":"Startseite","item":"https:\/\/www.stl-software.de\/cms\/"},{"@type":"ListItem","position":2,"name":"STL Veranstaltungen"}]},{"@type":"WebSite","@id":"https:\/\/www.stl-software.de\/cms\/#website","url":"https:\/\/www.stl-software.de\/cms\/","name":"STL GmbH","description":"Die Firma, die das LMS cimoio entwickelt hat","potentialAction":[{"@type":"SearchAction","target":{"@type":"EntryPoint","urlTemplate":"https:\/\/www.stl-software.de\/cms\/?s={search_term_string}"},"query-input":{"@type":"PropertyValueSpecification","valueRequired":true,"valueName":"search_term_string"}}],"inLanguage":"de"}]}},"_links":{"self":[{"href":"https:\/\/www.stl-software.de\/cms\/wp-json\/wp\/v2\/pages\/530","targetHints":{"allow":["GET"]}}],"collection":[{"href":"https:\/\/www.stl-software.de\/cms\/wp-json\/wp\/v2\/pages"}],"about":[{"href":"https:\/\/www.stl-software.de\/cms\/wp-json\/wp\/v2\/types\/page"}],"author":[{"embeddable":true,"href":"https:\/\/www.stl-software.de\/cms\/wp-json\/wp\/v2\/users\/3"}],"replies":[{"embeddable":true,"href":"https:\/\/www.stl-software.de\/cms\/wp-json\/wp\/v2\/comments?post=530"}],"version-history":[{"count":17,"href":"https:\/\/www.stl-software.de\/cms\/wp-json\/wp\/v2\/pages\/530\/revisions"}],"predecessor-version":[{"id":1803,"href":"https:\/\/www.stl-software.de\/cms\/wp-json\/wp\/v2\/pages\/530\/revisions\/1803"}],"wp:attachment":[{"href":"https:\/\/www.stl-software.de\/cms\/wp-json\/wp\/v2\/media?parent=530"}],"curies":[{"name":"wp","href":"https:\/\/api.w.org\/{rel}","templated":true}]}}