{"id":458,"date":"2021-12-09T13:54:59","date_gmt":"2021-12-09T12:54:59","guid":{"rendered":"https:\/\/www.stl-software.de\/cms\/?page_id=458"},"modified":"2025-07-09T15:25:15","modified_gmt":"2025-07-09T13:25:15","slug":"operative-unterstuetzung-bei-der-nutzung-von-cimoio","status":"publish","type":"page","link":"https:\/\/www.stl-software.de\/cms\/services-der-stl-gmbh\/operative-unterstuetzung-bei-der-nutzung-von-cimoio\/","title":{"rendered":"Operative Unterst\u00fctzung bei der Nutzung von cimoio"},"content":{"rendered":"\n\n\n\n[et_pb_section fb_built=&#8220;1&#8243; _builder_version=&#8220;4.9.10&#8243; _module_preset=&#8220;753eb255-b498-452c-9075-9b40b679d3b4&#8243; hover_enabled=&#8220;0&#8243; sticky_enabled=&#8220;0&#8243;][et_pb_row _builder_version=&#8220;4.9.10&#8243; _module_preset=&#8220;default&#8220; hover_enabled=&#8220;0&#8243; animation_style=&#8220;slide&#8220; animation_intensity_slide=&#8220;10%&#8220; sticky_enabled=&#8220;0&#8243;][et_pb_column type=&#8220;4_4&#8243; _builder_version=&#8220;4.9.10&#8243; _module_preset=&#8220;default&#8220;][et_pb_text _builder_version=&#8220;4.9.10&#8243; _module_preset=&#8220;b9bb25d6-91bf-4e23-95cd-4a9e00f511ab&#8220;]<h1>Operative Unterst\u00fctzung bei der Nutzung von cimoio<\/h1>[\/et_pb_text][et_pb_divider color=&#8220;#29c4a9&#8243; divider_weight=&#8220;4px&#8220; _builder_version=&#8220;4.9.10&#8243; _module_preset=&#8220;default&#8220; max_width=&#8220;40px&#8220; custom_margin=&#8220;||10px||false|false&#8220; global_module=&#8220;354&#8243;][\/et_pb_divider][et_pb_text _builder_version=&#8220;4.9.10&#8243; _module_preset=&#8220;b9bb25d6-91bf-4e23-95cd-4a9e00f511ab&#8220;]<p>Neben der Strategie und reinen Trainings f\u00fcr neue Teammitglieder bieten wir auch operative Unterst\u00fctzung. Im Gegensatz zu MTS-L\u00f6sungen sind diese dazu da, Sie situativ zu unterst\u00fctzen. Entweder, um dialogisch mit Ihnen den besten Weg zu erarbeiten, eine Qualit\u00e4tspr\u00fcfung auf ihre Arbeit zu machen oder selten notwendige aber komplexe Aufgaben sogar f\u00fcr Sie \u00a0&#8211; statt mit Ihnen &#8211; zu l\u00f6sen.<\/p>[\/et_pb_text][\/et_pb_column][\/et_pb_row][\/et_pb_section][et_pb_section fb_built=&#8220;1&#8243; _builder_version=&#8220;4.9.10&#8243; _module_preset=&#8220;534b0480-ebfc-4f34-959c-de457c8ca269&#8243; hover_enabled=&#8220;0&#8243; sticky_enabled=&#8220;0&#8243;][et_pb_row column_structure=&#8220;1_4,3_4&#8243; _builder_version=&#8220;4.9.10&#8243; _module_preset=&#8220;default&#8220; hover_enabled=&#8220;0&#8243; animation_style=&#8220;slide&#8220; animation_intensity_slide=&#8220;10%&#8220; animation_direction=&#8220;left&#8220; sticky_enabled=&#8220;0&#8243;][et_pb_column type=&#8220;1_4&#8243; _builder_version=&#8220;4.9.10&#8243; _module_preset=&#8220;default&#8220;][\/et_pb_column][et_pb_column type=&#8220;3_4&#8243; _builder_version=&#8220;4.9.10&#8243; _module_preset=&#8220;default&#8220;][et_pb_text _builder_version=&#8220;4.9.10&#8243; _module_preset=&#8220;default&#8220;]<h2>Umsetzungsanleitung<\/h2>[\/et_pb_text][et_pb_divider color=&#8220;#29c4a9&#8243; divider_weight=&#8220;4px&#8220; _builder_version=&#8220;4.9.10&#8243; _module_preset=&#8220;default&#8220; max_width=&#8220;40px&#8220; custom_margin=&#8220;||10px||false|false&#8220; global_module=&#8220;354&#8243;][\/et_pb_divider][et_pb_text _builder_version=&#8220;4.9.10&#8243; _module_preset=&#8220;default&#8220;]<p>Sie haben ein neues Release bekommen und m\u00f6chten nun ihre Ideen mit den neuen Funktionen umsetzen, wissen aber nicht genau, wo Sie anfangen sollen? Dann begleiten wir Sie gerne in einem Workshop bei den ersten Schritten. Dialogisch erkl\u00e4ren Sie uns die Idee, wir erkl\u00e4ren Ihnen die Umsetzung und schauen im vier-Augen-Prinzip dabei zu, wie Sie ihre Idee umsetzen. Schritt-f\u00fcr-Schritt gehen wir mit Ihnen dabei ganz im Sinne von &#8222;Learning-on-the-Job&#8220; an die Sache heran.<\/p>[\/et_pb_text][\/et_pb_column][\/et_pb_row][\/et_pb_section][et_pb_section fb_built=&#8220;1&#8243; _builder_version=&#8220;4.9.10&#8243; _module_preset=&#8220;753eb255-b498-452c-9075-9b40b679d3b4&#8243; hover_enabled=&#8220;0&#8243; sticky_enabled=&#8220;0&#8243;][et_pb_row column_structure=&#8220;3_4,1_4&#8243; _builder_version=&#8220;4.9.10&#8243; _module_preset=&#8220;default&#8220; hover_enabled=&#8220;0&#8243; animation_style=&#8220;slide&#8220; animation_direction=&#8220;right&#8220; animation_intensity_slide=&#8220;10%&#8220; sticky_enabled=&#8220;0&#8243;][et_pb_column type=&#8220;3_4&#8243; _builder_version=&#8220;4.9.10&#8243; _module_preset=&#8220;default&#8220;][et_pb_text _builder_version=&#8220;4.9.10&#8243; _module_preset=&#8220;b9bb25d6-91bf-4e23-95cd-4a9e00f511ab&#8220;]<h2>Qualit\u00e4tssicherung<\/h2>[\/et_pb_text][et_pb_divider color=&#8220;#29c4a9&#8243; divider_weight=&#8220;4px&#8220; _builder_version=&#8220;4.9.10&#8243; _module_preset=&#8220;default&#8220; max_width=&#8220;40px&#8220; custom_margin=&#8220;||10px||false|false&#8220; global_module=&#8220;354&#8243;][\/et_pb_divider][et_pb_text _builder_version=&#8220;4.9.10&#8243; _module_preset=&#8220;b9bb25d6-91bf-4e23-95cd-4a9e00f511ab&#8220;]<p>Sie wissen bereits, wie cimoio tickt und Sie haben auch schon die Umsetzung geplant &#8211; oder sogar schon die Daten gepflegt. Aber Sie h\u00e4tten gerne jemanden, die sich ihre L\u00f6sung nochmal anschaut und sicherstellt, dass das so funktioniert? Auch hier haben wir das passende Angebot f\u00fcr Sie.<\/p>[\/et_pb_text][\/et_pb_column][et_pb_column type=&#8220;1_4&#8243; _builder_version=&#8220;4.9.10&#8243; _module_preset=&#8220;default&#8220;][\/et_pb_column][\/et_pb_row][\/et_pb_section][et_pb_section fb_built=&#8220;1&#8243; _builder_version=&#8220;4.9.10&#8243; _module_preset=&#8220;534b0480-ebfc-4f34-959c-de457c8ca269&#8243; hover_enabled=&#8220;0&#8243; sticky_enabled=&#8220;0&#8243;][et_pb_row column_structure=&#8220;1_4,3_4&#8243; _builder_version=&#8220;4.9.10&#8243; _module_preset=&#8220;default&#8220; hover_enabled=&#8220;0&#8243; animation_style=&#8220;slide&#8220; animation_direction=&#8220;left&#8220; animation_intensity_slide=&#8220;10%&#8220; sticky_enabled=&#8220;0&#8243;][et_pb_column type=&#8220;1_4&#8243; _builder_version=&#8220;4.9.10&#8243; _module_preset=&#8220;default&#8220;][\/et_pb_column][et_pb_column type=&#8220;3_4&#8243; _builder_version=&#8220;4.9.10&#8243; _module_preset=&#8220;default&#8220;][et_pb_text _builder_version=&#8220;4.9.10&#8243; _module_preset=&#8220;default&#8220;]<h2>\u00dcbernahme operativer Aufgaben<\/h2>[\/et_pb_text][et_pb_divider color=&#8220;#29c4a9&#8243; divider_weight=&#8220;4px&#8220; _builder_version=&#8220;4.9.10&#8243; _module_preset=&#8220;default&#8220; max_width=&#8220;40px&#8220; custom_margin=&#8220;||10px||false|false&#8220; global_module=&#8220;354&#8243;][\/et_pb_divider][et_pb_text _builder_version=&#8220;4.9.10&#8243; _module_preset=&#8220;default&#8220;]<p>Sie stehen vor einer Aufgabe, die Sie nur ein oder zwei Mal im Jahr machen m\u00fcssen? Und sind sich jedes Mal unsicher, wie sie es korrekt machen? Au\u00dferdem sind inzwischen zwei Releases geliefert worden, so dass sich vielleicht inzwischen daran etwas ge\u00e4ndert haben k\u00f6nnte? Sie sind aber sonst fit in allem und m\u00f6chten nicht in Managed Training Services investieren? Dann lassen Sie uns doch einfach diese selten durchgef\u00fchrten Aufgaben \u00fcbernehmen &#8211; und sie machen einfach das, was t\u00e4glich anf\u00e4llt, weiter. Sprechen Sie uns an!<\/p>[\/et_pb_text][\/et_pb_column][\/et_pb_row][\/et_pb_section][et_pb_section fb_built=&#8220;1&#8243; _builder_version=&#8220;4.9.10&#8243; _module_preset=&#8220;534b0480-ebfc-4f34-959c-de457c8ca269&#8243; hover_enabled=&#8220;0&#8243; sticky_enabled=&#8220;0&#8243;][et_pb_row _builder_version=&#8220;4.9.10&#8243; _module_preset=&#8220;default&#8220;][et_pb_column type=&#8220;4_4&#8243; _builder_version=&#8220;4.9.10&#8243; _module_preset=&#8220;default&#8220;][et_pb_divider color=&#8220;#009fe3&#8243; _builder_version=&#8220;4.9.10&#8243; _module_preset=&#8220;default&#8220;][\/et_pb_divider][\/et_pb_column][\/et_pb_row][et_pb_row column_structure=&#8220;1_3,1_3,1_3&#8243; _builder_version=&#8220;4.9.10&#8243; _module_preset=&#8220;default&#8220; hover_enabled=&#8220;0&#8243; animation_style=&#8220;slide&#8220; animation_intensity_slide=&#8220;10%&#8220; sticky_enabled=&#8220;0&#8243;][et_pb_column type=&#8220;1_3&#8243; _builder_version=&#8220;4.9.10&#8243; _module_preset=&#8220;default&#8220;][et_pb_cta title=&#8220;Ben\u00f6tigen Sie Beratung zu Trainingsprozessen?&#8220; button_url=&#8220;@ET-DC@eyJkeW5hbWljIjp0cnVlLCJjb250ZW50IjoicG9zdF9saW5rX3VybF9wYWdlIiwic2V0dGluZ3MiOnsicG9zdF9pZCI6IjQwNiJ9fQ==@&#8220; button_text=&#8220;Lesen Sie mehr&#8220; _builder_version=&#8220;4.9.10&#8243; _dynamic_attributes=&#8220;button_url&#8220; _module_preset=&#8220;default&#8220; global_module=&#8220;419&#8243; saved_tabs=&#8220;all&#8220;]<p>Ob Sie noch entscheiden, mit welchem LMS Sie ihre Strategie umsetzen oder sich schon f\u00fcr cimoio entschieden haben: wir unterst\u00fctzen sie mit kompetenter Beratung.<\/p>\n[\/et_pb_cta][\/et_pb_column][et_pb_column type=&#8220;1_3&#8243; _builder_version=&#8220;4.9.10&#8243; _module_preset=&#8220;default&#8220;][et_pb_cta title=&#8220;Sie ben\u00f6tigen Trainings f\u00fcr Ihr Veranstalter-Team?&#8220; button_url=&#8220;@ET-DC@eyJkeW5hbWljIjp0cnVlLCJjb250ZW50IjoicG9zdF9saW5rX3VybF9wYWdlIiwic2V0dGluZ3MiOnsicG9zdF9pZCI6IjQyNiJ9fQ==@&#8220; button_text=&#8220;Lesen Sie mehr&#8220; _builder_version=&#8220;4.9.10&#8243; _dynamic_attributes=&#8220;button_url&#8220; _module_preset=&#8220;default&#8220; global_module=&#8220;436&#8243; saved_tabs=&#8220;all&#8220;]<p>Ob aufgrund von Team-Ver\u00e4nderungen oder nach einem gro\u00dfen Release: wir legen mit Ihnen die Inhalte fest, die wir dann mit ihrem Team praxisnah trainieren.<\/p>\n[\/et_pb_cta][\/et_pb_column][et_pb_column type=&#8220;1_3&#8243; _builder_version=&#8220;4.9.10&#8243; _module_preset=&#8220;default&#8220;][et_pb_cta title=&#8220;Sie m\u00f6chten cimoio mit Hosting bei uns bestellen?&#8220; button_url=&#8220;@ET-DC@eyJkeW5hbWljIjp0cnVlLCJjb250ZW50IjoicG9zdF9saW5rX3VybF9wYWdlIiwic2V0dGluZ3MiOnsicG9zdF9pZCI6IjQxMyJ9fQ==@&#8220; button_text=&#8220;Lesen Sie mehr&#8220; _builder_version=&#8220;4.9.10&#8243; _dynamic_attributes=&#8220;button_url&#8220; _module_preset=&#8220;default&#8220; global_module=&#8220;435&#8243; saved_tabs=&#8220;all&#8220;]<p>Ob Sie den Betrieb von cimoio in der Cloud oder on-premise planen: wir k\u00f6nnen Ihnen mehrere Hosting-Modelle vorschlagen &#8211; sogar bis hin zu cimoio-as-a-Service!<\/p>\n[\/et_pb_cta][\/et_pb_column][\/et_pb_row][\/et_pb_section]\n\n\n\n","protected":false},"excerpt":{"rendered":"<p>Operative Unterst\u00fctzung bei der Nutzung von cimoioNeben der Strategie und reinen Trainings f\u00fcr neue Teammitglieder bieten wir auch operative Unterst\u00fctzung. Im Gegensatz zu MTS-L\u00f6sungen sind diese dazu da, Sie situativ zu unterst\u00fctzen. Entweder, um dialogisch mit Ihnen den besten Weg zu erarbeiten, eine Qualit\u00e4tspr\u00fcfung auf ihre Arbeit zu machen oder selten notwendige aber komplexe Aufgaben [&hellip;]<\/p>\n","protected":false},"author":3,"featured_media":0,"parent":254,"menu_order":20,"comment_status":"closed","ping_status":"closed","template":"","meta":{"_et_pb_use_builder":"on","_et_pb_old_content":"","_et_gb_content_width":"","inline_featured_image":false,"footnotes":""},"class_list":["post-458","page","type-page","status-publish","hentry"],"yoast_head":"<!-- This site is optimized with the Yoast SEO plugin v27.4 - https:\/\/yoast.com\/product\/yoast-seo-wordpress\/ -->\n<title>Operative Unterst\u00fctzung bei der Nutzung von cimoio | STL GmbH<\/title>\n<meta name=\"description\" content=\"Ben\u00f6tigen Sie praktische Unterst\u00fctzung bei der Nutzung von cimoio? Wir bieten operative Unterst\u00fctzung f\u00fcr Ihre Trainingsmanagementbed\u00fcrfnisse.\" \/>\n<meta name=\"robots\" content=\"index, follow, max-snippet:-1, max-image-preview:large, max-video-preview:-1\" \/>\n<link rel=\"canonical\" href=\"https:\/\/www.stl-software.de\/cms\/services-der-stl-gmbh\/operative-unterstuetzung-bei-der-nutzung-von-cimoio\/\" \/>\n<meta property=\"og:locale\" content=\"de_DE\" \/>\n<meta property=\"og:type\" content=\"article\" \/>\n<meta property=\"og:title\" content=\"Operative Unterst\u00fctzung bei der Nutzung von cimoio | STL GmbH\" \/>\n<meta property=\"og:description\" content=\"Ben\u00f6tigen Sie praktische Unterst\u00fctzung bei der Nutzung von cimoio? Wir bieten operative Unterst\u00fctzung f\u00fcr Ihre Trainingsmanagementbed\u00fcrfnisse.\" \/>\n<meta property=\"og:url\" content=\"https:\/\/www.stl-software.de\/cms\/services-der-stl-gmbh\/operative-unterstuetzung-bei-der-nutzung-von-cimoio\/\" \/>\n<meta property=\"og:site_name\" content=\"STL GmbH\" \/>\n<meta property=\"article:modified_time\" content=\"2025-07-09T13:25:15+00:00\" \/>\n<meta name=\"twitter:card\" content=\"summary_large_image\" \/>\n<script type=\"application\/ld+json\" class=\"yoast-schema-graph\">{\"@context\":\"https:\\\/\\\/schema.org\",\"@graph\":[{\"@type\":\"WebPage\",\"@id\":\"https:\\\/\\\/www.stl-software.de\\\/cms\\\/services-der-stl-gmbh\\\/operative-unterstuetzung-bei-der-nutzung-von-cimoio\\\/\",\"url\":\"https:\\\/\\\/www.stl-software.de\\\/cms\\\/services-der-stl-gmbh\\\/operative-unterstuetzung-bei-der-nutzung-von-cimoio\\\/\",\"name\":\"Operative Unterst\u00fctzung bei der Nutzung von cimoio | STL GmbH\",\"isPartOf\":{\"@id\":\"https:\\\/\\\/www.stl-software.de\\\/cms\\\/#website\"},\"datePublished\":\"2021-12-09T12:54:59+00:00\",\"dateModified\":\"2025-07-09T13:25:15+00:00\",\"description\":\"Ben\u00f6tigen Sie praktische Unterst\u00fctzung bei der Nutzung von cimoio? Wir bieten operative Unterst\u00fctzung f\u00fcr Ihre Trainingsmanagementbed\u00fcrfnisse.\",\"breadcrumb\":{\"@id\":\"https:\\\/\\\/www.stl-software.de\\\/cms\\\/services-der-stl-gmbh\\\/operative-unterstuetzung-bei-der-nutzung-von-cimoio\\\/#breadcrumb\"},\"inLanguage\":\"de\",\"potentialAction\":[{\"@type\":\"ReadAction\",\"target\":[\"https:\\\/\\\/www.stl-software.de\\\/cms\\\/services-der-stl-gmbh\\\/operative-unterstuetzung-bei-der-nutzung-von-cimoio\\\/\"]}]},{\"@type\":\"BreadcrumbList\",\"@id\":\"https:\\\/\\\/www.stl-software.de\\\/cms\\\/services-der-stl-gmbh\\\/operative-unterstuetzung-bei-der-nutzung-von-cimoio\\\/#breadcrumb\",\"itemListElement\":[{\"@type\":\"ListItem\",\"position\":1,\"name\":\"Startseite\",\"item\":\"https:\\\/\\\/www.stl-software.de\\\/cms\\\/\"},{\"@type\":\"ListItem\",\"position\":2,\"name\":\"Services der STL GmbH\",\"item\":\"https:\\\/\\\/www.stl-software.de\\\/cms\\\/services-der-stl-gmbh\\\/\"},{\"@type\":\"ListItem\",\"position\":3,\"name\":\"Operative Unterst\u00fctzung bei der Nutzung von cimoio\"}]},{\"@type\":\"WebSite\",\"@id\":\"https:\\\/\\\/www.stl-software.de\\\/cms\\\/#website\",\"url\":\"https:\\\/\\\/www.stl-software.de\\\/cms\\\/\",\"name\":\"STL GmbH\",\"description\":\"Die Firma, die das LMS cimoio entwickelt hat\",\"potentialAction\":[{\"@type\":\"SearchAction\",\"target\":{\"@type\":\"EntryPoint\",\"urlTemplate\":\"https:\\\/\\\/www.stl-software.de\\\/cms\\\/?s={search_term_string}\"},\"query-input\":{\"@type\":\"PropertyValueSpecification\",\"valueRequired\":true,\"valueName\":\"search_term_string\"}}],\"inLanguage\":\"de\"}]}<\/script>\n<!-- \/ Yoast SEO plugin. -->","yoast_head_json":{"title":"Operative Unterst\u00fctzung bei der Nutzung von cimoio | STL GmbH","description":"Ben\u00f6tigen Sie praktische Unterst\u00fctzung bei der Nutzung von cimoio? Wir bieten operative Unterst\u00fctzung f\u00fcr Ihre Trainingsmanagementbed\u00fcrfnisse.","robots":{"index":"index","follow":"follow","max-snippet":"max-snippet:-1","max-image-preview":"max-image-preview:large","max-video-preview":"max-video-preview:-1"},"canonical":"https:\/\/www.stl-software.de\/cms\/services-der-stl-gmbh\/operative-unterstuetzung-bei-der-nutzung-von-cimoio\/","og_locale":"de_DE","og_type":"article","og_title":"Operative Unterst\u00fctzung bei der Nutzung von cimoio | STL GmbH","og_description":"Ben\u00f6tigen Sie praktische Unterst\u00fctzung bei der Nutzung von cimoio? Wir bieten operative Unterst\u00fctzung f\u00fcr Ihre Trainingsmanagementbed\u00fcrfnisse.","og_url":"https:\/\/www.stl-software.de\/cms\/services-der-stl-gmbh\/operative-unterstuetzung-bei-der-nutzung-von-cimoio\/","og_site_name":"STL GmbH","article_modified_time":"2025-07-09T13:25:15+00:00","twitter_card":"summary_large_image","schema":{"@context":"https:\/\/schema.org","@graph":[{"@type":"WebPage","@id":"https:\/\/www.stl-software.de\/cms\/services-der-stl-gmbh\/operative-unterstuetzung-bei-der-nutzung-von-cimoio\/","url":"https:\/\/www.stl-software.de\/cms\/services-der-stl-gmbh\/operative-unterstuetzung-bei-der-nutzung-von-cimoio\/","name":"Operative Unterst\u00fctzung bei der Nutzung von cimoio | STL GmbH","isPartOf":{"@id":"https:\/\/www.stl-software.de\/cms\/#website"},"datePublished":"2021-12-09T12:54:59+00:00","dateModified":"2025-07-09T13:25:15+00:00","description":"Ben\u00f6tigen Sie praktische Unterst\u00fctzung bei der Nutzung von cimoio? Wir bieten operative Unterst\u00fctzung f\u00fcr Ihre Trainingsmanagementbed\u00fcrfnisse.","breadcrumb":{"@id":"https:\/\/www.stl-software.de\/cms\/services-der-stl-gmbh\/operative-unterstuetzung-bei-der-nutzung-von-cimoio\/#breadcrumb"},"inLanguage":"de","potentialAction":[{"@type":"ReadAction","target":["https:\/\/www.stl-software.de\/cms\/services-der-stl-gmbh\/operative-unterstuetzung-bei-der-nutzung-von-cimoio\/"]}]},{"@type":"BreadcrumbList","@id":"https:\/\/www.stl-software.de\/cms\/services-der-stl-gmbh\/operative-unterstuetzung-bei-der-nutzung-von-cimoio\/#breadcrumb","itemListElement":[{"@type":"ListItem","position":1,"name":"Startseite","item":"https:\/\/www.stl-software.de\/cms\/"},{"@type":"ListItem","position":2,"name":"Services der STL GmbH","item":"https:\/\/www.stl-software.de\/cms\/services-der-stl-gmbh\/"},{"@type":"ListItem","position":3,"name":"Operative Unterst\u00fctzung bei der Nutzung von cimoio"}]},{"@type":"WebSite","@id":"https:\/\/www.stl-software.de\/cms\/#website","url":"https:\/\/www.stl-software.de\/cms\/","name":"STL GmbH","description":"Die Firma, die das LMS cimoio entwickelt hat","potentialAction":[{"@type":"SearchAction","target":{"@type":"EntryPoint","urlTemplate":"https:\/\/www.stl-software.de\/cms\/?s={search_term_string}"},"query-input":{"@type":"PropertyValueSpecification","valueRequired":true,"valueName":"search_term_string"}}],"inLanguage":"de"}]}},"_links":{"self":[{"href":"https:\/\/www.stl-software.de\/cms\/wp-json\/wp\/v2\/pages\/458","targetHints":{"allow":["GET"]}}],"collection":[{"href":"https:\/\/www.stl-software.de\/cms\/wp-json\/wp\/v2\/pages"}],"about":[{"href":"https:\/\/www.stl-software.de\/cms\/wp-json\/wp\/v2\/types\/page"}],"author":[{"embeddable":true,"href":"https:\/\/www.stl-software.de\/cms\/wp-json\/wp\/v2\/users\/3"}],"replies":[{"embeddable":true,"href":"https:\/\/www.stl-software.de\/cms\/wp-json\/wp\/v2\/comments?post=458"}],"version-history":[{"count":8,"href":"https:\/\/www.stl-software.de\/cms\/wp-json\/wp\/v2\/pages\/458\/revisions"}],"predecessor-version":[{"id":1281,"href":"https:\/\/www.stl-software.de\/cms\/wp-json\/wp\/v2\/pages\/458\/revisions\/1281"}],"up":[{"embeddable":true,"href":"https:\/\/www.stl-software.de\/cms\/wp-json\/wp\/v2\/pages\/254"}],"wp:attachment":[{"href":"https:\/\/www.stl-software.de\/cms\/wp-json\/wp\/v2\/media?parent=458"}],"curies":[{"name":"wp","href":"https:\/\/api.w.org\/{rel}","templated":true}]}}