{"id":426,"date":"2021-11-19T17:44:26","date_gmt":"2021-11-19T16:44:26","guid":{"rendered":"https:\/\/www.stl-software.de\/cms\/?page_id=426"},"modified":"2025-07-09T15:25:15","modified_gmt":"2025-07-09T13:25:15","slug":"trainings-fuer-gutes-trainingsmanagement","status":"publish","type":"page","link":"https:\/\/www.stl-software.de\/cms\/services-der-stl-gmbh\/trainings-fuer-gutes-trainingsmanagement\/","title":{"rendered":"Trainings f\u00fcr gutes Trainingsmanagement"},"content":{"rendered":"<p>[et_pb_section fb_built=&#8220;1&#8243; _builder_version=&#8220;4.16&#8243; _module_preset=&#8220;753eb255-b498-452c-9075-9b40b679d3b4&#8243; global_colors_info=&#8220;{}&#8220;][et_pb_row _builder_version=&#8220;4.16&#8243; _module_preset=&#8220;default&#8220; animation_style=&#8220;slide&#8220; animation_intensity_slide=&#8220;10%&#8220; global_colors_info=&#8220;{}&#8220;][et_pb_column type=&#8220;4_4&#8243; _builder_version=&#8220;4.16&#8243; _module_preset=&#8220;default&#8220; global_colors_info=&#8220;{}&#8220;][et_pb_text _builder_version=&#8220;4.16&#8243; _module_preset=&#8220;b9bb25d6-91bf-4e23-95cd-4a9e00f511ab&#8220; global_colors_info=&#8220;{}&#8220;]<\/p>\n<h1>Trainingsangebote f\u00fcr STL Kunden<\/h1>\n<p>[\/et_pb_text][et_pb_divider color=&#8220;#29c4a9&#8243; divider_weight=&#8220;4px&#8220; _builder_version=&#8220;4.9.10&#8243; _module_preset=&#8220;default&#8220; max_width=&#8220;40px&#8220; custom_margin=&#8220;||10px||false|false&#8220; global_module=&#8220;354&#8243; saved_tabs=&#8220;all&#8220; global_colors_info=&#8220;{}&#8220;][\/et_pb_divider][et_pb_text _builder_version=&#8220;4.22.1&#8243; _module_preset=&#8220;b9bb25d6-91bf-4e23-95cd-4a9e00f511ab&#8220; hover_enabled=&#8220;0&#8243; global_colors_info=&#8220;{}&#8220; sticky_enabled=&#8220;0&#8243;]<\/p>\n<p>Wer Trainingmanagement betreibt, sollte es eigentlich besser wissen &#8211; aber wie der Volksmund so sagt: \u201eDer Prophet im eigenen Land ist nichts wert&#8220;. Aber gerade, wenn Sie im Trainingsmanagement mit cimoio ihren Kunden &#8211; ob extern oder Mitarbeiter &#8211; Top-Leistungen anbieten wollen, kommen Sie nicht umhin, sich immer wieder auch mit dem Tool selber, den zugeh\u00f6rigen Prozessen und der Frage: \u201eWas kann ich besser machen?&#8220; zu besch\u00e4ftigen. Und das auch ohne zu ber\u00fccksichtigen, dass durch Fluktuation immer wieder Wissen verloren geht und Sie neue Kolleg:innen erst aufbauen m\u00fcssen. Und diese L\u00fccke schlie\u00dfen wir mit unseren Trainingsangeboten.<\/p>\n<p>[\/et_pb_text][\/et_pb_column][\/et_pb_row][\/et_pb_section][et_pb_section fb_built=&#8220;1&#8243; _builder_version=&#8220;4.16&#8243; _module_preset=&#8220;534b0480-ebfc-4f34-959c-de457c8ca269&#8243; global_colors_info=&#8220;{}&#8220;][et_pb_row column_structure=&#8220;1_4,3_4&#8243; _builder_version=&#8220;4.16&#8243; _module_preset=&#8220;default&#8220; animation_style=&#8220;slide&#8220; animation_direction=&#8220;left&#8220; animation_intensity_slide=&#8220;10%&#8220; global_colors_info=&#8220;{}&#8220;][et_pb_column type=&#8220;1_4&#8243; _builder_version=&#8220;4.16&#8243; _module_preset=&#8220;default&#8220; global_colors_info=&#8220;{}&#8220;][\/et_pb_column][et_pb_column type=&#8220;3_4&#8243; _builder_version=&#8220;4.16&#8243; _module_preset=&#8220;default&#8220; global_colors_info=&#8220;{}&#8220;][et_pb_text _builder_version=&#8220;4.16&#8243; _module_preset=&#8220;default&#8220; global_colors_info=&#8220;{}&#8220;]<\/p>\n<h2>Grundlagentraining f\u00fcr Veranstalter<\/h2>\n<p>[\/et_pb_text][et_pb_divider color=&#8220;#29c4a9&#8243; divider_weight=&#8220;4px&#8220; _builder_version=&#8220;4.9.10&#8243; _module_preset=&#8220;default&#8220; max_width=&#8220;40px&#8220; custom_margin=&#8220;||10px||false|false&#8220; global_module=&#8220;354&#8243; saved_tabs=&#8220;all&#8220; global_colors_info=&#8220;{}&#8220;][\/et_pb_divider][et_pb_text _builder_version=&#8220;4.16&#8243; _module_preset=&#8220;default&#8220; global_colors_info=&#8220;{}&#8220;]<\/p>\n<p>Sie stehen kurz vor der Fertigstellung des Projekts einer cimoio-Einf\u00fchrung oder in ihrem Team haben neue Mitarbeiter:innen die Arbeit aufgenommen? Und jetzt m\u00f6chten Sie sicherstellen, dass die Team-Mitglieder, die bisher noch nicht mit dem Projekt oder der Software cimoio in Ber\u00fchrung gekommen sind, von Grund auf lernen, wie cimoio effizient und effektiv benutzt wird? Dann ist unser Grundlagen-Training genau richtig f\u00fcr sie.<\/p>\n<p>[\/et_pb_text][\/et_pb_column][\/et_pb_row][\/et_pb_section][et_pb_section fb_built=&#8220;1&#8243; _builder_version=&#8220;4.16&#8243; _module_preset=&#8220;753eb255-b498-452c-9075-9b40b679d3b4&#8243; global_colors_info=&#8220;{}&#8220;][et_pb_row column_structure=&#8220;3_4,1_4&#8243; _builder_version=&#8220;4.16&#8243; _module_preset=&#8220;default&#8220; animation_style=&#8220;slide&#8220; animation_direction=&#8220;right&#8220; animation_intensity_slide=&#8220;10%&#8220; global_colors_info=&#8220;{}&#8220;][et_pb_column type=&#8220;3_4&#8243; _builder_version=&#8220;4.16&#8243; _module_preset=&#8220;default&#8220; global_colors_info=&#8220;{}&#8220;][et_pb_text _builder_version=&#8220;4.16&#8243; _module_preset=&#8220;b9bb25d6-91bf-4e23-95cd-4a9e00f511ab&#8220; custom_padding=&#8220;1px|||||&#8220; global_colors_info=&#8220;{}&#8220;]<\/p>\n<h2>Expertentraining f\u00fcr erfahrene Veranstalter und Power-User<\/h2>\n<p>[\/et_pb_text][et_pb_divider color=&#8220;#29c4a9&#8243; divider_weight=&#8220;4px&#8220; _builder_version=&#8220;4.9.10&#8243; _module_preset=&#8220;default&#8220; max_width=&#8220;40px&#8220; custom_margin=&#8220;||10px||false|false&#8220; global_module=&#8220;354&#8243; saved_tabs=&#8220;all&#8220; global_colors_info=&#8220;{}&#8220;][\/et_pb_divider][et_pb_text _builder_version=&#8220;4.16&#8243; _module_preset=&#8220;b9bb25d6-91bf-4e23-95cd-4a9e00f511ab&#8220; global_colors_info=&#8220;{}&#8220;]<\/p>\n<p>Sie sind schon l\u00e4nger in cimoio unterwegs, haben aber den Eindruck, dass es noch Potential f\u00fcr mehr Effizienz gibt? Dann setzen wir uns in Workshops zusammen und gehen Grundlagen durch, um sicherzustellen, dass sich keine &#8222;schlechten Angewohnheiten&#8220; eingeschlichen haben. Im zweiten Teil geht es darum, &#8222;best practices&#8220; abzuklopfen, z. B. ob erweiterte Berechtigungen Ihnen helfen, Dinge schneller zu erledigen, oder ob wir h\u00e4ufig wiederholte T\u00e4tigkeiten irgendwie automatisieren k\u00f6nnen, was sich dann in Anforderungen niederschl\u00e4gt, f\u00fcr die ihr Kundenberater ihnen dann ein Angebot erstellt.<\/p>\n<p>[\/et_pb_text][\/et_pb_column][et_pb_column type=&#8220;1_4&#8243; _builder_version=&#8220;4.16&#8243; _module_preset=&#8220;default&#8220; global_colors_info=&#8220;{}&#8220;][\/et_pb_column][\/et_pb_row][\/et_pb_section][et_pb_section fb_built=&#8220;1&#8243; _builder_version=&#8220;4.16&#8243; _module_preset=&#8220;534b0480-ebfc-4f34-959c-de457c8ca269&#8243; global_colors_info=&#8220;{}&#8220;][et_pb_row column_structure=&#8220;1_4,3_4&#8243; _builder_version=&#8220;4.16&#8243; _module_preset=&#8220;default&#8220; animation_style=&#8220;slide&#8220; animation_direction=&#8220;left&#8220; animation_intensity_slide=&#8220;10%&#8220; global_colors_info=&#8220;{}&#8220;][et_pb_column type=&#8220;1_4&#8243; _builder_version=&#8220;4.16&#8243; _module_preset=&#8220;default&#8220; global_colors_info=&#8220;{}&#8220;][\/et_pb_column][et_pb_column type=&#8220;3_4&#8243; _builder_version=&#8220;4.16&#8243; _module_preset=&#8220;default&#8220; global_colors_info=&#8220;{}&#8220;][et_pb_text _builder_version=&#8220;4.16&#8243; _module_preset=&#8220;default&#8220; global_colors_info=&#8220;{}&#8220;]<\/p>\n<h2>Administrator-Trainings<\/h2>\n<p>[\/et_pb_text][et_pb_divider color=&#8220;#29c4a9&#8243; divider_weight=&#8220;4px&#8220; _builder_version=&#8220;4.9.10&#8243; _module_preset=&#8220;default&#8220; max_width=&#8220;40px&#8220; custom_margin=&#8220;||10px||false|false&#8220; global_module=&#8220;354&#8243; saved_tabs=&#8220;all&#8220; global_colors_info=&#8220;{}&#8220;][\/et_pb_divider][et_pb_text _builder_version=&#8220;4.16&#8243; _module_preset=&#8220;default&#8220; global_colors_info=&#8220;{}&#8220;]<\/p>\n<p>Oft m\u00f6chten unsere Kunden bestimmte administrative T\u00e4tigkeiten selber \u00fcbernehmen: Reports erstellen, Mailschablonen selber pflegen und mehr. Die M\u00f6glichkeit, Ihnen die daf\u00fcr notwendigen Rollen zu geben ist nat\u00fcrlich vorhanden, aber es gibt zwei H\u00fcrden. Die erste lautet, dass ohne Training die Gefahr besteht, dass sich Frust bildet, weil in diesem Bereich oft tiefe Kenntnisse \u00fcber das Datenbankschema notwendig sind oder auch technische Kenntnisse wie SQL-Befehle oder HTML. Darauf folgt aber die zweite, dass an dieser Stelle auch ein erh\u00f6htes Risiko zu Fehlbedienungen besteht &#8211; in einem Ma\u00df, wie das mit geringeren Berechtigungen nicht der Fall ist. An dieser Stelle muss unbedingt eine Risikoanalyse stattfinden, bei der gekl\u00e4rt wird, ob die Einsparung bei Erledigung durch den Kunden h\u00f6her ist, als das Risiko durch falsche Bedienung funktionale Probleme hervorzurufen bis zu Rufsch\u00e4digung durch f\u00fcr die Kunden erkennbare Probleme.<\/p>\n<p>Und beide H\u00fcrden lassen sich besonders durch intensives Training \u00fcberwinden und die Risiken sinken dadurch.<\/p>\n<p>[\/et_pb_text][\/et_pb_column][\/et_pb_row][\/et_pb_section][et_pb_section fb_built=&#8220;1&#8243; _builder_version=&#8220;4.16&#8243; _module_preset=&#8220;753eb255-b498-452c-9075-9b40b679d3b4&#8243; global_colors_info=&#8220;{}&#8220;][et_pb_row column_structure=&#8220;3_4,1_4&#8243; _builder_version=&#8220;4.16&#8243; _module_preset=&#8220;default&#8220; animation_style=&#8220;slide&#8220; animation_direction=&#8220;right&#8220; animation_intensity_slide=&#8220;10%&#8220; global_colors_info=&#8220;{}&#8220;][et_pb_column type=&#8220;3_4&#8243; _builder_version=&#8220;4.16&#8243; _module_preset=&#8220;default&#8220; global_colors_info=&#8220;{}&#8220;][et_pb_text _builder_version=&#8220;4.16&#8243; _module_preset=&#8220;b9bb25d6-91bf-4e23-95cd-4a9e00f511ab&#8220; global_colors_info=&#8220;{}&#8220;]<\/p>\n<h2>Release-Information<\/h2>\n<p>[\/et_pb_text][et_pb_divider color=&#8220;#29c4a9&#8243; divider_weight=&#8220;4px&#8220; _builder_version=&#8220;4.9.10&#8243; _module_preset=&#8220;default&#8220; max_width=&#8220;40px&#8220; custom_margin=&#8220;||10px||false|false&#8220; global_module=&#8220;354&#8243; saved_tabs=&#8220;all&#8220; global_colors_info=&#8220;{}&#8220;][\/et_pb_divider][et_pb_text _builder_version=&#8220;4.16&#8243; _module_preset=&#8220;b9bb25d6-91bf-4e23-95cd-4a9e00f511ab&#8220; global_colors_info=&#8220;{}&#8220;]<\/p>\n<p>Kunden mit Wartungsvertrag erhalten zwei Mal im Jahr ein neues cimoio-Release. Dazu gibt es dann auch Release-Notes. Wir planen in Zukunft auch ein Webinar anzubieten, in dem wir die Neuerungen vorstellen, damit unsere Kunden nicht erst bis zur Zusammenfassung bei den Anwendertagen warten brauchen, um sich eine \u00dcbersicht zu schaffen.<\/p>\n<p>[\/et_pb_text][\/et_pb_column][et_pb_column type=&#8220;1_4&#8243; _builder_version=&#8220;4.16&#8243; _module_preset=&#8220;default&#8220; global_colors_info=&#8220;{}&#8220;][\/et_pb_column][\/et_pb_row][\/et_pb_section][et_pb_section fb_built=&#8220;1&#8243; _builder_version=&#8220;4.16&#8243; _module_preset=&#8220;534b0480-ebfc-4f34-959c-de457c8ca269&#8243; global_colors_info=&#8220;{}&#8220;][et_pb_row _builder_version=&#8220;4.16&#8243; _module_preset=&#8220;default&#8220; global_colors_info=&#8220;{}&#8220;][et_pb_column type=&#8220;4_4&#8243; _builder_version=&#8220;4.16&#8243; _module_preset=&#8220;default&#8220; global_colors_info=&#8220;{}&#8220;][et_pb_divider color=&#8220;#009fe3&#8243; _builder_version=&#8220;4.16&#8243; _module_preset=&#8220;default&#8220; global_colors_info=&#8220;{}&#8220;][\/et_pb_divider][\/et_pb_column][\/et_pb_row][et_pb_row column_structure=&#8220;1_3,1_3,1_3&#8243; _builder_version=&#8220;4.16&#8243; _module_preset=&#8220;default&#8220; animation_style=&#8220;slide&#8220; animation_intensity_slide=&#8220;10%&#8220; global_colors_info=&#8220;{}&#8220;][et_pb_column type=&#8220;1_3&#8243; _builder_version=&#8220;4.16&#8243; _module_preset=&#8220;default&#8220; global_colors_info=&#8220;{}&#8220;][et_pb_cta title=&#8220;Ben\u00f6tigen Sie Beratung zu Trainingsprozessen?&#8220; button_url=&#8220;@ET-DC@eyJkeW5hbWljIjp0cnVlLCJjb250ZW50IjoicG9zdF9saW5rX3VybF9wYWdlIiwic2V0dGluZ3MiOnsicG9zdF9pZCI6IjQwNiJ9fQ==@&#8220; button_text=&#8220;Lesen Sie mehr&#8220; _builder_version=&#8220;4.9.10&#8243; _dynamic_attributes=&#8220;button_url&#8220; _module_preset=&#8220;default&#8220; global_module=&#8220;419&#8243; saved_tabs=&#8220;all&#8220; global_colors_info=&#8220;{}&#8220;]<\/p>\n<p>Ob Sie noch entscheiden, mit welchem LMS Sie ihre Strategie umsetzen oder sich schon f\u00fcr cimoio entschieden haben: wir unterst\u00fctzen sie mit kompetenter Beratung.<\/p>\n<p>[\/et_pb_cta][\/et_pb_column][et_pb_column type=&#8220;1_3&#8243; _builder_version=&#8220;4.16&#8243; _module_preset=&#8220;default&#8220; global_colors_info=&#8220;{}&#8220;][et_pb_cta title=&#8220;Sie ben\u00f6tigen sporadisch Unterst\u00fctzung?&#8220; button_url=&#8220;@ET-DC@eyJkeW5hbWljIjp0cnVlLCJjb250ZW50IjoicG9zdF9saW5rX3VybF9wYWdlIiwic2V0dGluZ3MiOnsicG9zdF9pZCI6IjQ1OCJ9fQ==@&#8220; button_text=&#8220;Lesen Sie mehr&#8220; _builder_version=&#8220;4.9.10&#8243; _dynamic_attributes=&#8220;button_url&#8220; _module_preset=&#8220;default&#8220; global_module=&#8220;478&#8243; saved_tabs=&#8220;all&#8220; global_colors_info=&#8220;{}&#8220;]<\/p>\n<p>Sie ben\u00f6tigen von Zeit zu Zeit ein wenig Unterst\u00fctzung bei selten durchgef\u00fchrten &#8211; und komplexen &#8211; Aufgaben? Dann unterst\u00fctzen wir Sie gerne &#8211; auch auf Zuruf!<\/p>\n<p>[\/et_pb_cta][\/et_pb_column][et_pb_column type=&#8220;1_3&#8243; _builder_version=&#8220;4.16&#8243; _module_preset=&#8220;default&#8220; global_colors_info=&#8220;{}&#8220;][et_pb_cta title=&#8220;Sie m\u00f6chten cimoio mit Hosting bei uns bestellen?&#8220; button_url=&#8220;@ET-DC@eyJkeW5hbWljIjp0cnVlLCJjb250ZW50IjoicG9zdF9saW5rX3VybF9wYWdlIiwic2V0dGluZ3MiOnsicG9zdF9pZCI6IjQxMyJ9fQ==@&#8220; button_text=&#8220;Lesen Sie mehr&#8220; _builder_version=&#8220;4.9.10&#8243; _dynamic_attributes=&#8220;button_url&#8220; _module_preset=&#8220;default&#8220; global_module=&#8220;435&#8243; saved_tabs=&#8220;all&#8220; global_colors_info=&#8220;{}&#8220;]<\/p>\n<p>Ob Sie den Betrieb von cimoio in der Cloud oder on-premise planen: wir k\u00f6nnen Ihnen mehrere Hosting-Modelle vorschlagen &#8211; sogar bis hin zu cimoio-as-a-Service!<\/p>\n<p>[\/et_pb_cta][\/et_pb_column][\/et_pb_row][\/et_pb_section]<\/p>\n","protected":false},"excerpt":{"rendered":"<p>Trainingsangebote f\u00fcr STL KundenWer Trainingmanagement betreibt, sollte es eigentlich besser wissen &#8211; aber wie der Volksmund so sagt: \u201eDer Prophet im eigenen Land ist nichts wert&#8220;. Aber gerade, wenn Sie im Trainingsmanagement mit cimoio ihren Kunden &#8211; ob extern oder Mitarbeiter &#8211; Top-Leistungen anbieten wollen, kommen Sie nicht umhin, sich immer wieder auch mit dem [&hellip;]<\/p>\n","protected":false},"author":3,"featured_media":0,"parent":254,"menu_order":30,"comment_status":"closed","ping_status":"closed","template":"","meta":{"_et_pb_use_builder":"on","_et_pb_old_content":"","_et_gb_content_width":"","inline_featured_image":false,"footnotes":""},"class_list":["post-426","page","type-page","status-publish","hentry"],"yoast_head":"<!-- This site is optimized with the Yoast SEO plugin v27.4 - https:\/\/yoast.com\/product\/yoast-seo-wordpress\/ -->\n<title>Trainings f\u00fcr gutes Trainingsmanagement | STL GmbH<\/title>\n<meta name=\"description\" content=\"Erfolgreiches Trainingsmanagement leicht gemacht. Entdecken Sie unsere Trainingsangebote f\u00fcr ein effektives \u2795effizientes Trainingsmanagement.\" \/>\n<meta name=\"robots\" content=\"index, follow, max-snippet:-1, max-image-preview:large, max-video-preview:-1\" \/>\n<link rel=\"canonical\" href=\"https:\/\/www.stl-software.de\/cms\/services-der-stl-gmbh\/trainings-fuer-gutes-trainingsmanagement\/\" \/>\n<meta property=\"og:locale\" content=\"de_DE\" \/>\n<meta property=\"og:type\" content=\"article\" \/>\n<meta property=\"og:title\" content=\"Trainings f\u00fcr gutes Trainingsmanagement | STL GmbH\" \/>\n<meta property=\"og:description\" content=\"Erfolgreiches Trainingsmanagement leicht gemacht. Entdecken Sie unsere Trainingsangebote f\u00fcr ein effektives \u2795effizientes Trainingsmanagement.\" \/>\n<meta property=\"og:url\" content=\"https:\/\/www.stl-software.de\/cms\/services-der-stl-gmbh\/trainings-fuer-gutes-trainingsmanagement\/\" \/>\n<meta property=\"og:site_name\" content=\"STL GmbH\" \/>\n<meta property=\"article:modified_time\" content=\"2025-07-09T13:25:15+00:00\" \/>\n<meta name=\"twitter:card\" content=\"summary_large_image\" \/>\n<script type=\"application\/ld+json\" class=\"yoast-schema-graph\">{\"@context\":\"https:\\\/\\\/schema.org\",\"@graph\":[{\"@type\":\"WebPage\",\"@id\":\"https:\\\/\\\/www.stl-software.de\\\/cms\\\/services-der-stl-gmbh\\\/trainings-fuer-gutes-trainingsmanagement\\\/\",\"url\":\"https:\\\/\\\/www.stl-software.de\\\/cms\\\/services-der-stl-gmbh\\\/trainings-fuer-gutes-trainingsmanagement\\\/\",\"name\":\"Trainings f\u00fcr gutes Trainingsmanagement | STL GmbH\",\"isPartOf\":{\"@id\":\"https:\\\/\\\/www.stl-software.de\\\/cms\\\/#website\"},\"datePublished\":\"2021-11-19T16:44:26+00:00\",\"dateModified\":\"2025-07-09T13:25:15+00:00\",\"description\":\"Erfolgreiches Trainingsmanagement leicht gemacht. Entdecken Sie unsere Trainingsangebote f\u00fcr ein effektives \u2795effizientes Trainingsmanagement.\",\"breadcrumb\":{\"@id\":\"https:\\\/\\\/www.stl-software.de\\\/cms\\\/services-der-stl-gmbh\\\/trainings-fuer-gutes-trainingsmanagement\\\/#breadcrumb\"},\"inLanguage\":\"de\",\"potentialAction\":[{\"@type\":\"ReadAction\",\"target\":[\"https:\\\/\\\/www.stl-software.de\\\/cms\\\/services-der-stl-gmbh\\\/trainings-fuer-gutes-trainingsmanagement\\\/\"]}]},{\"@type\":\"BreadcrumbList\",\"@id\":\"https:\\\/\\\/www.stl-software.de\\\/cms\\\/services-der-stl-gmbh\\\/trainings-fuer-gutes-trainingsmanagement\\\/#breadcrumb\",\"itemListElement\":[{\"@type\":\"ListItem\",\"position\":1,\"name\":\"Startseite\",\"item\":\"https:\\\/\\\/www.stl-software.de\\\/cms\\\/\"},{\"@type\":\"ListItem\",\"position\":2,\"name\":\"Services der STL GmbH\",\"item\":\"https:\\\/\\\/www.stl-software.de\\\/cms\\\/services-der-stl-gmbh\\\/\"},{\"@type\":\"ListItem\",\"position\":3,\"name\":\"Trainings f\u00fcr gutes Trainingsmanagement\"}]},{\"@type\":\"WebSite\",\"@id\":\"https:\\\/\\\/www.stl-software.de\\\/cms\\\/#website\",\"url\":\"https:\\\/\\\/www.stl-software.de\\\/cms\\\/\",\"name\":\"STL GmbH\",\"description\":\"Die Firma, die das LMS cimoio entwickelt hat\",\"potentialAction\":[{\"@type\":\"SearchAction\",\"target\":{\"@type\":\"EntryPoint\",\"urlTemplate\":\"https:\\\/\\\/www.stl-software.de\\\/cms\\\/?s={search_term_string}\"},\"query-input\":{\"@type\":\"PropertyValueSpecification\",\"valueRequired\":true,\"valueName\":\"search_term_string\"}}],\"inLanguage\":\"de\"}]}<\/script>\n<!-- \/ Yoast SEO plugin. -->","yoast_head_json":{"title":"Trainings f\u00fcr gutes Trainingsmanagement | STL GmbH","description":"Erfolgreiches Trainingsmanagement leicht gemacht. Entdecken Sie unsere Trainingsangebote f\u00fcr ein effektives \u2795effizientes Trainingsmanagement.","robots":{"index":"index","follow":"follow","max-snippet":"max-snippet:-1","max-image-preview":"max-image-preview:large","max-video-preview":"max-video-preview:-1"},"canonical":"https:\/\/www.stl-software.de\/cms\/services-der-stl-gmbh\/trainings-fuer-gutes-trainingsmanagement\/","og_locale":"de_DE","og_type":"article","og_title":"Trainings f\u00fcr gutes Trainingsmanagement | STL GmbH","og_description":"Erfolgreiches Trainingsmanagement leicht gemacht. Entdecken Sie unsere Trainingsangebote f\u00fcr ein effektives \u2795effizientes Trainingsmanagement.","og_url":"https:\/\/www.stl-software.de\/cms\/services-der-stl-gmbh\/trainings-fuer-gutes-trainingsmanagement\/","og_site_name":"STL GmbH","article_modified_time":"2025-07-09T13:25:15+00:00","twitter_card":"summary_large_image","schema":{"@context":"https:\/\/schema.org","@graph":[{"@type":"WebPage","@id":"https:\/\/www.stl-software.de\/cms\/services-der-stl-gmbh\/trainings-fuer-gutes-trainingsmanagement\/","url":"https:\/\/www.stl-software.de\/cms\/services-der-stl-gmbh\/trainings-fuer-gutes-trainingsmanagement\/","name":"Trainings f\u00fcr gutes Trainingsmanagement | STL GmbH","isPartOf":{"@id":"https:\/\/www.stl-software.de\/cms\/#website"},"datePublished":"2021-11-19T16:44:26+00:00","dateModified":"2025-07-09T13:25:15+00:00","description":"Erfolgreiches Trainingsmanagement leicht gemacht. Entdecken Sie unsere Trainingsangebote f\u00fcr ein effektives \u2795effizientes Trainingsmanagement.","breadcrumb":{"@id":"https:\/\/www.stl-software.de\/cms\/services-der-stl-gmbh\/trainings-fuer-gutes-trainingsmanagement\/#breadcrumb"},"inLanguage":"de","potentialAction":[{"@type":"ReadAction","target":["https:\/\/www.stl-software.de\/cms\/services-der-stl-gmbh\/trainings-fuer-gutes-trainingsmanagement\/"]}]},{"@type":"BreadcrumbList","@id":"https:\/\/www.stl-software.de\/cms\/services-der-stl-gmbh\/trainings-fuer-gutes-trainingsmanagement\/#breadcrumb","itemListElement":[{"@type":"ListItem","position":1,"name":"Startseite","item":"https:\/\/www.stl-software.de\/cms\/"},{"@type":"ListItem","position":2,"name":"Services der STL GmbH","item":"https:\/\/www.stl-software.de\/cms\/services-der-stl-gmbh\/"},{"@type":"ListItem","position":3,"name":"Trainings f\u00fcr gutes Trainingsmanagement"}]},{"@type":"WebSite","@id":"https:\/\/www.stl-software.de\/cms\/#website","url":"https:\/\/www.stl-software.de\/cms\/","name":"STL GmbH","description":"Die Firma, die das LMS cimoio entwickelt hat","potentialAction":[{"@type":"SearchAction","target":{"@type":"EntryPoint","urlTemplate":"https:\/\/www.stl-software.de\/cms\/?s={search_term_string}"},"query-input":{"@type":"PropertyValueSpecification","valueRequired":true,"valueName":"search_term_string"}}],"inLanguage":"de"}]}},"_links":{"self":[{"href":"https:\/\/www.stl-software.de\/cms\/wp-json\/wp\/v2\/pages\/426","targetHints":{"allow":["GET"]}}],"collection":[{"href":"https:\/\/www.stl-software.de\/cms\/wp-json\/wp\/v2\/pages"}],"about":[{"href":"https:\/\/www.stl-software.de\/cms\/wp-json\/wp\/v2\/types\/page"}],"author":[{"embeddable":true,"href":"https:\/\/www.stl-software.de\/cms\/wp-json\/wp\/v2\/users\/3"}],"replies":[{"embeddable":true,"href":"https:\/\/www.stl-software.de\/cms\/wp-json\/wp\/v2\/comments?post=426"}],"version-history":[{"count":11,"href":"https:\/\/www.stl-software.de\/cms\/wp-json\/wp\/v2\/pages\/426\/revisions"}],"predecessor-version":[{"id":1512,"href":"https:\/\/www.stl-software.de\/cms\/wp-json\/wp\/v2\/pages\/426\/revisions\/1512"}],"up":[{"embeddable":true,"href":"https:\/\/www.stl-software.de\/cms\/wp-json\/wp\/v2\/pages\/254"}],"wp:attachment":[{"href":"https:\/\/www.stl-software.de\/cms\/wp-json\/wp\/v2\/media?parent=426"}],"curies":[{"name":"wp","href":"https:\/\/api.w.org\/{rel}","templated":true}]}}