{"id":413,"date":"2021-11-19T14:18:00","date_gmt":"2021-11-19T13:18:00","guid":{"rendered":"https:\/\/www.stl-software.de\/cms\/?page_id=413"},"modified":"2025-07-09T15:25:15","modified_gmt":"2025-07-09T13:25:15","slug":"cimoio-mit-hosting-loesung","status":"publish","type":"page","link":"https:\/\/www.stl-software.de\/cms\/services-der-stl-gmbh\/cimoio-mit-hosting-loesung\/","title":{"rendered":"cimoio mit Hosting-L\u00f6sung"},"content":{"rendered":"\n[et_pb_section fb_built=&#8220;1&#8243; _builder_version=&#8220;4.16&#8243; _module_preset=&#8220;753eb255-b498-452c-9075-9b40b679d3b4&#8243; global_colors_info=&#8220;{}&#8220;][et_pb_row _builder_version=&#8220;4.16&#8243; _module_preset=&#8220;default&#8220; animation_style=&#8220;slide&#8220; animation_intensity_slide=&#8220;10%&#8220; global_colors_info=&#8220;{}&#8220;][et_pb_column type=&#8220;4_4&#8243; _builder_version=&#8220;4.16&#8243; _module_preset=&#8220;default&#8220; global_colors_info=&#8220;{}&#8220;][et_pb_text _builder_version=&#8220;4.16&#8243; _module_preset=&#8220;b9bb25d6-91bf-4e23-95cd-4a9e00f511ab&#8220; global_colors_info=&#8220;{}&#8220;]<h1>Hosting L\u00f6sungen f\u00fcr cimoio Installationen<\/h1>[\/et_pb_text][et_pb_divider color=&#8220;#29c4a9&#8243; divider_weight=&#8220;4px&#8220; _builder_version=&#8220;4.9.10&#8243; _module_preset=&#8220;default&#8220; max_width=&#8220;40px&#8220; custom_margin=&#8220;||10px||false|false&#8220; global_module=&#8220;354&#8243; saved_tabs=&#8220;all&#8220; global_colors_info=&#8220;{}&#8220;][\/et_pb_divider][et_pb_text _builder_version=&#8220;4.16&#8243; _module_preset=&#8220;b9bb25d6-91bf-4e23-95cd-4a9e00f511ab&#8220; global_colors_info=&#8220;{}&#8220;]<p>Wenn Sie cimoio lizenzieren, muss noch gekl\u00e4rt werden, wo Sie es installieren m\u00f6chten und wer sich dann um die (virtuelle) Hardware k\u00fcmmert. Wir bieten aktuell vier verschiedene Hosting-Alternativen an: die &#8222;on-premises&#8220; Installationen in ihrem Rechenzentrum, Hosting, cimoio-as-a-service und Managed Training Services.<\/p>[\/et_pb_text][\/et_pb_column][\/et_pb_row][\/et_pb_section][et_pb_section fb_built=&#8220;1&#8243; _builder_version=&#8220;4.16&#8243; _module_preset=&#8220;534b0480-ebfc-4f34-959c-de457c8ca269&#8243; global_colors_info=&#8220;{}&#8220;][et_pb_row column_structure=&#8220;1_4,3_4&#8243; _builder_version=&#8220;4.16&#8243; _module_preset=&#8220;default&#8220; animation_style=&#8220;slide&#8220; animation_direction=&#8220;left&#8220; animation_intensity_slide=&#8220;10%&#8220; global_colors_info=&#8220;{}&#8220;][et_pb_column type=&#8220;1_4&#8243; _builder_version=&#8220;4.16&#8243; _module_preset=&#8220;default&#8220; global_colors_info=&#8220;{}&#8220;][\/et_pb_column][et_pb_column type=&#8220;3_4&#8243; _builder_version=&#8220;4.16&#8243; _module_preset=&#8220;default&#8220; global_colors_info=&#8220;{}&#8220;][et_pb_text _builder_version=&#8220;4.16&#8243; _module_preset=&#8220;default&#8220; global_colors_info=&#8220;{}&#8220;]<h2>Hosting &#8222;on-premises&#8220;<\/h2>[\/et_pb_text][et_pb_divider color=&#8220;#29c4a9&#8243; divider_weight=&#8220;4px&#8220; _builder_version=&#8220;4.9.10&#8243; _module_preset=&#8220;default&#8220; max_width=&#8220;40px&#8220; custom_margin=&#8220;||10px||false|false&#8220; global_module=&#8220;354&#8243; saved_tabs=&#8220;all&#8220; global_colors_info=&#8220;{}&#8220;][\/et_pb_divider][et_pb_text _builder_version=&#8220;4.16&#8243; _module_preset=&#8220;default&#8220; global_colors_info=&#8220;{}&#8220;]<p>Die klassische L\u00f6sung, wenn ihr Unternehmen ohnehin schon \u00fcber ein eigenes Rechenzentrum verf\u00fcgt: Wir helfen Ihnen cimoio auf geeigneter (virtueller) Hardware mit passendem Betriebssystem und Datenbankmanagementsystem aufzusetzen. Wir k\u00f6nnen bei entsprechender Berechtigung die Wartung und den Betrieb f\u00fcr Sie \u00fcbernehmen oder Sie \u00fcberlassen das ihrem Rechenzentrum.<\/p>[\/et_pb_text][\/et_pb_column][\/et_pb_row][\/et_pb_section][et_pb_section fb_built=&#8220;1&#8243; _builder_version=&#8220;4.16&#8243; _module_preset=&#8220;753eb255-b498-452c-9075-9b40b679d3b4&#8243; global_colors_info=&#8220;{}&#8220;][et_pb_row column_structure=&#8220;3_4,1_4&#8243; _builder_version=&#8220;4.16&#8243; _module_preset=&#8220;default&#8220; animation_style=&#8220;slide&#8220; animation_direction=&#8220;right&#8220; animation_intensity_slide=&#8220;10%&#8220; global_colors_info=&#8220;{}&#8220;][et_pb_column type=&#8220;3_4&#8243; _builder_version=&#8220;4.16&#8243; _module_preset=&#8220;default&#8220; global_colors_info=&#8220;{}&#8220;][et_pb_text _builder_version=&#8220;4.16&#8243; _module_preset=&#8220;b9bb25d6-91bf-4e23-95cd-4a9e00f511ab&#8220; custom_padding=&#8220;1px|||||&#8220; global_colors_info=&#8220;{}&#8220;]<h2>Hosting in der Cloud<\/h2>[\/et_pb_text][et_pb_divider color=&#8220;#29c4a9&#8243; divider_weight=&#8220;4px&#8220; _builder_version=&#8220;4.9.10&#8243; _module_preset=&#8220;default&#8220; max_width=&#8220;40px&#8220; custom_margin=&#8220;||10px||false|false&#8220; global_module=&#8220;354&#8243; saved_tabs=&#8220;all&#8220; global_colors_info=&#8220;{}&#8220;][\/et_pb_divider][et_pb_text _builder_version=&#8220;4.16&#8243; _module_preset=&#8220;b9bb25d6-91bf-4e23-95cd-4a9e00f511ab&#8220; global_colors_info=&#8220;{}&#8220;]<p>Dies ist die L\u00f6sung f\u00fcr Sie, falls Sie kein eigenes Rechenzentrum haben oder die Kapazit\u00e4ten dort zu knapp sind: Sie schlagen uns einen Hosting-Anbieter vor, mit dem Sie arbeiten m\u00f6chten oder wir beschaffen Hosting Kapazit\u00e4ten bei unserem Partner <a href=\"https:\/\/www.filoo.de\/\" target=\"_blank\" rel=\"noopener\" title=\"Webseite des Hosting-Anbieters filoo gmbH\">Filoo GmbH<\/a> und setzen dort f\u00fcr Sie das Betriebssystem und Datenbankmanagementsystem sowie ihre cimoio-Instanz auf. Gemeinsam mit dem Hosting-Lieferanten verwalten wir die (virtuelle) Hardware und die darauf laufenden Systeme. Der Vorteil an Hosting bei der Filoo GmbH ist, dass es sich um einen deutschen Anbieter handelt und somit sicher ist, dass deutscher Datenschutz und die Einhaltung der DSGVO nach deutschem Verst\u00e4ndnis sichergestellt sind, was besonders im Hinblick auf die Verwaltung von Kunden- und Mitarbeiterdaten vorteilhaft ist.<\/p>[\/et_pb_text][\/et_pb_column][et_pb_column type=&#8220;1_4&#8243; _builder_version=&#8220;4.16&#8243; _module_preset=&#8220;default&#8220; global_colors_info=&#8220;{}&#8220;][\/et_pb_column][\/et_pb_row][\/et_pb_section][et_pb_section fb_built=&#8220;1&#8243; _builder_version=&#8220;4.16&#8243; _module_preset=&#8220;534b0480-ebfc-4f34-959c-de457c8ca269&#8243; global_colors_info=&#8220;{}&#8220;][et_pb_row column_structure=&#8220;1_4,3_4&#8243; _builder_version=&#8220;4.16&#8243; _module_preset=&#8220;default&#8220; animation_style=&#8220;slide&#8220; animation_direction=&#8220;left&#8220; animation_intensity_slide=&#8220;10%&#8220; global_colors_info=&#8220;{}&#8220;][et_pb_column type=&#8220;1_4&#8243; _builder_version=&#8220;4.16&#8243; _module_preset=&#8220;default&#8220; global_colors_info=&#8220;{}&#8220;][\/et_pb_column][et_pb_column type=&#8220;3_4&#8243; _builder_version=&#8220;4.16&#8243; _module_preset=&#8220;default&#8220; global_colors_info=&#8220;{}&#8220;][et_pb_text _builder_version=&#8220;4.16&#8243; _module_preset=&#8220;default&#8220; global_colors_info=&#8220;{}&#8220;]<h2>cimoio-as-a-service<\/h2>[\/et_pb_text][et_pb_divider color=&#8220;#29c4a9&#8243; divider_weight=&#8220;4px&#8220; _builder_version=&#8220;4.9.10&#8243; _module_preset=&#8220;default&#8220; max_width=&#8220;40px&#8220; custom_margin=&#8220;||10px||false|false&#8220; global_module=&#8220;354&#8243; saved_tabs=&#8220;all&#8220; global_colors_info=&#8220;{}&#8220;][\/et_pb_divider][et_pb_text _builder_version=&#8220;4.16&#8243; _module_preset=&#8220;default&#8220; global_colors_info=&#8220;{}&#8220;]<p>Wenn Sie sich f\u00fcr die Hosting-L\u00f6sung &#8222;cimoio-as-a-service&#8220; entscheiden, k\u00fcmmern wir uns f\u00fcr Sie um den kompletten Technologie-Stack. Sie sind dann nur noch daf\u00fcr zust\u00e4ndig, die Applikation cimoio zu bedienen. Wir sorgen zusammen mit unserem Dienstleister f\u00fcr den Server, die notwendigen Elemente wie Betriebssystem, Datenbankmanagementsystem, die Einrichtung von cimoio sowie die Wartung und Betrieb aller Komponenten &#8211; also praktisch ein &#8222;Rundum sorglos-Paket&#8220; f\u00fcr ihr Trainingsmanagement aus der Hand der STL GmbH!<\/p>[\/et_pb_text][\/et_pb_column][\/et_pb_row][\/et_pb_section][et_pb_section fb_built=&#8220;1&#8243; _builder_version=&#8220;4.16&#8243; _module_preset=&#8220;753eb255-b498-452c-9075-9b40b679d3b4&#8243; global_colors_info=&#8220;{}&#8220;][et_pb_row column_structure=&#8220;3_4,1_4&#8243; _builder_version=&#8220;4.16&#8243; _module_preset=&#8220;default&#8220; animation_style=&#8220;slide&#8220; animation_direction=&#8220;right&#8220; animation_intensity_slide=&#8220;10%&#8220; global_colors_info=&#8220;{}&#8220;][et_pb_column type=&#8220;3_4&#8243; _builder_version=&#8220;4.16&#8243; _module_preset=&#8220;default&#8220; global_colors_info=&#8220;{}&#8220;][et_pb_text _builder_version=&#8220;4.16&#8243; _module_preset=&#8220;b9bb25d6-91bf-4e23-95cd-4a9e00f511ab&#8220; global_colors_info=&#8220;{}&#8220;]<h2>cimoio als Managed Training Service-L\u00f6sung<\/h2>[\/et_pb_text][et_pb_divider color=&#8220;#29c4a9&#8243; divider_weight=&#8220;4px&#8220; _builder_version=&#8220;4.9.10&#8243; _module_preset=&#8220;default&#8220; max_width=&#8220;40px&#8220; custom_margin=&#8220;||10px||false|false&#8220; global_module=&#8220;354&#8243; saved_tabs=&#8220;all&#8220; global_colors_info=&#8220;{}&#8220;][\/et_pb_divider][et_pb_text _builder_version=&#8220;4.22.1&#8243; _module_preset=&#8220;b9bb25d6-91bf-4e23-95cd-4a9e00f511ab&#8220; hover_enabled=&#8220;0&#8243; global_colors_info=&#8220;{}&#8220; sticky_enabled=&#8220;0&#8243;]<p>Wenn Sie auch die operativen T\u00e4tigkeiten in ihrer cimoio-Instanz abgeben m\u00f6chten, gibt es auch daf\u00fcr M\u00f6glichkeiten. Da bei dieser Konstellation ein weiterer Dienstleister mit an Bord ist, sind auch die Hosting-Bedingungen etwas anders gestaltet. Sprechen Sie uns auf die M\u00f6glichkeiten in diesem Bereich an! Weitere Informationen zu diesem Thema haben wir auch auf dieser <a href=\"\/cms\/produkte-der-stl-gmbh\/mts-managed-training-services\/\" title=\"Zur Seite mit weiteren Informationen zu cimoio als MTS\">Seite zu Managed Training Services<\/a> zusammengefasst!<\/p>[\/et_pb_text][\/et_pb_column][et_pb_column type=&#8220;1_4&#8243; _builder_version=&#8220;4.16&#8243; _module_preset=&#8220;default&#8220; global_colors_info=&#8220;{}&#8220;][\/et_pb_column][\/et_pb_row][\/et_pb_section][et_pb_section fb_built=&#8220;1&#8243; _builder_version=&#8220;4.16&#8243; _module_preset=&#8220;534b0480-ebfc-4f34-959c-de457c8ca269&#8243; global_colors_info=&#8220;{}&#8220;][et_pb_row _builder_version=&#8220;4.16&#8243; _module_preset=&#8220;default&#8220; global_colors_info=&#8220;{}&#8220;][et_pb_column type=&#8220;4_4&#8243; _builder_version=&#8220;4.16&#8243; _module_preset=&#8220;default&#8220; global_colors_info=&#8220;{}&#8220;][et_pb_divider color=&#8220;#009fe3&#8243; _builder_version=&#8220;4.16&#8243; _module_preset=&#8220;default&#8220; global_colors_info=&#8220;{}&#8220;][\/et_pb_divider][\/et_pb_column][\/et_pb_row][et_pb_row column_structure=&#8220;1_3,1_3,1_3&#8243; _builder_version=&#8220;4.16&#8243; _module_preset=&#8220;default&#8220; animation_style=&#8220;slide&#8220; animation_intensity_slide=&#8220;10%&#8220; global_colors_info=&#8220;{}&#8220;][et_pb_column type=&#8220;1_3&#8243; _builder_version=&#8220;4.16&#8243; _module_preset=&#8220;default&#8220; global_colors_info=&#8220;{}&#8220;][et_pb_cta title=&#8220;Ben\u00f6tigen Sie Beratung zu Trainingsprozessen?&#8220; button_url=&#8220;@ET-DC@eyJkeW5hbWljIjp0cnVlLCJjb250ZW50IjoicG9zdF9saW5rX3VybF9wYWdlIiwic2V0dGluZ3MiOnsicG9zdF9pZCI6IjQwNiJ9fQ==@&#8220; button_text=&#8220;Lesen Sie mehr&#8220; _builder_version=&#8220;4.9.10&#8243; _dynamic_attributes=&#8220;button_url&#8220; _module_preset=&#8220;default&#8220; global_module=&#8220;419&#8243; saved_tabs=&#8220;all&#8220; global_colors_info=&#8220;{}&#8220;]<p>Ob Sie noch entscheiden, mit welchem LMS Sie ihre Strategie umsetzen oder sich schon f\u00fcr cimoio entschieden haben: wir unterst\u00fctzen sie mit kompetenter Beratung.<\/p>\n[\/et_pb_cta][\/et_pb_column][et_pb_column type=&#8220;1_3&#8243; _builder_version=&#8220;4.16&#8243; _module_preset=&#8220;default&#8220; global_colors_info=&#8220;{}&#8220;][et_pb_cta title=&#8220;Sie ben\u00f6tigen sporadisch Unterst\u00fctzung?&#8220; button_url=&#8220;@ET-DC@eyJkeW5hbWljIjp0cnVlLCJjb250ZW50IjoicG9zdF9saW5rX3VybF9wYWdlIiwic2V0dGluZ3MiOnsicG9zdF9pZCI6IjQ1OCJ9fQ==@&#8220; button_text=&#8220;Lesen Sie mehr&#8220; _builder_version=&#8220;4.9.10&#8243; _dynamic_attributes=&#8220;button_url&#8220; _module_preset=&#8220;default&#8220; global_module=&#8220;478&#8243; saved_tabs=&#8220;all&#8220; global_colors_info=&#8220;{}&#8220;]<p>Sie ben\u00f6tigen von Zeit zu Zeit ein wenig Unterst\u00fctzung bei selten durchgef\u00fchrten &#8211; und komplexen &#8211; Aufgaben? Dann unterst\u00fctzen wir Sie gerne &#8211; auch auf Zuruf!<\/p>\n[\/et_pb_cta][\/et_pb_column][et_pb_column type=&#8220;1_3&#8243; _builder_version=&#8220;4.16&#8243; _module_preset=&#8220;default&#8220; global_colors_info=&#8220;{}&#8220;][et_pb_cta title=&#8220;Sie ben\u00f6tigen Trainings f\u00fcr Ihr Veranstalter-Team?&#8220; button_url=&#8220;@ET-DC@eyJkeW5hbWljIjp0cnVlLCJjb250ZW50IjoicG9zdF9saW5rX3VybF9wYWdlIiwic2V0dGluZ3MiOnsicG9zdF9pZCI6IjQyNiJ9fQ==@&#8220; button_text=&#8220;Lesen Sie mehr&#8220; _builder_version=&#8220;4.9.10&#8243; _dynamic_attributes=&#8220;button_url&#8220; _module_preset=&#8220;default&#8220; global_module=&#8220;436&#8243; saved_tabs=&#8220;all&#8220; global_colors_info=&#8220;{}&#8220;]<p>Ob aufgrund von Team-Ver\u00e4nderungen oder nach einem gro\u00dfen Release: wir legen mit Ihnen die Inhalte fest, die wir dann mit ihrem Team praxisnah trainieren.<\/p>\n[\/et_pb_cta][\/et_pb_column][\/et_pb_row][\/et_pb_section]\n","protected":false},"excerpt":{"rendered":"<p>Hosting L\u00f6sungen f\u00fcr cimoio InstallationenWenn Sie cimoio lizenzieren, muss noch gekl\u00e4rt werden, wo Sie es installieren m\u00f6chten und wer sich dann um die (virtuelle) Hardware k\u00fcmmert. Wir bieten aktuell vier verschiedene Hosting-Alternativen an: die &#8222;on-premises&#8220; Installationen in ihrem Rechenzentrum, Hosting, cimoio-as-a-service und Managed Training Services.Hosting &#8222;on-premises&#8220;Die klassische L\u00f6sung, wenn ihr Unternehmen ohnehin schon \u00fcber ein [&hellip;]<\/p>\n","protected":false},"author":3,"featured_media":0,"parent":254,"menu_order":40,"comment_status":"closed","ping_status":"closed","template":"","meta":{"_et_pb_use_builder":"on","_et_pb_old_content":"","_et_gb_content_width":"","inline_featured_image":false,"footnotes":""},"class_list":["post-413","page","type-page","status-publish","hentry"],"yoast_head":"<!-- This site is optimized with the Yoast SEO plugin v27.6 - https:\/\/yoast.com\/product\/yoast-seo-wordpress\/ -->\n<title>cimoio mit Hosting-L\u00f6sung | STL GmbH<\/title>\n<meta name=\"description\" content=\"Entdecken Sie die Vorteile von cimoio mit Hosting-L\u00f6sung. Verl\u00e4sslich, sicher und einfach. Jetzt informieren!\" \/>\n<meta name=\"robots\" content=\"index, follow, max-snippet:-1, max-image-preview:large, max-video-preview:-1\" \/>\n<link rel=\"canonical\" href=\"https:\/\/www.stl-software.de\/cms\/services-der-stl-gmbh\/cimoio-mit-hosting-loesung\/\" \/>\n<meta property=\"og:locale\" content=\"de_DE\" \/>\n<meta property=\"og:type\" content=\"article\" \/>\n<meta property=\"og:title\" content=\"cimoio mit Hosting-L\u00f6sung | STL GmbH\" \/>\n<meta property=\"og:description\" content=\"Entdecken Sie die Vorteile von cimoio mit Hosting-L\u00f6sung. Verl\u00e4sslich, sicher und einfach. Jetzt informieren!\" \/>\n<meta property=\"og:url\" content=\"https:\/\/www.stl-software.de\/cms\/services-der-stl-gmbh\/cimoio-mit-hosting-loesung\/\" \/>\n<meta property=\"og:site_name\" content=\"STL GmbH\" \/>\n<meta property=\"article:modified_time\" content=\"2025-07-09T13:25:15+00:00\" \/>\n<meta name=\"twitter:card\" content=\"summary_large_image\" \/>\n<script type=\"application\/ld+json\" class=\"yoast-schema-graph\">{\"@context\":\"https:\\\/\\\/schema.org\",\"@graph\":[{\"@type\":\"WebPage\",\"@id\":\"https:\\\/\\\/www.stl-software.de\\\/cms\\\/services-der-stl-gmbh\\\/cimoio-mit-hosting-loesung\\\/\",\"url\":\"https:\\\/\\\/www.stl-software.de\\\/cms\\\/services-der-stl-gmbh\\\/cimoio-mit-hosting-loesung\\\/\",\"name\":\"cimoio mit Hosting-L\u00f6sung | STL GmbH\",\"isPartOf\":{\"@id\":\"https:\\\/\\\/www.stl-software.de\\\/cms\\\/#website\"},\"datePublished\":\"2021-11-19T13:18:00+00:00\",\"dateModified\":\"2025-07-09T13:25:15+00:00\",\"description\":\"Entdecken Sie die Vorteile von cimoio mit Hosting-L\u00f6sung. Verl\u00e4sslich, sicher und einfach. Jetzt informieren!\",\"breadcrumb\":{\"@id\":\"https:\\\/\\\/www.stl-software.de\\\/cms\\\/services-der-stl-gmbh\\\/cimoio-mit-hosting-loesung\\\/#breadcrumb\"},\"inLanguage\":\"de\",\"potentialAction\":[{\"@type\":\"ReadAction\",\"target\":[\"https:\\\/\\\/www.stl-software.de\\\/cms\\\/services-der-stl-gmbh\\\/cimoio-mit-hosting-loesung\\\/\"]}]},{\"@type\":\"BreadcrumbList\",\"@id\":\"https:\\\/\\\/www.stl-software.de\\\/cms\\\/services-der-stl-gmbh\\\/cimoio-mit-hosting-loesung\\\/#breadcrumb\",\"itemListElement\":[{\"@type\":\"ListItem\",\"position\":1,\"name\":\"Startseite\",\"item\":\"https:\\\/\\\/www.stl-software.de\\\/cms\\\/\"},{\"@type\":\"ListItem\",\"position\":2,\"name\":\"Services der STL GmbH\",\"item\":\"https:\\\/\\\/www.stl-software.de\\\/cms\\\/services-der-stl-gmbh\\\/\"},{\"@type\":\"ListItem\",\"position\":3,\"name\":\"cimoio mit Hosting-L\u00f6sung\"}]},{\"@type\":\"WebSite\",\"@id\":\"https:\\\/\\\/www.stl-software.de\\\/cms\\\/#website\",\"url\":\"https:\\\/\\\/www.stl-software.de\\\/cms\\\/\",\"name\":\"STL GmbH\",\"description\":\"Die Firma, die das LMS cimoio entwickelt hat\",\"potentialAction\":[{\"@type\":\"SearchAction\",\"target\":{\"@type\":\"EntryPoint\",\"urlTemplate\":\"https:\\\/\\\/www.stl-software.de\\\/cms\\\/?s={search_term_string}\"},\"query-input\":{\"@type\":\"PropertyValueSpecification\",\"valueRequired\":true,\"valueName\":\"search_term_string\"}}],\"inLanguage\":\"de\"}]}<\/script>\n<!-- \/ Yoast SEO plugin. -->","yoast_head_json":{"title":"cimoio mit Hosting-L\u00f6sung | STL GmbH","description":"Entdecken Sie die Vorteile von cimoio mit Hosting-L\u00f6sung. Verl\u00e4sslich, sicher und einfach. Jetzt informieren!","robots":{"index":"index","follow":"follow","max-snippet":"max-snippet:-1","max-image-preview":"max-image-preview:large","max-video-preview":"max-video-preview:-1"},"canonical":"https:\/\/www.stl-software.de\/cms\/services-der-stl-gmbh\/cimoio-mit-hosting-loesung\/","og_locale":"de_DE","og_type":"article","og_title":"cimoio mit Hosting-L\u00f6sung | STL GmbH","og_description":"Entdecken Sie die Vorteile von cimoio mit Hosting-L\u00f6sung. Verl\u00e4sslich, sicher und einfach. Jetzt informieren!","og_url":"https:\/\/www.stl-software.de\/cms\/services-der-stl-gmbh\/cimoio-mit-hosting-loesung\/","og_site_name":"STL GmbH","article_modified_time":"2025-07-09T13:25:15+00:00","twitter_card":"summary_large_image","schema":{"@context":"https:\/\/schema.org","@graph":[{"@type":"WebPage","@id":"https:\/\/www.stl-software.de\/cms\/services-der-stl-gmbh\/cimoio-mit-hosting-loesung\/","url":"https:\/\/www.stl-software.de\/cms\/services-der-stl-gmbh\/cimoio-mit-hosting-loesung\/","name":"cimoio mit Hosting-L\u00f6sung | STL GmbH","isPartOf":{"@id":"https:\/\/www.stl-software.de\/cms\/#website"},"datePublished":"2021-11-19T13:18:00+00:00","dateModified":"2025-07-09T13:25:15+00:00","description":"Entdecken Sie die Vorteile von cimoio mit Hosting-L\u00f6sung. Verl\u00e4sslich, sicher und einfach. Jetzt informieren!","breadcrumb":{"@id":"https:\/\/www.stl-software.de\/cms\/services-der-stl-gmbh\/cimoio-mit-hosting-loesung\/#breadcrumb"},"inLanguage":"de","potentialAction":[{"@type":"ReadAction","target":["https:\/\/www.stl-software.de\/cms\/services-der-stl-gmbh\/cimoio-mit-hosting-loesung\/"]}]},{"@type":"BreadcrumbList","@id":"https:\/\/www.stl-software.de\/cms\/services-der-stl-gmbh\/cimoio-mit-hosting-loesung\/#breadcrumb","itemListElement":[{"@type":"ListItem","position":1,"name":"Startseite","item":"https:\/\/www.stl-software.de\/cms\/"},{"@type":"ListItem","position":2,"name":"Services der STL GmbH","item":"https:\/\/www.stl-software.de\/cms\/services-der-stl-gmbh\/"},{"@type":"ListItem","position":3,"name":"cimoio mit Hosting-L\u00f6sung"}]},{"@type":"WebSite","@id":"https:\/\/www.stl-software.de\/cms\/#website","url":"https:\/\/www.stl-software.de\/cms\/","name":"STL GmbH","description":"Die Firma, die das LMS cimoio entwickelt hat","potentialAction":[{"@type":"SearchAction","target":{"@type":"EntryPoint","urlTemplate":"https:\/\/www.stl-software.de\/cms\/?s={search_term_string}"},"query-input":{"@type":"PropertyValueSpecification","valueRequired":true,"valueName":"search_term_string"}}],"inLanguage":"de"}]}},"_links":{"self":[{"href":"https:\/\/www.stl-software.de\/cms\/wp-json\/wp\/v2\/pages\/413","targetHints":{"allow":["GET"]}}],"collection":[{"href":"https:\/\/www.stl-software.de\/cms\/wp-json\/wp\/v2\/pages"}],"about":[{"href":"https:\/\/www.stl-software.de\/cms\/wp-json\/wp\/v2\/types\/page"}],"author":[{"embeddable":true,"href":"https:\/\/www.stl-software.de\/cms\/wp-json\/wp\/v2\/users\/3"}],"replies":[{"embeddable":true,"href":"https:\/\/www.stl-software.de\/cms\/wp-json\/wp\/v2\/comments?post=413"}],"version-history":[{"count":16,"href":"https:\/\/www.stl-software.de\/cms\/wp-json\/wp\/v2\/pages\/413\/revisions"}],"predecessor-version":[{"id":1514,"href":"https:\/\/www.stl-software.de\/cms\/wp-json\/wp\/v2\/pages\/413\/revisions\/1514"}],"up":[{"embeddable":true,"href":"https:\/\/www.stl-software.de\/cms\/wp-json\/wp\/v2\/pages\/254"}],"wp:attachment":[{"href":"https:\/\/www.stl-software.de\/cms\/wp-json\/wp\/v2\/media?parent=413"}],"curies":[{"name":"wp","href":"https:\/\/api.w.org\/{rel}","templated":true}]}}