{"id":406,"date":"2021-11-19T14:08:45","date_gmt":"2021-11-19T13:08:45","guid":{"rendered":"https:\/\/www.stl-software.de\/cms\/?page_id=406"},"modified":"2025-07-09T15:25:15","modified_gmt":"2025-07-09T13:25:15","slug":"beratung-bei-der-digitalisierung-ihres-trainingsgeschaefts","status":"publish","type":"page","link":"https:\/\/www.stl-software.de\/cms\/services-der-stl-gmbh\/beratung-bei-der-digitalisierung-ihres-trainingsgeschaefts\/","title":{"rendered":"Beratung bei der Digitalisierung ihres Trainingsgesch\u00e4fts"},"content":{"rendered":"\n\n\n\n[et_pb_section fb_built=&#8220;1&#8243; _builder_version=&#8220;4.9.10&#8243; _module_preset=&#8220;753eb255-b498-452c-9075-9b40b679d3b4&#8243;][et_pb_row _builder_version=&#8220;4.9.10&#8243; _module_preset=&#8220;default&#8220; animation_style=&#8220;slide&#8220; animation_intensity_slide=&#8220;10%&#8220;][et_pb_column type=&#8220;4_4&#8243; _builder_version=&#8220;4.9.10&#8243; _module_preset=&#8220;default&#8220;][et_pb_text _builder_version=&#8220;4.9.10&#8243; _module_preset=&#8220;b9bb25d6-91bf-4e23-95cd-4a9e00f511ab&#8220;]<h1>Beratung bei der Digitalisierung ihres Trainingsgesch\u00e4fts<\/h1>[\/et_pb_text][et_pb_divider color=&#8220;#29c4a9&#8243; divider_weight=&#8220;4px&#8220; _builder_version=&#8220;4.9.10&#8243; _module_preset=&#8220;default&#8220; max_width=&#8220;40px&#8220; custom_margin=&#8220;||10px||false|false&#8220; global_module=&#8220;354&#8243; saved_tabs=&#8220;all&#8220;][\/et_pb_divider][et_pb_text _builder_version=&#8220;4.9.10&#8243; _module_preset=&#8220;b9bb25d6-91bf-4e23-95cd-4a9e00f511ab&#8220;]<p>Ob Sie vor oder nach dem Kauf Unterst\u00fctzung bei der Wahl und der optimalen Nutzung ihres LMS ben\u00f6tigen: wir sind f\u00fcr Sie da. Auch wenn Sie gerade \u00fcberlegen, wie Sie die neuen Funktionen nach einem Release-Wechsel anwenden oder das neu freigeschaltete Modul optimal in ihren Betrieb einbinden.<\/p>[\/et_pb_text][\/et_pb_column][\/et_pb_row][\/et_pb_section][et_pb_section fb_built=&#8220;1&#8243; _builder_version=&#8220;4.9.10&#8243; _module_preset=&#8220;534b0480-ebfc-4f34-959c-de457c8ca269&#8243;][et_pb_row column_structure=&#8220;1_4,3_4&#8243; _builder_version=&#8220;4.9.10&#8243; _module_preset=&#8220;default&#8220; animation_style=&#8220;slide&#8220; animation_direction=&#8220;left&#8220; animation_intensity_slide=&#8220;10%&#8220;][et_pb_column type=&#8220;1_4&#8243; _builder_version=&#8220;4.9.10&#8243; _module_preset=&#8220;default&#8220;][\/et_pb_column][et_pb_column type=&#8220;3_4&#8243; _builder_version=&#8220;4.9.10&#8243; _module_preset=&#8220;default&#8220;][et_pb_text _builder_version=&#8220;4.9.10&#8243; _module_preset=&#8220;default&#8220;]<h2>Strategische Beratung<\/h2>[\/et_pb_text][et_pb_divider color=&#8220;#29c4a9&#8243; divider_weight=&#8220;4px&#8220; _builder_version=&#8220;4.9.10&#8243; _module_preset=&#8220;default&#8220; max_width=&#8220;40px&#8220; custom_margin=&#8220;||10px||false|false&#8220; global_module=&#8220;354&#8243; saved_tabs=&#8220;all&#8220;][\/et_pb_divider][et_pb_text _builder_version=&#8220;4.9.10&#8243; _module_preset=&#8220;default&#8220;]<p>Neben der Frage, auf welche Software-Anwendung Sie setzen sollen, um ihr Trainingsgesch\u00e4ft auf die n\u00e4chste Ebene zu heben, stehen Sie vielleicht auch vor der Frage, wie Sie ihr Trainingsgesch\u00e4ft insgesamt moderner und digitaler gestalten k\u00f6nnen. Wie digitalisieren Sie neben administrativen Prozessen auch ihre Inhalte? Wie stellen Sie sicher, dass diese auch in der richtigen Qualit\u00e4t bei ihren Anwendern ankommen? Wie viel selbstgesteuertes Lernen sollten Sie erlauben im Verh\u00e4ltnis zu Pflichttrainings oder Trainings, die ihre F\u00fchrungskr\u00e4fte von ihren Teammitgliedern erwarten? Greifen Sie auf 20 Jahre Erfahrung in der Beratung von Kunden im Trainingsgesch\u00e4ft zur\u00fcck!<\/p>[\/et_pb_text][\/et_pb_column][\/et_pb_row][\/et_pb_section][et_pb_section fb_built=&#8220;1&#8243; _builder_version=&#8220;4.9.10&#8243; _module_preset=&#8220;753eb255-b498-452c-9075-9b40b679d3b4&#8243;][et_pb_row column_structure=&#8220;3_4,1_4&#8243; _builder_version=&#8220;4.9.10&#8243; _module_preset=&#8220;default&#8220; animation_style=&#8220;slide&#8220; animation_direction=&#8220;right&#8220; animation_intensity_slide=&#8220;10%&#8220;][et_pb_column type=&#8220;3_4&#8243; _builder_version=&#8220;4.9.10&#8243; _module_preset=&#8220;default&#8220;][et_pb_text _builder_version=&#8220;4.9.10&#8243; _module_preset=&#8220;b9bb25d6-91bf-4e23-95cd-4a9e00f511ab&#8220;]<h2>Umsetzungsberatung<\/h2>[\/et_pb_text][et_pb_divider color=&#8220;#29c4a9&#8243; divider_weight=&#8220;4px&#8220; _builder_version=&#8220;4.9.10&#8243; _module_preset=&#8220;default&#8220; max_width=&#8220;40px&#8220; custom_margin=&#8220;||10px||false|false&#8220; global_module=&#8220;354&#8243; saved_tabs=&#8220;all&#8220;][\/et_pb_divider][et_pb_text _builder_version=&#8220;4.9.10&#8243; _module_preset=&#8220;b9bb25d6-91bf-4e23-95cd-4a9e00f511ab&#8220;]<p>Die Verwaltung der Trainingsprozesse kann hochkomplex werden. Immer wieder machen wir die Erfahrung, dass unsere Kunden &#8211; gerade, wenn sie sich in neue Funktionen einarbeiten &#8211; nicht immer sicher sind, wie sie ihre Strategie in cimoio operativ umsetzen sollen. Welches Lernplan-Format unterst\u00fctzt mich bei der Umsetzung meiner strategischen Ziele? Wie setze ich meine digitalen Formate am sinnvollsten in cimoio ein? Wie gehen Sie vor, wenn Sie planen, Trainings in Zukunft \u00fcber Online-Meeting-Tools durchzuf\u00fchren oder sogar hybrid anzubieten? Wie w\u00e4hlt man daf\u00fcr ein passendes Online-Meeting-Tool aus? F\u00fcr diesen Zweck bieten wir Ihnen Beratungsleistungen f\u00fcr die Umsetzung ihrer Strategie in und mit cimoio an.<\/p>[\/et_pb_text][\/et_pb_column][et_pb_column type=&#8220;1_4&#8243; _builder_version=&#8220;4.9.10&#8243; _module_preset=&#8220;default&#8220;][\/et_pb_column][\/et_pb_row][\/et_pb_section][et_pb_section fb_built=&#8220;1&#8243; _builder_version=&#8220;4.9.10&#8243; _module_preset=&#8220;534b0480-ebfc-4f34-959c-de457c8ca269&#8243;][et_pb_row _builder_version=&#8220;4.9.10&#8243; _module_preset=&#8220;default&#8220;][et_pb_column type=&#8220;4_4&#8243; _builder_version=&#8220;4.9.10&#8243; _module_preset=&#8220;default&#8220;][et_pb_divider color=&#8220;#009fe3&#8243; _builder_version=&#8220;4.9.10&#8243; _module_preset=&#8220;default&#8220;][\/et_pb_divider][\/et_pb_column][\/et_pb_row][et_pb_row column_structure=&#8220;1_3,1_3,1_3&#8243; _builder_version=&#8220;4.9.10&#8243; _module_preset=&#8220;default&#8220; animation_style=&#8220;slide&#8220; animation_intensity_slide=&#8220;10%&#8220;][et_pb_column type=&#8220;1_3&#8243; _builder_version=&#8220;4.9.10&#8243; _module_preset=&#8220;default&#8220;][et_pb_cta title=&#8220;Sie ben\u00f6tigen sporadisch Unterst\u00fctzung?&#8220; button_url=&#8220;@ET-DC@eyJkeW5hbWljIjp0cnVlLCJjb250ZW50IjoicG9zdF9saW5rX3VybF9wYWdlIiwic2V0dGluZ3MiOnsicG9zdF9pZCI6IjQ1OCJ9fQ==@&#8220; button_text=&#8220;Lesen Sie mehr&#8220; _builder_version=&#8220;4.9.10&#8243; _dynamic_attributes=&#8220;button_url&#8220; _module_preset=&#8220;default&#8220; global_module=&#8220;478&#8243; saved_tabs=&#8220;all&#8220;]<p>Sie ben\u00f6tigen von Zeit zu Zeit ein wenig Unterst\u00fctzung bei selten durchgef\u00fchrten &#8211; und komplexen &#8211; Aufgaben? Dann unterst\u00fctzen wir Sie gerne &#8211; auch auf Zuruf!<\/p>\n[\/et_pb_cta][\/et_pb_column][et_pb_column type=&#8220;1_3&#8243; _builder_version=&#8220;4.9.10&#8243; _module_preset=&#8220;default&#8220;][et_pb_cta title=&#8220;Sie ben\u00f6tigen Trainings f\u00fcr Ihr Veranstalter-Team?&#8220; button_url=&#8220;@ET-DC@eyJkeW5hbWljIjp0cnVlLCJjb250ZW50IjoicG9zdF9saW5rX3VybF9wYWdlIiwic2V0dGluZ3MiOnsicG9zdF9pZCI6IjQyNiJ9fQ==@&#8220; button_text=&#8220;Lesen Sie mehr&#8220; _builder_version=&#8220;4.9.10&#8243; _dynamic_attributes=&#8220;button_url&#8220; _module_preset=&#8220;default&#8220; global_module=&#8220;436&#8243; saved_tabs=&#8220;all&#8220;]<p>Ob aufgrund von Team-Ver\u00e4nderungen oder nach einem gro\u00dfen Release: wir legen mit Ihnen die Inhalte fest, die wir dann mit ihrem Team praxisnah trainieren.<\/p>\n[\/et_pb_cta][\/et_pb_column][et_pb_column type=&#8220;1_3&#8243; _builder_version=&#8220;4.9.10&#8243; _module_preset=&#8220;default&#8220;][et_pb_cta title=&#8220;Sie m\u00f6chten cimoio mit Hosting bei uns bestellen?&#8220; button_url=&#8220;@ET-DC@eyJkeW5hbWljIjp0cnVlLCJjb250ZW50IjoicG9zdF9saW5rX3VybF9wYWdlIiwic2V0dGluZ3MiOnsicG9zdF9pZCI6IjQxMyJ9fQ==@&#8220; button_text=&#8220;Lesen Sie mehr&#8220; _builder_version=&#8220;4.9.10&#8243; _dynamic_attributes=&#8220;button_url&#8220; _module_preset=&#8220;default&#8220; global_module=&#8220;435&#8243; saved_tabs=&#8220;all&#8220;]<p>Ob Sie den Betrieb von cimoio in der Cloud oder on-premise planen: wir k\u00f6nnen Ihnen mehrere Hosting-Modelle vorschlagen &#8211; sogar bis hin zu cimoio-as-a-Service!<\/p>\n[\/et_pb_cta][\/et_pb_column][\/et_pb_row][\/et_pb_section]\n\n\n\n","protected":false},"excerpt":{"rendered":"<p>Beratung bei der Digitalisierung ihres Trainingsgesch\u00e4ftsOb Sie vor oder nach dem Kauf Unterst\u00fctzung bei der Wahl und der optimalen Nutzung ihres LMS ben\u00f6tigen: wir sind f\u00fcr Sie da. Auch wenn Sie gerade \u00fcberlegen, wie Sie die neuen Funktionen nach einem Release-Wechsel anwenden oder das neu freigeschaltete Modul optimal in ihren Betrieb einbinden.Strategische BeratungNeben der Frage, [&hellip;]<\/p>\n","protected":false},"author":3,"featured_media":0,"parent":254,"menu_order":10,"comment_status":"closed","ping_status":"closed","template":"","meta":{"_et_pb_use_builder":"on","_et_pb_old_content":"","_et_gb_content_width":"","inline_featured_image":false,"footnotes":""},"class_list":["post-406","page","type-page","status-publish","hentry"],"yoast_head":"<!-- This site is optimized with the Yoast SEO plugin v27.2 - https:\/\/yoast.com\/product\/yoast-seo-wordpress\/ -->\n<title>Beratung bei der Digitalisierung ihres Trainingsgesch\u00e4fts | STL GmbH<\/title>\n<meta name=\"description\" content=\"Wir bieten Ihnen umfassende Unterst\u00fctzung bei der Wahl und Nutzung Ihres LMS. Von der Beratung bis zur Optimierung - Wir sind f\u00fcr Sie da!\" \/>\n<meta name=\"robots\" content=\"index, follow, max-snippet:-1, max-image-preview:large, max-video-preview:-1\" \/>\n<link rel=\"canonical\" href=\"https:\/\/www.stl-software.de\/cms\/services-der-stl-gmbh\/beratung-bei-der-digitalisierung-ihres-trainingsgeschaefts\/\" \/>\n<meta property=\"og:locale\" content=\"de_DE\" \/>\n<meta property=\"og:type\" content=\"article\" \/>\n<meta property=\"og:title\" content=\"Beratung bei der Digitalisierung ihres Trainingsgesch\u00e4fts | STL GmbH\" \/>\n<meta property=\"og:description\" content=\"Wir bieten Ihnen umfassende Unterst\u00fctzung bei der Wahl und Nutzung Ihres LMS. Von der Beratung bis zur Optimierung - Wir sind f\u00fcr Sie da!\" \/>\n<meta property=\"og:url\" content=\"https:\/\/www.stl-software.de\/cms\/services-der-stl-gmbh\/beratung-bei-der-digitalisierung-ihres-trainingsgeschaefts\/\" \/>\n<meta property=\"og:site_name\" content=\"STL GmbH\" \/>\n<meta property=\"article:modified_time\" content=\"2025-07-09T13:25:15+00:00\" \/>\n<meta name=\"twitter:card\" content=\"summary_large_image\" \/>\n<script type=\"application\/ld+json\" class=\"yoast-schema-graph\">{\"@context\":\"https:\/\/schema.org\",\"@graph\":[{\"@type\":\"WebPage\",\"@id\":\"https:\/\/www.stl-software.de\/cms\/services-der-stl-gmbh\/beratung-bei-der-digitalisierung-ihres-trainingsgeschaefts\/\",\"url\":\"https:\/\/www.stl-software.de\/cms\/services-der-stl-gmbh\/beratung-bei-der-digitalisierung-ihres-trainingsgeschaefts\/\",\"name\":\"Beratung bei der Digitalisierung ihres Trainingsgesch\u00e4fts | STL GmbH\",\"isPartOf\":{\"@id\":\"https:\/\/www.stl-software.de\/cms\/#website\"},\"datePublished\":\"2021-11-19T13:08:45+00:00\",\"dateModified\":\"2025-07-09T13:25:15+00:00\",\"description\":\"Wir bieten Ihnen umfassende Unterst\u00fctzung bei der Wahl und Nutzung Ihres LMS. Von der Beratung bis zur Optimierung - Wir sind f\u00fcr Sie da!\",\"breadcrumb\":{\"@id\":\"https:\/\/www.stl-software.de\/cms\/services-der-stl-gmbh\/beratung-bei-der-digitalisierung-ihres-trainingsgeschaefts\/#breadcrumb\"},\"inLanguage\":\"de\",\"potentialAction\":[{\"@type\":\"ReadAction\",\"target\":[\"https:\/\/www.stl-software.de\/cms\/services-der-stl-gmbh\/beratung-bei-der-digitalisierung-ihres-trainingsgeschaefts\/\"]}]},{\"@type\":\"BreadcrumbList\",\"@id\":\"https:\/\/www.stl-software.de\/cms\/services-der-stl-gmbh\/beratung-bei-der-digitalisierung-ihres-trainingsgeschaefts\/#breadcrumb\",\"itemListElement\":[{\"@type\":\"ListItem\",\"position\":1,\"name\":\"Startseite\",\"item\":\"https:\/\/www.stl-software.de\/cms\/\"},{\"@type\":\"ListItem\",\"position\":2,\"name\":\"Services der STL GmbH\",\"item\":\"https:\/\/www.stl-software.de\/cms\/services-der-stl-gmbh\/\"},{\"@type\":\"ListItem\",\"position\":3,\"name\":\"Beratung bei der Digitalisierung ihres Trainingsgesch\u00e4fts\"}]},{\"@type\":\"WebSite\",\"@id\":\"https:\/\/www.stl-software.de\/cms\/#website\",\"url\":\"https:\/\/www.stl-software.de\/cms\/\",\"name\":\"STL GmbH\",\"description\":\"Die Firma, die das LMS cimoio entwickelt hat\",\"potentialAction\":[{\"@type\":\"SearchAction\",\"target\":{\"@type\":\"EntryPoint\",\"urlTemplate\":\"https:\/\/www.stl-software.de\/cms\/?s={search_term_string}\"},\"query-input\":{\"@type\":\"PropertyValueSpecification\",\"valueRequired\":true,\"valueName\":\"search_term_string\"}}],\"inLanguage\":\"de\"}]}<\/script>\n<!-- \/ Yoast SEO plugin. -->","yoast_head_json":{"title":"Beratung bei der Digitalisierung ihres Trainingsgesch\u00e4fts | STL GmbH","description":"Wir bieten Ihnen umfassende Unterst\u00fctzung bei der Wahl und Nutzung Ihres LMS. Von der Beratung bis zur Optimierung - Wir sind f\u00fcr Sie da!","robots":{"index":"index","follow":"follow","max-snippet":"max-snippet:-1","max-image-preview":"max-image-preview:large","max-video-preview":"max-video-preview:-1"},"canonical":"https:\/\/www.stl-software.de\/cms\/services-der-stl-gmbh\/beratung-bei-der-digitalisierung-ihres-trainingsgeschaefts\/","og_locale":"de_DE","og_type":"article","og_title":"Beratung bei der Digitalisierung ihres Trainingsgesch\u00e4fts | STL GmbH","og_description":"Wir bieten Ihnen umfassende Unterst\u00fctzung bei der Wahl und Nutzung Ihres LMS. Von der Beratung bis zur Optimierung - Wir sind f\u00fcr Sie da!","og_url":"https:\/\/www.stl-software.de\/cms\/services-der-stl-gmbh\/beratung-bei-der-digitalisierung-ihres-trainingsgeschaefts\/","og_site_name":"STL GmbH","article_modified_time":"2025-07-09T13:25:15+00:00","twitter_card":"summary_large_image","schema":{"@context":"https:\/\/schema.org","@graph":[{"@type":"WebPage","@id":"https:\/\/www.stl-software.de\/cms\/services-der-stl-gmbh\/beratung-bei-der-digitalisierung-ihres-trainingsgeschaefts\/","url":"https:\/\/www.stl-software.de\/cms\/services-der-stl-gmbh\/beratung-bei-der-digitalisierung-ihres-trainingsgeschaefts\/","name":"Beratung bei der Digitalisierung ihres Trainingsgesch\u00e4fts | STL GmbH","isPartOf":{"@id":"https:\/\/www.stl-software.de\/cms\/#website"},"datePublished":"2021-11-19T13:08:45+00:00","dateModified":"2025-07-09T13:25:15+00:00","description":"Wir bieten Ihnen umfassende Unterst\u00fctzung bei der Wahl und Nutzung Ihres LMS. Von der Beratung bis zur Optimierung - Wir sind f\u00fcr Sie da!","breadcrumb":{"@id":"https:\/\/www.stl-software.de\/cms\/services-der-stl-gmbh\/beratung-bei-der-digitalisierung-ihres-trainingsgeschaefts\/#breadcrumb"},"inLanguage":"de","potentialAction":[{"@type":"ReadAction","target":["https:\/\/www.stl-software.de\/cms\/services-der-stl-gmbh\/beratung-bei-der-digitalisierung-ihres-trainingsgeschaefts\/"]}]},{"@type":"BreadcrumbList","@id":"https:\/\/www.stl-software.de\/cms\/services-der-stl-gmbh\/beratung-bei-der-digitalisierung-ihres-trainingsgeschaefts\/#breadcrumb","itemListElement":[{"@type":"ListItem","position":1,"name":"Startseite","item":"https:\/\/www.stl-software.de\/cms\/"},{"@type":"ListItem","position":2,"name":"Services der STL GmbH","item":"https:\/\/www.stl-software.de\/cms\/services-der-stl-gmbh\/"},{"@type":"ListItem","position":3,"name":"Beratung bei der Digitalisierung ihres Trainingsgesch\u00e4fts"}]},{"@type":"WebSite","@id":"https:\/\/www.stl-software.de\/cms\/#website","url":"https:\/\/www.stl-software.de\/cms\/","name":"STL GmbH","description":"Die Firma, die das LMS cimoio entwickelt hat","potentialAction":[{"@type":"SearchAction","target":{"@type":"EntryPoint","urlTemplate":"https:\/\/www.stl-software.de\/cms\/?s={search_term_string}"},"query-input":{"@type":"PropertyValueSpecification","valueRequired":true,"valueName":"search_term_string"}}],"inLanguage":"de"}]}},"_links":{"self":[{"href":"https:\/\/www.stl-software.de\/cms\/wp-json\/wp\/v2\/pages\/406","targetHints":{"allow":["GET"]}}],"collection":[{"href":"https:\/\/www.stl-software.de\/cms\/wp-json\/wp\/v2\/pages"}],"about":[{"href":"https:\/\/www.stl-software.de\/cms\/wp-json\/wp\/v2\/types\/page"}],"author":[{"embeddable":true,"href":"https:\/\/www.stl-software.de\/cms\/wp-json\/wp\/v2\/users\/3"}],"replies":[{"embeddable":true,"href":"https:\/\/www.stl-software.de\/cms\/wp-json\/wp\/v2\/comments?post=406"}],"version-history":[{"count":11,"href":"https:\/\/www.stl-software.de\/cms\/wp-json\/wp\/v2\/pages\/406\/revisions"}],"predecessor-version":[{"id":1288,"href":"https:\/\/www.stl-software.de\/cms\/wp-json\/wp\/v2\/pages\/406\/revisions\/1288"}],"up":[{"embeddable":true,"href":"https:\/\/www.stl-software.de\/cms\/wp-json\/wp\/v2\/pages\/254"}],"wp:attachment":[{"href":"https:\/\/www.stl-software.de\/cms\/wp-json\/wp\/v2\/media?parent=406"}],"curies":[{"name":"wp","href":"https:\/\/api.w.org\/{rel}","templated":true}]}}