{"id":392,"date":"2021-11-19T12:13:29","date_gmt":"2021-11-19T11:13:29","guid":{"rendered":"https:\/\/www.stl-software.de\/cms\/?page_id=392"},"modified":"2025-07-09T15:25:14","modified_gmt":"2025-07-09T13:25:14","slug":"mts-managed-training-services","status":"publish","type":"page","link":"https:\/\/www.stl-software.de\/cms\/produkte-der-stl-gmbh\/mts-managed-training-services\/","title":{"rendered":"MTS &#8211; Managed Training Services"},"content":{"rendered":"<p>[et_pb_section fb_built=&#8220;1&#8243; _builder_version=&#8220;4.16&#8243; _module_preset=&#8220;753eb255-b498-452c-9075-9b40b679d3b4&#8243; global_colors_info=&#8220;{}&#8220;][et_pb_row _builder_version=&#8220;4.16&#8243; _module_preset=&#8220;default&#8220; animation_style=&#8220;slide&#8220; animation_intensity_slide=&#8220;10%&#8220; global_colors_info=&#8220;{}&#8220;][et_pb_column type=&#8220;4_4&#8243; _builder_version=&#8220;4.16&#8243; _module_preset=&#8220;default&#8220; global_colors_info=&#8220;{}&#8220;][et_pb_text _builder_version=&#8220;4.16&#8243; _module_preset=&#8220;default&#8220; header_text_color=&#8220;#FFFFFF&#8220; custom_padding=&#8220;||1px|||&#8220; global_colors_info=&#8220;{}&#8220;]<\/p>\n<h1>MTS &#8211; Managed Training Services &#8211; das &#8222;all-inclusive&#8220; Paket<\/h1>\n<p>[\/et_pb_text][et_pb_divider color=&#8220;#29c4a9&#8243; divider_weight=&#8220;4px&#8220; _builder_version=&#8220;4.9.10&#8243; _module_preset=&#8220;default&#8220; max_width=&#8220;40px&#8220; custom_margin=&#8220;||10px||false|false&#8220; global_module=&#8220;354&#8243; saved_tabs=&#8220;all&#8220; global_colors_info=&#8220;{}&#8220;][\/et_pb_divider][et_pb_text _builder_version=&#8220;4.22.1&#8243; _module_preset=&#8220;default&#8220; text_text_color=&#8220;#FFFFFF&#8220; hover_enabled=&#8220;0&#8243; global_colors_info=&#8220;{}&#8220; sticky_enabled=&#8220;0&#8243;]<\/p>\n<p>Managed Training Services bieten wir nur in Zusammenarbeit mit Partnern an. Unser Preferred Partner ist dabei die Cegos Integrata , mit der wir schon seit 2012 in diesem Themenbereich kooperieren. Dabei stellt <a href=\"https:\/\/www.integrata-cegos.de\/\" target=\"_blank\" rel=\"noopener\" title=\"Link zur Homepage der Cegos Integrata \">Cegos Integrata<\/a> die strategische Beratung, die operativen T\u00e4tigkeiten und stellt im Normalfall auch in ihrem Rechenzentrum das Hosting f\u00fcr die Applikation cimoio bereit.<\/p>\n<p>[\/et_pb_text][\/et_pb_column][\/et_pb_row][\/et_pb_section][et_pb_section fb_built=&#8220;1&#8243; _builder_version=&#8220;4.16&#8243; _module_preset=&#8220;534b0480-ebfc-4f34-959c-de457c8ca269&#8243; global_colors_info=&#8220;{}&#8220;][et_pb_row column_structure=&#8220;1_4,3_4&#8243; _builder_version=&#8220;4.16&#8243; _module_preset=&#8220;default&#8220; animation_style=&#8220;slide&#8220; animation_direction=&#8220;left&#8220; animation_intensity_slide=&#8220;10%&#8220; global_colors_info=&#8220;{}&#8220;][et_pb_column type=&#8220;1_4&#8243; _builder_version=&#8220;4.16&#8243; _module_preset=&#8220;default&#8220; global_colors_info=&#8220;{}&#8220;][\/et_pb_column][et_pb_column type=&#8220;3_4&#8243; _builder_version=&#8220;4.16&#8243; _module_preset=&#8220;default&#8220; global_colors_info=&#8220;{}&#8220;][et_pb_text _builder_version=&#8220;4.16&#8243; _module_preset=&#8220;default&#8220; global_colors_info=&#8220;{}&#8220;]<\/p>\n<h2>MTS &#8211; Outsourcing der operativen Trainingsverwaltung<\/h2>\n<p>[\/et_pb_text][et_pb_divider color=&#8220;#29c4a9&#8243; divider_weight=&#8220;4px&#8220; _builder_version=&#8220;4.9.10&#8243; _module_preset=&#8220;default&#8220; max_width=&#8220;40px&#8220; custom_margin=&#8220;||10px||false|false&#8220; global_module=&#8220;354&#8243; saved_tabs=&#8220;all&#8220; global_colors_info=&#8220;{}&#8220;][\/et_pb_divider][et_pb_text _builder_version=&#8220;4.22.1&#8243; _module_preset=&#8220;default&#8220; hover_enabled=&#8220;0&#8243; global_colors_info=&#8220;{}&#8220; sticky_enabled=&#8220;0&#8243;]<\/p>\n<p>Wenn ihre Personaldecke f\u00fcr die vielf\u00e4ltigen Aufgaben im Trainingsmanagement nicht ausreicht, sollten sie \u00fcber <strong>Managed Training Services<\/strong> nachdenken. \u00dcber die technische L\u00f6sung hinaus bekommen Sie Unterst\u00fctzung von extern. Das externe Team \u00fcbernimmt nach ihren strategischen Vorgaben manche oder alle der folgenden Aufgaben:<\/p>\n<ul>\n<li>die Verwaltung ihrer Trainingslieferanten<\/li>\n<li>die Organisation ihres Trainingsportfolios<\/li>\n<li>die Organisation von Trainingsveranstaltungen<\/li>\n<\/ul>\n<p>Und das alles in dem ihnen vertrauten Trainingsmanagementsystem <a href=\"\/cms\/en\/products-of-stl-gmbh\/cimoio-web-application-for-training-management\/\" title=\"cimoio Webanwendung\">cimoio<\/a>. Das wird auf einem Server des MTS-Anbieters gehostet, damit Sie sich von der Infrastruktur bis zur Umsetzung um nichts mehr Sorgen machen brauchen.<\/p>\n<p>[\/et_pb_text][\/et_pb_column][\/et_pb_row][\/et_pb_section][et_pb_section fb_built=&#8220;1&#8243; _builder_version=&#8220;4.16&#8243; _module_preset=&#8220;753eb255-b498-452c-9075-9b40b679d3b4&#8243; global_colors_info=&#8220;{}&#8220;][et_pb_row column_structure=&#8220;3_4,1_4&#8243; _builder_version=&#8220;4.16&#8243; _module_preset=&#8220;default&#8220; animation_style=&#8220;slide&#8220; animation_direction=&#8220;right&#8220; animation_intensity_slide=&#8220;10%&#8220; global_colors_info=&#8220;{}&#8220;][et_pb_column type=&#8220;3_4&#8243; _builder_version=&#8220;4.16&#8243; _module_preset=&#8220;default&#8220; global_colors_info=&#8220;{}&#8220;][et_pb_text _builder_version=&#8220;4.16&#8243; _module_preset=&#8220;default&#8220; header_text_color=&#8220;#FFFFFF&#8220; header_2_text_color=&#8220;#FFFFFF&#8220; global_colors_info=&#8220;{}&#8220;]<\/p>\n<h2>MTS &#8211; eine Chance zur Kostensenkung in HR<\/h2>\n<p>[\/et_pb_text][et_pb_divider color=&#8220;#29c4a9&#8243; divider_weight=&#8220;4px&#8220; _builder_version=&#8220;4.9.10&#8243; _module_preset=&#8220;default&#8220; max_width=&#8220;40px&#8220; custom_margin=&#8220;||10px||false|false&#8220; global_module=&#8220;354&#8243; saved_tabs=&#8220;all&#8220; global_colors_info=&#8220;{}&#8220;][\/et_pb_divider][et_pb_text _builder_version=&#8220;4.16&#8243; _module_preset=&#8220;default&#8220; text_text_color=&#8220;#FFFFFF&#8220; global_colors_info=&#8220;{}&#8220;]<\/p>\n<p>Der Vorteil von MTS f\u00fcr eine HR-Abteilung ist, dass konkrete Ziele vereinbart und Leistungen festgelegt werden, f\u00fcr die dann ein transparenter Kostenblock entsteht. Diesem k\u00f6nnen Sie den Aufwand und die Personalkosten einer internen L\u00f6sung gegen\u00fcber stellen. Bei diesem Vergleich stellen Sie schnell fest, ob diese L\u00f6sung f\u00fcr Sie geeignet ist.<\/p>\n<p>[\/et_pb_text][\/et_pb_column][et_pb_column type=&#8220;1_4&#8243; _builder_version=&#8220;4.16&#8243; _module_preset=&#8220;default&#8220; global_colors_info=&#8220;{}&#8220;][\/et_pb_column][\/et_pb_row][\/et_pb_section][et_pb_section fb_built=&#8220;1&#8243; _builder_version=&#8220;4.16&#8243; _module_preset=&#8220;534b0480-ebfc-4f34-959c-de457c8ca269&#8243; global_colors_info=&#8220;{}&#8220;][et_pb_row _builder_version=&#8220;4.16&#8243; _module_preset=&#8220;default&#8220; global_colors_info=&#8220;{}&#8220;][et_pb_column type=&#8220;4_4&#8243; _builder_version=&#8220;4.16&#8243; _module_preset=&#8220;default&#8220; global_colors_info=&#8220;{}&#8220;][et_pb_divider color=&#8220;#009fe3&#8243; _builder_version=&#8220;4.16&#8243; _module_preset=&#8220;default&#8220; global_colors_info=&#8220;{}&#8220;][\/et_pb_divider][\/et_pb_column][\/et_pb_row][et_pb_row column_structure=&#8220;1_2,1_2&#8243; _builder_version=&#8220;4.16&#8243; _module_preset=&#8220;default&#8220; animation_style=&#8220;slide&#8220; animation_intensity_slide=&#8220;10%&#8220; global_colors_info=&#8220;{}&#8220;][et_pb_column type=&#8220;1_2&#8243; _builder_version=&#8220;4.16&#8243; _module_preset=&#8220;default&#8220; global_colors_info=&#8220;{}&#8220;][et_pb_cta title=&#8220;Unsere L\u00f6sung f\u00fcr Trainingsmanagement: cimoio&#8220; button_url=&#8220;@ET-DC@eyJkeW5hbWljIjp0cnVlLCJjb250ZW50IjoicG9zdF9saW5rX3VybF9wYWdlIiwic2V0dGluZ3MiOnsicG9zdF9pZCI6IjM3OSJ9fQ==@&#8220; button_text=&#8220;Lesen Sie mehr&#8220; _builder_version=&#8220;4.9.10&#8243; _dynamic_attributes=&#8220;button_url&#8220; _module_preset=&#8220;default&#8220; global_module=&#8220;390&#8243; saved_tabs=&#8220;all&#8220; global_colors_info=&#8220;{}&#8220;]<\/p>\n<p>Ben\u00f6tigen Sie eine L\u00f6sung f\u00fcr ihre Prozesse im Trainingsumfeld, seien dies Trainings f\u00fcr externe Kunden oder ihre Mitarbeiter: dann ist <strong>cimoio<\/strong> die geeignete L\u00f6sung.<\/p>\n<p>[\/et_pb_cta][\/et_pb_column][et_pb_column type=&#8220;1_2&#8243; _builder_version=&#8220;4.16&#8243; _module_preset=&#8220;default&#8220; global_colors_info=&#8220;{}&#8220;][et_pb_cta title=&#8220;Ben\u00f6tigen Sie eher eine Speziall\u00f6sung f\u00fcr ihren MRO Betrieb?&#8220; button_url=&#8220;@ET-DC@eyJkeW5hbWljIjp0cnVlLCJjb250ZW50IjoicG9zdF9saW5rX3VybF9wYWdlIiwic2V0dGluZ3MiOnsicG9zdF9pZCI6IjM4MyJ9fQ==@&#8220; button_text=&#8220;Lesen Sie mehr&#8220; _builder_version=&#8220;4.9.10&#8243; _dynamic_attributes=&#8220;button_url&#8220; _module_preset=&#8220;default&#8220; global_module=&#8220;389&#8243; saved_tabs=&#8220;all&#8220; global_colors_info=&#8220;{}&#8220;]<\/p>\n<p>Dann empfehlen wir Ihnen, sich hier durchzulesen, was die Branchenl\u00f6sung <strong>qamaas<\/strong> f\u00fcr Unternehmen in der Luftfahrt zu bieten hat!<\/p>\n<p>[\/et_pb_cta][\/et_pb_column][\/et_pb_row][\/et_pb_section]<\/p>\n","protected":false},"excerpt":{"rendered":"<p>MTS &#8211; Managed Training Services &#8211; das &#8222;all-inclusive&#8220; PaketManaged Training Services bieten wir nur in Zusammenarbeit mit Partnern an. Unser Preferred Partner ist dabei die Cegos Integrata , mit der wir schon seit 2012 in diesem Themenbereich kooperieren. Dabei stellt Cegos Integrata die strategische Beratung, die operativen T\u00e4tigkeiten und stellt im Normalfall auch in ihrem [&hellip;]<\/p>\n","protected":false},"author":3,"featured_media":0,"parent":182,"menu_order":30,"comment_status":"closed","ping_status":"closed","template":"","meta":{"_et_pb_use_builder":"on","_et_pb_old_content":"","_et_gb_content_width":"","inline_featured_image":false,"footnotes":""},"class_list":["post-392","page","type-page","status-publish","hentry"],"yoast_head":"<!-- This site is optimized with the Yoast SEO plugin v27.4 - https:\/\/yoast.com\/product\/yoast-seo-wordpress\/ -->\n<title>MTS - Managed Training Services | STL GmbH<\/title>\n<meta name=\"description\" content=\"Profitieren Sie von MTS - Managed Training Services! Externe Unterst\u00fctzung im Bereich strategische Beratung und operativen T\u00e4tigkeiten!\" \/>\n<meta name=\"robots\" content=\"index, follow, max-snippet:-1, max-image-preview:large, max-video-preview:-1\" \/>\n<link rel=\"canonical\" href=\"https:\/\/www.stl-software.de\/cms\/produkte-der-stl-gmbh\/mts-managed-training-services\/\" \/>\n<meta property=\"og:locale\" content=\"de_DE\" \/>\n<meta property=\"og:type\" content=\"article\" \/>\n<meta property=\"og:title\" content=\"MTS - Managed Training Services | STL GmbH\" \/>\n<meta property=\"og:description\" content=\"Profitieren Sie von MTS - Managed Training Services! Externe Unterst\u00fctzung im Bereich strategische Beratung und operativen T\u00e4tigkeiten!\" \/>\n<meta property=\"og:url\" content=\"https:\/\/www.stl-software.de\/cms\/produkte-der-stl-gmbh\/mts-managed-training-services\/\" \/>\n<meta property=\"og:site_name\" content=\"STL GmbH\" \/>\n<meta property=\"article:modified_time\" content=\"2025-07-09T13:25:14+00:00\" \/>\n<meta name=\"twitter:card\" content=\"summary_large_image\" \/>\n<script type=\"application\/ld+json\" class=\"yoast-schema-graph\">{\"@context\":\"https:\\\/\\\/schema.org\",\"@graph\":[{\"@type\":\"WebPage\",\"@id\":\"https:\\\/\\\/www.stl-software.de\\\/cms\\\/produkte-der-stl-gmbh\\\/mts-managed-training-services\\\/\",\"url\":\"https:\\\/\\\/www.stl-software.de\\\/cms\\\/produkte-der-stl-gmbh\\\/mts-managed-training-services\\\/\",\"name\":\"MTS - Managed Training Services | STL GmbH\",\"isPartOf\":{\"@id\":\"https:\\\/\\\/www.stl-software.de\\\/cms\\\/#website\"},\"datePublished\":\"2021-11-19T11:13:29+00:00\",\"dateModified\":\"2025-07-09T13:25:14+00:00\",\"description\":\"Profitieren Sie von MTS - Managed Training Services! Externe Unterst\u00fctzung im Bereich strategische Beratung und operativen T\u00e4tigkeiten!\",\"breadcrumb\":{\"@id\":\"https:\\\/\\\/www.stl-software.de\\\/cms\\\/produkte-der-stl-gmbh\\\/mts-managed-training-services\\\/#breadcrumb\"},\"inLanguage\":\"de\",\"potentialAction\":[{\"@type\":\"ReadAction\",\"target\":[\"https:\\\/\\\/www.stl-software.de\\\/cms\\\/produkte-der-stl-gmbh\\\/mts-managed-training-services\\\/\"]}]},{\"@type\":\"BreadcrumbList\",\"@id\":\"https:\\\/\\\/www.stl-software.de\\\/cms\\\/produkte-der-stl-gmbh\\\/mts-managed-training-services\\\/#breadcrumb\",\"itemListElement\":[{\"@type\":\"ListItem\",\"position\":1,\"name\":\"Startseite\",\"item\":\"https:\\\/\\\/www.stl-software.de\\\/cms\\\/\"},{\"@type\":\"ListItem\",\"position\":2,\"name\":\"Produkte der STL GmbH\",\"item\":\"https:\\\/\\\/www.stl-software.de\\\/cms\\\/produkte-der-stl-gmbh\\\/\"},{\"@type\":\"ListItem\",\"position\":3,\"name\":\"MTS &#8211; Managed Training Services\"}]},{\"@type\":\"WebSite\",\"@id\":\"https:\\\/\\\/www.stl-software.de\\\/cms\\\/#website\",\"url\":\"https:\\\/\\\/www.stl-software.de\\\/cms\\\/\",\"name\":\"STL GmbH\",\"description\":\"Die Firma, die das LMS cimoio entwickelt hat\",\"potentialAction\":[{\"@type\":\"SearchAction\",\"target\":{\"@type\":\"EntryPoint\",\"urlTemplate\":\"https:\\\/\\\/www.stl-software.de\\\/cms\\\/?s={search_term_string}\"},\"query-input\":{\"@type\":\"PropertyValueSpecification\",\"valueRequired\":true,\"valueName\":\"search_term_string\"}}],\"inLanguage\":\"de\"}]}<\/script>\n<!-- \/ Yoast SEO plugin. -->","yoast_head_json":{"title":"MTS - Managed Training Services | STL GmbH","description":"Profitieren Sie von MTS - Managed Training Services! Externe Unterst\u00fctzung im Bereich strategische Beratung und operativen T\u00e4tigkeiten!","robots":{"index":"index","follow":"follow","max-snippet":"max-snippet:-1","max-image-preview":"max-image-preview:large","max-video-preview":"max-video-preview:-1"},"canonical":"https:\/\/www.stl-software.de\/cms\/produkte-der-stl-gmbh\/mts-managed-training-services\/","og_locale":"de_DE","og_type":"article","og_title":"MTS - Managed Training Services | STL GmbH","og_description":"Profitieren Sie von MTS - Managed Training Services! Externe Unterst\u00fctzung im Bereich strategische Beratung und operativen T\u00e4tigkeiten!","og_url":"https:\/\/www.stl-software.de\/cms\/produkte-der-stl-gmbh\/mts-managed-training-services\/","og_site_name":"STL GmbH","article_modified_time":"2025-07-09T13:25:14+00:00","twitter_card":"summary_large_image","schema":{"@context":"https:\/\/schema.org","@graph":[{"@type":"WebPage","@id":"https:\/\/www.stl-software.de\/cms\/produkte-der-stl-gmbh\/mts-managed-training-services\/","url":"https:\/\/www.stl-software.de\/cms\/produkte-der-stl-gmbh\/mts-managed-training-services\/","name":"MTS - Managed Training Services | STL GmbH","isPartOf":{"@id":"https:\/\/www.stl-software.de\/cms\/#website"},"datePublished":"2021-11-19T11:13:29+00:00","dateModified":"2025-07-09T13:25:14+00:00","description":"Profitieren Sie von MTS - Managed Training Services! Externe Unterst\u00fctzung im Bereich strategische Beratung und operativen T\u00e4tigkeiten!","breadcrumb":{"@id":"https:\/\/www.stl-software.de\/cms\/produkte-der-stl-gmbh\/mts-managed-training-services\/#breadcrumb"},"inLanguage":"de","potentialAction":[{"@type":"ReadAction","target":["https:\/\/www.stl-software.de\/cms\/produkte-der-stl-gmbh\/mts-managed-training-services\/"]}]},{"@type":"BreadcrumbList","@id":"https:\/\/www.stl-software.de\/cms\/produkte-der-stl-gmbh\/mts-managed-training-services\/#breadcrumb","itemListElement":[{"@type":"ListItem","position":1,"name":"Startseite","item":"https:\/\/www.stl-software.de\/cms\/"},{"@type":"ListItem","position":2,"name":"Produkte der STL GmbH","item":"https:\/\/www.stl-software.de\/cms\/produkte-der-stl-gmbh\/"},{"@type":"ListItem","position":3,"name":"MTS &#8211; Managed Training Services"}]},{"@type":"WebSite","@id":"https:\/\/www.stl-software.de\/cms\/#website","url":"https:\/\/www.stl-software.de\/cms\/","name":"STL GmbH","description":"Die Firma, die das LMS cimoio entwickelt hat","potentialAction":[{"@type":"SearchAction","target":{"@type":"EntryPoint","urlTemplate":"https:\/\/www.stl-software.de\/cms\/?s={search_term_string}"},"query-input":{"@type":"PropertyValueSpecification","valueRequired":true,"valueName":"search_term_string"}}],"inLanguage":"de"}]}},"_links":{"self":[{"href":"https:\/\/www.stl-software.de\/cms\/wp-json\/wp\/v2\/pages\/392","targetHints":{"allow":["GET"]}}],"collection":[{"href":"https:\/\/www.stl-software.de\/cms\/wp-json\/wp\/v2\/pages"}],"about":[{"href":"https:\/\/www.stl-software.de\/cms\/wp-json\/wp\/v2\/types\/page"}],"author":[{"embeddable":true,"href":"https:\/\/www.stl-software.de\/cms\/wp-json\/wp\/v2\/users\/3"}],"replies":[{"embeddable":true,"href":"https:\/\/www.stl-software.de\/cms\/wp-json\/wp\/v2\/comments?post=392"}],"version-history":[{"count":13,"href":"https:\/\/www.stl-software.de\/cms\/wp-json\/wp\/v2\/pages\/392\/revisions"}],"predecessor-version":[{"id":1504,"href":"https:\/\/www.stl-software.de\/cms\/wp-json\/wp\/v2\/pages\/392\/revisions\/1504"}],"up":[{"embeddable":true,"href":"https:\/\/www.stl-software.de\/cms\/wp-json\/wp\/v2\/pages\/182"}],"wp:attachment":[{"href":"https:\/\/www.stl-software.de\/cms\/wp-json\/wp\/v2\/media?parent=392"}],"curies":[{"name":"wp","href":"https:\/\/api.w.org\/{rel}","templated":true}]}}