{"id":383,"date":"2021-11-19T11:20:48","date_gmt":"2021-11-19T10:20:48","guid":{"rendered":"https:\/\/www.stl-software.de\/cms\/?page_id=383"},"modified":"2025-07-09T15:25:15","modified_gmt":"2025-07-09T13:25:15","slug":"qamaas-katalog-fuer-technische-trainings","status":"publish","type":"page","link":"https:\/\/www.stl-software.de\/cms\/partnerschaften-der-stl-gmbh\/qamaas-katalog-fuer-technische-trainings\/","title":{"rendered":"qamaas &#8211; Katalog f\u00fcr technische Trainings"},"content":{"rendered":"<p>[et_pb_section fb_built=&#8220;1&#8243; _builder_version=&#8220;4.16&#8243; _module_preset=&#8220;default&#8220; global_colors_info=&#8220;{}&#8220;][et_pb_row _builder_version=&#8220;4.16&#8243; _module_preset=&#8220;default&#8220; animation_style=&#8220;slide&#8220; animation_intensity_slide=&#8220;10%&#8220; global_colors_info=&#8220;{}&#8220;][et_pb_column type=&#8220;4_4&#8243; _builder_version=&#8220;4.16&#8243; _module_preset=&#8220;default&#8220; global_colors_info=&#8220;{}&#8220;][et_pb_text _builder_version=&#8220;4.27.0&#8243; _module_preset=&#8220;b9bb25d6-91bf-4e23-95cd-4a9e00f511ab&#8220; header_font_size=&#8220;36px&#8220; global_colors_info=&#8220;{}&#8220;]<\/p>\n<h1>qamaas &#8211; Katalog f\u00fcr technische Trainings und Cloud-Software<\/h1>\n<p>[\/et_pb_text][et_pb_divider color=&#8220;#29c4a9&#8243; divider_weight=&#8220;4px&#8220; _builder_version=&#8220;4.9.10&#8243; _module_preset=&#8220;default&#8220; max_width=&#8220;40px&#8220; custom_margin=&#8220;||10px||false|false&#8220; global_module=&#8220;354&#8243; saved_tabs=&#8220;all&#8220; global_colors_info=&#8220;{}&#8220;][\/et_pb_divider][et_pb_text _builder_version=&#8220;4.27.0&#8243; _module_preset=&#8220;b9bb25d6-91bf-4e23-95cd-4a9e00f511ab&#8220; hover_enabled=&#8220;0&#8243; global_colors_info=&#8220;{}&#8220; sticky_enabled=&#8220;0&#8243;]<\/p>\n<p>qamaas (Akronym f\u00fcr: <strong><span style=\"text-decoration: underline;\">q<\/span><\/strong>ualification and <strong><span style=\"text-decoration: underline;\">a<\/span><\/strong>uthorization <strong><span style=\"text-decoration: underline;\">m<\/span><\/strong>anagement <strong><span style=\"text-decoration: underline;\">a<\/span><\/strong>s <span style=\"text-decoration: underline;\"><strong>a<\/strong><\/span> <strong>s<\/strong>ervice) ist nicht nur ein Katalog f\u00fcr technische Trainings. Es ist das Produkt unseres Implementierungspartners qamaas GmbH.<\/p>\n<p>Die Zielsetzung der qamaas GmbH ist es, auf der <a href=\"https:\/\/qamaas.com\/\" target=\"_blank\" rel=\"noopener\" title=\"Website der qamaas GmbH\">qamaas-Website<\/a> einen Katalog europ\u00e4ischer Ausbildungsorganisationen f\u00fcr technische Ausbildung zu erstellen. Die Idee ist es, damit Unternehmen, die technische Trainings f\u00fcr Luftfahrtunternehmen suchen, eine zentrale Hilfestellung anzubieten.<\/p>\n<p>Au\u00dferdem bieten Sie eine Cloud-basierte Software L\u00f6sung f\u00fcr kleine MRO (Maintenance, Repair and Operations) Unternehmen an. Diese k\u00f6nnen ihre Autorisierungen zentral und kostneg\u00fcnstig Software-gest\u00fctzt anzubieten. Diese Software basiert auf cimoio.<\/p>\n<p>Sie unterst\u00fctzen die STL GmbH au\u00dferdem bei der Einf\u00fchrung von<a href=\"https:\/\/www.cimoio.de\/cms\/cimoio-lms-produktlinien\/produktlinie-cimoio-aero\/\" target=\"_blank\" rel=\"noopener\" title=\"Weitere Informationen zu Produktlinie cimoio aero des LMS cimoio\"> cimoio aero<\/a> f\u00fcr Unternehmen, die beispielsweise nach EASA part-145 oder EASA part-147 zertifiziert wurden.<\/p>\n<p>[\/et_pb_text][\/et_pb_column][\/et_pb_row][\/et_pb_section][et_pb_section fb_built=&#8220;1&#8243; _builder_version=&#8220;4.16&#8243; _module_preset=&#8220;534b0480-ebfc-4f34-959c-de457c8ca269&#8243; global_colors_info=&#8220;{}&#8220;][et_pb_row column_structure=&#8220;1_4,3_4&#8243; _builder_version=&#8220;4.16&#8243; _module_preset=&#8220;default&#8220; animation_style=&#8220;slide&#8220; animation_intensity_slide=&#8220;10%&#8220; global_colors_info=&#8220;{}&#8220;][et_pb_column type=&#8220;1_4&#8243; _builder_version=&#8220;4.16&#8243; _module_preset=&#8220;default&#8220; global_colors_info=&#8220;{}&#8220;][et_pb_image src=&#8220;https:\/\/www.stl-software.de\/cms\/wp-content\/uploads\/sites\/2\/2021\/11\/qamaas_logo.webp&#8220; title_text=&#8220;qamaas_logo&#8220; url=&#8220;https:\/\/qamaas.com\/&#8220; url_new_window=&#8220;on&#8220; align=&#8220;center&#8220; _builder_version=&#8220;4.16&#8243; _module_preset=&#8220;default&#8220; background_color=&#8220;#FFFFFF&#8220; width=&#8220;97.9%&#8220; custom_margin=&#8220;||||false|false&#8220; custom_padding=&#8220;100px|50px|100px|20px|false|false&#8220; global_colors_info=&#8220;{}&#8220;][\/et_pb_image][\/et_pb_column][et_pb_column type=&#8220;3_4&#8243; _builder_version=&#8220;4.16&#8243; _module_preset=&#8220;default&#8220; global_colors_info=&#8220;{}&#8220;][et_pb_text _builder_version=&#8220;4.27.0&#8243; _module_preset=&#8220;default&#8220; hover_enabled=&#8220;0&#8243; global_colors_info=&#8220;{}&#8220; sticky_enabled=&#8220;0&#8243;]<\/p>\n<h2>qamaas &#8211; Katalog f\u00fcr technische Ausbildung<\/h2>\n<p>[\/et_pb_text][et_pb_divider color=&#8220;#29c4a9&#8243; divider_weight=&#8220;4px&#8220; _builder_version=&#8220;4.9.10&#8243; _module_preset=&#8220;default&#8220; max_width=&#8220;40px&#8220; custom_margin=&#8220;||10px||false|false&#8220; global_module=&#8220;354&#8243; saved_tabs=&#8220;all&#8220; global_colors_info=&#8220;{}&#8220;][\/et_pb_divider][et_pb_text _builder_version=&#8220;4.27.0&#8243; _module_preset=&#8220;default&#8220; hover_enabled=&#8220;0&#8243; global_colors_info=&#8220;{}&#8220; sticky_enabled=&#8220;0&#8243;]<\/p>\n<p><a href=\"https:\/\/qamaas.com\/\" target=\"_blank\" rel=\"noopener\" title=\"Website der Software qamaas\">qamaas<\/a> erstellt aktuell einen Katalog f\u00fcr technische Ausbildung. Damit soll es europ\u00e4ischen Ausbildungsorganisationen wie z.B. EASA part-145 zertifizierten Unternehmen erleichtert werden, passende Trainings und Trainingsanbieter zu finden.<\/p>\n<p>Umgekehrt k\u00f6nnen Unternehmen, die z.B. nach EASA part-147 zertifiziert sind, hier einen Eintrag erstellen, um ihre Trainingsinhalte und sonstigen Leistungen anzubieten.<\/p>\n<p>[\/et_pb_text][\/et_pb_column][\/et_pb_row][\/et_pb_section][et_pb_section fb_built=&#8220;1&#8243; _builder_version=&#8220;4.16&#8243; _module_preset=&#8220;753eb255-b498-452c-9075-9b40b679d3b4&#8243; global_colors_info=&#8220;{}&#8220;][et_pb_row column_structure=&#8220;3_4,1_4&#8243; _builder_version=&#8220;4.16&#8243; _module_preset=&#8220;default&#8220; animation_style=&#8220;slide&#8220; animation_direction=&#8220;right&#8220; animation_intensity_slide=&#8220;10%&#8220; global_colors_info=&#8220;{}&#8220;][et_pb_column type=&#8220;3_4&#8243; _builder_version=&#8220;4.16&#8243; _module_preset=&#8220;default&#8220; global_colors_info=&#8220;{}&#8220;][et_pb_text _builder_version=&#8220;4.27.0&#8243; _module_preset=&#8220;b9bb25d6-91bf-4e23-95cd-4a9e00f511ab&#8220; hover_enabled=&#8220;0&#8243; global_colors_info=&#8220;{}&#8220; sticky_enabled=&#8220;0&#8243;]<\/p>\n<h2>qamaas bietet eine Cloud-L\u00f6sung f\u00fcr MRO-Unternehmen<\/h2>\n<p>[\/et_pb_text][et_pb_divider color=&#8220;#29c4a9&#8243; divider_weight=&#8220;4px&#8220; _builder_version=&#8220;4.9.10&#8243; _module_preset=&#8220;default&#8220; max_width=&#8220;40px&#8220; custom_margin=&#8220;||10px||false|false&#8220; global_module=&#8220;354&#8243; saved_tabs=&#8220;all&#8220; global_colors_info=&#8220;{}&#8220;][\/et_pb_divider][et_pb_text _builder_version=&#8220;4.27.0&#8243; _module_preset=&#8220;b9bb25d6-91bf-4e23-95cd-4a9e00f511ab&#8220; hover_enabled=&#8220;0&#8243; global_colors_info=&#8220;{}&#8220; sticky_enabled=&#8220;0&#8243;]<\/p>\n<p>Basierend auf dem LMS cimoio &#8211; konkreter: der Produktlinie <a href=\"https:\/\/www.cimoio.de\/cms\/cimoio-lms-produktlinien\/produktlinie-cimoio-aero\/\" title=\"Details zur Produktlinie cimoio aero des LMS cimoio\">cimoio aero<\/a> &#8211; bietet qamaas eine schlanke Cloud-L\u00f6sung. Diese addressiert den Bedarf kleiner MRO-Unternehmen, ihre Teams \u00fcber ein IT-System zu managen, das Nachweise f\u00fcr die Vergabe von Autorisierungen f\u00fchren kann.<\/p>\n<p>[\/et_pb_text][\/et_pb_column][et_pb_column type=&#8220;1_4&#8243; _builder_version=&#8220;4.16&#8243; _module_preset=&#8220;default&#8220; global_colors_info=&#8220;{}&#8220;][\/et_pb_column][\/et_pb_row][\/et_pb_section][et_pb_section fb_built=&#8220;1&#8243; _builder_version=&#8220;4.16&#8243; _module_preset=&#8220;534b0480-ebfc-4f34-959c-de457c8ca269&#8243; global_colors_info=&#8220;{}&#8220;][et_pb_row _builder_version=&#8220;4.16&#8243; _module_preset=&#8220;default&#8220; animation_style=&#8220;slide&#8220; animation_intensity_slide=&#8220;10%&#8220; global_colors_info=&#8220;{}&#8220;][et_pb_column type=&#8220;4_4&#8243; _builder_version=&#8220;4.16&#8243; _module_preset=&#8220;default&#8220; global_colors_info=&#8220;{}&#8220;][et_pb_text _builder_version=&#8220;4.27.0&#8243; _module_preset=&#8220;default&#8220; hover_enabled=&#8220;0&#8243; global_colors_info=&#8220;{}&#8220; sticky_enabled=&#8220;0&#8243;]<\/p>\n<h2>qamaas &#8211; Implementierungspartner f\u00fcr cimoio aero<\/h2>\n<p>[\/et_pb_text][et_pb_divider color=&#8220;#29c4a9&#8243; divider_weight=&#8220;4px&#8220; _builder_version=&#8220;4.9.10&#8243; _module_preset=&#8220;default&#8220; max_width=&#8220;40px&#8220; custom_margin=&#8220;||10px||false|false&#8220; global_module=&#8220;354&#8243; saved_tabs=&#8220;all&#8220; global_colors_info=&#8220;{}&#8220;][\/et_pb_divider][et_pb_text _builder_version=&#8220;4.27.0&#8243; _module_preset=&#8220;default&#8220; hover_enabled=&#8220;0&#8243; global_colors_info=&#8220;{}&#8220; sticky_enabled=&#8220;0&#8243;]<\/p>\n<p>Die qamaas GmbH arbeitet eng mit der STL GmbH zusammen. Sie kombiniert ihre Fachkompetenz f\u00fcr die Luftfahrt mit den Funktionen des LMS cimoio. So erstellen wir zusammen f\u00fcr alle interessierten Firmen, denen die Cloud-L\u00f6sung qamaas nicht ausreicht, eine individualisierte Instanz von cimoio aero.<\/p>\n<p>[\/et_pb_text][\/et_pb_column][\/et_pb_row][\/et_pb_section][et_pb_section fb_built=&#8220;1&#8243; _builder_version=&#8220;4.16&#8243; _module_preset=&#8220;534b0480-ebfc-4f34-959c-de457c8ca269&#8243; global_colors_info=&#8220;{}&#8220;][et_pb_row _builder_version=&#8220;4.16&#8243; _module_preset=&#8220;default&#8220; global_colors_info=&#8220;{}&#8220;][et_pb_column type=&#8220;4_4&#8243; _builder_version=&#8220;4.16&#8243; _module_preset=&#8220;default&#8220; global_colors_info=&#8220;{}&#8220;][et_pb_divider color=&#8220;#009fe3&#8243; _builder_version=&#8220;4.16&#8243; _module_preset=&#8220;default&#8220; global_colors_info=&#8220;{}&#8220;][\/et_pb_divider][\/et_pb_column][\/et_pb_row][et_pb_row column_structure=&#8220;1_2,1_2&#8243; _builder_version=&#8220;4.16&#8243; _module_preset=&#8220;default&#8220; animation_style=&#8220;slide&#8220; animation_intensity_slide=&#8220;10%&#8220; global_colors_info=&#8220;{}&#8220;][et_pb_column type=&#8220;1_2&#8243; _builder_version=&#8220;4.16&#8243; _module_preset=&#8220;default&#8220; global_colors_info=&#8220;{}&#8220;][et_pb_cta title=&#8220;Unterst\u00fctzung bei der operativen Trainingsverwaltung notwendig?&#8220; button_url=&#8220;@ET-DC@eyJkeW5hbWljIjp0cnVlLCJjb250ZW50IjoicG9zdF9saW5rX3VybF9wYWdlIiwic2V0dGluZ3MiOnsicG9zdF9pZCI6IjM5MiJ9fQ==@&#8220; button_text=&#8220;Lesen Sie mehr&#8220; _builder_version=&#8220;4.9.10&#8243; _dynamic_attributes=&#8220;button_url&#8220; _module_preset=&#8220;default&#8220; global_module=&#8220;397&#8243; saved_tabs=&#8220;all&#8220; global_colors_info=&#8220;{}&#8220;]<\/p>\n<p>Dann sollten Sie vielleicht \u00fcber eine MTS-L\u00f6sung nachdenken, bei denen ihnen die Arbeit der Lieferantenauswahl und des Erzeugens von Katalog und Veranstaltungen abgenommen wird.<\/p>\n<p>[\/et_pb_cta][\/et_pb_column][et_pb_column type=&#8220;1_2&#8243; _builder_version=&#8220;4.16&#8243; _module_preset=&#8220;default&#8220; global_colors_info=&#8220;{}&#8220;][et_pb_cta title=&#8220;Unsere L\u00f6sung f\u00fcr Trainingsmanagement: cimoio&#8220; button_url=&#8220;@ET-DC@eyJkeW5hbWljIjp0cnVlLCJjb250ZW50IjoicG9zdF9saW5rX3VybF9wYWdlIiwic2V0dGluZ3MiOnsicG9zdF9pZCI6IjM3OSJ9fQ==@&#8220; button_text=&#8220;Lesen Sie mehr&#8220; _builder_version=&#8220;4.9.10&#8243; _dynamic_attributes=&#8220;button_url&#8220; _module_preset=&#8220;default&#8220; global_module=&#8220;390&#8243; saved_tabs=&#8220;all&#8220; global_colors_info=&#8220;{}&#8220;]<\/p>\n<p>Ben\u00f6tigen Sie eine L\u00f6sung f\u00fcr ihre Prozesse im Trainingsumfeld, seien dies Trainings f\u00fcr externe Kunden oder ihre Mitarbeiter: dann ist <strong>cimoio<\/strong> die geeignete L\u00f6sung.<\/p>\n<p>[\/et_pb_cta][\/et_pb_column][\/et_pb_row][\/et_pb_section]<\/p>\n","protected":false},"excerpt":{"rendered":"<p>qamaas &#8211; Katalog f\u00fcr technische Trainings und Cloud-Softwareqamaas (Akronym f\u00fcr: qualification and authorization management as a service) ist nicht nur ein Katalog f\u00fcr technische Trainings. Es ist das Produkt unseres Implementierungspartners qamaas GmbH. Die Zielsetzung der qamaas GmbH ist es, auf der qamaas-Website einen Katalog europ\u00e4ischer Ausbildungsorganisationen f\u00fcr technische Ausbildung zu erstellen. Die Idee ist [&hellip;]<\/p>\n","protected":false},"author":3,"featured_media":0,"parent":1787,"menu_order":20,"comment_status":"closed","ping_status":"closed","template":"","meta":{"_et_pb_use_builder":"on","_et_pb_old_content":"","_et_gb_content_width":"","inline_featured_image":false,"footnotes":""},"class_list":["post-383","page","type-page","status-publish","hentry"],"yoast_head":"<!-- This site is optimized with the Yoast SEO plugin v27.4 - https:\/\/yoast.com\/product\/yoast-seo-wordpress\/ -->\n<title>qamaas - Katalog f\u00fcr technische Trainings | STL GmbH<\/title>\n<meta name=\"description\" content=\"qamaas | Katalog f\u00fcr technische Trainings Luftfahrt \u2708\ufe0f | Cloud-L\u00f6sung \u26c5 f\u00fcr Autorisationsmanagement f\u00fcr MRO | basiert auf cimoio aero\" \/>\n<meta name=\"robots\" content=\"index, follow, max-snippet:-1, max-image-preview:large, max-video-preview:-1\" \/>\n<link rel=\"canonical\" href=\"https:\/\/www.stl-software.de\/cms\/partnerschaften-der-stl-gmbh\/qamaas-katalog-fuer-technische-trainings\/\" \/>\n<meta property=\"og:locale\" content=\"de_DE\" \/>\n<meta property=\"og:type\" content=\"article\" \/>\n<meta property=\"og:title\" content=\"qamaas - Katalog f\u00fcr technische Trainings | STL GmbH\" \/>\n<meta property=\"og:description\" content=\"qamaas | Katalog f\u00fcr technische Trainings Luftfahrt \u2708\ufe0f | Cloud-L\u00f6sung \u26c5 f\u00fcr Autorisationsmanagement f\u00fcr MRO | basiert auf cimoio aero\" \/>\n<meta property=\"og:url\" content=\"https:\/\/www.stl-software.de\/cms\/partnerschaften-der-stl-gmbh\/qamaas-katalog-fuer-technische-trainings\/\" \/>\n<meta property=\"og:site_name\" content=\"STL GmbH\" \/>\n<meta property=\"article:modified_time\" content=\"2025-07-09T13:25:15+00:00\" \/>\n<meta name=\"twitter:card\" content=\"summary_large_image\" \/>\n<script type=\"application\/ld+json\" class=\"yoast-schema-graph\">{\"@context\":\"https:\\\/\\\/schema.org\",\"@graph\":[{\"@type\":\"WebPage\",\"@id\":\"https:\\\/\\\/www.stl-software.de\\\/cms\\\/partnerschaften-der-stl-gmbh\\\/qamaas-katalog-fuer-technische-trainings\\\/\",\"url\":\"https:\\\/\\\/www.stl-software.de\\\/cms\\\/partnerschaften-der-stl-gmbh\\\/qamaas-katalog-fuer-technische-trainings\\\/\",\"name\":\"qamaas - Katalog f\u00fcr technische Trainings | STL GmbH\",\"isPartOf\":{\"@id\":\"https:\\\/\\\/www.stl-software.de\\\/cms\\\/#website\"},\"datePublished\":\"2021-11-19T10:20:48+00:00\",\"dateModified\":\"2025-07-09T13:25:15+00:00\",\"description\":\"qamaas | Katalog f\u00fcr technische Trainings Luftfahrt \u2708\ufe0f | Cloud-L\u00f6sung \u26c5 f\u00fcr Autorisationsmanagement f\u00fcr MRO | basiert auf cimoio aero\",\"breadcrumb\":{\"@id\":\"https:\\\/\\\/www.stl-software.de\\\/cms\\\/partnerschaften-der-stl-gmbh\\\/qamaas-katalog-fuer-technische-trainings\\\/#breadcrumb\"},\"inLanguage\":\"de\",\"potentialAction\":[{\"@type\":\"ReadAction\",\"target\":[\"https:\\\/\\\/www.stl-software.de\\\/cms\\\/partnerschaften-der-stl-gmbh\\\/qamaas-katalog-fuer-technische-trainings\\\/\"]}]},{\"@type\":\"BreadcrumbList\",\"@id\":\"https:\\\/\\\/www.stl-software.de\\\/cms\\\/partnerschaften-der-stl-gmbh\\\/qamaas-katalog-fuer-technische-trainings\\\/#breadcrumb\",\"itemListElement\":[{\"@type\":\"ListItem\",\"position\":1,\"name\":\"Startseite\",\"item\":\"https:\\\/\\\/www.stl-software.de\\\/cms\\\/\"},{\"@type\":\"ListItem\",\"position\":2,\"name\":\"Partnerschaften der STL GmbH\",\"item\":\"https:\\\/\\\/www.stl-software.de\\\/cms\\\/partnerschaften-der-stl-gmbh\\\/\"},{\"@type\":\"ListItem\",\"position\":3,\"name\":\"qamaas &#8211; Katalog f\u00fcr technische Trainings\"}]},{\"@type\":\"WebSite\",\"@id\":\"https:\\\/\\\/www.stl-software.de\\\/cms\\\/#website\",\"url\":\"https:\\\/\\\/www.stl-software.de\\\/cms\\\/\",\"name\":\"STL GmbH\",\"description\":\"Die Firma, die das LMS cimoio entwickelt hat\",\"potentialAction\":[{\"@type\":\"SearchAction\",\"target\":{\"@type\":\"EntryPoint\",\"urlTemplate\":\"https:\\\/\\\/www.stl-software.de\\\/cms\\\/?s={search_term_string}\"},\"query-input\":{\"@type\":\"PropertyValueSpecification\",\"valueRequired\":true,\"valueName\":\"search_term_string\"}}],\"inLanguage\":\"de\"}]}<\/script>\n<!-- \/ Yoast SEO plugin. -->","yoast_head_json":{"title":"qamaas - Katalog f\u00fcr technische Trainings | STL GmbH","description":"qamaas | Katalog f\u00fcr technische Trainings Luftfahrt \u2708\ufe0f | Cloud-L\u00f6sung \u26c5 f\u00fcr Autorisationsmanagement f\u00fcr MRO | basiert auf cimoio aero","robots":{"index":"index","follow":"follow","max-snippet":"max-snippet:-1","max-image-preview":"max-image-preview:large","max-video-preview":"max-video-preview:-1"},"canonical":"https:\/\/www.stl-software.de\/cms\/partnerschaften-der-stl-gmbh\/qamaas-katalog-fuer-technische-trainings\/","og_locale":"de_DE","og_type":"article","og_title":"qamaas - Katalog f\u00fcr technische Trainings | STL GmbH","og_description":"qamaas | Katalog f\u00fcr technische Trainings Luftfahrt \u2708\ufe0f | Cloud-L\u00f6sung \u26c5 f\u00fcr Autorisationsmanagement f\u00fcr MRO | basiert auf cimoio aero","og_url":"https:\/\/www.stl-software.de\/cms\/partnerschaften-der-stl-gmbh\/qamaas-katalog-fuer-technische-trainings\/","og_site_name":"STL GmbH","article_modified_time":"2025-07-09T13:25:15+00:00","twitter_card":"summary_large_image","schema":{"@context":"https:\/\/schema.org","@graph":[{"@type":"WebPage","@id":"https:\/\/www.stl-software.de\/cms\/partnerschaften-der-stl-gmbh\/qamaas-katalog-fuer-technische-trainings\/","url":"https:\/\/www.stl-software.de\/cms\/partnerschaften-der-stl-gmbh\/qamaas-katalog-fuer-technische-trainings\/","name":"qamaas - Katalog f\u00fcr technische Trainings | STL GmbH","isPartOf":{"@id":"https:\/\/www.stl-software.de\/cms\/#website"},"datePublished":"2021-11-19T10:20:48+00:00","dateModified":"2025-07-09T13:25:15+00:00","description":"qamaas | Katalog f\u00fcr technische Trainings Luftfahrt \u2708\ufe0f | Cloud-L\u00f6sung \u26c5 f\u00fcr Autorisationsmanagement f\u00fcr MRO | basiert auf cimoio aero","breadcrumb":{"@id":"https:\/\/www.stl-software.de\/cms\/partnerschaften-der-stl-gmbh\/qamaas-katalog-fuer-technische-trainings\/#breadcrumb"},"inLanguage":"de","potentialAction":[{"@type":"ReadAction","target":["https:\/\/www.stl-software.de\/cms\/partnerschaften-der-stl-gmbh\/qamaas-katalog-fuer-technische-trainings\/"]}]},{"@type":"BreadcrumbList","@id":"https:\/\/www.stl-software.de\/cms\/partnerschaften-der-stl-gmbh\/qamaas-katalog-fuer-technische-trainings\/#breadcrumb","itemListElement":[{"@type":"ListItem","position":1,"name":"Startseite","item":"https:\/\/www.stl-software.de\/cms\/"},{"@type":"ListItem","position":2,"name":"Partnerschaften der STL GmbH","item":"https:\/\/www.stl-software.de\/cms\/partnerschaften-der-stl-gmbh\/"},{"@type":"ListItem","position":3,"name":"qamaas &#8211; Katalog f\u00fcr technische Trainings"}]},{"@type":"WebSite","@id":"https:\/\/www.stl-software.de\/cms\/#website","url":"https:\/\/www.stl-software.de\/cms\/","name":"STL GmbH","description":"Die Firma, die das LMS cimoio entwickelt hat","potentialAction":[{"@type":"SearchAction","target":{"@type":"EntryPoint","urlTemplate":"https:\/\/www.stl-software.de\/cms\/?s={search_term_string}"},"query-input":{"@type":"PropertyValueSpecification","valueRequired":true,"valueName":"search_term_string"}}],"inLanguage":"de"}]}},"_links":{"self":[{"href":"https:\/\/www.stl-software.de\/cms\/wp-json\/wp\/v2\/pages\/383","targetHints":{"allow":["GET"]}}],"collection":[{"href":"https:\/\/www.stl-software.de\/cms\/wp-json\/wp\/v2\/pages"}],"about":[{"href":"https:\/\/www.stl-software.de\/cms\/wp-json\/wp\/v2\/types\/page"}],"author":[{"embeddable":true,"href":"https:\/\/www.stl-software.de\/cms\/wp-json\/wp\/v2\/users\/3"}],"replies":[{"embeddable":true,"href":"https:\/\/www.stl-software.de\/cms\/wp-json\/wp\/v2\/comments?post=383"}],"version-history":[{"count":25,"href":"https:\/\/www.stl-software.de\/cms\/wp-json\/wp\/v2\/pages\/383\/revisions"}],"predecessor-version":[{"id":1820,"href":"https:\/\/www.stl-software.de\/cms\/wp-json\/wp\/v2\/pages\/383\/revisions\/1820"}],"up":[{"embeddable":true,"href":"https:\/\/www.stl-software.de\/cms\/wp-json\/wp\/v2\/pages\/1787"}],"wp:attachment":[{"href":"https:\/\/www.stl-software.de\/cms\/wp-json\/wp\/v2\/media?parent=383"}],"curies":[{"name":"wp","href":"https:\/\/api.w.org\/{rel}","templated":true}]}}