{"id":379,"date":"2021-11-19T11:06:26","date_gmt":"2021-11-19T10:06:26","guid":{"rendered":"https:\/\/www.stl-software.de\/cms\/?page_id=379"},"modified":"2025-07-09T15:25:14","modified_gmt":"2025-07-09T13:25:14","slug":"cimoio-webanwendung-fuer-trainingsmanagement","status":"publish","type":"page","link":"https:\/\/www.stl-software.de\/cms\/produkte-der-stl-gmbh\/cimoio-webanwendung-fuer-trainingsmanagement\/","title":{"rendered":"cimoio &#8211; Webanwendung f\u00fcr Trainingsmanagement"},"content":{"rendered":"<p>[et_pb_section fb_built=&#8220;1&#8243; _builder_version=&#8220;4.16&#8243; _module_preset=&#8220;753eb255-b498-452c-9075-9b40b679d3b4&#8243; global_colors_info=&#8220;{}&#8220;][et_pb_row _builder_version=&#8220;4.16&#8243; _module_preset=&#8220;default&#8220; animation_style=&#8220;slide&#8220; animation_intensity_slide=&#8220;10%&#8220; global_colors_info=&#8220;{}&#8220;][et_pb_column type=&#8220;4_4&#8243; _builder_version=&#8220;4.16&#8243; _module_preset=&#8220;default&#8220; global_colors_info=&#8220;{}&#8220;][et_pb_text _builder_version=&#8220;4.16&#8243; _module_preset=&#8220;b9bb25d6-91bf-4e23-95cd-4a9e00f511ab&#8220; global_colors_info=&#8220;{}&#8220;]<\/p>\n<h1>cimoio<\/h1>\n<p>[\/et_pb_text][et_pb_divider color=&#8220;#29c4a9&#8243; divider_weight=&#8220;4px&#8220; _builder_version=&#8220;4.9.10&#8243; _module_preset=&#8220;default&#8220; max_width=&#8220;40px&#8220; custom_margin=&#8220;||10px||false|false&#8220; global_module=&#8220;354&#8243; saved_tabs=&#8220;all&#8220; global_colors_info=&#8220;{}&#8220;][\/et_pb_divider][et_pb_text _builder_version=&#8220;4.22.1&#8243; _module_preset=&#8220;b9bb25d6-91bf-4e23-95cd-4a9e00f511ab&#8220; global_colors_info=&#8220;{}&#8220;]<\/p>\n<p>Webanwendung f\u00fcr Trainingsmanagement. Ein LMS f\u00fcr interne oder externe Lernende f\u00fcr Pr\u00e4senzschulungen sowie E-Learnings und alle Arten von Blended-Learning-Konzepten.<\/p>\n<p>[\/et_pb_text][\/et_pb_column][\/et_pb_row][\/et_pb_section][et_pb_section fb_built=&#8220;1&#8243; _builder_version=&#8220;4.16&#8243; _module_preset=&#8220;534b0480-ebfc-4f34-959c-de457c8ca269&#8243; global_colors_info=&#8220;{}&#8220;][et_pb_row column_structure=&#8220;1_4,3_4&#8243; _builder_version=&#8220;4.16&#8243; _module_preset=&#8220;default&#8220; animation_style=&#8220;slide&#8220; animation_intensity_slide=&#8220;10%&#8220; global_colors_info=&#8220;{}&#8220;][et_pb_column type=&#8220;1_4&#8243; _builder_version=&#8220;4.16&#8243; _module_preset=&#8220;default&#8220; global_colors_info=&#8220;{}&#8220;][et_pb_image src=&#8220;https:\/\/www.stl-software.de\/cms\/wp-content\/uploads\/sites\/2\/2021\/08\/cimoio-module-icon.png&#8220; title_text=&#8220;cimoio-module-icon&#8220; url=&#8220;https:\/\/www.cimoio.de\/cms\/&#8220; url_new_window=&#8220;on&#8220; align=&#8220;center&#8220; _builder_version=&#8220;4.16&#8243; _module_preset=&#8220;default&#8220; width=&#8220;97.9%&#8220; custom_margin=&#8220;100px||||false|false&#8220; global_colors_info=&#8220;{}&#8220;][\/et_pb_image][\/et_pb_column][et_pb_column type=&#8220;3_4&#8243; _builder_version=&#8220;4.16&#8243; _module_preset=&#8220;default&#8220; global_colors_info=&#8220;{}&#8220;][et_pb_text _builder_version=&#8220;4.16&#8243; _module_preset=&#8220;default&#8220; global_colors_info=&#8220;{}&#8220;]<\/p>\n<h2>cimoio &#8211; TMS? LMS? LXP? oder Seminarverwaltung?<\/h2>\n<p>[\/et_pb_text][et_pb_divider color=&#8220;#29c4a9&#8243; divider_weight=&#8220;4px&#8220; _builder_version=&#8220;4.9.10&#8243; _module_preset=&#8220;default&#8220; max_width=&#8220;40px&#8220; custom_margin=&#8220;||10px||false|false&#8220; global_module=&#8220;354&#8243; saved_tabs=&#8220;all&#8220; global_colors_info=&#8220;{}&#8220;][\/et_pb_divider][et_pb_text _builder_version=&#8220;4.22.1&#8243; _module_preset=&#8220;default&#8220; global_colors_info=&#8220;{}&#8220;]<\/p>\n<p><a href=\"https:\/\/www.cimoio.de\/cms\/\" target=\"_blank\" rel=\"noopener\" title=\"Website des Softwareprodukts cimoio\">cimoio<\/a> ist eine Webanwendung, die verschiedene Anwendungsf\u00e4lle im Bereich Trainingsmanagement abdeckt: Akademien k\u00f6nnen ihre Seminare \u00fcber einen eigenen Webshop mit Katalog, Warenkorb und Registrierungsprozess verkaufen. Personalentwicklungsabteilungen k\u00f6nnen \u00fcber eine Intranetplattform ihre Trainings im Push- oder Pull-Verfahren anbieten. Wir decken alle Prozesse von der Planung von Bildungsprodukten \u00fcber die Verwaltung von Veranstaltungen bis zur Durchf\u00fchrung von Buchungen mit cimoio ab.<\/p>\n<p>[\/et_pb_text][\/et_pb_column][\/et_pb_row][\/et_pb_section][et_pb_section fb_built=&#8220;1&#8243; _builder_version=&#8220;4.16&#8243; _module_preset=&#8220;753eb255-b498-452c-9075-9b40b679d3b4&#8243; global_colors_info=&#8220;{}&#8220;][et_pb_row column_structure=&#8220;3_4,1_4&#8243; _builder_version=&#8220;4.16&#8243; _module_preset=&#8220;default&#8220; animation_style=&#8220;slide&#8220; animation_direction=&#8220;right&#8220; animation_intensity_slide=&#8220;10%&#8220; global_colors_info=&#8220;{}&#8220;][et_pb_column type=&#8220;3_4&#8243; _builder_version=&#8220;4.16&#8243; _module_preset=&#8220;default&#8220; global_colors_info=&#8220;{}&#8220;][et_pb_text _builder_version=&#8220;4.16&#8243; _module_preset=&#8220;b9bb25d6-91bf-4e23-95cd-4a9e00f511ab&#8220; global_colors_info=&#8220;{}&#8220;]<\/p>\n<h2>cimoio bietet L\u00f6sungen f\u00fcr ihre Branche<\/h2>\n<p>[\/et_pb_text][et_pb_divider color=&#8220;#29c4a9&#8243; divider_weight=&#8220;4px&#8220; _builder_version=&#8220;4.9.10&#8243; _module_preset=&#8220;default&#8220; max_width=&#8220;40px&#8220; custom_margin=&#8220;||10px||false|false&#8220; global_module=&#8220;354&#8243; saved_tabs=&#8220;all&#8220; global_colors_info=&#8220;{}&#8220;][\/et_pb_divider][et_pb_text _builder_version=&#8220;4.22.1&#8243; _module_preset=&#8220;b9bb25d6-91bf-4e23-95cd-4a9e00f511ab&#8220; global_colors_info=&#8220;{}&#8220;]<\/p>\n<p>Die STL GmbH hat mit cimoio schon in mehreren <a href=\"https:\/\/www.cimoio.de\/cms\/branchenloesungen\/\" target=\"_blank\" rel=\"noopener\" title=\"Branchen\u00fcbersicht \u00dcbersicht der Branchen von cimoio-Kunden\">Branchen<\/a> beweisen k\u00f6nnen, wie anpassungsf\u00e4hig wir sind. F\u00fcr <a href=\"https:\/\/www.cimoio.de\/cms\/branchenloesungen\/bildungsanbieter\/\" target=\"_blank\" rel=\"noopener\" title=\"Bildungsanbieter als cimoio-Kunden\">Bildungsanbieter<\/a> bietet unser Katalog mit hochwertiger und zielsicherer Suche sowie Warenkorb alles, um Trainings zu verkaufen. Im Bereich <a href=\"https:\/\/www.cimoio.de\/cms\/branchenloesungen\/handel-banken-und-versicherungen\/\" target=\"_blank\" rel=\"noopener\" title=\"Handel, Banken und Versicherungen als cimoio-Kunden\">Handel, Banken und Versicherungen<\/a> &#8211; Branchen mit vielen Anforderungen an Pflichttrainings zum Beispiel in Bezug auf Geldw\u00e4schepr\u00e4vention oder IDD-basierte Themen. In der <a href=\"https:\/\/www.cimoio.de\/cms\/branchenloesungen\/trainingsmanagement-in-der-industrie\/\" target=\"_blank\" rel=\"noopener\" title=\"Industrie-Unternehmen als cimoio-Kunden\">Industrie<\/a> die starke Vernetzung der Prozesse in die vorhandene ERP-gepr\u00e4gte IT-Landschaft. In der <a href=\"https:\/\/www.cimoio.de\/cms\/branchenloesungen\/luftfahrt\/\" target=\"_blank\" rel=\"noopener\" title=\"Luftfahrt-Unternehmen als cimoio-Kunden\">Luftfahrt<\/a>, die strenger Regulatorik unterliegt. Und die daher sicherstellen muss, dass Mitarbeiter nur f\u00fcr Wartungsauftr\u00e4ge autorisiert werden, f\u00fcr die sie die notwendigen Qualifikationen nachweisen k\u00f6nnen.<\/p>\n<p>[\/et_pb_text][\/et_pb_column][et_pb_column type=&#8220;1_4&#8243; _builder_version=&#8220;4.16&#8243; _module_preset=&#8220;default&#8220; global_colors_info=&#8220;{}&#8220;][\/et_pb_column][\/et_pb_row][\/et_pb_section][et_pb_section fb_built=&#8220;1&#8243; _builder_version=&#8220;4.16&#8243; _module_preset=&#8220;534b0480-ebfc-4f34-959c-de457c8ca269&#8243; global_colors_info=&#8220;{}&#8220;][et_pb_row column_structure=&#8220;1_4,3_4&#8243; _builder_version=&#8220;4.16&#8243; _module_preset=&#8220;default&#8220; animation_style=&#8220;slide&#8220; animation_direction=&#8220;left&#8220; animation_intensity_slide=&#8220;10%&#8220; global_colors_info=&#8220;{}&#8220;][et_pb_column type=&#8220;1_4&#8243; _builder_version=&#8220;4.16&#8243; _module_preset=&#8220;default&#8220; global_colors_info=&#8220;{}&#8220;][\/et_pb_column][et_pb_column type=&#8220;3_4&#8243; _builder_version=&#8220;4.16&#8243; _module_preset=&#8220;default&#8220; global_colors_info=&#8220;{}&#8220;][et_pb_text _builder_version=&#8220;4.22.1&#8243; _module_preset=&#8220;_initial&#8220; global_colors_info=&#8220;{}&#8220;]<\/p>\n<h2>Zufriedene cimoio-Kunden<\/h2>\n<p>[\/et_pb_text][et_pb_divider color=&#8220;#29c4a9&#8243; divider_weight=&#8220;4px&#8220; _builder_version=&#8220;4.9.10&#8243; _module_preset=&#8220;default&#8220; max_width=&#8220;40px&#8220; custom_margin=&#8220;||10px||false|false&#8220; global_module=&#8220;354&#8243; saved_tabs=&#8220;all&#8220; global_colors_info=&#8220;{}&#8220;][\/et_pb_divider][et_pb_text _builder_version=&#8220;4.22.1&#8243; _module_preset=&#8220;default&#8220; global_colors_info=&#8220;{}&#8220;]<\/p>\n<p>Zufriedene Kunden sind die beste Referenz. Deshalb haben wir unsere Kunden darum gebeten, uns Referenzen auszustellen. Die Ergebnisse haben wir <a href=\"https:\/\/www.cimoio.de\/cms\/erfolgsgeschichten\/\" target=\"_blank\" rel=\"noopener\" title=\"Kunden-Referenzen f\u00fcr cimoio\">hier<\/a> f\u00fcr Sie zusammengestellt. Lassen Sie sich inspirieren!<\/p>\n<p>[\/et_pb_text][\/et_pb_column][\/et_pb_row][\/et_pb_section][et_pb_section fb_built=&#8220;1&#8243; _builder_version=&#8220;4.16&#8243; _module_preset=&#8220;534b0480-ebfc-4f34-959c-de457c8ca269&#8243; global_colors_info=&#8220;{}&#8220;][et_pb_row _builder_version=&#8220;4.16&#8243; _module_preset=&#8220;default&#8220; global_colors_info=&#8220;{}&#8220;][et_pb_column type=&#8220;4_4&#8243; _builder_version=&#8220;4.16&#8243; _module_preset=&#8220;default&#8220; global_colors_info=&#8220;{}&#8220;][et_pb_divider color=&#8220;#009fe3&#8243; _builder_version=&#8220;4.16&#8243; _module_preset=&#8220;default&#8220; global_colors_info=&#8220;{}&#8220;][\/et_pb_divider][\/et_pb_column][\/et_pb_row][et_pb_row column_structure=&#8220;1_2,1_2&#8243; _builder_version=&#8220;4.16&#8243; _module_preset=&#8220;default&#8220; animation_style=&#8220;slide&#8220; animation_intensity_slide=&#8220;10%&#8220; global_colors_info=&#8220;{}&#8220;][et_pb_column type=&#8220;1_2&#8243; _builder_version=&#8220;4.16&#8243; _module_preset=&#8220;default&#8220; global_colors_info=&#8220;{}&#8220;][et_pb_cta title=&#8220;Ben\u00f6tigen Sie eher eine Speziall\u00f6sung f\u00fcr ihren MRO Betrieb?&#8220; button_url=&#8220;@ET-DC@eyJkeW5hbWljIjp0cnVlLCJjb250ZW50IjoicG9zdF9saW5rX3VybF9wYWdlIiwic2V0dGluZ3MiOnsicG9zdF9pZCI6IjM4MyJ9fQ==@&#8220; button_text=&#8220;Lesen Sie mehr&#8220; _builder_version=&#8220;4.9.10&#8243; _dynamic_attributes=&#8220;button_url&#8220; _module_preset=&#8220;default&#8220; global_module=&#8220;389&#8243; saved_tabs=&#8220;all&#8220; global_colors_info=&#8220;{}&#8220;]<\/p>\n<p>Dann empfehlen wir Ihnen, sich hier durchzulesen, was die Branchenl\u00f6sung <strong>qamaas<\/strong> f\u00fcr Unternehmen in der Luftfahrt zu bieten hat!<\/p>\n<p>[\/et_pb_cta][\/et_pb_column][et_pb_column type=&#8220;1_2&#8243; _builder_version=&#8220;4.16&#8243; _module_preset=&#8220;default&#8220; global_colors_info=&#8220;{}&#8220;][et_pb_cta title=&#8220;Unterst\u00fctzung bei der operativen Trainingsverwaltung notwendig?&#8220; button_url=&#8220;@ET-DC@eyJkeW5hbWljIjp0cnVlLCJjb250ZW50IjoicG9zdF9saW5rX3VybF9wYWdlIiwic2V0dGluZ3MiOnsicG9zdF9pZCI6IjM5MiJ9fQ==@&#8220; button_text=&#8220;Lesen Sie mehr&#8220; _builder_version=&#8220;4.9.10&#8243; _dynamic_attributes=&#8220;button_url&#8220; _module_preset=&#8220;default&#8220; global_module=&#8220;397&#8243; global_colors_info=&#8220;{}&#8220;]<\/p>\n<p>Dann sollten Sie vielleicht \u00fcber eine MTS-L\u00f6sung nachdenken, bei denen ihnen die Arbeit der Lieferantenauswahl und des Erzeugens von Katalog und Veranstaltungen abgenommen wird.<\/p>\n<p>[\/et_pb_cta][\/et_pb_column][\/et_pb_row][\/et_pb_section]<\/p>\n","protected":false},"excerpt":{"rendered":"<p>cimoioWebanwendung f\u00fcr Trainingsmanagement. Ein LMS f\u00fcr interne oder externe Lernende f\u00fcr Pr\u00e4senzschulungen sowie E-Learnings und alle Arten von Blended-Learning-Konzepten.cimoio &#8211; TMS? LMS? LXP? oder Seminarverwaltung?cimoio ist eine Webanwendung, die verschiedene Anwendungsf\u00e4lle im Bereich Trainingsmanagement abdeckt: Akademien k\u00f6nnen ihre Seminare \u00fcber einen eigenen Webshop mit Katalog, Warenkorb und Registrierungsprozess verkaufen. Personalentwicklungsabteilungen k\u00f6nnen \u00fcber eine Intranetplattform ihre [&hellip;]<\/p>\n","protected":false},"author":3,"featured_media":0,"parent":182,"menu_order":10,"comment_status":"closed","ping_status":"closed","template":"","meta":{"_et_pb_use_builder":"on","_et_pb_old_content":"","_et_gb_content_width":"","inline_featured_image":false,"footnotes":""},"class_list":["post-379","page","type-page","status-publish","hentry"],"yoast_head":"<!-- This site is optimized with the Yoast SEO plugin v27.4 - https:\/\/yoast.com\/product\/yoast-seo-wordpress\/ -->\n<title>cimoio - Webanwendung f\u00fcr Trainingsmanagement | STL GmbH<\/title>\n<meta name=\"description\" content=\"Optimiere dein Trainingsmanagement mit cimoio! Verwalte m\u00fchelos Kurse, Teilnehmer und Ressourcen in einer benutzerfreundlichen Webanwendung.\" \/>\n<meta name=\"robots\" content=\"index, follow, max-snippet:-1, max-image-preview:large, max-video-preview:-1\" \/>\n<link rel=\"canonical\" href=\"https:\/\/www.stl-software.de\/cms\/produkte-der-stl-gmbh\/cimoio-webanwendung-fuer-trainingsmanagement\/\" \/>\n<meta property=\"og:locale\" content=\"de_DE\" \/>\n<meta property=\"og:type\" content=\"article\" \/>\n<meta property=\"og:title\" content=\"cimoio - Webanwendung f\u00fcr Trainingsmanagement | STL GmbH\" \/>\n<meta property=\"og:description\" content=\"Optimiere dein Trainingsmanagement mit cimoio! Verwalte m\u00fchelos Kurse, Teilnehmer und Ressourcen in einer benutzerfreundlichen Webanwendung.\" \/>\n<meta property=\"og:url\" content=\"https:\/\/www.stl-software.de\/cms\/produkte-der-stl-gmbh\/cimoio-webanwendung-fuer-trainingsmanagement\/\" \/>\n<meta property=\"og:site_name\" content=\"STL GmbH\" \/>\n<meta property=\"article:modified_time\" content=\"2025-07-09T13:25:14+00:00\" \/>\n<meta name=\"twitter:card\" content=\"summary_large_image\" \/>\n<script type=\"application\/ld+json\" class=\"yoast-schema-graph\">{\"@context\":\"https:\\\/\\\/schema.org\",\"@graph\":[{\"@type\":\"WebPage\",\"@id\":\"https:\\\/\\\/www.stl-software.de\\\/cms\\\/produkte-der-stl-gmbh\\\/cimoio-webanwendung-fuer-trainingsmanagement\\\/\",\"url\":\"https:\\\/\\\/www.stl-software.de\\\/cms\\\/produkte-der-stl-gmbh\\\/cimoio-webanwendung-fuer-trainingsmanagement\\\/\",\"name\":\"cimoio - Webanwendung f\u00fcr Trainingsmanagement | STL GmbH\",\"isPartOf\":{\"@id\":\"https:\\\/\\\/www.stl-software.de\\\/cms\\\/#website\"},\"datePublished\":\"2021-11-19T10:06:26+00:00\",\"dateModified\":\"2025-07-09T13:25:14+00:00\",\"description\":\"Optimiere dein Trainingsmanagement mit cimoio! Verwalte m\u00fchelos Kurse, Teilnehmer und Ressourcen in einer benutzerfreundlichen Webanwendung.\",\"breadcrumb\":{\"@id\":\"https:\\\/\\\/www.stl-software.de\\\/cms\\\/produkte-der-stl-gmbh\\\/cimoio-webanwendung-fuer-trainingsmanagement\\\/#breadcrumb\"},\"inLanguage\":\"de\",\"potentialAction\":[{\"@type\":\"ReadAction\",\"target\":[\"https:\\\/\\\/www.stl-software.de\\\/cms\\\/produkte-der-stl-gmbh\\\/cimoio-webanwendung-fuer-trainingsmanagement\\\/\"]}]},{\"@type\":\"BreadcrumbList\",\"@id\":\"https:\\\/\\\/www.stl-software.de\\\/cms\\\/produkte-der-stl-gmbh\\\/cimoio-webanwendung-fuer-trainingsmanagement\\\/#breadcrumb\",\"itemListElement\":[{\"@type\":\"ListItem\",\"position\":1,\"name\":\"Startseite\",\"item\":\"https:\\\/\\\/www.stl-software.de\\\/cms\\\/\"},{\"@type\":\"ListItem\",\"position\":2,\"name\":\"Produkte der STL GmbH\",\"item\":\"https:\\\/\\\/www.stl-software.de\\\/cms\\\/produkte-der-stl-gmbh\\\/\"},{\"@type\":\"ListItem\",\"position\":3,\"name\":\"cimoio &#8211; Webanwendung f\u00fcr Trainingsmanagement\"}]},{\"@type\":\"WebSite\",\"@id\":\"https:\\\/\\\/www.stl-software.de\\\/cms\\\/#website\",\"url\":\"https:\\\/\\\/www.stl-software.de\\\/cms\\\/\",\"name\":\"STL GmbH\",\"description\":\"Die Firma, die das LMS cimoio entwickelt hat\",\"potentialAction\":[{\"@type\":\"SearchAction\",\"target\":{\"@type\":\"EntryPoint\",\"urlTemplate\":\"https:\\\/\\\/www.stl-software.de\\\/cms\\\/?s={search_term_string}\"},\"query-input\":{\"@type\":\"PropertyValueSpecification\",\"valueRequired\":true,\"valueName\":\"search_term_string\"}}],\"inLanguage\":\"de\"}]}<\/script>\n<!-- \/ Yoast SEO plugin. -->","yoast_head_json":{"title":"cimoio - Webanwendung f\u00fcr Trainingsmanagement | STL GmbH","description":"Optimiere dein Trainingsmanagement mit cimoio! Verwalte m\u00fchelos Kurse, Teilnehmer und Ressourcen in einer benutzerfreundlichen Webanwendung.","robots":{"index":"index","follow":"follow","max-snippet":"max-snippet:-1","max-image-preview":"max-image-preview:large","max-video-preview":"max-video-preview:-1"},"canonical":"https:\/\/www.stl-software.de\/cms\/produkte-der-stl-gmbh\/cimoio-webanwendung-fuer-trainingsmanagement\/","og_locale":"de_DE","og_type":"article","og_title":"cimoio - Webanwendung f\u00fcr Trainingsmanagement | STL GmbH","og_description":"Optimiere dein Trainingsmanagement mit cimoio! Verwalte m\u00fchelos Kurse, Teilnehmer und Ressourcen in einer benutzerfreundlichen Webanwendung.","og_url":"https:\/\/www.stl-software.de\/cms\/produkte-der-stl-gmbh\/cimoio-webanwendung-fuer-trainingsmanagement\/","og_site_name":"STL GmbH","article_modified_time":"2025-07-09T13:25:14+00:00","twitter_card":"summary_large_image","schema":{"@context":"https:\/\/schema.org","@graph":[{"@type":"WebPage","@id":"https:\/\/www.stl-software.de\/cms\/produkte-der-stl-gmbh\/cimoio-webanwendung-fuer-trainingsmanagement\/","url":"https:\/\/www.stl-software.de\/cms\/produkte-der-stl-gmbh\/cimoio-webanwendung-fuer-trainingsmanagement\/","name":"cimoio - Webanwendung f\u00fcr Trainingsmanagement | STL GmbH","isPartOf":{"@id":"https:\/\/www.stl-software.de\/cms\/#website"},"datePublished":"2021-11-19T10:06:26+00:00","dateModified":"2025-07-09T13:25:14+00:00","description":"Optimiere dein Trainingsmanagement mit cimoio! Verwalte m\u00fchelos Kurse, Teilnehmer und Ressourcen in einer benutzerfreundlichen Webanwendung.","breadcrumb":{"@id":"https:\/\/www.stl-software.de\/cms\/produkte-der-stl-gmbh\/cimoio-webanwendung-fuer-trainingsmanagement\/#breadcrumb"},"inLanguage":"de","potentialAction":[{"@type":"ReadAction","target":["https:\/\/www.stl-software.de\/cms\/produkte-der-stl-gmbh\/cimoio-webanwendung-fuer-trainingsmanagement\/"]}]},{"@type":"BreadcrumbList","@id":"https:\/\/www.stl-software.de\/cms\/produkte-der-stl-gmbh\/cimoio-webanwendung-fuer-trainingsmanagement\/#breadcrumb","itemListElement":[{"@type":"ListItem","position":1,"name":"Startseite","item":"https:\/\/www.stl-software.de\/cms\/"},{"@type":"ListItem","position":2,"name":"Produkte der STL GmbH","item":"https:\/\/www.stl-software.de\/cms\/produkte-der-stl-gmbh\/"},{"@type":"ListItem","position":3,"name":"cimoio &#8211; Webanwendung f\u00fcr Trainingsmanagement"}]},{"@type":"WebSite","@id":"https:\/\/www.stl-software.de\/cms\/#website","url":"https:\/\/www.stl-software.de\/cms\/","name":"STL GmbH","description":"Die Firma, die das LMS cimoio entwickelt hat","potentialAction":[{"@type":"SearchAction","target":{"@type":"EntryPoint","urlTemplate":"https:\/\/www.stl-software.de\/cms\/?s={search_term_string}"},"query-input":{"@type":"PropertyValueSpecification","valueRequired":true,"valueName":"search_term_string"}}],"inLanguage":"de"}]}},"_links":{"self":[{"href":"https:\/\/www.stl-software.de\/cms\/wp-json\/wp\/v2\/pages\/379","targetHints":{"allow":["GET"]}}],"collection":[{"href":"https:\/\/www.stl-software.de\/cms\/wp-json\/wp\/v2\/pages"}],"about":[{"href":"https:\/\/www.stl-software.de\/cms\/wp-json\/wp\/v2\/types\/page"}],"author":[{"embeddable":true,"href":"https:\/\/www.stl-software.de\/cms\/wp-json\/wp\/v2\/users\/3"}],"replies":[{"embeddable":true,"href":"https:\/\/www.stl-software.de\/cms\/wp-json\/wp\/v2\/comments?post=379"}],"version-history":[{"count":18,"href":"https:\/\/www.stl-software.de\/cms\/wp-json\/wp\/v2\/pages\/379\/revisions"}],"predecessor-version":[{"id":1509,"href":"https:\/\/www.stl-software.de\/cms\/wp-json\/wp\/v2\/pages\/379\/revisions\/1509"}],"up":[{"embeddable":true,"href":"https:\/\/www.stl-software.de\/cms\/wp-json\/wp\/v2\/pages\/182"}],"wp:attachment":[{"href":"https:\/\/www.stl-software.de\/cms\/wp-json\/wp\/v2\/media?parent=379"}],"curies":[{"name":"wp","href":"https:\/\/api.w.org\/{rel}","templated":true}]}}