{"id":326,"date":"2021-11-17T15:59:46","date_gmt":"2021-11-17T14:59:46","guid":{"rendered":"https:\/\/www.stl-software.de\/cms\/?page_id=326"},"modified":"2023-04-10T10:28:36","modified_gmt":"2023-04-10T08:28:36","slug":"job-fuer-studenten","status":"publish","type":"page","link":"https:\/\/www.stl-software.de\/cms\/karriere-bei-der\/job-fuer-studenten\/","title":{"rendered":"Jobs: f\u00fcr Studenten"},"content":{"rendered":"\n[et_pb_section fb_built=&#8220;1&#8243; _builder_version=&#8220;4.16&#8243; _module_preset=&#8220;753eb255-b498-452c-9075-9b40b679d3b4&#8243; global_colors_info=&#8220;{}&#8220;][et_pb_row _builder_version=&#8220;4.16&#8243; _module_preset=&#8220;default&#8220; animation_style=&#8220;slide&#8220; animation_intensity_slide=&#8220;10%&#8220; global_colors_info=&#8220;{}&#8220;][et_pb_column type=&#8220;4_4&#8243; _builder_version=&#8220;4.16&#8243; _module_preset=&#8220;default&#8220; global_colors_info=&#8220;{}&#8220;][et_pb_text _builder_version=&#8220;4.16&#8243; _module_preset=&#8220;b9bb25d6-91bf-4e23-95cd-4a9e00f511ab&#8220; global_colors_info=&#8220;{}&#8220;]<div class=\"et_pb_module et_pb_text et_pb_text_12  et_pb_text_align_left et_pb_bg_layout_light\">\n<div class=\"et_pb_text_inner\">\n<h1><span>Stellenausschreibung: Stellen f\u00fcr Student:innen<\/span><\/h1>\n<\/div>\n<\/div>[\/et_pb_text][et_pb_divider color=&#8220;#29c4a9&#8243; divider_weight=&#8220;4px&#8220; _builder_version=&#8220;4.9.10&#8243; _module_preset=&#8220;default&#8220; max_width=&#8220;40px&#8220; custom_margin=&#8220;||10px||false|false&#8220; global_module=&#8220;354&#8243; saved_tabs=&#8220;all&#8220; global_colors_info=&#8220;{}&#8220;][\/et_pb_divider][et_pb_text _builder_version=&#8220;4.16&#8243; _module_preset=&#8220;b9bb25d6-91bf-4e23-95cd-4a9e00f511ab&#8220; global_colors_info=&#8220;{}&#8220;]<div class=\"et_pb_module et_pb_text et_pb_text_13  et_pb_text_align_left et_pb_bg_layout_light\">\n<div class=\"et_pb_text_inner\">Als STL GmbH unterst\u00fctzen wir gerne junge Menschen, sich auf einen IT-Beruf vorzubereiten. Wir haben rund um das Studium verschiedenen M\u00f6glichkeiten, mit Dir zusammen zu arbeiten: Alles h\u00e4ngt auch davon ab, an welchem Punkt Du in Bezug auf Dein Studium gerade bist.<\/div>\n<\/div>[\/et_pb_text][et_pb_button button_url=&#8220;@ET-DC@eyJkeW5hbWljIjp0cnVlLCJjb250ZW50IjoicG9zdF9saW5rX3VybF9wYWdlIiwic2V0dGluZ3MiOnsicG9zdF9pZCI6IjIzMiJ9fQ==@&#8220; button_text=&#8220;Schreib uns gleich an!&#8220; _builder_version=&#8220;4.9.10&#8243; _dynamic_attributes=&#8220;button_url&#8220; _module_preset=&#8220;5a00950a-f579-48e7-b9bd-3632ad8bbf2f&#8220; global_module=&#8220;351&#8243; saved_tabs=&#8220;all&#8220; global_colors_info=&#8220;{}&#8220;][\/et_pb_button][\/et_pb_column][\/et_pb_row][\/et_pb_section][et_pb_section fb_built=&#8220;1&#8243; _builder_version=&#8220;4.16&#8243; _module_preset=&#8220;534b0480-ebfc-4f34-959c-de457c8ca269&#8243; global_colors_info=&#8220;{}&#8220;][et_pb_row column_structure=&#8220;1_3,1_3,1_3&#8243; _builder_version=&#8220;4.16&#8243; _module_preset=&#8220;default&#8220; animation_style=&#8220;slide&#8220; animation_intensity_slide=&#8220;10%&#8220; global_colors_info=&#8220;{}&#8220;][et_pb_column type=&#8220;1_3&#8243; _builder_version=&#8220;4.16&#8243; _module_preset=&#8220;default&#8220; global_colors_info=&#8220;{}&#8220;][et_pb_text _builder_version=&#8220;4.16&#8243; _module_preset=&#8220;default&#8220; global_colors_info=&#8220;{}&#8220;]<h2><span style=\"color: #009fe3\">Duales Studium<\/span><\/h2>[\/et_pb_text][et_pb_divider color=&#8220;#29c4a9&#8243; divider_weight=&#8220;4px&#8220; _builder_version=&#8220;4.9.10&#8243; _module_preset=&#8220;default&#8220; max_width=&#8220;40px&#8220; custom_margin=&#8220;||10px||false|false&#8220; global_module=&#8220;354&#8243; saved_tabs=&#8220;all&#8220; global_colors_info=&#8220;{}&#8220;][\/et_pb_divider][et_pb_text _builder_version=&#8220;4.19.0&#8243; _module_preset=&#8220;default&#8220; hover_enabled=&#8220;0&#8243; global_colors_info=&#8220;{}&#8220; sticky_enabled=&#8220;0&#8243;]<p>Du m\u00f6chtest mit dem Studium anfangen und hast Dich entschieden, ein Duales Studium zu machen? Prima! Wir werden gerne Dein Praxispartner, wenn Du ein IT-Studium anstrebst wie zum Beispiel: Informatik oder Wirtschaftsinformatik. Unsere favorisierten Studienrichtungen sind:<\/p>\n<ul>\n<li><a href=\"https:\/\/www.dhbw-stuttgart.de\/studium\/bachelor-studienangebot\/technik\/informatik\/\" target=\"_blank\" rel=\"noopener\" title=\"Informationen der DHBW zu, Bachelor-Studiengang Informatik\">Informatik<\/a><\/li>\n<li><a href=\"https:\/\/www.dhbw-stuttgart.de\/studium\/bachelor-studienangebot\/wirtschaft\/wirtschaftsinformatik-application-management\/\" target=\"_blank\" rel=\"noopener\" title=\"Informationen der DHBW zum Bachelor-Studiengang Wirtschaftsinformatik - Application Management\">Wirtschaftsinformatik &#8211; Application Management<\/a><\/li>\n<\/ul>\n<p>Wir haben ein breites Spektrum an Aufgaben von der Datenbank(weiter-)Entwicklung \u00fcber Backend-Entwicklung bis hin zur Frontend-Entwicklung ist alles dabei. Aber damit nicht genug: auch in den Bereichen Projektmanagement, Beratung sowie Marketing haben wir Aufgaben, an denen Du Deine theoretischen\u00a0 Lerneinheiten praktisch erproben kannst.<\/p>[\/et_pb_text][\/et_pb_column][et_pb_column type=&#8220;1_3&#8243; _builder_version=&#8220;4.16&#8243; _module_preset=&#8220;default&#8220; global_colors_info=&#8220;{}&#8220;][et_pb_text _builder_version=&#8220;4.16&#8243; _module_preset=&#8220;default&#8220; global_colors_info=&#8220;{}&#8220;]<h2><span style=\"color: #009fe3\">Werkstudent:in<\/span><\/h2>[\/et_pb_text][et_pb_divider color=&#8220;#29c4a9&#8243; divider_weight=&#8220;4px&#8220; _builder_version=&#8220;4.9.10&#8243; _module_preset=&#8220;default&#8220; max_width=&#8220;40px&#8220; custom_margin=&#8220;||10px||false|false&#8220; global_module=&#8220;354&#8243; saved_tabs=&#8220;all&#8220; global_colors_info=&#8220;{}&#8220;][\/et_pb_divider][et_pb_text _builder_version=&#8220;4.19.0&#8243; _module_preset=&#8220;default&#8220; hover_enabled=&#8220;0&#8243; global_colors_info=&#8220;{}&#8220; sticky_enabled=&#8220;0&#8243;]<p>Du bist gerade in einem Studium mit IT-Bezug und m\u00f6chtest Deine theoretischen Einheiten gerne in der Praxis auprobieren? Du m\u00f6chtest Mal reinschmecken, ob unser Tool Dir gef\u00e4llt? Dich reizt es, Mal einen anderen Blick auf Bildung und Weiterbildung zu werfen? Und dabei noch etwas dazuverdienen?<\/p>\n<p>Dann bist Du bei uns richtig. Wir haben immer Aufgaben, die wir zur \u00dcbung an junge frische Programmierer:innen abgeben k\u00f6nnen.<\/p>\n<p>Unsere aktuellen Praktikumsangebote:<\/p>\n<ul>\n<li><a href=\"https:\/\/www.stl-software.de\/cms\/karriere-bei-der\/job-fuer-studenten\/praktikum-junit-test-pipeline\/\" title=\"Praktikumsbeschreibung: JUnit-Test-Pipeline f\u00fcr eine Web-Applikation\">JUnit-Test-Pipeline<\/a><\/li>\n<li><a href=\"https:\/\/www.stl-software.de\/cms\/karriere-bei-der\/job-fuer-studenten\/praktikum-learning-tools-interoperability-lti\/\" title=\"Praktikumsbeschreibung: Integration von Lerninhalten mittels Learning Tools Interoperability (LTI)\">Learning Tools Interoperability (LTI)<\/a><\/li>\n<li><a href=\"https:\/\/www.stl-software.de\/cms\/karriere-bei-der\/job-fuer-studenten\/praktikum-optimierung-von-e-mail-templates\/\" title=\"Praktikumsbeschreibung: Optimierung von E-Mail-Templates in einer Web-Applikation\">Optimierung von E-Mail-Templates<\/a><\/li>\n<\/ul>[\/et_pb_text][\/et_pb_column][et_pb_column type=&#8220;1_3&#8243; _builder_version=&#8220;4.16&#8243; _module_preset=&#8220;default&#8220; global_colors_info=&#8220;{}&#8220;][et_pb_text _builder_version=&#8220;4.16&#8243; _module_preset=&#8220;default&#8220; global_colors_info=&#8220;{}&#8220;]<h2><span style=\"color: #009fe3\">Studien-\/Abschlu\u00dfarbeiten<\/span><\/h2>[\/et_pb_text][et_pb_divider color=&#8220;#29c4a9&#8243; divider_weight=&#8220;4px&#8220; _builder_version=&#8220;4.9.10&#8243; _module_preset=&#8220;default&#8220; max_width=&#8220;40px&#8220; custom_margin=&#8220;||10px||false|false&#8220; global_module=&#8220;354&#8243; saved_tabs=&#8220;all&#8220; global_colors_info=&#8220;{}&#8220;][\/et_pb_divider][et_pb_text _builder_version=&#8220;4.16&#8243; _module_preset=&#8220;default&#8220; global_colors_info=&#8220;{}&#8220;]<p>Du stehst kurz vor dem Abschlu\u00df Deines IT-bezogenen Studiums und suchst jetzt nach einem Thema f\u00fcr Deine Abschlu\u00dfarbeit?<\/p>\n<p>Wir k\u00f6nnen Dir bei Interesse Themen im Bereich Frontend oder Backend vorschlagen.<\/p>[\/et_pb_text][\/et_pb_column][\/et_pb_row][\/et_pb_section][et_pb_section fb_built=&#8220;1&#8243; _builder_version=&#8220;4.16&#8243; _module_preset=&#8220;753eb255-b498-452c-9075-9b40b679d3b4&#8243; global_colors_info=&#8220;{}&#8220;][et_pb_row column_structure=&#8220;3_4,1_4&#8243; _builder_version=&#8220;4.16&#8243; _module_preset=&#8220;default&#8220; animation_style=&#8220;slide&#8220; animation_direction=&#8220;right&#8220; animation_intensity_slide=&#8220;10%&#8220; global_colors_info=&#8220;{}&#8220;][et_pb_column type=&#8220;3_4&#8243; _builder_version=&#8220;4.16&#8243; _module_preset=&#8220;default&#8220; global_colors_info=&#8220;{}&#8220;][et_pb_text _builder_version=&#8220;4.16&#8243; _module_preset=&#8220;b9bb25d6-91bf-4e23-95cd-4a9e00f511ab&#8220; global_colors_info=&#8220;{}&#8220;]<h2>Welche Skills Du mitbringst<\/h2>[\/et_pb_text][et_pb_divider color=&#8220;#29c4a9&#8243; divider_weight=&#8220;4px&#8220; _builder_version=&#8220;4.9.10&#8243; _module_preset=&#8220;default&#8220; max_width=&#8220;40px&#8220; custom_margin=&#8220;||10px||false|false&#8220; global_module=&#8220;354&#8243; saved_tabs=&#8220;all&#8220; global_colors_info=&#8220;{}&#8220;][\/et_pb_divider][et_pb_text _builder_version=&#8220;4.16&#8243; _module_preset=&#8220;b9bb25d6-91bf-4e23-95cd-4a9e00f511ab&#8220; global_colors_info=&#8220;{}&#8220;]<ul>\n<li>Interesse an Software-Entwicklung<\/li>\n<li>Interesse an oder fortgeschrittenes Softwaretechnik- oder Informatikstudium<\/li>\n<li>Erste Erfahrungen im Java\/J2EE-Umfeld<\/li>\n<\/ul>[\/et_pb_text][\/et_pb_column][et_pb_column type=&#8220;1_4&#8243; _builder_version=&#8220;4.16&#8243; _module_preset=&#8220;default&#8220; global_colors_info=&#8220;{}&#8220;][\/et_pb_column][\/et_pb_row][\/et_pb_section][et_pb_section fb_built=&#8220;1&#8243; _builder_version=&#8220;4.16&#8243; _module_preset=&#8220;534b0480-ebfc-4f34-959c-de457c8ca269&#8243; global_colors_info=&#8220;{}&#8220;][et_pb_row column_structure=&#8220;1_4,3_4&#8243; _builder_version=&#8220;4.16&#8243; _module_preset=&#8220;default&#8220; animation_style=&#8220;slide&#8220; animation_direction=&#8220;left&#8220; animation_intensity_slide=&#8220;10%&#8220; global_colors_info=&#8220;{}&#8220;][et_pb_column type=&#8220;1_4&#8243; _builder_version=&#8220;4.16&#8243; _module_preset=&#8220;default&#8220; global_colors_info=&#8220;{}&#8220;][\/et_pb_column][et_pb_column type=&#8220;3_4&#8243; _builder_version=&#8220;4.16&#8243; _module_preset=&#8220;default&#8220; global_colors_info=&#8220;{}&#8220;][et_pb_text _builder_version=&#8220;4.16&#8243; _module_preset=&#8220;default&#8220; global_colors_info=&#8220;{}&#8220;]<h2><span style=\"color: #009fe3\">Welche Skills Deine Chancen weiter steigern<\/span><\/h2>[\/et_pb_text][et_pb_divider color=&#8220;#29c4a9&#8243; divider_weight=&#8220;4px&#8220; _builder_version=&#8220;4.9.10&#8243; _module_preset=&#8220;default&#8220; max_width=&#8220;40px&#8220; custom_margin=&#8220;||10px||false|false&#8220; global_module=&#8220;354&#8243; saved_tabs=&#8220;all&#8220; global_colors_info=&#8220;{}&#8220;][\/et_pb_divider][et_pb_text _builder_version=&#8220;4.16&#8243; _module_preset=&#8220;default&#8220; global_colors_info=&#8220;{}&#8220;]<ul>\n<li>Grundlagen in Englisch<\/li>\n<li>Allgemeine Berufserfahrung<\/li>\n<\/ul>[\/et_pb_text][\/et_pb_column][\/et_pb_row][\/et_pb_section][et_pb_section fb_built=&#8220;1&#8243; _builder_version=&#8220;4.16&#8243; _module_preset=&#8220;534b0480-ebfc-4f34-959c-de457c8ca269&#8243; global_colors_info=&#8220;{}&#8220;][et_pb_row _builder_version=&#8220;4.16&#8243; _module_preset=&#8220;default&#8220; global_colors_info=&#8220;{}&#8220;][et_pb_column type=&#8220;4_4&#8243; _builder_version=&#8220;4.16&#8243; _module_preset=&#8220;default&#8220; global_colors_info=&#8220;{}&#8220;][et_pb_divider color=&#8220;#009fe3&#8243; _builder_version=&#8220;4.16&#8243; _module_preset=&#8220;default&#8220; global_colors_info=&#8220;{}&#8220;][\/et_pb_divider][\/et_pb_column][\/et_pb_row][et_pb_row column_structure=&#8220;1_3,1_3,1_3&#8243; _builder_version=&#8220;4.16&#8243; _module_preset=&#8220;default&#8220; animation_style=&#8220;slide&#8220; animation_intensity_slide=&#8220;10%&#8220; global_colors_info=&#8220;{}&#8220;][et_pb_column type=&#8220;1_3&#8243; _builder_version=&#8220;4.16&#8243; _module_preset=&#8220;default&#8220; global_colors_info=&#8220;{}&#8220;][et_pb_cta title=&#8220;Erfahre mehr \u00fcber unsere Software cimoio&#8220; button_url=&#8220;https:\/\/www.cimoio.de\/cms\/startseite\/cimoio-und-module\/&#8220; url_new_window=&#8220;on&#8220; button_text=&#8220;Lies hier weiter&#8220; _builder_version=&#8220;4.9.10&#8243; _module_preset=&#8220;default&#8220; global_module=&#8220;335&#8243; global_colors_info=&#8220;{}&#8220;]<p><span>Hier erf\u00e4hrst Du alles \u00fcber den modularen Aufbau cimoios, wie unsere Kunden sich diese zusammensetzen k\u00f6nnen und wie wir uns zum Thema &#8222;LMS&#8220; vs &#8222;TMS&#8220; vs &#8222;LXP&#8220; positionieren.<\/span><\/p>\n[\/et_pb_cta][\/et_pb_column][et_pb_column type=&#8220;1_3&#8243; _builder_version=&#8220;4.16&#8243; _module_preset=&#8220;default&#8220; global_colors_info=&#8220;{}&#8220;][et_pb_cta title=&#8220;Erfahre mehr \u00fcber unsere weiteren Produkte&#8220; button_url=&#8220;@ET-DC@eyJkeW5hbWljIjp0cnVlLCJjb250ZW50IjoicG9zdF9saW5rX3VybF9wYWdlIiwic2V0dGluZ3MiOnsicG9zdF9pZCI6IjE4MiJ9fQ==@&#8220; url_new_window=&#8220;on&#8220; button_text=&#8220;Lies hier weiter&#8220; _builder_version=&#8220;4.19.0&#8243; _dynamic_attributes=&#8220;button_url&#8220; _module_preset=&#8220;default&#8220; hover_enabled=&#8220;0&#8243; global_module=&#8220;336&#8243; global_colors_info=&#8220;{}&#8220; sticky_enabled=&#8220;0&#8243;]<p><span>Hier erf\u00e4hrst Du mehr dar\u00fcber, wie unser Portfolio \u00fcber cimoio hinaus aufgestellt ist. So bekommst Du ein Gef\u00fchl daf\u00fcr, was wir alles machen au\u00dfer einer Standard-Software!<\/span><\/p>[\/et_pb_cta][\/et_pb_column][et_pb_column type=&#8220;1_3&#8243; _builder_version=&#8220;4.16&#8243; _module_preset=&#8220;default&#8220; global_colors_info=&#8220;{}&#8220;][et_pb_cta title=&#8220;Erfahre mehr \u00fcber unsere Services&#8220; button_url=&#8220;@ET-DC@eyJkeW5hbWljIjp0cnVlLCJjb250ZW50IjoicG9zdF9saW5rX3VybF9wYWdlIiwic2V0dGluZ3MiOnsicG9zdF9pZCI6IjE4MiJ9fQ==@&#8220; url_new_window=&#8220;on&#8220; button_text=&#8220;Lies hier weiter&#8220; _builder_version=&#8220;4.9.10&#8243; _dynamic_attributes=&#8220;button_url&#8220; _module_preset=&#8220;default&#8220; global_module=&#8220;338&#8243; global_colors_info=&#8220;{}&#8220;]<p><span>Wir machen mehr als eine Software programmieren. Unser Team besteht aus Kolleginnen und Kollegen, die ihre Kunden auch beraten, wie Sie ihre Aufgaben bew\u00e4ltigen mit cimoio.<\/span><\/p>\n[\/et_pb_cta][\/et_pb_column][\/et_pb_row][\/et_pb_section]\n","protected":false},"excerpt":{"rendered":"<p>Stellenausschreibung: Stellen f\u00fcr Student:innen Als STL GmbH unterst\u00fctzen wir gerne junge Menschen, sich auf einen IT-Beruf vorzubereiten. Wir haben rund um das Studium verschiedenen M\u00f6glichkeiten, mit Dir zusammen zu arbeiten: Alles h\u00e4ngt auch davon ab, an welchem Punkt Du in Bezug auf Dein Studium gerade bist. Duales StudiumDu m\u00f6chtest mit dem Studium anfangen und hast [&hellip;]<\/p>\n","protected":false},"author":3,"featured_media":0,"parent":277,"menu_order":30,"comment_status":"closed","ping_status":"closed","template":"","meta":{"_et_pb_use_builder":"on","_et_pb_old_content":"","_et_gb_content_width":"","inline_featured_image":false,"footnotes":""},"class_list":["post-326","page","type-page","status-publish","hentry"],"yoast_head":"<!-- This site is optimized with the Yoast SEO plugin v27.4 - https:\/\/yoast.com\/product\/yoast-seo-wordpress\/ -->\n<title>Jobs: f\u00fcr Studenten | STL GmbH<\/title>\n<meta name=\"description\" content=\"Erg\u00e4nzen Sie Ihr Studium mit praktischer Erfahrung bei uns! Wir bieten attraktive Jobm\u00f6glichkeiten f\u00fcr Studenten. Jetzt Karriere starten!\" \/>\n<meta name=\"robots\" content=\"index, follow, max-snippet:-1, max-image-preview:large, max-video-preview:-1\" \/>\n<link rel=\"canonical\" href=\"https:\/\/www.stl-software.de\/cms\/karriere-bei-der\/job-fuer-studenten\/\" \/>\n<meta property=\"og:locale\" content=\"de_DE\" \/>\n<meta property=\"og:type\" content=\"article\" \/>\n<meta property=\"og:title\" content=\"Jobs: f\u00fcr Studenten | STL GmbH\" \/>\n<meta property=\"og:description\" content=\"Erg\u00e4nzen Sie Ihr Studium mit praktischer Erfahrung bei uns! Wir bieten attraktive Jobm\u00f6glichkeiten f\u00fcr Studenten. Jetzt Karriere starten!\" \/>\n<meta property=\"og:url\" content=\"https:\/\/www.stl-software.de\/cms\/karriere-bei-der\/job-fuer-studenten\/\" \/>\n<meta property=\"og:site_name\" content=\"STL GmbH\" \/>\n<meta property=\"article:modified_time\" content=\"2023-04-10T08:28:36+00:00\" \/>\n<meta name=\"twitter:card\" content=\"summary_large_image\" \/>\n<script type=\"application\/ld+json\" class=\"yoast-schema-graph\">{\"@context\":\"https:\\\/\\\/schema.org\",\"@graph\":[{\"@type\":\"WebPage\",\"@id\":\"https:\\\/\\\/www.stl-software.de\\\/cms\\\/karriere-bei-der\\\/job-fuer-studenten\\\/\",\"url\":\"https:\\\/\\\/www.stl-software.de\\\/cms\\\/karriere-bei-der\\\/job-fuer-studenten\\\/\",\"name\":\"Jobs: f\u00fcr Studenten | STL GmbH\",\"isPartOf\":{\"@id\":\"https:\\\/\\\/www.stl-software.de\\\/cms\\\/#website\"},\"datePublished\":\"2021-11-17T14:59:46+00:00\",\"dateModified\":\"2023-04-10T08:28:36+00:00\",\"description\":\"Erg\u00e4nzen Sie Ihr Studium mit praktischer Erfahrung bei uns! Wir bieten attraktive Jobm\u00f6glichkeiten f\u00fcr Studenten. Jetzt Karriere starten!\",\"breadcrumb\":{\"@id\":\"https:\\\/\\\/www.stl-software.de\\\/cms\\\/karriere-bei-der\\\/job-fuer-studenten\\\/#breadcrumb\"},\"inLanguage\":\"de\",\"potentialAction\":[{\"@type\":\"ReadAction\",\"target\":[\"https:\\\/\\\/www.stl-software.de\\\/cms\\\/karriere-bei-der\\\/job-fuer-studenten\\\/\"]}]},{\"@type\":\"BreadcrumbList\",\"@id\":\"https:\\\/\\\/www.stl-software.de\\\/cms\\\/karriere-bei-der\\\/job-fuer-studenten\\\/#breadcrumb\",\"itemListElement\":[{\"@type\":\"ListItem\",\"position\":1,\"name\":\"Startseite\",\"item\":\"https:\\\/\\\/www.stl-software.de\\\/cms\\\/\"},{\"@type\":\"ListItem\",\"position\":2,\"name\":\"Karriere bei der\",\"item\":\"https:\\\/\\\/www.stl-software.de\\\/cms\\\/karriere-bei-der\\\/\"},{\"@type\":\"ListItem\",\"position\":3,\"name\":\"Jobs: f\u00fcr Studenten\"}]},{\"@type\":\"WebSite\",\"@id\":\"https:\\\/\\\/www.stl-software.de\\\/cms\\\/#website\",\"url\":\"https:\\\/\\\/www.stl-software.de\\\/cms\\\/\",\"name\":\"STL GmbH\",\"description\":\"Die Firma, die das LMS cimoio entwickelt hat\",\"potentialAction\":[{\"@type\":\"SearchAction\",\"target\":{\"@type\":\"EntryPoint\",\"urlTemplate\":\"https:\\\/\\\/www.stl-software.de\\\/cms\\\/?s={search_term_string}\"},\"query-input\":{\"@type\":\"PropertyValueSpecification\",\"valueRequired\":true,\"valueName\":\"search_term_string\"}}],\"inLanguage\":\"de\"}]}<\/script>\n<!-- \/ Yoast SEO plugin. -->","yoast_head_json":{"title":"Jobs: f\u00fcr Studenten | STL GmbH","description":"Erg\u00e4nzen Sie Ihr Studium mit praktischer Erfahrung bei uns! Wir bieten attraktive Jobm\u00f6glichkeiten f\u00fcr Studenten. Jetzt Karriere starten!","robots":{"index":"index","follow":"follow","max-snippet":"max-snippet:-1","max-image-preview":"max-image-preview:large","max-video-preview":"max-video-preview:-1"},"canonical":"https:\/\/www.stl-software.de\/cms\/karriere-bei-der\/job-fuer-studenten\/","og_locale":"de_DE","og_type":"article","og_title":"Jobs: f\u00fcr Studenten | STL GmbH","og_description":"Erg\u00e4nzen Sie Ihr Studium mit praktischer Erfahrung bei uns! Wir bieten attraktive Jobm\u00f6glichkeiten f\u00fcr Studenten. Jetzt Karriere starten!","og_url":"https:\/\/www.stl-software.de\/cms\/karriere-bei-der\/job-fuer-studenten\/","og_site_name":"STL GmbH","article_modified_time":"2023-04-10T08:28:36+00:00","twitter_card":"summary_large_image","schema":{"@context":"https:\/\/schema.org","@graph":[{"@type":"WebPage","@id":"https:\/\/www.stl-software.de\/cms\/karriere-bei-der\/job-fuer-studenten\/","url":"https:\/\/www.stl-software.de\/cms\/karriere-bei-der\/job-fuer-studenten\/","name":"Jobs: f\u00fcr Studenten | STL GmbH","isPartOf":{"@id":"https:\/\/www.stl-software.de\/cms\/#website"},"datePublished":"2021-11-17T14:59:46+00:00","dateModified":"2023-04-10T08:28:36+00:00","description":"Erg\u00e4nzen Sie Ihr Studium mit praktischer Erfahrung bei uns! Wir bieten attraktive Jobm\u00f6glichkeiten f\u00fcr Studenten. Jetzt Karriere starten!","breadcrumb":{"@id":"https:\/\/www.stl-software.de\/cms\/karriere-bei-der\/job-fuer-studenten\/#breadcrumb"},"inLanguage":"de","potentialAction":[{"@type":"ReadAction","target":["https:\/\/www.stl-software.de\/cms\/karriere-bei-der\/job-fuer-studenten\/"]}]},{"@type":"BreadcrumbList","@id":"https:\/\/www.stl-software.de\/cms\/karriere-bei-der\/job-fuer-studenten\/#breadcrumb","itemListElement":[{"@type":"ListItem","position":1,"name":"Startseite","item":"https:\/\/www.stl-software.de\/cms\/"},{"@type":"ListItem","position":2,"name":"Karriere bei der","item":"https:\/\/www.stl-software.de\/cms\/karriere-bei-der\/"},{"@type":"ListItem","position":3,"name":"Jobs: f\u00fcr Studenten"}]},{"@type":"WebSite","@id":"https:\/\/www.stl-software.de\/cms\/#website","url":"https:\/\/www.stl-software.de\/cms\/","name":"STL GmbH","description":"Die Firma, die das LMS cimoio entwickelt hat","potentialAction":[{"@type":"SearchAction","target":{"@type":"EntryPoint","urlTemplate":"https:\/\/www.stl-software.de\/cms\/?s={search_term_string}"},"query-input":{"@type":"PropertyValueSpecification","valueRequired":true,"valueName":"search_term_string"}}],"inLanguage":"de"}]}},"_links":{"self":[{"href":"https:\/\/www.stl-software.de\/cms\/wp-json\/wp\/v2\/pages\/326","targetHints":{"allow":["GET"]}}],"collection":[{"href":"https:\/\/www.stl-software.de\/cms\/wp-json\/wp\/v2\/pages"}],"about":[{"href":"https:\/\/www.stl-software.de\/cms\/wp-json\/wp\/v2\/types\/page"}],"author":[{"embeddable":true,"href":"https:\/\/www.stl-software.de\/cms\/wp-json\/wp\/v2\/users\/3"}],"replies":[{"embeddable":true,"href":"https:\/\/www.stl-software.de\/cms\/wp-json\/wp\/v2\/comments?post=326"}],"version-history":[{"count":12,"href":"https:\/\/www.stl-software.de\/cms\/wp-json\/wp\/v2\/pages\/326\/revisions"}],"predecessor-version":[{"id":1339,"href":"https:\/\/www.stl-software.de\/cms\/wp-json\/wp\/v2\/pages\/326\/revisions\/1339"}],"up":[{"embeddable":true,"href":"https:\/\/www.stl-software.de\/cms\/wp-json\/wp\/v2\/pages\/277"}],"wp:attachment":[{"href":"https:\/\/www.stl-software.de\/cms\/wp-json\/wp\/v2\/media?parent=326"}],"curies":[{"name":"wp","href":"https:\/\/api.w.org\/{rel}","templated":true}]}}