{"id":284,"date":"2021-11-15T18:01:28","date_gmt":"2021-11-15T17:01:28","guid":{"rendered":"https:\/\/www.stl-software.de\/cms\/?page_id=284"},"modified":"2023-09-12T17:51:24","modified_gmt":"2023-09-12T15:51:24","slug":"job-java-entwickler","status":"publish","type":"page","link":"https:\/\/www.stl-software.de\/cms\/karriere-bei-der\/job-java-entwickler\/","title":{"rendered":"Job: Java-Entwickler"},"content":{"rendered":"\n\n[et_pb_section fb_built=&#8220;1&#8243; _builder_version=&#8220;4.9.10&#8243; _module_preset=&#8220;753eb255-b498-452c-9075-9b40b679d3b4&#8243; global_colors_info=&#8220;{}&#8220;][et_pb_row _builder_version=&#8220;4.9.10&#8243; _module_preset=&#8220;default&#8220; animation_style=&#8220;slide&#8220; animation_intensity_slide=&#8220;10%&#8220; global_colors_info=&#8220;{}&#8220;][et_pb_column type=&#8220;4_4&#8243; _builder_version=&#8220;4.9.10&#8243; _module_preset=&#8220;default&#8220; global_colors_info=&#8220;{}&#8220;][et_pb_text _builder_version=&#8220;4.9.10&#8243; _module_preset=&#8220;b9bb25d6-91bf-4e23-95cd-4a9e00f511ab&#8220; global_colors_info=&#8220;{}&#8220;]<h1>Stellenausschreibung: Java-Entwickler (d\/w\/m)<\/h1>[\/et_pb_text][et_pb_divider color=&#8220;#29c4a9&#8243; divider_weight=&#8220;4px&#8220; _builder_version=&#8220;4.9.10&#8243; _module_preset=&#8220;default&#8220; max_width=&#8220;40px&#8220; custom_margin=&#8220;||10px||false|false&#8220; global_module=&#8220;354&#8243; saved_tabs=&#8220;all&#8220; global_colors_info=&#8220;{}&#8220;][\/et_pb_divider][\/et_pb_column][\/et_pb_row][et_pb_row _builder_version=&#8220;4.9.10&#8243; _module_preset=&#8220;default&#8220; animation_style=&#8220;slide&#8220; animation_delay=&#8220;200ms&#8220; animation_intensity_slide=&#8220;10%&#8220; global_colors_info=&#8220;{}&#8220;][et_pb_column type=&#8220;4_4&#8243; _builder_version=&#8220;4.9.10&#8243; _module_preset=&#8220;default&#8220; global_colors_info=&#8220;{}&#8220;][et_pb_text _builder_version=&#8220;4.9.10&#8243; _module_preset=&#8220;b9bb25d6-91bf-4e23-95cd-4a9e00f511ab&#8220; global_colors_info=&#8220;{}&#8220;]<p>Bei der STL GmbH steht der Kunde und dessen Kunden im Fokus der Weiter-Entwicklung der Software cimoio. Deshalb ist unser Versprechen, dass Du nach Einstellung zuerst als Entwickler:in eingesetzt wirst, damit Du das System in- und auswendig kennenlernen kannst. Anschlie\u00dfend sammelst Du Erfahrung in der Entwicklung und Anwendung von cimoio. Solange, bis Du unsere Kunden sicher beraten kannst, z.B. im Hinblick auf:<\/p>\n<ul>\n<li>vorhandene Module und Komponenten, die seine Anforderungen erf\u00fcllen<\/li>\n<li>m\u00f6gliche Neu-Entwicklungen<\/li>\n<li>und am Besten auch im Bezug auf prozessuale Wege, die bei der Digitalisierung unterst\u00fctzen,<\/li>\n<\/ul>\n<p>Dann bekommst Du die Chance, selbst Verantwortung f\u00fcr ein oder mehrere Kundenprojekte zu \u00fcbernehmen.<\/p>\n<p>Parallel dazu \u00fcbernehmen unsere erfahrenen Entwickler:innen auch Verantwortung f\u00fcr bestimmte Module oder Systemkomponenten, die sie ma\u00dfgeblich mit-entwickeln und als &#8222;Kenner der Materie&#8220; den anderen Kolleg:innen auch vorstellen und diese in der Anwendung trainieren.<\/p>[\/et_pb_text][et_pb_button button_url=&#8220;@ET-DC@eyJkeW5hbWljIjp0cnVlLCJjb250ZW50IjoicG9zdF9saW5rX3VybF9wYWdlIiwic2V0dGluZ3MiOnsicG9zdF9pZCI6IjIzMiJ9fQ==@&#8220; button_text=&#8220;Schreib uns gleich an!&#8220; _builder_version=&#8220;4.9.10&#8243; _dynamic_attributes=&#8220;button_url&#8220; _module_preset=&#8220;5a00950a-f579-48e7-b9bd-3632ad8bbf2f&#8220; global_module=&#8220;351&#8243; saved_tabs=&#8220;all&#8220; global_colors_info=&#8220;{}&#8220;][\/et_pb_button][\/et_pb_column][\/et_pb_row][\/et_pb_section][et_pb_section fb_built=&#8220;1&#8243; _builder_version=&#8220;4.9.10&#8243; _module_preset=&#8220;534b0480-ebfc-4f34-959c-de457c8ca269&#8243; global_colors_info=&#8220;{}&#8220;][et_pb_row column_structure=&#8220;1_4,3_4&#8243; _builder_version=&#8220;4.9.10&#8243; _module_preset=&#8220;default&#8220; animation_style=&#8220;slide&#8220; animation_direction=&#8220;left&#8220; animation_intensity_slide=&#8220;10%&#8220; global_colors_info=&#8220;{}&#8220;][et_pb_column type=&#8220;1_4&#8243; _builder_version=&#8220;4.9.10&#8243; _module_preset=&#8220;default&#8220; global_colors_info=&#8220;{}&#8220;][\/et_pb_column][et_pb_column type=&#8220;3_4&#8243; _builder_version=&#8220;4.9.10&#8243; _module_preset=&#8220;default&#8220; global_colors_info=&#8220;{}&#8220;][et_pb_text _builder_version=&#8220;4.9.10&#8243; _module_preset=&#8220;default&#8220; global_colors_info=&#8220;{}&#8220;]<h2><span style=\"color: #009fe3\">Welche Aufgaben auf Dich warten<\/span><\/h2>[\/et_pb_text][et_pb_divider color=&#8220;#29c4a9&#8243; divider_weight=&#8220;4px&#8220; _builder_version=&#8220;4.9.10&#8243; _module_preset=&#8220;default&#8220; max_width=&#8220;40px&#8220; custom_margin=&#8220;||10px||false|false&#8220; global_module=&#8220;354&#8243; saved_tabs=&#8220;all&#8220; global_colors_info=&#8220;{}&#8220;][\/et_pb_divider][et_pb_text _builder_version=&#8220;4.9.10&#8243; _module_preset=&#8220;default&#8220; global_colors_info=&#8220;{}&#8220;]<p>Deine Kernaufgabe ist die Umsetzung von Anforderungen unserer Kund:innen in Java-Code im Backend und das Customizing \u00fcber bereits vorhandene Optionen im System. Nach einer Einarbeitungsphase wirst Du eigenverantwortlich mit dem Kunden Anforderungen abstimmen, priorisieren und dann umsetzen.<\/p>\n<p>Du brauchst aber nicht jede Aufgabe selbst zu bew\u00e4ltigen: Spezialisten f\u00fcr jeweilige Themenkomplexe helfen da, wo Dein Wissen (noch) nicht ausreicht. Dank flacher Hierarchien findet sich immer ein Ansprechpartner, der zusammen mit Dir auf Augenh\u00f6he eine L\u00f6sung erarbeitet.<\/p>\n<p>Ziel f\u00fcr Deine Rolle bei uns ist, selbst\u00e4ndig f\u00fcr unsere Kunden qualitativ hochwertige und fachlich hilfreiche L\u00f6sungen zu entwickeln.<\/p>[\/et_pb_text][\/et_pb_column][\/et_pb_row][\/et_pb_section][et_pb_section fb_built=&#8220;1&#8243; _builder_version=&#8220;4.9.10&#8243; _module_preset=&#8220;753eb255-b498-452c-9075-9b40b679d3b4&#8243; global_colors_info=&#8220;{}&#8220;][et_pb_row column_structure=&#8220;3_4,1_4&#8243; _builder_version=&#8220;4.9.10&#8243; _module_preset=&#8220;default&#8220; animation_style=&#8220;slide&#8220; animation_direction=&#8220;right&#8220; animation_intensity_slide=&#8220;10%&#8220; global_colors_info=&#8220;{}&#8220;][et_pb_column type=&#8220;3_4&#8243; _builder_version=&#8220;4.9.10&#8243; _module_preset=&#8220;default&#8220; global_colors_info=&#8220;{}&#8220;][et_pb_text _builder_version=&#8220;4.9.10&#8243; _module_preset=&#8220;b9bb25d6-91bf-4e23-95cd-4a9e00f511ab&#8220; global_colors_info=&#8220;{}&#8220;]<h2>Welche Skills Du mitbringst<\/h2>[\/et_pb_text][et_pb_divider color=&#8220;#29c4a9&#8243; divider_weight=&#8220;4px&#8220; _builder_version=&#8220;4.9.10&#8243; _module_preset=&#8220;default&#8220; max_width=&#8220;40px&#8220; custom_margin=&#8220;||10px||false|false&#8220; global_module=&#8220;354&#8243; saved_tabs=&#8220;all&#8220; global_colors_info=&#8220;{}&#8220;][\/et_pb_divider][et_pb_text _builder_version=&#8220;4.9.10&#8243; _module_preset=&#8220;b9bb25d6-91bf-4e23-95cd-4a9e00f511ab&#8220; global_colors_info=&#8220;{}&#8220;]<ul>\n<li>fundierte Kenntnisse in Software-Entwicklung<\/li>\n<li>fortgeschrittenes oder abgeschlossenes Softwaretechnik- oder Informatikstudium oder vergleichbare Qualifikation<\/li>\n<li>sehr gute Kenntnisse im Java\/J2EE-Umfeld<\/li>\n<li>Erfahrung in der Anwendung von\n<ul>\n<li>Versionsverwaltungs-Software<\/li>\n<li>Bugtracking-Software<\/li>\n<li>Datenbankkenntnisse<\/li>\n<\/ul>\n<\/li>\n<li>eigenst\u00e4ndiges und zuverl\u00e4ssiges Arbeiten in einem motivierten Team<\/li>\n<\/ul>[\/et_pb_text][\/et_pb_column][et_pb_column type=&#8220;1_4&#8243; _builder_version=&#8220;4.9.10&#8243; _module_preset=&#8220;default&#8220; global_colors_info=&#8220;{}&#8220;][\/et_pb_column][\/et_pb_row][\/et_pb_section][et_pb_section fb_built=&#8220;1&#8243; _builder_version=&#8220;4.9.10&#8243; _module_preset=&#8220;534b0480-ebfc-4f34-959c-de457c8ca269&#8243; global_colors_info=&#8220;{}&#8220;][et_pb_row column_structure=&#8220;1_4,3_4&#8243; _builder_version=&#8220;4.9.10&#8243; _module_preset=&#8220;default&#8220; animation_style=&#8220;slide&#8220; animation_direction=&#8220;left&#8220; animation_intensity_slide=&#8220;10%&#8220; global_colors_info=&#8220;{}&#8220;][et_pb_column type=&#8220;1_4&#8243; _builder_version=&#8220;4.9.10&#8243; _module_preset=&#8220;default&#8220; global_colors_info=&#8220;{}&#8220;][\/et_pb_column][et_pb_column type=&#8220;3_4&#8243; _builder_version=&#8220;4.9.10&#8243; _module_preset=&#8220;default&#8220; global_colors_info=&#8220;{}&#8220;][et_pb_text _builder_version=&#8220;4.9.10&#8243; _module_preset=&#8220;default&#8220; global_colors_info=&#8220;{}&#8220;]<h2><span style=\"color: #009fe3\">Welche Skills Deine Chancen weiter steigern<\/span><\/h2>[\/et_pb_text][et_pb_divider color=&#8220;#29c4a9&#8243; divider_weight=&#8220;4px&#8220; _builder_version=&#8220;4.9.10&#8243; _module_preset=&#8220;default&#8220; max_width=&#8220;40px&#8220; custom_margin=&#8220;||10px||false|false&#8220; global_module=&#8220;354&#8243; saved_tabs=&#8220;all&#8220; global_colors_info=&#8220;{}&#8220;][\/et_pb_divider][et_pb_text _builder_version=&#8220;4.9.10&#8243; _module_preset=&#8220;default&#8220; global_colors_info=&#8220;{}&#8220;]<div class=\"ecadia-page-text-content\">\n<ul>\n<li>Praktische Erfahrung in der Arbeit mit\n<ul>\n<li>GUI-Technologien (HTML, CSS, SCSS, JavaScript)<\/li>\n<\/ul>\n<\/li>\n<li>Englischkenntnisse<\/li>\n<li>Allgemeine Berufserfahrung<\/li>\n<\/ul>\n<\/div>[\/et_pb_text][\/et_pb_column][\/et_pb_row][\/et_pb_section][et_pb_section fb_built=&#8220;1&#8243; _builder_version=&#8220;4.9.10&#8243; _module_preset=&#8220;534b0480-ebfc-4f34-959c-de457c8ca269&#8243; global_colors_info=&#8220;{}&#8220;][et_pb_row _builder_version=&#8220;4.9.10&#8243; _module_preset=&#8220;default&#8220; global_colors_info=&#8220;{}&#8220;][et_pb_column type=&#8220;4_4&#8243; _builder_version=&#8220;4.9.10&#8243; _module_preset=&#8220;default&#8220; global_colors_info=&#8220;{}&#8220;][et_pb_divider _builder_version=&#8220;4.9.10&#8243; _module_preset=&#8220;9dc8fda6-104b-43bb-9cd0-018c0000d615&#8243; global_colors_info=&#8220;{}&#8220;][\/et_pb_divider][\/et_pb_column][\/et_pb_row][et_pb_row column_structure=&#8220;1_3,1_3,1_3&#8243; _builder_version=&#8220;4.9.10&#8243; _module_preset=&#8220;default&#8220; animation_style=&#8220;slide&#8220; animation_intensity_slide=&#8220;10%&#8220; global_colors_info=&#8220;{}&#8220;][et_pb_column type=&#8220;1_3&#8243; _builder_version=&#8220;4.9.10&#8243; _module_preset=&#8220;default&#8220; global_colors_info=&#8220;{}&#8220;][et_pb_cta title=&#8220;Erfahre mehr \u00fcber unsere Software cimoio&#8220; button_url=&#8220;https:\/\/www.cimoio.de\/cms\/startseite\/cimoio-und-module\/&#8220; url_new_window=&#8220;on&#8220; button_text=&#8220;Lies hier weiter&#8220; _builder_version=&#8220;4.9.10&#8243; _module_preset=&#8220;default&#8220; global_module=&#8220;335&#8243; saved_tabs=&#8220;all&#8220; global_colors_info=&#8220;{}&#8220;]<p><span>Hier erf\u00e4hrst Du alles \u00fcber den modularen Aufbau cimoios, wie unsere Kunden sich diese zusammensetzen k\u00f6nnen und wie wir uns zum Thema &#8222;LMS&#8220; vs &#8222;TMS&#8220; vs &#8222;LXP&#8220; positionieren.<\/span><\/p>\n[\/et_pb_cta][\/et_pb_column][et_pb_column type=&#8220;1_3&#8243; _builder_version=&#8220;4.9.10&#8243; _module_preset=&#8220;default&#8220; global_colors_info=&#8220;{}&#8220;][et_pb_cta title=&#8220;Erfahre mehr \u00fcber unsere weiteren Produkte&#8220; button_url=&#8220;@ET-DC@eyJkeW5hbWljIjp0cnVlLCJjb250ZW50IjoicG9zdF9saW5rX3VybF9wYWdlIiwic2V0dGluZ3MiOnsicG9zdF9pZCI6IjE4MiJ9fQ==@&#8220; url_new_window=&#8220;on&#8220; button_text=&#8220;Lies hier weiter&#8220; _builder_version=&#8220;4.9.10&#8243; _dynamic_attributes=&#8220;button_url&#8220; _module_preset=&#8220;default&#8220; global_module=&#8220;336&#8243; saved_tabs=&#8220;all&#8220; global_colors_info=&#8220;{}&#8220;]<p><span>Hier erf\u00e4hrst Du mehr dar\u00fcber, wie unser Portfolio \u00fcber cimoio hinausaufgestellt ist. So bekommst Du ein Gef\u00fchl daf\u00fcr, was wir alles machen au\u00dfer einer Standard-Software!<\/span><\/p>\n[\/et_pb_cta][\/et_pb_column][et_pb_column type=&#8220;1_3&#8243; _builder_version=&#8220;4.9.10&#8243; _module_preset=&#8220;default&#8220; global_colors_info=&#8220;{}&#8220;][et_pb_cta title=&#8220;Erfahre mehr \u00fcber unsere Services&#8220; button_url=&#8220;@ET-DC@eyJkeW5hbWljIjp0cnVlLCJjb250ZW50IjoicG9zdF9saW5rX3VybF9wYWdlIiwic2V0dGluZ3MiOnsicG9zdF9pZCI6IjE4MiJ9fQ==@&#8220; url_new_window=&#8220;on&#8220; button_text=&#8220;Lies hier weiter&#8220; _builder_version=&#8220;4.9.10&#8243; _dynamic_attributes=&#8220;button_url&#8220; _module_preset=&#8220;default&#8220; global_module=&#8220;338&#8243; saved_tabs=&#8220;all&#8220; global_colors_info=&#8220;{}&#8220;]<p><span>Wir machen mehr als eine Software programmieren. Unser Team besteht aus Kolleginnen und Kollegen, die ihre Kunden auch beraten, wie Sie ihre Aufgaben bew\u00e4ltigen mit cimoio.<\/span><\/p>\n[\/et_pb_cta][\/et_pb_column][\/et_pb_row][\/et_pb_section]\n\n","protected":false},"excerpt":{"rendered":"<p>Stellenausschreibung: Java-Entwickler (d\/w\/m)Bei der STL GmbH steht der Kunde und dessen Kunden im Fokus der Weiter-Entwicklung der Software cimoio. Deshalb ist unser Versprechen, dass Du nach Einstellung zuerst als Entwickler:in eingesetzt wirst, damit Du das System in- und auswendig kennenlernen kannst. Anschlie\u00dfend sammelst Du Erfahrung in der Entwicklung und Anwendung von cimoio. Solange, bis Du [&hellip;]<\/p>\n","protected":false},"author":3,"featured_media":0,"parent":277,"menu_order":1,"comment_status":"closed","ping_status":"closed","template":"","meta":{"_et_pb_use_builder":"on","_et_pb_old_content":"","_et_gb_content_width":"","inline_featured_image":false,"footnotes":""},"class_list":["post-284","page","type-page","status-publish","hentry"],"yoast_head":"<!-- This site is optimized with the Yoast SEO plugin v27.4 - https:\/\/yoast.com\/product\/yoast-seo-wordpress\/ -->\n<title>Job: Java-Entwickler | STL GmbH<\/title>\n<meta name=\"description\" content=\"Wir suchen einen erfahrenen Java Entwickler! Werden Sie Teil unseres Teams und arbeiten Sie an innovativen Projekten. Jetzt bewerben!\" \/>\n<meta name=\"robots\" content=\"index, follow, max-snippet:-1, max-image-preview:large, max-video-preview:-1\" \/>\n<link rel=\"canonical\" href=\"https:\/\/www.stl-software.de\/cms\/karriere-bei-der\/job-java-entwickler\/\" \/>\n<meta property=\"og:locale\" content=\"de_DE\" \/>\n<meta property=\"og:type\" content=\"article\" \/>\n<meta property=\"og:title\" content=\"Job: Java-Entwickler | STL GmbH\" \/>\n<meta property=\"og:description\" content=\"Wir suchen einen erfahrenen Java Entwickler! Werden Sie Teil unseres Teams und arbeiten Sie an innovativen Projekten. Jetzt bewerben!\" \/>\n<meta property=\"og:url\" content=\"https:\/\/www.stl-software.de\/cms\/karriere-bei-der\/job-java-entwickler\/\" \/>\n<meta property=\"og:site_name\" content=\"STL GmbH\" \/>\n<meta property=\"article:modified_time\" content=\"2023-09-12T15:51:24+00:00\" \/>\n<meta name=\"twitter:card\" content=\"summary_large_image\" \/>\n<script type=\"application\/ld+json\" class=\"yoast-schema-graph\">{\"@context\":\"https:\\\/\\\/schema.org\",\"@graph\":[{\"@type\":\"WebPage\",\"@id\":\"https:\\\/\\\/www.stl-software.de\\\/cms\\\/karriere-bei-der\\\/job-java-entwickler\\\/\",\"url\":\"https:\\\/\\\/www.stl-software.de\\\/cms\\\/karriere-bei-der\\\/job-java-entwickler\\\/\",\"name\":\"Job: Java-Entwickler | STL GmbH\",\"isPartOf\":{\"@id\":\"https:\\\/\\\/www.stl-software.de\\\/cms\\\/#website\"},\"datePublished\":\"2021-11-15T17:01:28+00:00\",\"dateModified\":\"2023-09-12T15:51:24+00:00\",\"description\":\"Wir suchen einen erfahrenen Java Entwickler! Werden Sie Teil unseres Teams und arbeiten Sie an innovativen Projekten. Jetzt bewerben!\",\"breadcrumb\":{\"@id\":\"https:\\\/\\\/www.stl-software.de\\\/cms\\\/karriere-bei-der\\\/job-java-entwickler\\\/#breadcrumb\"},\"inLanguage\":\"de\",\"potentialAction\":[{\"@type\":\"ReadAction\",\"target\":[\"https:\\\/\\\/www.stl-software.de\\\/cms\\\/karriere-bei-der\\\/job-java-entwickler\\\/\"]}]},{\"@type\":\"BreadcrumbList\",\"@id\":\"https:\\\/\\\/www.stl-software.de\\\/cms\\\/karriere-bei-der\\\/job-java-entwickler\\\/#breadcrumb\",\"itemListElement\":[{\"@type\":\"ListItem\",\"position\":1,\"name\":\"Startseite\",\"item\":\"https:\\\/\\\/www.stl-software.de\\\/cms\\\/\"},{\"@type\":\"ListItem\",\"position\":2,\"name\":\"Karriere bei der\",\"item\":\"https:\\\/\\\/www.stl-software.de\\\/cms\\\/karriere-bei-der\\\/\"},{\"@type\":\"ListItem\",\"position\":3,\"name\":\"Job: Java-Entwickler\"}]},{\"@type\":\"WebSite\",\"@id\":\"https:\\\/\\\/www.stl-software.de\\\/cms\\\/#website\",\"url\":\"https:\\\/\\\/www.stl-software.de\\\/cms\\\/\",\"name\":\"STL GmbH\",\"description\":\"Die Firma, die das LMS cimoio entwickelt hat\",\"potentialAction\":[{\"@type\":\"SearchAction\",\"target\":{\"@type\":\"EntryPoint\",\"urlTemplate\":\"https:\\\/\\\/www.stl-software.de\\\/cms\\\/?s={search_term_string}\"},\"query-input\":{\"@type\":\"PropertyValueSpecification\",\"valueRequired\":true,\"valueName\":\"search_term_string\"}}],\"inLanguage\":\"de\"}]}<\/script>\n<!-- \/ Yoast SEO plugin. -->","yoast_head_json":{"title":"Job: Java-Entwickler | STL GmbH","description":"Wir suchen einen erfahrenen Java Entwickler! Werden Sie Teil unseres Teams und arbeiten Sie an innovativen Projekten. Jetzt bewerben!","robots":{"index":"index","follow":"follow","max-snippet":"max-snippet:-1","max-image-preview":"max-image-preview:large","max-video-preview":"max-video-preview:-1"},"canonical":"https:\/\/www.stl-software.de\/cms\/karriere-bei-der\/job-java-entwickler\/","og_locale":"de_DE","og_type":"article","og_title":"Job: Java-Entwickler | STL GmbH","og_description":"Wir suchen einen erfahrenen Java Entwickler! Werden Sie Teil unseres Teams und arbeiten Sie an innovativen Projekten. Jetzt bewerben!","og_url":"https:\/\/www.stl-software.de\/cms\/karriere-bei-der\/job-java-entwickler\/","og_site_name":"STL GmbH","article_modified_time":"2023-09-12T15:51:24+00:00","twitter_card":"summary_large_image","schema":{"@context":"https:\/\/schema.org","@graph":[{"@type":"WebPage","@id":"https:\/\/www.stl-software.de\/cms\/karriere-bei-der\/job-java-entwickler\/","url":"https:\/\/www.stl-software.de\/cms\/karriere-bei-der\/job-java-entwickler\/","name":"Job: Java-Entwickler | STL GmbH","isPartOf":{"@id":"https:\/\/www.stl-software.de\/cms\/#website"},"datePublished":"2021-11-15T17:01:28+00:00","dateModified":"2023-09-12T15:51:24+00:00","description":"Wir suchen einen erfahrenen Java Entwickler! Werden Sie Teil unseres Teams und arbeiten Sie an innovativen Projekten. Jetzt bewerben!","breadcrumb":{"@id":"https:\/\/www.stl-software.de\/cms\/karriere-bei-der\/job-java-entwickler\/#breadcrumb"},"inLanguage":"de","potentialAction":[{"@type":"ReadAction","target":["https:\/\/www.stl-software.de\/cms\/karriere-bei-der\/job-java-entwickler\/"]}]},{"@type":"BreadcrumbList","@id":"https:\/\/www.stl-software.de\/cms\/karriere-bei-der\/job-java-entwickler\/#breadcrumb","itemListElement":[{"@type":"ListItem","position":1,"name":"Startseite","item":"https:\/\/www.stl-software.de\/cms\/"},{"@type":"ListItem","position":2,"name":"Karriere bei der","item":"https:\/\/www.stl-software.de\/cms\/karriere-bei-der\/"},{"@type":"ListItem","position":3,"name":"Job: Java-Entwickler"}]},{"@type":"WebSite","@id":"https:\/\/www.stl-software.de\/cms\/#website","url":"https:\/\/www.stl-software.de\/cms\/","name":"STL GmbH","description":"Die Firma, die das LMS cimoio entwickelt hat","potentialAction":[{"@type":"SearchAction","target":{"@type":"EntryPoint","urlTemplate":"https:\/\/www.stl-software.de\/cms\/?s={search_term_string}"},"query-input":{"@type":"PropertyValueSpecification","valueRequired":true,"valueName":"search_term_string"}}],"inLanguage":"de"}]}},"_links":{"self":[{"href":"https:\/\/www.stl-software.de\/cms\/wp-json\/wp\/v2\/pages\/284","targetHints":{"allow":["GET"]}}],"collection":[{"href":"https:\/\/www.stl-software.de\/cms\/wp-json\/wp\/v2\/pages"}],"about":[{"href":"https:\/\/www.stl-software.de\/cms\/wp-json\/wp\/v2\/types\/page"}],"author":[{"embeddable":true,"href":"https:\/\/www.stl-software.de\/cms\/wp-json\/wp\/v2\/users\/3"}],"replies":[{"embeddable":true,"href":"https:\/\/www.stl-software.de\/cms\/wp-json\/wp\/v2\/comments?post=284"}],"version-history":[{"count":14,"href":"https:\/\/www.stl-software.de\/cms\/wp-json\/wp\/v2\/pages\/284\/revisions"}],"predecessor-version":[{"id":1340,"href":"https:\/\/www.stl-software.de\/cms\/wp-json\/wp\/v2\/pages\/284\/revisions\/1340"}],"up":[{"embeddable":true,"href":"https:\/\/www.stl-software.de\/cms\/wp-json\/wp\/v2\/pages\/277"}],"wp:attachment":[{"href":"https:\/\/www.stl-software.de\/cms\/wp-json\/wp\/v2\/media?parent=284"}],"curies":[{"name":"wp","href":"https:\/\/api.w.org\/{rel}","templated":true}]}}