{"id":265,"date":"2021-11-15T15:28:23","date_gmt":"2021-11-15T14:28:23","guid":{"rendered":"https:\/\/www.stl-software.de\/cms\/?page_id=265"},"modified":"2024-09-23T11:21:22","modified_gmt":"2024-09-23T09:21:22","slug":"unsere-kunden","status":"publish","type":"page","link":"https:\/\/www.stl-software.de\/cms\/unsere-kunden\/","title":{"rendered":"Unsere Kunden"},"content":{"rendered":"\n\n[et_pb_section fb_built=&#8220;1&#8243; _builder_version=&#8220;4.16&#8243; _module_preset=&#8220;753eb255-b498-452c-9075-9b40b679d3b4&#8243; global_colors_info=&#8220;{}&#8220;][et_pb_row _builder_version=&#8220;4.16&#8243; _module_preset=&#8220;default&#8220; animation_style=&#8220;slide&#8220; animation_intensity_slide=&#8220;10%&#8220; global_colors_info=&#8220;{}&#8220;][et_pb_column type=&#8220;4_4&#8243; _builder_version=&#8220;4.16&#8243; _module_preset=&#8220;default&#8220; global_colors_info=&#8220;{}&#8220;][et_pb_text _builder_version=&#8220;4.16&#8243; _module_preset=&#8220;b9bb25d6-91bf-4e23-95cd-4a9e00f511ab&#8220; global_colors_info=&#8220;{}&#8220;]<h1>Unsere Kunden<\/h1>[\/et_pb_text][et_pb_divider color=&#8220;#29c4a9&#8243; divider_weight=&#8220;4px&#8220; _builder_version=&#8220;4.9.10&#8243; _module_preset=&#8220;default&#8220; max_width=&#8220;40px&#8220; custom_margin=&#8220;||10px||false|false&#8220; global_module=&#8220;354&#8243; saved_tabs=&#8220;all&#8220; global_colors_info=&#8220;{}&#8220;][\/et_pb_divider][et_pb_text _builder_version=&#8220;4.20.4&#8243; _module_preset=&#8220;b9bb25d6-91bf-4e23-95cd-4a9e00f511ab&#8220; hover_enabled=&#8220;0&#8243; global_colors_info=&#8220;{}&#8220; sticky_enabled=&#8220;0&#8243;]<p>Die verschiedenen Nutzergruppen der STL-Software GmbH benutzen eine Version von cimoio oder ein Zusammenarbeitsmodell von einem unserer Partner.<\/p>[\/et_pb_text][\/et_pb_column][\/et_pb_row][\/et_pb_section][et_pb_section fb_built=&#8220;1&#8243; _builder_version=&#8220;4.16&#8243; _module_preset=&#8220;534b0480-ebfc-4f34-959c-de457c8ca269&#8243; global_colors_info=&#8220;{}&#8220;][et_pb_row column_structure=&#8220;1_4,3_4&#8243; _builder_version=&#8220;4.16&#8243; _module_preset=&#8220;default&#8220; animation_style=&#8220;slide&#8220; animation_direction=&#8220;left&#8220; animation_intensity_slide=&#8220;10%&#8220; global_colors_info=&#8220;{}&#8220;][et_pb_column type=&#8220;1_4&#8243; _builder_version=&#8220;4.16&#8243; _module_preset=&#8220;default&#8220; global_colors_info=&#8220;{}&#8220;][\/et_pb_column][et_pb_column type=&#8220;3_4&#8243; _builder_version=&#8220;4.16&#8243; _module_preset=&#8220;default&#8220; global_colors_info=&#8220;{}&#8220;][et_pb_text _builder_version=&#8220;4.16&#8243; _module_preset=&#8220;default&#8220; global_colors_info=&#8220;{}&#8220;]<h2>cimoio &#8211; Anwender<\/h2>[\/et_pb_text][et_pb_divider color=&#8220;#29c4a9&#8243; divider_weight=&#8220;4px&#8220; _builder_version=&#8220;4.9.10&#8243; _module_preset=&#8220;default&#8220; max_width=&#8220;40px&#8220; custom_margin=&#8220;||10px||false|false&#8220; global_module=&#8220;354&#8243; saved_tabs=&#8220;all&#8220; global_colors_info=&#8220;{}&#8220;][\/et_pb_divider][et_pb_text _builder_version=&#8220;4.16&#8243; _module_preset=&#8220;default&#8220; global_colors_info=&#8220;{}&#8220;]<p><a href=\"https:\/\/www.cimoio.de\/cms\/\" target=\"_blank\" rel=\"noopener\" title=\"Website des Softwareprodukts cimoio\">cimoio<\/a> in Reinform wird von verschiedenen Kunden genutzt: Weltumspannende Konzerne, regional agierende Akademien sowie lokal fokussierte kleine und mittelst\u00e4ndische Unternehmen. Was Sie alle gemeinsam haben? Es war ihnen wichtig, ein flexibles und modernes Software-Tool f\u00fcr ihre Trainingsaktivit\u00e4ten zu haben, dass in allen Situationen, so zum Beispiel der Corona-Pandemie schnell und flexibel auf \u00c4nderungen ihrer Anforderungen reagiert. Wir haben <a href=\"https:\/\/www.cimoio.de\/cms\/erfolgsgeschichten\/\" target=\"_blank\" rel=\"noopener\" title=\"Erfolgsgeschichten f\u00fcr die Software cimoio\">hier die ersten Kundenstimmen<\/a> f\u00fcr Sie zusammengestellt &#8211; nach und nach werden weitere folgen.<\/p>[\/et_pb_text][\/et_pb_column][\/et_pb_row][\/et_pb_section][et_pb_section fb_built=&#8220;1&#8243; _builder_version=&#8220;4.16&#8243; _module_preset=&#8220;753eb255-b498-452c-9075-9b40b679d3b4&#8243; global_colors_info=&#8220;{}&#8220;][et_pb_row column_structure=&#8220;3_4,1_4&#8243; _builder_version=&#8220;4.16&#8243; _module_preset=&#8220;default&#8220; animation_style=&#8220;slide&#8220; animation_direction=&#8220;right&#8220; animation_intensity_slide=&#8220;10%&#8220; global_colors_info=&#8220;{}&#8220;][et_pb_column type=&#8220;3_4&#8243; _builder_version=&#8220;4.16&#8243; _module_preset=&#8220;default&#8220; global_colors_info=&#8220;{}&#8220;][et_pb_text _builder_version=&#8220;4.16&#8243; _module_preset=&#8220;b9bb25d6-91bf-4e23-95cd-4a9e00f511ab&#8220; global_colors_info=&#8220;{}&#8220;]<h2>qamaas &#8211; Nutzer<\/h2>[\/et_pb_text][et_pb_divider color=&#8220;#29c4a9&#8243; divider_weight=&#8220;4px&#8220; _builder_version=&#8220;4.9.10&#8243; _module_preset=&#8220;default&#8220; max_width=&#8220;40px&#8220; custom_margin=&#8220;||10px||false|false&#8220; global_module=&#8220;354&#8243; saved_tabs=&#8220;all&#8220; global_colors_info=&#8220;{}&#8220;][\/et_pb_divider][et_pb_text _builder_version=&#8220;4.16&#8243; _module_preset=&#8220;b9bb25d6-91bf-4e23-95cd-4a9e00f511ab&#8220; global_colors_info=&#8220;{}&#8220;]<p>Wir sind dabei, die Referenzen f\u00fcr qamaas zusammenzutragen und aufzubereiten. Diese werden hier eingestellt, sobald wir soweit sind!<\/p>[\/et_pb_text][\/et_pb_column][et_pb_column type=&#8220;1_4&#8243; _builder_version=&#8220;4.16&#8243; _module_preset=&#8220;default&#8220; global_colors_info=&#8220;{}&#8220;][\/et_pb_column][\/et_pb_row][\/et_pb_section][et_pb_section fb_built=&#8220;1&#8243; _builder_version=&#8220;4.16&#8243; _module_preset=&#8220;534b0480-ebfc-4f34-959c-de457c8ca269&#8243; global_colors_info=&#8220;{}&#8220;][et_pb_row column_structure=&#8220;1_4,3_4&#8243; _builder_version=&#8220;4.16&#8243; _module_preset=&#8220;default&#8220; animation_style=&#8220;slide&#8220; animation_direction=&#8220;left&#8220; animation_intensity_slide=&#8220;10%&#8220; global_colors_info=&#8220;{}&#8220;][et_pb_column type=&#8220;1_4&#8243; _builder_version=&#8220;4.16&#8243; _module_preset=&#8220;default&#8220; global_colors_info=&#8220;{}&#8220;][\/et_pb_column][et_pb_column type=&#8220;3_4&#8243; _builder_version=&#8220;4.16&#8243; _module_preset=&#8220;default&#8220; global_colors_info=&#8220;{}&#8220;][et_pb_text _builder_version=&#8220;4.16&#8243; _module_preset=&#8220;default&#8220; global_colors_info=&#8220;{}&#8220;]<h2>MTS &#8211; Managed Training Services<\/h2>[\/et_pb_text][et_pb_divider color=&#8220;#29c4a9&#8243; divider_weight=&#8220;4px&#8220; _builder_version=&#8220;4.9.10&#8243; _module_preset=&#8220;default&#8220; max_width=&#8220;40px&#8220; custom_margin=&#8220;||10px||false|false&#8220; global_module=&#8220;354&#8243; saved_tabs=&#8220;all&#8220; global_colors_info=&#8220;{}&#8220;][\/et_pb_divider][et_pb_text _builder_version=&#8220;4.16&#8243; _module_preset=&#8220;default&#8220; global_colors_info=&#8220;{}&#8220;]<p>MTS Kunden sind zuerst Kunden des mit uns zusammenarbeitenden Unternehmens und erst in zweiter Instanz auch Kunden der Software cimoio. Daher ist die Absprache der Referenzen in diesem Umfeld komplex. Zu gegebener Zeit werden wir Ihnen auch hier Referenzen bereitstellen.<\/p>[\/et_pb_text][\/et_pb_column][\/et_pb_row][\/et_pb_section][et_pb_section fb_built=&#8220;1&#8243; _builder_version=&#8220;4.16&#8243; _module_preset=&#8220;534b0480-ebfc-4f34-959c-de457c8ca269&#8243; global_colors_info=&#8220;{}&#8220;][et_pb_row _builder_version=&#8220;4.16&#8243; _module_preset=&#8220;default&#8220; global_colors_info=&#8220;{}&#8220;][et_pb_column type=&#8220;4_4&#8243; _builder_version=&#8220;4.16&#8243; _module_preset=&#8220;default&#8220; global_colors_info=&#8220;{}&#8220;][et_pb_divider color=&#8220;#009fe3&#8243; _builder_version=&#8220;4.16&#8243; _module_preset=&#8220;default&#8220; global_colors_info=&#8220;{}&#8220;][\/et_pb_divider][\/et_pb_column][\/et_pb_row][et_pb_row column_structure=&#8220;1_3,1_3,1_3&#8243; _builder_version=&#8220;4.16&#8243; _module_preset=&#8220;default&#8220; animation_style=&#8220;slide&#8220; animation_intensity_slide=&#8220;10%&#8220; global_colors_info=&#8220;{}&#8220;][et_pb_column type=&#8220;1_3&#8243; _builder_version=&#8220;4.16&#8243; _module_preset=&#8220;default&#8220; global_colors_info=&#8220;{}&#8220;][et_pb_cta title=&#8220;Schon unsere Produkte gesehen?&#8220; button_url=&#8220;@ET-DC@eyJkeW5hbWljIjp0cnVlLCJjb250ZW50IjoicG9zdF9saW5rX3VybF9wYWdlIiwic2V0dGluZ3MiOnsicG9zdF9pZCI6IjE4MiJ9fQ==@&#8220; button_text=&#8220;Lesen Sie mehr&#8220; _builder_version=&#8220;4.9.10&#8243; _dynamic_attributes=&#8220;button_url&#8220; _module_preset=&#8220;545dde89-ea91-4fb4-b13d-f0f53518a37d&#8220; global_module=&#8220;320&#8243; saved_tabs=&#8220;all&#8220; global_colors_info=&#8220;{}&#8220;]<p>Wir bieten auch verschiedene Softwareprodukte und L\u00f6sungen an &#8211; Details dazu haben wir hier zusammengefasst:<\/p>\n[\/et_pb_cta][\/et_pb_column][et_pb_column type=&#8220;1_3&#8243; _builder_version=&#8220;4.16&#8243; _module_preset=&#8220;default&#8220; global_colors_info=&#8220;{}&#8220;][et_pb_cta title=&#8220;Ben\u00f6tigen Sie auch Services?&#8220; button_url=&#8220;@ET-DC@eyJkeW5hbWljIjp0cnVlLCJjb250ZW50IjoicG9zdF9saW5rX3VybF9wYWdlIiwic2V0dGluZ3MiOnsicG9zdF9pZCI6IjI1NCJ9fQ==@&#8220; button_text=&#8220;Lesen Sie mehr&#8220; _builder_version=&#8220;4.9.10&#8243; _dynamic_attributes=&#8220;button_url&#8220; _module_preset=&#8220;default&#8220; global_module=&#8220;306&#8243; saved_tabs=&#8220;all&#8220; global_colors_info=&#8220;{}&#8220;]<p>Wenn Sie au\u00dfer einem Tool auch Services rund um ihr Trainingsgesch\u00e4ft ben\u00f6tigen, finden Sie hier mehr Informationen!<\/p>\n[\/et_pb_cta][\/et_pb_column][et_pb_column type=&#8220;1_3&#8243; _builder_version=&#8220;4.16&#8243; _module_preset=&#8220;default&#8220; global_colors_info=&#8220;{}&#8220;][et_pb_cta title=&#8220;Informationsmaterial gesucht?&#8220; button_url=&#8220;https:\/\/www.stl-software.de\/stlEcadia\/action?securedGetRequest_const=MAQya5iDsoxMX932IWUQnmQaK0uvaHA-Ymf1QhsnGryyRHGzPVqUPlwmKf1H3MJ0pfWe6j8yyUvMngRmr6AMBBVQVbY4geNzShU8GXcguxJigJ_7qhpI11TjrMCU7gAsJ7CPmx_Ux6MOeygaLI3vEw&#8220; button_text=&#8220;Lesen Sie mehr&#8220; _builder_version=&#8220;4.9.10&#8243; _module_preset=&#8220;default&#8220; global_module=&#8220;314&#8243; global_colors_info=&#8220;{}&#8220;]<p>Von Administrations- bis Anwendertrainings, Videos zur Erkl\u00e4rung des Tools cimoio bis Webinarterminen finden Sie hier.<\/p>\n[\/et_pb_cta][\/et_pb_column][\/et_pb_row][\/et_pb_section]\n\n","protected":false},"excerpt":{"rendered":"<p>Unsere KundenDie verschiedenen Nutzergruppen der STL-Software GmbH benutzen eine Version von cimoio oder ein Zusammenarbeitsmodell von einem unserer Partner.cimoio &#8211; Anwendercimoio in Reinform wird von verschiedenen Kunden genutzt: Weltumspannende Konzerne, regional agierende Akademien sowie lokal fokussierte kleine und mittelst\u00e4ndische Unternehmen. Was Sie alle gemeinsam haben? Es war ihnen wichtig, ein flexibles und modernes Software-Tool f\u00fcr [&hellip;]<\/p>\n","protected":false},"author":3,"featured_media":0,"parent":0,"menu_order":40,"comment_status":"closed","ping_status":"closed","template":"","meta":{"_et_pb_use_builder":"on","_et_pb_old_content":"","_et_gb_content_width":"","inline_featured_image":false,"footnotes":""},"class_list":["post-265","page","type-page","status-publish","hentry"],"yoast_head":"<!-- This site is optimized with the Yoast SEO plugin v27.4 - https:\/\/yoast.com\/product\/yoast-seo-wordpress\/ -->\n<title>Unsere Kunden | STL GmbH<\/title>\n<meta name=\"description\" content=\"Die Kunden der STL Software GmbH benutzen cimoio oder ein Partnermodell - f\u00fcr jeden das passende L\u00f6sung. Jetzt informieren!\" \/>\n<meta name=\"robots\" content=\"index, follow, max-snippet:-1, max-image-preview:large, max-video-preview:-1\" \/>\n<link rel=\"canonical\" href=\"https:\/\/www.stl-software.de\/cms\/unsere-kunden\/\" \/>\n<meta property=\"og:locale\" content=\"de_DE\" \/>\n<meta property=\"og:type\" content=\"article\" \/>\n<meta property=\"og:title\" content=\"Unsere Kunden | STL GmbH\" \/>\n<meta property=\"og:description\" content=\"Die Kunden der STL Software GmbH benutzen cimoio oder ein Partnermodell - f\u00fcr jeden das passende L\u00f6sung. Jetzt informieren!\" \/>\n<meta property=\"og:url\" content=\"https:\/\/www.stl-software.de\/cms\/unsere-kunden\/\" \/>\n<meta property=\"og:site_name\" content=\"STL GmbH\" \/>\n<meta property=\"article:modified_time\" content=\"2024-09-23T09:21:22+00:00\" \/>\n<meta name=\"twitter:card\" content=\"summary_large_image\" \/>\n<script type=\"application\/ld+json\" class=\"yoast-schema-graph\">{\"@context\":\"https:\\\/\\\/schema.org\",\"@graph\":[{\"@type\":\"WebPage\",\"@id\":\"https:\\\/\\\/www.stl-software.de\\\/cms\\\/unsere-kunden\\\/\",\"url\":\"https:\\\/\\\/www.stl-software.de\\\/cms\\\/unsere-kunden\\\/\",\"name\":\"Unsere Kunden | STL GmbH\",\"isPartOf\":{\"@id\":\"https:\\\/\\\/www.stl-software.de\\\/cms\\\/#website\"},\"datePublished\":\"2021-11-15T14:28:23+00:00\",\"dateModified\":\"2024-09-23T09:21:22+00:00\",\"description\":\"Die Kunden der STL Software GmbH benutzen cimoio oder ein Partnermodell - f\u00fcr jeden das passende L\u00f6sung. Jetzt informieren!\",\"breadcrumb\":{\"@id\":\"https:\\\/\\\/www.stl-software.de\\\/cms\\\/unsere-kunden\\\/#breadcrumb\"},\"inLanguage\":\"de\",\"potentialAction\":[{\"@type\":\"ReadAction\",\"target\":[\"https:\\\/\\\/www.stl-software.de\\\/cms\\\/unsere-kunden\\\/\"]}]},{\"@type\":\"BreadcrumbList\",\"@id\":\"https:\\\/\\\/www.stl-software.de\\\/cms\\\/unsere-kunden\\\/#breadcrumb\",\"itemListElement\":[{\"@type\":\"ListItem\",\"position\":1,\"name\":\"Startseite\",\"item\":\"https:\\\/\\\/www.stl-software.de\\\/cms\\\/\"},{\"@type\":\"ListItem\",\"position\":2,\"name\":\"Unsere Kunden\"}]},{\"@type\":\"WebSite\",\"@id\":\"https:\\\/\\\/www.stl-software.de\\\/cms\\\/#website\",\"url\":\"https:\\\/\\\/www.stl-software.de\\\/cms\\\/\",\"name\":\"STL GmbH\",\"description\":\"Die Firma, die das LMS cimoio entwickelt hat\",\"potentialAction\":[{\"@type\":\"SearchAction\",\"target\":{\"@type\":\"EntryPoint\",\"urlTemplate\":\"https:\\\/\\\/www.stl-software.de\\\/cms\\\/?s={search_term_string}\"},\"query-input\":{\"@type\":\"PropertyValueSpecification\",\"valueRequired\":true,\"valueName\":\"search_term_string\"}}],\"inLanguage\":\"de\"}]}<\/script>\n<!-- \/ Yoast SEO plugin. -->","yoast_head_json":{"title":"Unsere Kunden | STL GmbH","description":"Die Kunden der STL Software GmbH benutzen cimoio oder ein Partnermodell - f\u00fcr jeden das passende L\u00f6sung. Jetzt informieren!","robots":{"index":"index","follow":"follow","max-snippet":"max-snippet:-1","max-image-preview":"max-image-preview:large","max-video-preview":"max-video-preview:-1"},"canonical":"https:\/\/www.stl-software.de\/cms\/unsere-kunden\/","og_locale":"de_DE","og_type":"article","og_title":"Unsere Kunden | STL GmbH","og_description":"Die Kunden der STL Software GmbH benutzen cimoio oder ein Partnermodell - f\u00fcr jeden das passende L\u00f6sung. Jetzt informieren!","og_url":"https:\/\/www.stl-software.de\/cms\/unsere-kunden\/","og_site_name":"STL GmbH","article_modified_time":"2024-09-23T09:21:22+00:00","twitter_card":"summary_large_image","schema":{"@context":"https:\/\/schema.org","@graph":[{"@type":"WebPage","@id":"https:\/\/www.stl-software.de\/cms\/unsere-kunden\/","url":"https:\/\/www.stl-software.de\/cms\/unsere-kunden\/","name":"Unsere Kunden | STL GmbH","isPartOf":{"@id":"https:\/\/www.stl-software.de\/cms\/#website"},"datePublished":"2021-11-15T14:28:23+00:00","dateModified":"2024-09-23T09:21:22+00:00","description":"Die Kunden der STL Software GmbH benutzen cimoio oder ein Partnermodell - f\u00fcr jeden das passende L\u00f6sung. Jetzt informieren!","breadcrumb":{"@id":"https:\/\/www.stl-software.de\/cms\/unsere-kunden\/#breadcrumb"},"inLanguage":"de","potentialAction":[{"@type":"ReadAction","target":["https:\/\/www.stl-software.de\/cms\/unsere-kunden\/"]}]},{"@type":"BreadcrumbList","@id":"https:\/\/www.stl-software.de\/cms\/unsere-kunden\/#breadcrumb","itemListElement":[{"@type":"ListItem","position":1,"name":"Startseite","item":"https:\/\/www.stl-software.de\/cms\/"},{"@type":"ListItem","position":2,"name":"Unsere Kunden"}]},{"@type":"WebSite","@id":"https:\/\/www.stl-software.de\/cms\/#website","url":"https:\/\/www.stl-software.de\/cms\/","name":"STL GmbH","description":"Die Firma, die das LMS cimoio entwickelt hat","potentialAction":[{"@type":"SearchAction","target":{"@type":"EntryPoint","urlTemplate":"https:\/\/www.stl-software.de\/cms\/?s={search_term_string}"},"query-input":{"@type":"PropertyValueSpecification","valueRequired":true,"valueName":"search_term_string"}}],"inLanguage":"de"}]}},"_links":{"self":[{"href":"https:\/\/www.stl-software.de\/cms\/wp-json\/wp\/v2\/pages\/265","targetHints":{"allow":["GET"]}}],"collection":[{"href":"https:\/\/www.stl-software.de\/cms\/wp-json\/wp\/v2\/pages"}],"about":[{"href":"https:\/\/www.stl-software.de\/cms\/wp-json\/wp\/v2\/types\/page"}],"author":[{"embeddable":true,"href":"https:\/\/www.stl-software.de\/cms\/wp-json\/wp\/v2\/users\/3"}],"replies":[{"embeddable":true,"href":"https:\/\/www.stl-software.de\/cms\/wp-json\/wp\/v2\/comments?post=265"}],"version-history":[{"count":18,"href":"https:\/\/www.stl-software.de\/cms\/wp-json\/wp\/v2\/pages\/265\/revisions"}],"predecessor-version":[{"id":1515,"href":"https:\/\/www.stl-software.de\/cms\/wp-json\/wp\/v2\/pages\/265\/revisions\/1515"}],"wp:attachment":[{"href":"https:\/\/www.stl-software.de\/cms\/wp-json\/wp\/v2\/media?parent=265"}],"curies":[{"name":"wp","href":"https:\/\/api.w.org\/{rel}","templated":true}]}}