{"id":254,"date":"2021-11-15T14:46:43","date_gmt":"2021-11-15T13:46:43","guid":{"rendered":"https:\/\/www.stl-software.de\/cms\/?page_id=254"},"modified":"2025-07-09T15:25:15","modified_gmt":"2025-07-09T13:25:15","slug":"services-der-stl-gmbh","status":"publish","type":"page","link":"https:\/\/www.stl-software.de\/cms\/services-der-stl-gmbh\/","title":{"rendered":"Services der STL GmbH"},"content":{"rendered":"<p>[et_pb_section fb_built=&#8220;1&#8243; _builder_version=&#8220;4.16&#8243; _module_preset=&#8220;753eb255-b498-452c-9075-9b40b679d3b4&#8243; global_colors_info=&#8220;{}&#8220;][et_pb_row _builder_version=&#8220;4.16&#8243; _module_preset=&#8220;default&#8220; animation_style=&#8220;slide&#8220; animation_intensity_slide=&#8220;10%&#8220; global_colors_info=&#8220;{}&#8220;][et_pb_column type=&#8220;4_4&#8243; _builder_version=&#8220;4.16&#8243; _module_preset=&#8220;default&#8220; global_colors_info=&#8220;{}&#8220;][et_pb_text _builder_version=&#8220;4.16&#8243; _module_preset=&#8220;b9bb25d6-91bf-4e23-95cd-4a9e00f511ab&#8220; custom_padding=&#8220;||3px|||&#8220; global_colors_info=&#8220;{}&#8220;]<\/p>\n<h1>STL Services<\/h1>\n<p>[\/et_pb_text][et_pb_divider color=&#8220;#29c4a9&#8243; divider_weight=&#8220;4px&#8220; _builder_version=&#8220;4.9.10&#8243; _module_preset=&#8220;default&#8220; max_width=&#8220;40px&#8220; custom_margin=&#8220;||10px||false|false&#8220; global_module=&#8220;354&#8243; saved_tabs=&#8220;all&#8220; global_colors_info=&#8220;{}&#8220;][\/et_pb_divider][et_pb_text _builder_version=&#8220;4.22.1&#8243; _module_preset=&#8220;b9bb25d6-91bf-4e23-95cd-4a9e00f511ab&#8220; hover_enabled=&#8220;0&#8243; global_colors_info=&#8220;{}&#8220; sticky_enabled=&#8220;0&#8243;]<\/p>\n<p>Die STL GmbH bietet Ihnen von strategischer Beratung zu ihren Bildungsprozessen \u00fcber operativen Support bei der Umsetzung jede erdenkliche Hilfe. Passgenaue Trainings runden das Bild ab. Auch auf technischer Ebene bieten wir Ihnen weitere Dienstleistungen. Beispielsweise die Bereitstellung und Betreuung von den technischen Ebenen bis hin zur Hardware, die zum Betrieb von cimoio notwendig sind.<\/p>\n<p>[\/et_pb_text][\/et_pb_column][\/et_pb_row][\/et_pb_section][et_pb_section fb_built=&#8220;1&#8243; _builder_version=&#8220;4.16&#8243; _module_preset=&#8220;534b0480-ebfc-4f34-959c-de457c8ca269&#8243; global_colors_info=&#8220;{}&#8220;][et_pb_row column_structure=&#8220;1_4,3_4&#8243; _builder_version=&#8220;4.16&#8243; _module_preset=&#8220;default&#8220; animation_style=&#8220;slide&#8220; animation_direction=&#8220;left&#8220; animation_intensity_slide=&#8220;10%&#8220; global_colors_info=&#8220;{}&#8220;][et_pb_column type=&#8220;1_4&#8243; _builder_version=&#8220;4.16&#8243; _module_preset=&#8220;default&#8220; global_colors_info=&#8220;{}&#8220;][\/et_pb_column][et_pb_column type=&#8220;3_4&#8243; _builder_version=&#8220;4.16&#8243; _module_preset=&#8220;default&#8220; global_colors_info=&#8220;{}&#8220;][et_pb_text _builder_version=&#8220;4.16&#8243; _module_preset=&#8220;default&#8220; global_colors_info=&#8220;{}&#8220;]<\/p>\n<h2>Digitalisierungs-Beratung<\/h2>\n<p>[\/et_pb_text][et_pb_divider color=&#8220;#29c4a9&#8243; divider_weight=&#8220;4px&#8220; _builder_version=&#8220;4.9.10&#8243; _module_preset=&#8220;default&#8220; max_width=&#8220;40px&#8220; custom_margin=&#8220;||10px||false|false&#8220; global_module=&#8220;354&#8243; saved_tabs=&#8220;all&#8220; global_colors_info=&#8220;{}&#8220;][\/et_pb_divider][et_pb_text _builder_version=&#8220;4.16&#8243; _module_preset=&#8220;default&#8220; global_colors_info=&#8220;{}&#8220;]<\/p>\n<p>Ihr Unternehmen hat die strategische Entscheidung getroffen, Trainings zeitgem\u00e4\u00df digitaler zu gestalten und sie stehen jetzt vor der Aufgabe, diese Strategie umsetzen zu m\u00fcssen? Dann sind Sie bei uns richtig: unsere Berater:innen haben jahrelange Erfahrung in der Umsetzung einer Digitalisierungsstrategie im Bereich Lernen. Von der Einf\u00fchrung einer Seminarverwaltungssoftware \u00fcber die Implementierung von den dazu passenden Prozessen bis zur Einbettung in ihre IT-Landschaft.<\/p>\n<p>[\/et_pb_text][\/et_pb_column][\/et_pb_row][\/et_pb_section][et_pb_section fb_built=&#8220;1&#8243; _builder_version=&#8220;4.16&#8243; _module_preset=&#8220;753eb255-b498-452c-9075-9b40b679d3b4&#8243; global_colors_info=&#8220;{}&#8220;][et_pb_row column_structure=&#8220;3_4,1_4&#8243; _builder_version=&#8220;4.16&#8243; _module_preset=&#8220;default&#8220; animation_style=&#8220;slide&#8220; animation_intensity_slide=&#8220;10%&#8220; global_colors_info=&#8220;{}&#8220;][et_pb_column type=&#8220;3_4&#8243; _builder_version=&#8220;4.16&#8243; _module_preset=&#8220;default&#8220; global_colors_info=&#8220;{}&#8220;][et_pb_text _builder_version=&#8220;4.16&#8243; _module_preset=&#8220;b9bb25d6-91bf-4e23-95cd-4a9e00f511ab&#8220; global_colors_info=&#8220;{}&#8220;]<\/p>\n<h2>Operative Unterst\u00fctzung<\/h2>\n<p>[\/et_pb_text][et_pb_divider color=&#8220;#29c4a9&#8243; divider_weight=&#8220;4px&#8220; _builder_version=&#8220;4.9.10&#8243; _module_preset=&#8220;default&#8220; max_width=&#8220;40px&#8220; custom_margin=&#8220;||10px||false|false&#8220; global_module=&#8220;354&#8243; saved_tabs=&#8220;all&#8220; global_colors_info=&#8220;{}&#8220;][\/et_pb_divider][et_pb_text _builder_version=&#8220;4.16&#8243; _module_preset=&#8220;b9bb25d6-91bf-4e23-95cd-4a9e00f511ab&#8220; global_colors_info=&#8220;{}&#8220;]<\/p>\n<p>Immer wieder kommt es vor, dass Sie eine Aufgabe l\u00f6sen m\u00fcssen, die selten &#8211; oder zumindest im Verh\u00e4ltnis zur Komplexit\u00e4t der Aufgabe nicht oft genug &#8211; gemacht werden muss. Selbst bei guter Dokumentation kann es passieren, dass sich aufgrund von customizings oder neuen Releases der Weg zur Aufgaben oder der schnellste Weg sie zu erledigen ver\u00e4ndert hat. Wir haben verschiedene Arten, sicherzustellen, dass Sie den besten Weg finden. Wenn n\u00f6tig, erledigen wir die Aufgaben auch f\u00fcr Sie!<\/p>\n<p>[\/et_pb_text][\/et_pb_column][et_pb_column type=&#8220;1_4&#8243; _builder_version=&#8220;4.16&#8243; _module_preset=&#8220;default&#8220; global_colors_info=&#8220;{}&#8220;][\/et_pb_column][\/et_pb_row][\/et_pb_section][et_pb_section fb_built=&#8220;1&#8243; _builder_version=&#8220;4.16&#8243; _module_preset=&#8220;534b0480-ebfc-4f34-959c-de457c8ca269&#8243; global_colors_info=&#8220;{}&#8220;][et_pb_row column_structure=&#8220;1_4,3_4&#8243; _builder_version=&#8220;4.16&#8243; _module_preset=&#8220;default&#8220; animation_style=&#8220;slide&#8220; animation_intensity_slide=&#8220;10%&#8220; global_colors_info=&#8220;{}&#8220;][et_pb_column type=&#8220;1_4&#8243; _builder_version=&#8220;4.16&#8243; _module_preset=&#8220;default&#8220; global_colors_info=&#8220;{}&#8220;][\/et_pb_column][et_pb_column type=&#8220;3_4&#8243; _builder_version=&#8220;4.16&#8243; _module_preset=&#8220;default&#8220; global_colors_info=&#8220;{}&#8220;][et_pb_text _builder_version=&#8220;4.16&#8243; _module_preset=&#8220;default&#8220; global_colors_info=&#8220;{}&#8220;]<\/p>\n<h2>Trainings<\/h2>\n<p>[\/et_pb_text][et_pb_divider color=&#8220;#29c4a9&#8243; divider_weight=&#8220;4px&#8220; _builder_version=&#8220;4.9.10&#8243; _module_preset=&#8220;default&#8220; max_width=&#8220;40px&#8220; custom_margin=&#8220;||10px||false|false&#8220; global_module=&#8220;354&#8243; saved_tabs=&#8220;all&#8220; global_colors_info=&#8220;{}&#8220;][\/et_pb_divider][et_pb_text _builder_version=&#8220;4.16&#8243; _module_preset=&#8220;default&#8220; global_colors_info=&#8220;{}&#8220;]<\/p>\n<p>Welches Softwaremodell in welcher Konstellation auch immer Sie bei uns beschaffen: wir stellen sicher, dass ihr Team auch im Umgang mit der Software geschult ist. Daf\u00fcr bieten wir Trainings f\u00fcr unterschiedliche Rollen an und zu verschiedenen Vertiefungsthemen.<\/p>\n<p>[\/et_pb_text][\/et_pb_column][\/et_pb_row][\/et_pb_section][et_pb_section fb_built=&#8220;1&#8243; _builder_version=&#8220;4.16&#8243; _module_preset=&#8220;753eb255-b498-452c-9075-9b40b679d3b4&#8243; global_colors_info=&#8220;{}&#8220;][et_pb_row column_structure=&#8220;3_4,1_4&#8243; _builder_version=&#8220;4.16&#8243; _module_preset=&#8220;default&#8220; animation_style=&#8220;slide&#8220; animation_direction=&#8220;right&#8220; animation_intensity_slide=&#8220;10%&#8220; global_colors_info=&#8220;{}&#8220;][et_pb_column type=&#8220;3_4&#8243; _builder_version=&#8220;4.16&#8243; _module_preset=&#8220;default&#8220; global_colors_info=&#8220;{}&#8220;][et_pb_text _builder_version=&#8220;4.16&#8243; _module_preset=&#8220;b9bb25d6-91bf-4e23-95cd-4a9e00f511ab&#8220; global_colors_info=&#8220;{}&#8220;]<\/p>\n<h2>Hosting-Modelle<\/h2>\n<p>[\/et_pb_text][et_pb_divider color=&#8220;#29c4a9&#8243; divider_weight=&#8220;4px&#8220; _builder_version=&#8220;4.9.10&#8243; _module_preset=&#8220;default&#8220; max_width=&#8220;40px&#8220; custom_margin=&#8220;||10px||false|false&#8220; global_module=&#8220;354&#8243; saved_tabs=&#8220;all&#8220; global_colors_info=&#8220;{}&#8220;][\/et_pb_divider][et_pb_text _builder_version=&#8220;4.16&#8243; _module_preset=&#8220;b9bb25d6-91bf-4e23-95cd-4a9e00f511ab&#8220; global_colors_info=&#8220;{}&#8220;]<\/p>\n<p>F\u00fcr jedes unserer Systeme finden wir geeignete Hosting-Modelle: Angefangen mit &#8222;on premise&#8220; &#8211; also der Installation bei unserem Kunden vor Ort, \u00fcber &#8222;Hosting&#8220; von Servern bei einem externen Anbieter, die unsere Kunden selbst verwalten oder wir f\u00fcr sie bis zu &#8222;as a Service&#8220;-Modellen, wo Sie bei uns das ganze Paket von der Hardware mit zur Software bekommen und wir f\u00fcr sie auch die Kommunikation und Vertr\u00e4ge mit dem Hosting-Lieferanten \u00fcbernehmen.<\/p>\n<p>[\/et_pb_text][\/et_pb_column][et_pb_column type=&#8220;1_4&#8243; _builder_version=&#8220;4.16&#8243; _module_preset=&#8220;default&#8220; global_colors_info=&#8220;{}&#8220;][\/et_pb_column][\/et_pb_row][\/et_pb_section][et_pb_section fb_built=&#8220;1&#8243; _builder_version=&#8220;4.16&#8243; _module_preset=&#8220;534b0480-ebfc-4f34-959c-de457c8ca269&#8243; global_colors_info=&#8220;{}&#8220;][et_pb_row _builder_version=&#8220;4.16&#8243; _module_preset=&#8220;default&#8220; global_colors_info=&#8220;{}&#8220;][et_pb_column type=&#8220;4_4&#8243; _builder_version=&#8220;4.16&#8243; _module_preset=&#8220;default&#8220; global_colors_info=&#8220;{}&#8220;][et_pb_divider color=&#8220;#009fe3&#8243; _builder_version=&#8220;4.16&#8243; _module_preset=&#8220;default&#8220; global_colors_info=&#8220;{}&#8220;][\/et_pb_divider][\/et_pb_column][\/et_pb_row][et_pb_row column_structure=&#8220;1_3,1_3,1_3&#8243; _builder_version=&#8220;4.16&#8243; _module_preset=&#8220;default&#8220; animation_style=&#8220;slide&#8220; animation_intensity_slide=&#8220;10%&#8220; locked=&#8220;off&#8220; global_colors_info=&#8220;{}&#8220;][et_pb_column type=&#8220;1_3&#8243; _builder_version=&#8220;4.16&#8243; _module_preset=&#8220;default&#8220; global_colors_info=&#8220;{}&#8220;][et_pb_cta title=&#8220;Schon unsere Produkte gesehen?&#8220; button_url=&#8220;@ET-DC@eyJkeW5hbWljIjp0cnVlLCJjb250ZW50IjoicG9zdF9saW5rX3VybF9wYWdlIiwic2V0dGluZ3MiOnsicG9zdF9pZCI6IjE4MiJ9fQ==@&#8220; button_text=&#8220;Lesen Sie mehr&#8220; _builder_version=&#8220;4.9.10&#8243; _dynamic_attributes=&#8220;button_url&#8220; _module_preset=&#8220;545dde89-ea91-4fb4-b13d-f0f53518a37d&#8220; global_module=&#8220;320&#8243; saved_tabs=&#8220;all&#8220; global_colors_info=&#8220;{}&#8220;]<\/p>\n<p>Wir bieten auch verschiedene Softwareprodukte und L\u00f6sungen an &#8211; Details dazu haben wir hier zusammengefasst:<\/p>\n<p>[\/et_pb_cta][\/et_pb_column][et_pb_column type=&#8220;1_3&#8243; _builder_version=&#8220;4.16&#8243; _module_preset=&#8220;default&#8220; global_colors_info=&#8220;{}&#8220;][et_pb_cta title=&#8220;Informationsmaterial gesucht?&#8220; button_url=&#8220;https:\/\/www.stl-software.de\/stlEcadia\/action?securedGetRequest_const=MAQya5iDsoxMX932IWUQnmQaK0uvaHA-Ymf1QhsnGryyRHGzPVqUPlwmKf1H3MJ0pfWe6j8yyUvMngRmr6AMBBVQVbY4geNzShU8GXcguxJigJ_7qhpI11TjrMCU7gAsJ7CPmx_Ux6MOeygaLI3vEw&#8220; button_text=&#8220;Lesen Sie mehr&#8220; _builder_version=&#8220;4.9.10&#8243; _module_preset=&#8220;default&#8220; global_module=&#8220;314&#8243; global_colors_info=&#8220;{}&#8220;]<\/p>\n<p>Von Administrations- bis Anwendertrainings, Videos zur Erkl\u00e4rung des Tools cimoio bis Webinarterminen finden Sie hier.<\/p>\n<p>[\/et_pb_cta][\/et_pb_column][et_pb_column type=&#8220;1_3&#8243; _builder_version=&#8220;4.16&#8243; _module_preset=&#8220;default&#8220; global_colors_info=&#8220;{}&#8220;][et_pb_cta title=&#8220;M\u00f6chten Sie Kundenstimmen lesen?&#8220; button_url=&#8220;@ET-DC@eyJkeW5hbWljIjp0cnVlLCJjb250ZW50IjoicG9zdF9saW5rX3VybF9wYWdlIiwic2V0dGluZ3MiOnsicG9zdF9pZCI6IjI1NCJ9fQ==@&#8220; button_text=&#8220;Lesen Sie mehr&#8220; _builder_version=&#8220;4.9.10&#8243; _dynamic_attributes=&#8220;button_url&#8220; _module_preset=&#8220;545dde89-ea91-4fb4-b13d-f0f53518a37d&#8220; global_module=&#8220;317&#8243; global_colors_info=&#8220;{}&#8220;]<\/p>\n<p>Hier finden Sie Kundenstimmen zu unserem Tool cimoio, MTS-L\u00f6sungen und qamaas-Installationen<\/p>\n<p>[\/et_pb_cta][\/et_pb_column][\/et_pb_row][\/et_pb_section]<\/p>\n","protected":false},"excerpt":{"rendered":"<p>STL ServicesDie STL GmbH bietet Ihnen von strategischer Beratung zu ihren Bildungsprozessen \u00fcber operativen Support bei der Umsetzung jede erdenkliche Hilfe. Passgenaue Trainings runden das Bild ab. Auch auf technischer Ebene bieten wir Ihnen weitere Dienstleistungen. Beispielsweise die Bereitstellung und Betreuung von den technischen Ebenen bis hin zur Hardware, die zum Betrieb von cimoio notwendig [&hellip;]<\/p>\n","protected":false},"author":3,"featured_media":0,"parent":0,"menu_order":20,"comment_status":"closed","ping_status":"closed","template":"","meta":{"_et_pb_use_builder":"on","_et_pb_old_content":"","_et_gb_content_width":"","inline_featured_image":false,"footnotes":""},"class_list":["post-254","page","type-page","status-publish","hentry"],"yoast_head":"<!-- This site is optimized with the Yoast SEO plugin v27.4 - https:\/\/yoast.com\/product\/yoast-seo-wordpress\/ -->\n<title>Services der STL GmbH | STL GmbH<\/title>\n<meta name=\"description\" content=\"Ihr Partner f\u00fcr strategische Bildungsprozessberatung, operativen Support und ma\u00dfgeschneiderte Trainingsl\u00f6sungen.\" \/>\n<meta name=\"robots\" content=\"index, follow, max-snippet:-1, max-image-preview:large, max-video-preview:-1\" \/>\n<link rel=\"canonical\" href=\"https:\/\/www.stl-software.de\/cms\/services-der-stl-gmbh\/\" \/>\n<meta property=\"og:locale\" content=\"de_DE\" \/>\n<meta property=\"og:type\" content=\"article\" \/>\n<meta property=\"og:title\" content=\"Services der STL GmbH | STL GmbH\" \/>\n<meta property=\"og:description\" content=\"Ihr Partner f\u00fcr strategische Bildungsprozessberatung, operativen Support und ma\u00dfgeschneiderte Trainingsl\u00f6sungen.\" \/>\n<meta property=\"og:url\" content=\"https:\/\/www.stl-software.de\/cms\/services-der-stl-gmbh\/\" \/>\n<meta property=\"og:site_name\" content=\"STL GmbH\" \/>\n<meta property=\"article:modified_time\" content=\"2025-07-09T13:25:15+00:00\" \/>\n<meta name=\"twitter:card\" content=\"summary_large_image\" \/>\n<script type=\"application\/ld+json\" class=\"yoast-schema-graph\">{\"@context\":\"https:\\\/\\\/schema.org\",\"@graph\":[{\"@type\":\"WebPage\",\"@id\":\"https:\\\/\\\/www.stl-software.de\\\/cms\\\/services-der-stl-gmbh\\\/\",\"url\":\"https:\\\/\\\/www.stl-software.de\\\/cms\\\/services-der-stl-gmbh\\\/\",\"name\":\"Services der STL GmbH | STL GmbH\",\"isPartOf\":{\"@id\":\"https:\\\/\\\/www.stl-software.de\\\/cms\\\/#website\"},\"datePublished\":\"2021-11-15T13:46:43+00:00\",\"dateModified\":\"2025-07-09T13:25:15+00:00\",\"description\":\"Ihr Partner f\u00fcr strategische Bildungsprozessberatung, operativen Support und ma\u00dfgeschneiderte Trainingsl\u00f6sungen.\",\"breadcrumb\":{\"@id\":\"https:\\\/\\\/www.stl-software.de\\\/cms\\\/services-der-stl-gmbh\\\/#breadcrumb\"},\"inLanguage\":\"de\",\"potentialAction\":[{\"@type\":\"ReadAction\",\"target\":[\"https:\\\/\\\/www.stl-software.de\\\/cms\\\/services-der-stl-gmbh\\\/\"]}]},{\"@type\":\"BreadcrumbList\",\"@id\":\"https:\\\/\\\/www.stl-software.de\\\/cms\\\/services-der-stl-gmbh\\\/#breadcrumb\",\"itemListElement\":[{\"@type\":\"ListItem\",\"position\":1,\"name\":\"Startseite\",\"item\":\"https:\\\/\\\/www.stl-software.de\\\/cms\\\/\"},{\"@type\":\"ListItem\",\"position\":2,\"name\":\"Services der STL GmbH\"}]},{\"@type\":\"WebSite\",\"@id\":\"https:\\\/\\\/www.stl-software.de\\\/cms\\\/#website\",\"url\":\"https:\\\/\\\/www.stl-software.de\\\/cms\\\/\",\"name\":\"STL GmbH\",\"description\":\"Die Firma, die das LMS cimoio entwickelt hat\",\"potentialAction\":[{\"@type\":\"SearchAction\",\"target\":{\"@type\":\"EntryPoint\",\"urlTemplate\":\"https:\\\/\\\/www.stl-software.de\\\/cms\\\/?s={search_term_string}\"},\"query-input\":{\"@type\":\"PropertyValueSpecification\",\"valueRequired\":true,\"valueName\":\"search_term_string\"}}],\"inLanguage\":\"de\"}]}<\/script>\n<!-- \/ Yoast SEO plugin. -->","yoast_head_json":{"title":"Services der STL GmbH | STL GmbH","description":"Ihr Partner f\u00fcr strategische Bildungsprozessberatung, operativen Support und ma\u00dfgeschneiderte Trainingsl\u00f6sungen.","robots":{"index":"index","follow":"follow","max-snippet":"max-snippet:-1","max-image-preview":"max-image-preview:large","max-video-preview":"max-video-preview:-1"},"canonical":"https:\/\/www.stl-software.de\/cms\/services-der-stl-gmbh\/","og_locale":"de_DE","og_type":"article","og_title":"Services der STL GmbH | STL GmbH","og_description":"Ihr Partner f\u00fcr strategische Bildungsprozessberatung, operativen Support und ma\u00dfgeschneiderte Trainingsl\u00f6sungen.","og_url":"https:\/\/www.stl-software.de\/cms\/services-der-stl-gmbh\/","og_site_name":"STL GmbH","article_modified_time":"2025-07-09T13:25:15+00:00","twitter_card":"summary_large_image","schema":{"@context":"https:\/\/schema.org","@graph":[{"@type":"WebPage","@id":"https:\/\/www.stl-software.de\/cms\/services-der-stl-gmbh\/","url":"https:\/\/www.stl-software.de\/cms\/services-der-stl-gmbh\/","name":"Services der STL GmbH | STL GmbH","isPartOf":{"@id":"https:\/\/www.stl-software.de\/cms\/#website"},"datePublished":"2021-11-15T13:46:43+00:00","dateModified":"2025-07-09T13:25:15+00:00","description":"Ihr Partner f\u00fcr strategische Bildungsprozessberatung, operativen Support und ma\u00dfgeschneiderte Trainingsl\u00f6sungen.","breadcrumb":{"@id":"https:\/\/www.stl-software.de\/cms\/services-der-stl-gmbh\/#breadcrumb"},"inLanguage":"de","potentialAction":[{"@type":"ReadAction","target":["https:\/\/www.stl-software.de\/cms\/services-der-stl-gmbh\/"]}]},{"@type":"BreadcrumbList","@id":"https:\/\/www.stl-software.de\/cms\/services-der-stl-gmbh\/#breadcrumb","itemListElement":[{"@type":"ListItem","position":1,"name":"Startseite","item":"https:\/\/www.stl-software.de\/cms\/"},{"@type":"ListItem","position":2,"name":"Services der STL GmbH"}]},{"@type":"WebSite","@id":"https:\/\/www.stl-software.de\/cms\/#website","url":"https:\/\/www.stl-software.de\/cms\/","name":"STL GmbH","description":"Die Firma, die das LMS cimoio entwickelt hat","potentialAction":[{"@type":"SearchAction","target":{"@type":"EntryPoint","urlTemplate":"https:\/\/www.stl-software.de\/cms\/?s={search_term_string}"},"query-input":{"@type":"PropertyValueSpecification","valueRequired":true,"valueName":"search_term_string"}}],"inLanguage":"de"}]}},"_links":{"self":[{"href":"https:\/\/www.stl-software.de\/cms\/wp-json\/wp\/v2\/pages\/254","targetHints":{"allow":["GET"]}}],"collection":[{"href":"https:\/\/www.stl-software.de\/cms\/wp-json\/wp\/v2\/pages"}],"about":[{"href":"https:\/\/www.stl-software.de\/cms\/wp-json\/wp\/v2\/types\/page"}],"author":[{"embeddable":true,"href":"https:\/\/www.stl-software.de\/cms\/wp-json\/wp\/v2\/users\/3"}],"replies":[{"embeddable":true,"href":"https:\/\/www.stl-software.de\/cms\/wp-json\/wp\/v2\/comments?post=254"}],"version-history":[{"count":20,"href":"https:\/\/www.stl-software.de\/cms\/wp-json\/wp\/v2\/pages\/254\/revisions"}],"predecessor-version":[{"id":1548,"href":"https:\/\/www.stl-software.de\/cms\/wp-json\/wp\/v2\/pages\/254\/revisions\/1548"}],"wp:attachment":[{"href":"https:\/\/www.stl-software.de\/cms\/wp-json\/wp\/v2\/media?parent=254"}],"curies":[{"name":"wp","href":"https:\/\/api.w.org\/{rel}","templated":true}]}}