{"id":232,"date":"2021-11-12T17:50:42","date_gmt":"2021-11-12T16:50:42","guid":{"rendered":"https:\/\/www.stl-software.de\/cms\/?page_id=232"},"modified":"2025-12-08T14:36:09","modified_gmt":"2025-12-08T13:36:09","slug":"kontaktformular-der-stl-gmbh","status":"publish","type":"page","link":"https:\/\/www.stl-software.de\/cms\/kontaktformular-der-stl-gmbh\/","title":{"rendered":"Kontaktformular der STL GmbH"},"content":{"rendered":"<p>[et_pb_section fb_built=&#8220;1&#8243; _builder_version=&#8220;4.16&#8243; _module_preset=&#8220;753eb255-b498-452c-9075-9b40b679d3b4&#8243; top_divider_color=&#8220;#009fe3&#8243; global_colors_info=&#8220;{}&#8220;][et_pb_row _builder_version=&#8220;4.16&#8243; _module_preset=&#8220;default&#8220; animation_style=&#8220;slide&#8220; animation_intensity_slide=&#8220;10%&#8220; global_colors_info=&#8220;{}&#8220;][et_pb_column type=&#8220;4_4&#8243; _builder_version=&#8220;4.16&#8243; _module_preset=&#8220;default&#8220; global_colors_info=&#8220;{}&#8220;][et_pb_text _builder_version=&#8220;4.16&#8243; _module_preset=&#8220;b9bb25d6-91bf-4e23-95cd-4a9e00f511ab&#8220; custom_padding=&#8220;||0px|||&#8220; global_colors_info=&#8220;{}&#8220;]<\/p>\n<h1>Kontaktformular der STL GmbH<\/h1>\n<p>[\/et_pb_text][et_pb_divider color=&#8220;#29c4a9&#8243; divider_weight=&#8220;4px&#8220; _builder_version=&#8220;4.16&#8243; _module_preset=&#8220;default&#8220; max_width=&#8220;40px&#8220; custom_margin=&#8220;||10px||false|false&#8220; global_module=&#8220;354&#8243; saved_tabs=&#8220;all&#8220; global_colors_info=&#8220;{}&#8220;][\/et_pb_divider][et_pb_text _builder_version=&#8220;4.16&#8243; _module_preset=&#8220;b9bb25d6-91bf-4e23-95cd-4a9e00f511ab&#8220; global_colors_info=&#8220;{}&#8220;]<\/p>\n<p>Auf dieser Seite finden Sie ein <strong>Kontaktformular<\/strong> und weitere M\u00f6glichkeiten um mit der <strong>STL GmbH<\/strong> bez\u00fcglich unserer Software oder unserer Services\u00a0in Verbindung zu treten. Wir freuen uns auf ihre Meldung!<\/p>\n<p>[\/et_pb_text][\/et_pb_column][\/et_pb_row][\/et_pb_section][et_pb_section fb_built=&#8220;1&#8243; _builder_version=&#8220;4.16&#8243; _module_preset=&#8220;534b0480-ebfc-4f34-959c-de457c8ca269&#8243; top_divider_color=&#8220;#009fe3&#8243; global_colors_info=&#8220;{}&#8220;][et_pb_row _builder_version=&#8220;4.16&#8243; _module_preset=&#8220;default&#8220; animation_style=&#8220;slide&#8220; animation_intensity_slide=&#8220;10%&#8220; global_colors_info=&#8220;{}&#8220;][et_pb_column type=&#8220;4_4&#8243; _builder_version=&#8220;4.16&#8243; _module_preset=&#8220;default&#8220; global_colors_info=&#8220;{}&#8220;][et_pb_text _builder_version=&#8220;4.16&#8243; _module_preset=&#8220;default&#8220; global_colors_info=&#8220;{}&#8220;]<\/p>\n<h2>Wenn Sie mit uns als <a href=\"https:\/\/www.stl-software.de\/stlEcadia\/\" target=\"_blank\" rel=\"noopener\" title=\"Zur Homepage der STL GmbH\">STL GmbH<\/a> in Kontakt treten m\u00f6chten, schicken Sie uns eine eMail an info(at)stl-software.de<\/h2>\n<p>[\/et_pb_text][et_pb_text _builder_version=&#8220;4.16&#8243; _module_preset=&#8220;default&#8220; global_colors_info=&#8220;{}&#8220;]<\/p>\n<p style=\"text-align: center\">oder<\/p>\n<p>[\/et_pb_text][et_pb_contact_form email=&#8220;info@stl-software.de&#8220; title=&#8220;Nutzen Sie folgendes Kontaktformular:&#8220; custom_message=&#8220;Folgende Anfrage kam von der Homepage stl-software.de:||et_pb_line_break_holder||Organisation: %%Organisation%%||et_pb_line_break_holder||Anrede: %%Anrede%%||et_pb_line_break_holder||Vorname: %%Vorname%%||et_pb_line_break_holder||Nachname: %%Nachname%%||et_pb_line_break_holder||Mail: %%EMail%%||et_pb_line_break_holder||Nachricht: %%Message%%||et_pb_line_break_holder||&#8220; success_message=&#8220;Vielen Dank, ihre Anfrage ist versandt worden.&#8220; submit_button_text=&#8220;Anfrage verschicken&#8220; _builder_version=&#8220;4.27.4&#8243; _module_preset=&#8220;default&#8220; _unique_id=&#8220;ee24dfb6-0535-412b-9618-70de1b823d71&#8243; title_level=&#8220;h2&#8243; global_colors_info=&#8220;{}&#8220;][et_pb_contact_field field_id=&#8220;Organisation&#8220; field_title=&#8220;Organisation&#8220; _builder_version=&#8220;4.16&#8243; _module_preset=&#8220;default&#8220; global_colors_info=&#8220;{}&#8220;][\/et_pb_contact_field][et_pb_contact_field field_id=&#8220;Email&#8220; field_title=&#8220;E-Mail-Adresse&#8220; field_type=&#8220;email&#8220; _builder_version=&#8220;4.16&#8243; global_colors_info=&#8220;{}&#8220; button_text_size__hover_enabled=&#8220;off&#8220; button_one_text_size__hover_enabled=&#8220;off&#8220; button_two_text_size__hover_enabled=&#8220;off&#8220; button_text_color__hover_enabled=&#8220;off&#8220; button_one_text_color__hover_enabled=&#8220;off&#8220; button_two_text_color__hover_enabled=&#8220;off&#8220; button_border_width__hover_enabled=&#8220;off&#8220; button_one_border_width__hover_enabled=&#8220;off&#8220; button_two_border_width__hover_enabled=&#8220;off&#8220; button_border_color__hover_enabled=&#8220;off&#8220; button_one_border_color__hover_enabled=&#8220;off&#8220; button_two_border_color__hover_enabled=&#8220;off&#8220; button_border_radius__hover_enabled=&#8220;off&#8220; button_one_border_radius__hover_enabled=&#8220;off&#8220; button_two_border_radius__hover_enabled=&#8220;off&#8220; button_letter_spacing__hover_enabled=&#8220;off&#8220; button_one_letter_spacing__hover_enabled=&#8220;off&#8220; button_two_letter_spacing__hover_enabled=&#8220;off&#8220; button_bg_color__hover_enabled=&#8220;off&#8220; button_one_bg_color__hover_enabled=&#8220;off&#8220; button_two_bg_color__hover_enabled=&#8220;off&#8220;][\/et_pb_contact_field][et_pb_contact_field field_id=&#8220;Anrede&#8220; field_title=&#8220;Anrede&#8220; field_type=&#8220;select&#8220; select_options=&#8220;%91{%22value%22:%22Frau%22,%22checked%22:0,%22dragID%22:0},{%22value%22:%22Herr%22,%22checked%22:0,%22dragID%22:1},{%22value%22:%22Andere%22,%22checked%22:0,%22dragID%22:-1}%93&#8243; fullwidth_field=&#8220;on&#8220; _builder_version=&#8220;4.16&#8243; _module_preset=&#8220;default&#8220; global_colors_info=&#8220;{}&#8220;][\/et_pb_contact_field][et_pb_contact_field field_id=&#8220;Vorname&#8220; field_title=&#8220;Vorname&#8220; _builder_version=&#8220;4.16&#8243; _module_preset=&#8220;default&#8220; global_colors_info=&#8220;{}&#8220;][\/et_pb_contact_field][et_pb_contact_field field_id=&#8220;Nachname&#8220; field_title=&#8220;Nachname&#8220; _builder_version=&#8220;4.16&#8243; global_colors_info=&#8220;{}&#8220; button_text_size__hover_enabled=&#8220;off&#8220; button_one_text_size__hover_enabled=&#8220;off&#8220; button_two_text_size__hover_enabled=&#8220;off&#8220; button_text_color__hover_enabled=&#8220;off&#8220; button_one_text_color__hover_enabled=&#8220;off&#8220; button_two_text_color__hover_enabled=&#8220;off&#8220; button_border_width__hover_enabled=&#8220;off&#8220; button_one_border_width__hover_enabled=&#8220;off&#8220; button_two_border_width__hover_enabled=&#8220;off&#8220; button_border_color__hover_enabled=&#8220;off&#8220; button_one_border_color__hover_enabled=&#8220;off&#8220; button_two_border_color__hover_enabled=&#8220;off&#8220; button_border_radius__hover_enabled=&#8220;off&#8220; button_one_border_radius__hover_enabled=&#8220;off&#8220; button_two_border_radius__hover_enabled=&#8220;off&#8220; button_letter_spacing__hover_enabled=&#8220;off&#8220; button_one_letter_spacing__hover_enabled=&#8220;off&#8220; button_two_letter_spacing__hover_enabled=&#8220;off&#8220; button_bg_color__hover_enabled=&#8220;off&#8220; button_one_bg_color__hover_enabled=&#8220;off&#8220; button_two_bg_color__hover_enabled=&#8220;off&#8220;][\/et_pb_contact_field][et_pb_contact_field field_id=&#8220;Message&#8220; field_title=&#8220;Nachricht&#8220; field_type=&#8220;text&#8220; fullwidth_field=&#8220;on&#8220; _builder_version=&#8220;4.16&#8243; global_colors_info=&#8220;{}&#8220; button_text_size__hover_enabled=&#8220;off&#8220; button_one_text_size__hover_enabled=&#8220;off&#8220; button_two_text_size__hover_enabled=&#8220;off&#8220; button_text_color__hover_enabled=&#8220;off&#8220; button_one_text_color__hover_enabled=&#8220;off&#8220; button_two_text_color__hover_enabled=&#8220;off&#8220; button_border_width__hover_enabled=&#8220;off&#8220; button_one_border_width__hover_enabled=&#8220;off&#8220; button_two_border_width__hover_enabled=&#8220;off&#8220; button_border_color__hover_enabled=&#8220;off&#8220; button_one_border_color__hover_enabled=&#8220;off&#8220; button_two_border_color__hover_enabled=&#8220;off&#8220; button_border_radius__hover_enabled=&#8220;off&#8220; button_one_border_radius__hover_enabled=&#8220;off&#8220; button_two_border_radius__hover_enabled=&#8220;off&#8220; button_letter_spacing__hover_enabled=&#8220;off&#8220; button_one_letter_spacing__hover_enabled=&#8220;off&#8220; button_two_letter_spacing__hover_enabled=&#8220;off&#8220; button_bg_color__hover_enabled=&#8220;off&#8220; button_one_bg_color__hover_enabled=&#8220;off&#8220; button_two_bg_color__hover_enabled=&#8220;off&#8220;][\/et_pb_contact_field][et_pb_contact_field field_id=&#8220;DSGVO&#8220; field_title=&#8220;Datenschutz bei Nutzung des Kontaktformulars&#8220; field_type=&#8220;checkbox&#8220; checkbox_options=&#8220;%91{%22value%22:%22Ich willige der Verarbeitung meiner Daten zur vertrieblichen Kontaktaufnahme durch die STL GmbH ein. Ich kann die Einwilligung jederzeit, z.B. mit Mail an info%91at%93stl-online.de, mit Wirkung f\u00fcr die Zukunft widerrufen.  Die Hinweise zum Datenschutz konnte ich unter folgendem Link einsehen: %22,%22checked%22:0,%22dragID%22:-1,%22link_url%22:%22https:\/\/www.stl-software.de\/cms\/datenschutzerklaerung\/%22,%22link_text%22:%22Datenschutz%22}%93&#8243; fullwidth_field=&#8220;on&#8220; _builder_version=&#8220;4.27.4&#8243; _module_preset=&#8220;default&#8220; global_colors_info=&#8220;{}&#8220;][\/et_pb_contact_field][\/et_pb_contact_form][\/et_pb_column][\/et_pb_row][\/et_pb_section][et_pb_section fb_built=&#8220;1&#8243; _builder_version=&#8220;4.16&#8243; _module_preset=&#8220;753eb255-b498-452c-9075-9b40b679d3b4&#8243; top_divider_color=&#8220;#009fe3&#8243; global_colors_info=&#8220;{}&#8220;][et_pb_row _builder_version=&#8220;4.16&#8243; _module_preset=&#8220;default&#8220; animation_style=&#8220;slide&#8220; animation_direction=&#8220;right&#8220; animation_intensity_slide=&#8220;10%&#8220; global_colors_info=&#8220;{}&#8220;][et_pb_column type=&#8220;4_4&#8243; _builder_version=&#8220;4.16&#8243; _module_preset=&#8220;default&#8220; global_colors_info=&#8220;{}&#8220;][et_pb_text _builder_version=&#8220;4.16&#8243; _module_preset=&#8220;b9bb25d6-91bf-4e23-95cd-4a9e00f511ab&#8220; global_colors_info=&#8220;{}&#8220;]<\/p>\n<h2>Gesch\u00e4ftsf\u00fchrung<\/h2>\n<p>[\/et_pb_text][et_pb_divider color=&#8220;#29c4a9&#8243; divider_weight=&#8220;4px&#8220; _builder_version=&#8220;4.16&#8243; _module_preset=&#8220;default&#8220; max_width=&#8220;40px&#8220; custom_margin=&#8220;||10px||false|false&#8220; global_module=&#8220;354&#8243; saved_tabs=&#8220;all&#8220; global_colors_info=&#8220;{}&#8220;][\/et_pb_divider][\/et_pb_column][\/et_pb_row][et_pb_row column_structure=&#8220;1_3,1_3,1_3&#8243; _builder_version=&#8220;4.16&#8243; _module_preset=&#8220;default&#8220; animation_style=&#8220;slide&#8220; animation_intensity_slide=&#8220;10%&#8220; global_colors_info=&#8220;{}&#8220;][et_pb_column type=&#8220;1_3&#8243; _builder_version=&#8220;4.16&#8243; _module_preset=&#8220;default&#8220; global_colors_info=&#8220;{}&#8220;][et_pb_text _builder_version=&#8220;4.16&#8243; _module_preset=&#8220;b9bb25d6-91bf-4e23-95cd-4a9e00f511ab&#8220; global_colors_info=&#8220;{}&#8220;]<\/p>\n<p><strong>Karsten Staatz<\/strong><br \/>Dipl.-Ing. (FH)<\/p>\n<p><span style=\"color: #ffffff\"><a href=\"mailto:karsten.staatz@stl-software.de\" title=\"Mail-Link\" style=\"color: #ffffff\">karsten.staatz@stl-software.de<\/a><\/span><\/p>\n<p>[\/et_pb_text][\/et_pb_column][et_pb_column type=&#8220;1_3&#8243; _builder_version=&#8220;4.16&#8243; _module_preset=&#8220;default&#8220; global_colors_info=&#8220;{}&#8220;][et_pb_text _builder_version=&#8220;4.16&#8243; _module_preset=&#8220;b9bb25d6-91bf-4e23-95cd-4a9e00f511ab&#8220; global_colors_info=&#8220;{}&#8220;]<\/p>\n<p><strong>Georg Th\u00fclly<\/strong><br \/>Dipl.-Ing.<\/p>\n<p><span style=\"color: #ffffff\"><a href=\"mailto:georg.thuelly@stl-software.de\" title=\"Mail-Link\" style=\"color: #ffffff\">georg.thuelly@stl-software.de<\/a><\/span><\/p>\n<p>[\/et_pb_text][\/et_pb_column][et_pb_column type=&#8220;1_3&#8243; _builder_version=&#8220;4.16&#8243; _module_preset=&#8220;default&#8220; global_colors_info=&#8220;{}&#8220;][et_pb_text _builder_version=&#8220;4.16&#8243; _module_preset=&#8220;b9bb25d6-91bf-4e23-95cd-4a9e00f511ab&#8220; global_colors_info=&#8220;{}&#8220;]<\/p>\n<p><strong>Matthias Ludwig<\/strong><br \/>Dipl.-Ing. (FH)<\/p>\n<p><span style=\"color: #ffffff\"><a href=\"mailto:matthias.ludwig@stl-software.de\" title=\"Mail-Link\" style=\"color: #ffffff\">matthias.ludwig@stl-software.de<\/a><\/span><\/p>\n<p>[\/et_pb_text][\/et_pb_column][\/et_pb_row][\/et_pb_section][et_pb_section fb_built=&#8220;1&#8243; _builder_version=&#8220;4.16&#8243; _module_preset=&#8220;534b0480-ebfc-4f34-959c-de457c8ca269&#8243; top_divider_color=&#8220;#009fe3&#8243; global_colors_info=&#8220;{}&#8220;][et_pb_row column_structure=&#8220;1_3,1_3,1_3&#8243; _builder_version=&#8220;4.16&#8243; _module_preset=&#8220;default&#8220; animation_style=&#8220;slide&#8220; animation_intensity_slide=&#8220;10%&#8220; global_colors_info=&#8220;{}&#8220;][et_pb_column type=&#8220;1_3&#8243; _builder_version=&#8220;4.16&#8243; _module_preset=&#8220;default&#8220; global_colors_info=&#8220;{}&#8220;][et_pb_text _builder_version=&#8220;4.16&#8243; _module_preset=&#8220;default&#8220; global_colors_info=&#8220;{}&#8220;]<\/p>\n<h2>Sonstige Kontaktdaten:<\/h2>\n<p>[\/et_pb_text][\/et_pb_column][et_pb_column type=&#8220;1_3&#8243; _builder_version=&#8220;4.16&#8243; _module_preset=&#8220;default&#8220; global_colors_info=&#8220;{}&#8220;][et_pb_text _builder_version=&#8220;4.27.4&#8243; _module_preset=&#8220;default&#8220; hover_enabled=&#8220;0&#8243; global_colors_info=&#8220;{}&#8220; sticky_enabled=&#8220;0&#8243;]<\/p>\n<p><strong>Schreiben oder besuchen Sie uns:<\/strong><\/p>\n<p>STL GmbH<br \/>Daimlerstr. 21<\/p>\n<p>70372 Stuttgart<\/p>\n<p>[\/et_pb_text][\/et_pb_column][et_pb_column type=&#8220;1_3&#8243; _builder_version=&#8220;4.16&#8243; _module_preset=&#8220;default&#8220; global_colors_info=&#8220;{}&#8220;][et_pb_text _builder_version=&#8220;4.16&#8243; _module_preset=&#8220;default&#8220; global_colors_info=&#8220;{}&#8220;]<\/p>\n<p><strong>Rufen Sie uns an<br \/>oder schicken Sie uns elektronische Post:<\/strong><\/p>\n<p>Tel.: 0711 &#8211; 896 88 0<br \/>Fax: 0711 &#8211; 896 88 180<\/p>\n<p>Mail: info(at)stl-software.de<\/p>\n<p>[\/et_pb_text][\/et_pb_column][\/et_pb_row][\/et_pb_section]<\/p>\n","protected":false},"excerpt":{"rendered":"<p>Kontaktformular der STL GmbHAuf dieser Seite finden Sie ein Kontaktformular und weitere M\u00f6glichkeiten um mit der STL GmbH bez\u00fcglich unserer Software oder unserer Services\u00a0in Verbindung zu treten. Wir freuen uns auf ihre Meldung!Wenn Sie mit uns als STL GmbH in Kontakt treten m\u00f6chten, schicken Sie uns eine eMail an info(at)stl-software.deoderGesch\u00e4ftsf\u00fchrungKarsten StaatzDipl.-Ing. (FH) karsten.staatz@stl-software.deGeorg Th\u00fcllyDipl.-Ing. georg.thuelly@stl-software.deMatthias [&hellip;]<\/p>\n","protected":false},"author":3,"featured_media":0,"parent":0,"menu_order":60,"comment_status":"closed","ping_status":"closed","template":"","meta":{"_et_pb_use_builder":"on","_et_pb_old_content":"","_et_gb_content_width":"","inline_featured_image":false,"footnotes":""},"class_list":["post-232","page","type-page","status-publish","hentry"],"yoast_head":"<!-- This site is optimized with the Yoast SEO plugin v27.4 - https:\/\/yoast.com\/product\/yoast-seo-wordpress\/ -->\n<title>Kontaktformular der STL GmbH | STL GmbH<\/title>\n<meta name=\"description\" content=\"Hier finden Sie alle notwendigen Informationen, um die STL GmbH zu kontaktieren: \ud83d\udce7 Mailadresse, \ud83d\udcde Telefonnummer und ein \ud83d\udcc7 Kontaktformular.\" \/>\n<meta name=\"robots\" content=\"index, follow, max-snippet:-1, max-image-preview:large, max-video-preview:-1\" \/>\n<link rel=\"canonical\" href=\"https:\/\/www.stl-software.de\/cms\/kontaktformular-der-stl-gmbh\/\" \/>\n<meta property=\"og:locale\" content=\"de_DE\" \/>\n<meta property=\"og:type\" content=\"article\" \/>\n<meta property=\"og:title\" content=\"Kontaktformular der STL GmbH | STL GmbH\" \/>\n<meta property=\"og:description\" content=\"Hier finden Sie alle notwendigen Informationen, um die STL GmbH zu kontaktieren: \ud83d\udce7 Mailadresse, \ud83d\udcde Telefonnummer und ein \ud83d\udcc7 Kontaktformular.\" \/>\n<meta property=\"og:url\" content=\"https:\/\/www.stl-software.de\/cms\/kontaktformular-der-stl-gmbh\/\" \/>\n<meta property=\"og:site_name\" content=\"STL GmbH\" \/>\n<meta property=\"article:modified_time\" content=\"2025-12-08T13:36:09+00:00\" \/>\n<meta name=\"twitter:card\" content=\"summary_large_image\" \/>\n<script type=\"application\/ld+json\" class=\"yoast-schema-graph\">{\"@context\":\"https:\\\/\\\/schema.org\",\"@graph\":[{\"@type\":[\"WebPage\",\"ContactPage\"],\"@id\":\"https:\\\/\\\/www.stl-software.de\\\/cms\\\/kontaktformular-der-stl-gmbh\\\/\",\"url\":\"https:\\\/\\\/www.stl-software.de\\\/cms\\\/kontaktformular-der-stl-gmbh\\\/\",\"name\":\"Kontaktformular der STL GmbH | STL GmbH\",\"isPartOf\":{\"@id\":\"https:\\\/\\\/www.stl-software.de\\\/cms\\\/#website\"},\"datePublished\":\"2021-11-12T16:50:42+00:00\",\"dateModified\":\"2025-12-08T13:36:09+00:00\",\"description\":\"Hier finden Sie alle notwendigen Informationen, um die STL GmbH zu kontaktieren: \ud83d\udce7 Mailadresse, \ud83d\udcde Telefonnummer und ein \ud83d\udcc7 Kontaktformular.\",\"breadcrumb\":{\"@id\":\"https:\\\/\\\/www.stl-software.de\\\/cms\\\/kontaktformular-der-stl-gmbh\\\/#breadcrumb\"},\"inLanguage\":\"de\",\"potentialAction\":[{\"@type\":\"ReadAction\",\"target\":[\"https:\\\/\\\/www.stl-software.de\\\/cms\\\/kontaktformular-der-stl-gmbh\\\/\"]}]},{\"@type\":\"BreadcrumbList\",\"@id\":\"https:\\\/\\\/www.stl-software.de\\\/cms\\\/kontaktformular-der-stl-gmbh\\\/#breadcrumb\",\"itemListElement\":[{\"@type\":\"ListItem\",\"position\":1,\"name\":\"Startseite\",\"item\":\"https:\\\/\\\/www.stl-software.de\\\/cms\\\/\"},{\"@type\":\"ListItem\",\"position\":2,\"name\":\"Kontaktformular der STL GmbH\"}]},{\"@type\":\"WebSite\",\"@id\":\"https:\\\/\\\/www.stl-software.de\\\/cms\\\/#website\",\"url\":\"https:\\\/\\\/www.stl-software.de\\\/cms\\\/\",\"name\":\"STL GmbH\",\"description\":\"Die Firma, die das LMS cimoio entwickelt hat\",\"potentialAction\":[{\"@type\":\"SearchAction\",\"target\":{\"@type\":\"EntryPoint\",\"urlTemplate\":\"https:\\\/\\\/www.stl-software.de\\\/cms\\\/?s={search_term_string}\"},\"query-input\":{\"@type\":\"PropertyValueSpecification\",\"valueRequired\":true,\"valueName\":\"search_term_string\"}}],\"inLanguage\":\"de\"}]}<\/script>\n<!-- \/ Yoast SEO plugin. -->","yoast_head_json":{"title":"Kontaktformular der STL GmbH | STL GmbH","description":"Hier finden Sie alle notwendigen Informationen, um die STL GmbH zu kontaktieren: \ud83d\udce7 Mailadresse, \ud83d\udcde Telefonnummer und ein \ud83d\udcc7 Kontaktformular.","robots":{"index":"index","follow":"follow","max-snippet":"max-snippet:-1","max-image-preview":"max-image-preview:large","max-video-preview":"max-video-preview:-1"},"canonical":"https:\/\/www.stl-software.de\/cms\/kontaktformular-der-stl-gmbh\/","og_locale":"de_DE","og_type":"article","og_title":"Kontaktformular der STL GmbH | STL GmbH","og_description":"Hier finden Sie alle notwendigen Informationen, um die STL GmbH zu kontaktieren: \ud83d\udce7 Mailadresse, \ud83d\udcde Telefonnummer und ein \ud83d\udcc7 Kontaktformular.","og_url":"https:\/\/www.stl-software.de\/cms\/kontaktformular-der-stl-gmbh\/","og_site_name":"STL GmbH","article_modified_time":"2025-12-08T13:36:09+00:00","twitter_card":"summary_large_image","schema":{"@context":"https:\/\/schema.org","@graph":[{"@type":["WebPage","ContactPage"],"@id":"https:\/\/www.stl-software.de\/cms\/kontaktformular-der-stl-gmbh\/","url":"https:\/\/www.stl-software.de\/cms\/kontaktformular-der-stl-gmbh\/","name":"Kontaktformular der STL GmbH | STL GmbH","isPartOf":{"@id":"https:\/\/www.stl-software.de\/cms\/#website"},"datePublished":"2021-11-12T16:50:42+00:00","dateModified":"2025-12-08T13:36:09+00:00","description":"Hier finden Sie alle notwendigen Informationen, um die STL GmbH zu kontaktieren: \ud83d\udce7 Mailadresse, \ud83d\udcde Telefonnummer und ein \ud83d\udcc7 Kontaktformular.","breadcrumb":{"@id":"https:\/\/www.stl-software.de\/cms\/kontaktformular-der-stl-gmbh\/#breadcrumb"},"inLanguage":"de","potentialAction":[{"@type":"ReadAction","target":["https:\/\/www.stl-software.de\/cms\/kontaktformular-der-stl-gmbh\/"]}]},{"@type":"BreadcrumbList","@id":"https:\/\/www.stl-software.de\/cms\/kontaktformular-der-stl-gmbh\/#breadcrumb","itemListElement":[{"@type":"ListItem","position":1,"name":"Startseite","item":"https:\/\/www.stl-software.de\/cms\/"},{"@type":"ListItem","position":2,"name":"Kontaktformular der STL GmbH"}]},{"@type":"WebSite","@id":"https:\/\/www.stl-software.de\/cms\/#website","url":"https:\/\/www.stl-software.de\/cms\/","name":"STL GmbH","description":"Die Firma, die das LMS cimoio entwickelt hat","potentialAction":[{"@type":"SearchAction","target":{"@type":"EntryPoint","urlTemplate":"https:\/\/www.stl-software.de\/cms\/?s={search_term_string}"},"query-input":{"@type":"PropertyValueSpecification","valueRequired":true,"valueName":"search_term_string"}}],"inLanguage":"de"}]}},"_links":{"self":[{"href":"https:\/\/www.stl-software.de\/cms\/wp-json\/wp\/v2\/pages\/232","targetHints":{"allow":["GET"]}}],"collection":[{"href":"https:\/\/www.stl-software.de\/cms\/wp-json\/wp\/v2\/pages"}],"about":[{"href":"https:\/\/www.stl-software.de\/cms\/wp-json\/wp\/v2\/types\/page"}],"author":[{"embeddable":true,"href":"https:\/\/www.stl-software.de\/cms\/wp-json\/wp\/v2\/users\/3"}],"replies":[{"embeddable":true,"href":"https:\/\/www.stl-software.de\/cms\/wp-json\/wp\/v2\/comments?post=232"}],"version-history":[{"count":16,"href":"https:\/\/www.stl-software.de\/cms\/wp-json\/wp\/v2\/pages\/232\/revisions"}],"predecessor-version":[{"id":2186,"href":"https:\/\/www.stl-software.de\/cms\/wp-json\/wp\/v2\/pages\/232\/revisions\/2186"}],"wp:attachment":[{"href":"https:\/\/www.stl-software.de\/cms\/wp-json\/wp\/v2\/media?parent=232"}],"curies":[{"name":"wp","href":"https:\/\/api.w.org\/{rel}","templated":true}]}}