{"id":182,"date":"2021-11-12T12:30:36","date_gmt":"2021-11-12T11:30:36","guid":{"rendered":"https:\/\/www.stl-software.de\/cms\/?page_id=182"},"modified":"2025-07-09T15:25:14","modified_gmt":"2025-07-09T13:25:14","slug":"produkte-der-stl-gmbh","status":"publish","type":"page","link":"https:\/\/www.stl-software.de\/cms\/produkte-der-stl-gmbh\/","title":{"rendered":"Produkte der STL GmbH"},"content":{"rendered":"<p>[et_pb_section fb_built=&#8220;1&#8243; _builder_version=&#8220;4.16&#8243; _module_preset=&#8220;default&#8220; global_colors_info=&#8220;{}&#8220;][et_pb_row _builder_version=&#8220;4.16&#8243; _module_preset=&#8220;default&#8220; global_colors_info=&#8220;{}&#8220;][et_pb_column type=&#8220;4_4&#8243; _builder_version=&#8220;4.16&#8243; _module_preset=&#8220;default&#8220; global_colors_info=&#8220;{}&#8220;][et_pb_text _builder_version=&#8220;4.16&#8243; _module_preset=&#8220;default&#8220; header_text_color=&#8220;#FFFFFF&#8220; custom_padding=&#8220;||1px|||&#8220; hover_enabled=&#8220;0&#8243; global_colors_info=&#8220;{}&#8220; sticky_enabled=&#8220;0&#8243;]<\/p>\n<h1>STL Produkte<\/h1>\n<p>[\/et_pb_text][et_pb_divider color=&#8220;#29c4a9&#8243; divider_weight=&#8220;4px&#8220; _builder_version=&#8220;4.9.10&#8243; _module_preset=&#8220;default&#8220; max_width=&#8220;40px&#8220; custom_margin=&#8220;||10px||false|false&#8220; global_module=&#8220;354&#8243; saved_tabs=&#8220;all&#8220; global_colors_info=&#8220;{}&#8220;][\/et_pb_divider][et_pb_text _builder_version=&#8220;4.27.0&#8243; _module_preset=&#8220;default&#8220; text_text_color=&#8220;#FFFFFF&#8220; hover_enabled=&#8220;0&#8243; global_colors_info=&#8220;{}&#8220; sticky_enabled=&#8220;0&#8243;]<\/p>\n<p>Das Hauptprodukt der STL GmbH ist die Trainingsmanagement Software <strong>cimoio<\/strong>. Diese wiederum ist die Grundlage f\u00fcr weitere Produkte. Einerseits f\u00fcr die cimoio Produktlinien. Andererseits f\u00fcr das <strong>Produkt MTS. MTS <\/strong>&#8211; oder: Managed Training Services &#8211; ist eine Kombination aus Software und weiterreichenden Dienstleistungen.<\/p>\n<p>[\/et_pb_text][\/et_pb_column][\/et_pb_row][\/et_pb_section][et_pb_section fb_built=&#8220;1&#8243; _builder_version=&#8220;4.16&#8243; _module_preset=&#8220;534b0480-ebfc-4f34-959c-de457c8ca269&#8243; global_colors_info=&#8220;{}&#8220;][et_pb_row column_structure=&#8220;1_4,3_4&#8243; _builder_version=&#8220;4.16&#8243; _module_preset=&#8220;default&#8220; global_colors_info=&#8220;{}&#8220;][et_pb_column type=&#8220;1_4&#8243; _builder_version=&#8220;4.16&#8243; _module_preset=&#8220;default&#8220; global_colors_info=&#8220;{}&#8220;][et_pb_image src=&#8220;https:\/\/www.stl-software.de\/cms\/wp-content\/uploads\/sites\/2\/2021\/08\/cimoio-module-icon.png&#8220; title_text=&#8220;cimoio-module-icon&#8220; url=&#8220;@ET-DC@eyJkeW5hbWljIjp0cnVlLCJjb250ZW50IjoicG9zdF9saW5rX3VybF9wYWdlIiwic2V0dGluZ3MiOnsicG9zdF9pZCI6IjM3OSJ9fQ==@&#8220; align=&#8220;center&#8220; force_fullwidth=&#8220;on&#8220; _builder_version=&#8220;4.21.0&#8243; _dynamic_attributes=&#8220;url&#8220; _module_preset=&#8220;default&#8220; min_height=&#8220;128px&#8220; custom_padding=&#8220;45px||||false|false&#8220; global_colors_info=&#8220;{}&#8220;][\/et_pb_image][\/et_pb_column][et_pb_column type=&#8220;3_4&#8243; _builder_version=&#8220;4.16&#8243; _module_preset=&#8220;default&#8220; global_colors_info=&#8220;{}&#8220;][et_pb_text _builder_version=&#8220;4.16&#8243; _module_preset=&#8220;default&#8220; global_colors_info=&#8220;{}&#8220;]<\/p>\n<h2>cimoio &#8211; Seminarverwaltung, LMS und vieles mehr<\/h2>\n<p>[\/et_pb_text][et_pb_divider color=&#8220;#29c4a9&#8243; divider_weight=&#8220;4px&#8220; _builder_version=&#8220;4.9.10&#8243; _module_preset=&#8220;default&#8220; max_width=&#8220;40px&#8220; custom_margin=&#8220;||10px||false|false&#8220; global_module=&#8220;354&#8243; saved_tabs=&#8220;all&#8220; global_colors_info=&#8220;{}&#8220;][\/et_pb_divider][et_pb_text _builder_version=&#8220;4.27.0&#8243; _module_preset=&#8220;default&#8220; hover_enabled=&#8220;0&#8243; global_colors_info=&#8220;{}&#8220; sticky_enabled=&#8220;0&#8243;]<\/p>\n<p><a href=\"https:\/\/www.cimoio.de\/cms\/\" target=\"_blank\" rel=\"noopener\" title=\"Website des Softwareprodukts cimoio\">cimoio<\/a> ist eine Webanwendung, mit der Sie ihre Akademie, ihre Personalentwicklung, ihre Produktschulungen oder sonstigen Lernprozesse und Lernmaterialien abbilden k\u00f6nnen. Mit Portalen, die auf die Bed\u00fcrfnisse der Anwender ausgerichtet sind, finden Sie auch die passgenaue Darstellung ihres Lernbetriebs. Verschiedene Module f\u00fcr besondere Aufgabenstellungen geben Ihnen die M\u00f6glichkeit, cimoio auf ihren Anwendungsfall anzupassen!<\/p>\n<p>Produktlinien bedienen au\u00dferdem konkrete L\u00f6sungen f\u00fcr spezifische Aufgabenstellungen.<\/p>\n<p>[\/et_pb_text][\/et_pb_column][\/et_pb_row][\/et_pb_section][et_pb_section fb_built=&#8220;1&#8243; _builder_version=&#8220;4.16&#8243; _module_preset=&#8220;753eb255-b498-452c-9075-9b40b679d3b4&#8243; global_colors_info=&#8220;{}&#8220;][et_pb_row column_structure=&#8220;3_4,1_4&#8243; _builder_version=&#8220;4.16&#8243; _module_preset=&#8220;default&#8220; global_colors_info=&#8220;{}&#8220;][et_pb_column type=&#8220;3_4&#8243; _builder_version=&#8220;4.16&#8243; _module_preset=&#8220;default&#8220; global_colors_info=&#8220;{}&#8220;][et_pb_text _builder_version=&#8220;4.22.1&#8243; _module_preset=&#8220;b9bb25d6-91bf-4e23-95cd-4a9e00f511ab&#8220; global_colors_info=&#8220;{}&#8220;]<\/p>\n<h2>MTS &#8211; <span style=\"text-decoration: underline\">M<\/span>anaged <span style=\"text-decoration: underline\">T<\/span>raining <span style=\"text-decoration: underline\">S<\/span>ervices<\/h2>\n<p>[\/et_pb_text][et_pb_divider color=&#8220;#29c4a9&#8243; divider_weight=&#8220;4px&#8220; _builder_version=&#8220;4.9.10&#8243; _module_preset=&#8220;default&#8220; max_width=&#8220;40px&#8220; custom_margin=&#8220;||10px||false|false&#8220; global_module=&#8220;354&#8243; saved_tabs=&#8220;all&#8220; global_colors_info=&#8220;{}&#8220;][\/et_pb_divider][et_pb_text _builder_version=&#8220;4.22.1&#8243; _module_preset=&#8220;b9bb25d6-91bf-4e23-95cd-4a9e00f511ab&#8220; global_colors_info=&#8220;{}&#8220;]<\/p>\n<p>Ben\u00f6tigen Sie mehr als eine Software f\u00fcr ihr Lernmanagement? M\u00f6chten Sie beispielsweise die Pflege ihres Trainingskatalogs outsourcen? Oder m\u00f6chten Sie die Beschaffung geeigneter digitaler oder Pr\u00e4senz-Trainings abgeben? Dann ist MTS (kurz f\u00fcr: Managed Training Services) die L\u00f6sung f\u00fcr Sie. Diese\u00a0 Kombination aus Software und Dienstleistung bieten wir nur in Zusammenarbeit mit einem Partner an. Unser Preferred Partner ist die <a href=\"https:\/\/www.integrata-cegos.de\/managed-training-services\/mts-outsourcing-in-drei-varianten\" target=\"_blank\" rel=\"noopener\" title=\"Website der Integrata Cegos GmbH\">Cegos Integrata GmbH<\/a>. Sprechen Sie uns an!<\/p>\n<p>[\/et_pb_text][\/et_pb_column][et_pb_column type=&#8220;1_4&#8243; _builder_version=&#8220;4.16&#8243; _module_preset=&#8220;default&#8220; global_colors_info=&#8220;{}&#8220;][et_pb_image src=&#8220;https:\/\/www.stl-software.de\/cms\/wp-content\/uploads\/sites\/2\/2023\/09\/logo-integrata.png&#8220; title_text=&#8220;logo-integrata&#8220; url=&#8220;@ET-DC@eyJkeW5hbWljIjp0cnVlLCJjb250ZW50IjoicG9zdF9saW5rX3VybF9wYWdlIiwic2V0dGluZ3MiOnsicG9zdF9pZCI6IjM5MiJ9fQ==@&#8220; _builder_version=&#8220;4.22.1&#8243; _dynamic_attributes=&#8220;url&#8220; _module_preset=&#8220;default&#8220; global_colors_info=&#8220;{}&#8220;][\/et_pb_image][\/et_pb_column][\/et_pb_row][\/et_pb_section][et_pb_section fb_built=&#8220;1&#8243; _builder_version=&#8220;4.16&#8243; _module_preset=&#8220;534b0480-ebfc-4f34-959c-de457c8ca269&#8243; global_colors_info=&#8220;{}&#8220;][et_pb_row _builder_version=&#8220;4.16&#8243; _module_preset=&#8220;default&#8220; global_colors_info=&#8220;{}&#8220;][et_pb_column type=&#8220;4_4&#8243; _builder_version=&#8220;4.16&#8243; _module_preset=&#8220;default&#8220; global_colors_info=&#8220;{}&#8220;][et_pb_divider color=&#8220;#009fe3&#8243; _builder_version=&#8220;4.16&#8243; _module_preset=&#8220;default&#8220; global_colors_info=&#8220;{}&#8220;][\/et_pb_divider][\/et_pb_column][\/et_pb_row][et_pb_row column_structure=&#8220;1_3,1_3,1_3&#8243; _builder_version=&#8220;4.16&#8243; _module_preset=&#8220;default&#8220; global_colors_info=&#8220;{}&#8220;][et_pb_column type=&#8220;1_3&#8243; _builder_version=&#8220;4.16&#8243; _module_preset=&#8220;default&#8220; global_colors_info=&#8220;{}&#8220;][et_pb_cta title=&#8220;Ben\u00f6tigen Sie auch Service?&#8220; button_url=&#8220;@ET-DC@eyJkeW5hbWljIjp0cnVlLCJjb250ZW50IjoicG9zdF9saW5rX3VybF9wYWdlIiwic2V0dGluZ3MiOnsicG9zdF9pZCI6IjI1NCJ9fQ==@&#8220; button_text=&#8220;Lesen Sie mehr&#8220; _builder_version=&#8220;4.22.1&#8243; _dynamic_attributes=&#8220;button_url&#8220; _module_preset=&#8220;default&#8220; global_module=&#8220;306&#8243; saved_tabs=&#8220;all&#8220; global_colors_info=&#8220;{}&#8220;]<\/p>\n<p>Wenn Sie au\u00dfer einem Tool auch Service rund um ihr Trainingsgesch\u00e4ft ben\u00f6tigen, finden Sie hier mehr Informationen!<\/p>\n<p>[\/et_pb_cta][\/et_pb_column][et_pb_column type=&#8220;1_3&#8243; _builder_version=&#8220;4.16&#8243; _module_preset=&#8220;default&#8220; global_colors_info=&#8220;{}&#8220;][et_pb_cta title=&#8220;Informationsmaterial gesucht?&#8220; button_url=&#8220;https:\/\/www.stl-software.de\/stlEcadia\/action?securedGetRequest_const=MAQya5iDsoxMX932IWUQnmQaK0uvaHA-Ymf1QhsnGryyRHGzPVqUPlwmKf1H3MJ0pfWe6j8yyUvMngRmr6AMBBVQVbY4geNzShU8GXcguxJigJ_7qhpI11TjrMCU7gAsJ7CPmx_Ux6MOeygaLI3vEw&#8220; button_text=&#8220;Lesen Sie mehr&#8220; _builder_version=&#8220;4.9.10&#8243; _module_preset=&#8220;default&#8220; global_module=&#8220;314&#8243; saved_tabs=&#8220;all&#8220; global_colors_info=&#8220;{}&#8220;]<\/p>\n<p>Von Administrations- bis Anwendertrainings, Videos zur Erkl\u00e4rung des Tools cimoio bis Webinarterminen finden Sie hier.<\/p>\n<p>[\/et_pb_cta][\/et_pb_column][et_pb_column type=&#8220;1_3&#8243; _builder_version=&#8220;4.16&#8243; _module_preset=&#8220;default&#8220; global_colors_info=&#8220;{}&#8220;][et_pb_cta title=&#8220;M\u00f6chten Sie Kundenstimmen lesen?&#8220; button_url=&#8220;@ET-DC@eyJkeW5hbWljIjp0cnVlLCJjb250ZW50IjoicG9zdF9saW5rX3VybF9wYWdlIiwic2V0dGluZ3MiOnsicG9zdF9pZCI6IjI1NCJ9fQ==@&#8220; button_text=&#8220;Lesen Sie mehr&#8220; _builder_version=&#8220;4.9.10&#8243; _dynamic_attributes=&#8220;button_url&#8220; _module_preset=&#8220;545dde89-ea91-4fb4-b13d-f0f53518a37d&#8220; global_module=&#8220;317&#8243; saved_tabs=&#8220;all&#8220; global_colors_info=&#8220;{}&#8220;]<\/p>\n<p>Hier finden Sie Kundenstimmen zu unserem Tool cimoio, MTS-L\u00f6sungen und qamaas-Installationen<\/p>\n<p>[\/et_pb_cta][\/et_pb_column][\/et_pb_row][\/et_pb_section]<\/p>\n","protected":false},"excerpt":{"rendered":"<p>STL ProdukteDas Hauptprodukt der STL GmbH ist die Trainingsmanagement Software cimoio. Diese wiederum ist die Grundlage f\u00fcr weitere Produkte. Einerseits f\u00fcr die cimoio Produktlinien. Andererseits f\u00fcr das Produkt MTS. MTS &#8211; oder: Managed Training Services &#8211; ist eine Kombination aus Software und weiterreichenden Dienstleistungen.cimoio &#8211; Seminarverwaltung, LMS und vieles mehrcimoio ist eine Webanwendung, mit der [&hellip;]<\/p>\n","protected":false},"author":3,"featured_media":0,"parent":0,"menu_order":10,"comment_status":"closed","ping_status":"closed","template":"","meta":{"_et_pb_use_builder":"on","_et_pb_old_content":"","_et_gb_content_width":"","inline_featured_image":false,"footnotes":""},"class_list":["post-182","page","type-page","status-publish","hentry"],"yoast_head":"<!-- This site is optimized with the Yoast SEO plugin v27.4 - https:\/\/yoast.com\/product\/yoast-seo-wordpress\/ -->\n<title>Produkte der STL GmbH | STL GmbH<\/title>\n<meta name=\"description\" content=\"Entdecken Sie das Hauptprodukt der STL GmbH - die Trainingsmanagement - Software cimoio. Die Basis f\u00fcr weitere innovative Produkte.\" \/>\n<meta name=\"robots\" content=\"index, follow, max-snippet:-1, max-image-preview:large, max-video-preview:-1\" \/>\n<link rel=\"canonical\" href=\"https:\/\/www.stl-software.de\/cms\/produkte-der-stl-gmbh\/\" \/>\n<meta property=\"og:locale\" content=\"de_DE\" \/>\n<meta property=\"og:type\" content=\"article\" \/>\n<meta property=\"og:title\" content=\"Produkte der STL GmbH | STL GmbH\" \/>\n<meta property=\"og:description\" content=\"Entdecken Sie das Hauptprodukt der STL GmbH - die Trainingsmanagement - Software cimoio. Die Basis f\u00fcr weitere innovative Produkte.\" \/>\n<meta property=\"og:url\" content=\"https:\/\/www.stl-software.de\/cms\/produkte-der-stl-gmbh\/\" \/>\n<meta property=\"og:site_name\" content=\"STL GmbH\" \/>\n<meta property=\"article:modified_time\" content=\"2025-07-09T13:25:14+00:00\" \/>\n<meta name=\"twitter:card\" content=\"summary_large_image\" \/>\n<script type=\"application\/ld+json\" class=\"yoast-schema-graph\">{\"@context\":\"https:\\\/\\\/schema.org\",\"@graph\":[{\"@type\":\"WebPage\",\"@id\":\"https:\\\/\\\/www.stl-software.de\\\/cms\\\/produkte-der-stl-gmbh\\\/\",\"url\":\"https:\\\/\\\/www.stl-software.de\\\/cms\\\/produkte-der-stl-gmbh\\\/\",\"name\":\"Produkte der STL GmbH | STL GmbH\",\"isPartOf\":{\"@id\":\"https:\\\/\\\/www.stl-software.de\\\/cms\\\/#website\"},\"datePublished\":\"2021-11-12T11:30:36+00:00\",\"dateModified\":\"2025-07-09T13:25:14+00:00\",\"description\":\"Entdecken Sie das Hauptprodukt der STL GmbH - die Trainingsmanagement - Software cimoio. Die Basis f\u00fcr weitere innovative Produkte.\",\"breadcrumb\":{\"@id\":\"https:\\\/\\\/www.stl-software.de\\\/cms\\\/produkte-der-stl-gmbh\\\/#breadcrumb\"},\"inLanguage\":\"de\",\"potentialAction\":[{\"@type\":\"ReadAction\",\"target\":[\"https:\\\/\\\/www.stl-software.de\\\/cms\\\/produkte-der-stl-gmbh\\\/\"]}]},{\"@type\":\"BreadcrumbList\",\"@id\":\"https:\\\/\\\/www.stl-software.de\\\/cms\\\/produkte-der-stl-gmbh\\\/#breadcrumb\",\"itemListElement\":[{\"@type\":\"ListItem\",\"position\":1,\"name\":\"Startseite\",\"item\":\"https:\\\/\\\/www.stl-software.de\\\/cms\\\/\"},{\"@type\":\"ListItem\",\"position\":2,\"name\":\"Produkte der STL GmbH\"}]},{\"@type\":\"WebSite\",\"@id\":\"https:\\\/\\\/www.stl-software.de\\\/cms\\\/#website\",\"url\":\"https:\\\/\\\/www.stl-software.de\\\/cms\\\/\",\"name\":\"STL GmbH\",\"description\":\"Die Firma, die das LMS cimoio entwickelt hat\",\"potentialAction\":[{\"@type\":\"SearchAction\",\"target\":{\"@type\":\"EntryPoint\",\"urlTemplate\":\"https:\\\/\\\/www.stl-software.de\\\/cms\\\/?s={search_term_string}\"},\"query-input\":{\"@type\":\"PropertyValueSpecification\",\"valueRequired\":true,\"valueName\":\"search_term_string\"}}],\"inLanguage\":\"de\"}]}<\/script>\n<!-- \/ Yoast SEO plugin. -->","yoast_head_json":{"title":"Produkte der STL GmbH | STL GmbH","description":"Entdecken Sie das Hauptprodukt der STL GmbH - die Trainingsmanagement - Software cimoio. Die Basis f\u00fcr weitere innovative Produkte.","robots":{"index":"index","follow":"follow","max-snippet":"max-snippet:-1","max-image-preview":"max-image-preview:large","max-video-preview":"max-video-preview:-1"},"canonical":"https:\/\/www.stl-software.de\/cms\/produkte-der-stl-gmbh\/","og_locale":"de_DE","og_type":"article","og_title":"Produkte der STL GmbH | STL GmbH","og_description":"Entdecken Sie das Hauptprodukt der STL GmbH - die Trainingsmanagement - Software cimoio. Die Basis f\u00fcr weitere innovative Produkte.","og_url":"https:\/\/www.stl-software.de\/cms\/produkte-der-stl-gmbh\/","og_site_name":"STL GmbH","article_modified_time":"2025-07-09T13:25:14+00:00","twitter_card":"summary_large_image","schema":{"@context":"https:\/\/schema.org","@graph":[{"@type":"WebPage","@id":"https:\/\/www.stl-software.de\/cms\/produkte-der-stl-gmbh\/","url":"https:\/\/www.stl-software.de\/cms\/produkte-der-stl-gmbh\/","name":"Produkte der STL GmbH | STL GmbH","isPartOf":{"@id":"https:\/\/www.stl-software.de\/cms\/#website"},"datePublished":"2021-11-12T11:30:36+00:00","dateModified":"2025-07-09T13:25:14+00:00","description":"Entdecken Sie das Hauptprodukt der STL GmbH - die Trainingsmanagement - Software cimoio. Die Basis f\u00fcr weitere innovative Produkte.","breadcrumb":{"@id":"https:\/\/www.stl-software.de\/cms\/produkte-der-stl-gmbh\/#breadcrumb"},"inLanguage":"de","potentialAction":[{"@type":"ReadAction","target":["https:\/\/www.stl-software.de\/cms\/produkte-der-stl-gmbh\/"]}]},{"@type":"BreadcrumbList","@id":"https:\/\/www.stl-software.de\/cms\/produkte-der-stl-gmbh\/#breadcrumb","itemListElement":[{"@type":"ListItem","position":1,"name":"Startseite","item":"https:\/\/www.stl-software.de\/cms\/"},{"@type":"ListItem","position":2,"name":"Produkte der STL GmbH"}]},{"@type":"WebSite","@id":"https:\/\/www.stl-software.de\/cms\/#website","url":"https:\/\/www.stl-software.de\/cms\/","name":"STL GmbH","description":"Die Firma, die das LMS cimoio entwickelt hat","potentialAction":[{"@type":"SearchAction","target":{"@type":"EntryPoint","urlTemplate":"https:\/\/www.stl-software.de\/cms\/?s={search_term_string}"},"query-input":{"@type":"PropertyValueSpecification","valueRequired":true,"valueName":"search_term_string"}}],"inLanguage":"de"}]}},"_links":{"self":[{"href":"https:\/\/www.stl-software.de\/cms\/wp-json\/wp\/v2\/pages\/182","targetHints":{"allow":["GET"]}}],"collection":[{"href":"https:\/\/www.stl-software.de\/cms\/wp-json\/wp\/v2\/pages"}],"about":[{"href":"https:\/\/www.stl-software.de\/cms\/wp-json\/wp\/v2\/types\/page"}],"author":[{"embeddable":true,"href":"https:\/\/www.stl-software.de\/cms\/wp-json\/wp\/v2\/users\/3"}],"replies":[{"embeddable":true,"href":"https:\/\/www.stl-software.de\/cms\/wp-json\/wp\/v2\/comments?post=182"}],"version-history":[{"count":29,"href":"https:\/\/www.stl-software.de\/cms\/wp-json\/wp\/v2\/pages\/182\/revisions"}],"predecessor-version":[{"id":1805,"href":"https:\/\/www.stl-software.de\/cms\/wp-json\/wp\/v2\/pages\/182\/revisions\/1805"}],"wp:attachment":[{"href":"https:\/\/www.stl-software.de\/cms\/wp-json\/wp\/v2\/media?parent=182"}],"curies":[{"name":"wp","href":"https:\/\/api.w.org\/{rel}","templated":true}]}}