{"id":1787,"date":"2024-09-23T11:19:58","date_gmt":"2024-09-23T09:19:58","guid":{"rendered":"https:\/\/www.stl-software.de\/cms\/?page_id=1787"},"modified":"2025-07-09T15:25:15","modified_gmt":"2025-07-09T13:25:15","slug":"partnerschaften-der-stl-gmbh","status":"publish","type":"page","link":"https:\/\/www.stl-software.de\/cms\/partnerschaften-der-stl-gmbh\/","title":{"rendered":"Partnerschaften der STL GmbH"},"content":{"rendered":"<p>[et_pb_section fb_built=&#8220;1&#8243; _builder_version=&#8220;4.16&#8243; _module_preset=&#8220;753eb255-b498-452c-9075-9b40b679d3b4&#8243; global_colors_info=&#8220;{}&#8220;][et_pb_row _builder_version=&#8220;4.16&#8243; _module_preset=&#8220;default&#8220; animation_style=&#8220;slide&#8220; animation_intensity_slide=&#8220;10%&#8220; global_colors_info=&#8220;{}&#8220;][et_pb_column type=&#8220;4_4&#8243; _builder_version=&#8220;4.16&#8243; _module_preset=&#8220;default&#8220; global_colors_info=&#8220;{}&#8220;][et_pb_text _builder_version=&#8220;4.27.0&#8243; _module_preset=&#8220;b9bb25d6-91bf-4e23-95cd-4a9e00f511ab&#8220; custom_padding=&#8220;||3px|||&#8220; global_colors_info=&#8220;{}&#8220;]<\/p>\n<h1>Partnerschaften der STL GmbH<\/h1>\n<p>[\/et_pb_text][et_pb_divider color=&#8220;#29c4a9&#8243; divider_weight=&#8220;4px&#8220; _builder_version=&#8220;4.9.10&#8243; _module_preset=&#8220;default&#8220; max_width=&#8220;40px&#8220; custom_margin=&#8220;||10px||false|false&#8220; global_module=&#8220;354&#8243; saved_tabs=&#8220;all&#8220; global_colors_info=&#8220;{}&#8220;][\/et_pb_divider][et_pb_text _builder_version=&#8220;4.27.0&#8243; _module_preset=&#8220;b9bb25d6-91bf-4e23-95cd-4a9e00f511ab&#8220; custom_padding=&#8220;3px||1px|||&#8220; hover_enabled=&#8220;0&#8243; global_colors_info=&#8220;{}&#8220; sticky_enabled=&#8220;0&#8243;]<\/p>\n<p>Die STL GmbH l\u00f6st nicht alle Aufgaben alleine &#8211; als Mittelst\u00e4ndler viel zu aufw\u00e4ndig! <br \/>Im Folgenden stellen wir ihnen darzm die Partnerschaften der STL GmbH vor. Wir arbieten mit mehreren Unternehmen zusammen. Das betrifft zum Beispiel Lieferanten f\u00fcr unser <a href=\"\/cms\/services-der-stl-gmbh\/cimoio-mit-hosting-loesung\/\" title=\"Das Service Angebot cimoio mit Hosting der STL GmbH\">Hosting<\/a> Angebot, aber auch zum Beispiel Entwicklungs- oder Vertriebspartner.<\/p>\n<p>Ein gro\u00dfartiges Beispiel daf\u00fcr ist die Zusammenarbeit mit unserem Entwicklungspartner qamaas GmbH, der fachlich eigenst\u00e4ndige Angebote f\u00fcr die Luftfahrtbranche entwickelt, aber auch f\u00fcr die <a href=\"https:\/\/www.cimoio.de\/cms\/cimoio-lms-produktlinien\/produktlinie-cimoio-aero\/\" title=\"Mehr Informationen zur Produktlinie cimoio aero des LMS cimoio\">cimoio LMS Produktlinie <strong>cimoio aero<\/strong><\/a> Entwicklungs- und Einf\u00fchrungsprojekte durchf\u00fchrt.<\/p>\n<p>[\/et_pb_text][\/et_pb_column][\/et_pb_row][\/et_pb_section][et_pb_section fb_built=&#8220;1&#8243; _builder_version=&#8220;4.16&#8243; _module_preset=&#8220;534b0480-ebfc-4f34-959c-de457c8ca269&#8243; global_colors_info=&#8220;{}&#8220;][et_pb_row column_structure=&#8220;1_4,3_4&#8243; _builder_version=&#8220;4.27.0&#8243; _module_preset=&#8220;default&#8220; custom_margin=&#8220;||||false|false&#8220; animation_style=&#8220;slide&#8220; animation_direction=&#8220;left&#8220; animation_intensity_slide=&#8220;10%&#8220; global_colors_info=&#8220;{}&#8220;][et_pb_column type=&#8220;1_4&#8243; _builder_version=&#8220;4.16&#8243; _module_preset=&#8220;default&#8220; global_colors_info=&#8220;{}&#8220;][et_pb_image src=&#8220;https:\/\/www.stl-software.de\/cms\/wp-content\/uploads\/sites\/2\/2021\/11\/qamaas_logo.webp&#8220; title_text=&#8220;qamaas_logo&#8220; _builder_version=&#8220;4.27.0&#8243; _module_preset=&#8220;default&#8220; custom_margin=&#8220;100px||||false|false&#8220; global_colors_info=&#8220;{}&#8220;][\/et_pb_image][\/et_pb_column][et_pb_column type=&#8220;3_4&#8243; _builder_version=&#8220;4.16&#8243; _module_preset=&#8220;default&#8220; global_colors_info=&#8220;{}&#8220;][et_pb_text _builder_version=&#8220;4.27.0&#8243; _module_preset=&#8220;default&#8220; global_colors_info=&#8220;{}&#8220;]<\/p>\n<h2>qamaas<\/h2>\n<p>[\/et_pb_text][et_pb_divider color=&#8220;#29c4a9&#8243; divider_weight=&#8220;4px&#8220; _builder_version=&#8220;4.9.10&#8243; _module_preset=&#8220;default&#8220; max_width=&#8220;40px&#8220; custom_margin=&#8220;||10px||false|false&#8220; global_module=&#8220;354&#8243; saved_tabs=&#8220;all&#8220; global_colors_info=&#8220;{}&#8220;][\/et_pb_divider][et_pb_text _builder_version=&#8220;4.27.0&#8243; _module_preset=&#8220;default&#8220; hover_enabled=&#8220;0&#8243; global_colors_info=&#8220;{}&#8220; sticky_enabled=&#8220;0&#8243;]<\/p>\n<p>Die qamaas GmbH\u00a0bietet auf Basis ihrer jahrelangen und tiefgehenden Kennntnis des Trainingsgesch\u00e4fts in der Luftfahrtbranche folgende L\u00f6sungen an:<\/p>\n<ul>\n<li>Einen <a href=\"https:\/\/platform.qamaas.com\/academy\/\" target=\"_blank\" rel=\"noopener\" title=\"Katalog f\u00fcr technische Trainings der qamaas GmbH\">Katalog der technischen Trainings<\/a> und der Trainingsanbieter f\u00fcr europ\u00e4ische Luftfahrtunternehmen<\/li>\n<li>Eine cloud-basierte Software-L\u00f6sung f\u00fcr kleine MRO-Unternehmen, die ihre Trainingsaktivit\u00e4ten nachweissicher dokumentieren m\u00fcssen.<\/li>\n<\/ul>\n<p>Au\u00dferdem sind sie unser Implementierungspartner f\u00fcr Einf\u00fchrungen und Customzings der Software cimoio aero.<\/p>\n<p>[\/et_pb_text][\/et_pb_column][\/et_pb_row][\/et_pb_section][et_pb_section fb_built=&#8220;1&#8243; disabled_on=&#8220;on|on|on&#8220; _builder_version=&#8220;4.16&#8243; _module_preset=&#8220;753eb255-b498-452c-9075-9b40b679d3b4&#8243; disabled=&#8220;on&#8220; global_colors_info=&#8220;{}&#8220;][et_pb_row column_structure=&#8220;3_4,1_4&#8243; _builder_version=&#8220;4.16&#8243; _module_preset=&#8220;default&#8220; animation_style=&#8220;slide&#8220; animation_intensity_slide=&#8220;10%&#8220; global_colors_info=&#8220;{}&#8220;][et_pb_column type=&#8220;3_4&#8243; _builder_version=&#8220;4.16&#8243; _module_preset=&#8220;default&#8220; global_colors_info=&#8220;{}&#8220;][et_pb_text _builder_version=&#8220;4.27.0&#8243; _module_preset=&#8220;b9bb25d6-91bf-4e23-95cd-4a9e00f511ab&#8220; global_colors_info=&#8220;{}&#8220;]<\/p>\n<h2>Lorem Ipsum<\/h2>\n<p>[\/et_pb_text][et_pb_divider color=&#8220;#29c4a9&#8243; divider_weight=&#8220;4px&#8220; _builder_version=&#8220;4.9.10&#8243; _module_preset=&#8220;default&#8220; max_width=&#8220;40px&#8220; custom_margin=&#8220;||10px||false|false&#8220; global_module=&#8220;354&#8243; saved_tabs=&#8220;all&#8220; global_colors_info=&#8220;{}&#8220;][\/et_pb_divider][et_pb_text _builder_version=&#8220;4.27.0&#8243; _module_preset=&#8220;b9bb25d6-91bf-4e23-95cd-4a9e00f511ab&#8220; global_colors_info=&#8220;{}&#8220;]<\/p>\n<p>Lorem Ipsum<\/p>\n<p>[\/et_pb_text][\/et_pb_column][et_pb_column type=&#8220;1_4&#8243; _builder_version=&#8220;4.16&#8243; _module_preset=&#8220;default&#8220; global_colors_info=&#8220;{}&#8220;][\/et_pb_column][\/et_pb_row][\/et_pb_section][et_pb_section fb_built=&#8220;1&#8243; disabled_on=&#8220;on|on|on&#8220; _builder_version=&#8220;4.16&#8243; _module_preset=&#8220;534b0480-ebfc-4f34-959c-de457c8ca269&#8243; disabled=&#8220;on&#8220; global_colors_info=&#8220;{}&#8220;][et_pb_row column_structure=&#8220;1_4,3_4&#8243; _builder_version=&#8220;4.16&#8243; _module_preset=&#8220;default&#8220; animation_style=&#8220;slide&#8220; animation_intensity_slide=&#8220;10%&#8220; global_colors_info=&#8220;{}&#8220;][et_pb_column type=&#8220;1_4&#8243; _builder_version=&#8220;4.16&#8243; _module_preset=&#8220;default&#8220; global_colors_info=&#8220;{}&#8220;][\/et_pb_column][et_pb_column type=&#8220;3_4&#8243; _builder_version=&#8220;4.16&#8243; _module_preset=&#8220;default&#8220; global_colors_info=&#8220;{}&#8220;][et_pb_text _builder_version=&#8220;4.27.0&#8243; _module_preset=&#8220;default&#8220; global_colors_info=&#8220;{}&#8220;]<\/p>\n<h2>Lorem Ipsum<\/h2>\n<p>[\/et_pb_text][et_pb_divider color=&#8220;#29c4a9&#8243; divider_weight=&#8220;4px&#8220; _builder_version=&#8220;4.9.10&#8243; _module_preset=&#8220;default&#8220; max_width=&#8220;40px&#8220; custom_margin=&#8220;||10px||false|false&#8220; global_module=&#8220;354&#8243; saved_tabs=&#8220;all&#8220; global_colors_info=&#8220;{}&#8220;][\/et_pb_divider][et_pb_text _builder_version=&#8220;4.27.0&#8243; _module_preset=&#8220;default&#8220; global_colors_info=&#8220;{}&#8220;]<\/p>\n<p>Lorem Ipsum<\/p>\n<p>[\/et_pb_text][\/et_pb_column][\/et_pb_row][\/et_pb_section][et_pb_section fb_built=&#8220;1&#8243; _builder_version=&#8220;4.16&#8243; _module_preset=&#8220;534b0480-ebfc-4f34-959c-de457c8ca269&#8243; global_colors_info=&#8220;{}&#8220;][et_pb_row _builder_version=&#8220;4.16&#8243; _module_preset=&#8220;default&#8220; global_colors_info=&#8220;{}&#8220;][et_pb_column type=&#8220;4_4&#8243; _builder_version=&#8220;4.16&#8243; _module_preset=&#8220;default&#8220; global_colors_info=&#8220;{}&#8220;][et_pb_divider color=&#8220;#009fe3&#8243; _builder_version=&#8220;4.16&#8243; _module_preset=&#8220;default&#8220; global_colors_info=&#8220;{}&#8220;][\/et_pb_divider][\/et_pb_column][\/et_pb_row][et_pb_row column_structure=&#8220;1_3,1_3,1_3&#8243; _builder_version=&#8220;4.16&#8243; _module_preset=&#8220;default&#8220; animation_style=&#8220;slide&#8220; animation_intensity_slide=&#8220;10%&#8220; locked=&#8220;off&#8220; global_colors_info=&#8220;{}&#8220;][et_pb_column type=&#8220;1_3&#8243; _builder_version=&#8220;4.16&#8243; _module_preset=&#8220;default&#8220; global_colors_info=&#8220;{}&#8220;][et_pb_cta title=&#8220;Schon unsere Produkte gesehen?&#8220; button_url=&#8220;@ET-DC@eyJkeW5hbWljIjp0cnVlLCJjb250ZW50IjoicG9zdF9saW5rX3VybF9wYWdlIiwic2V0dGluZ3MiOnsicG9zdF9pZCI6IjE4MiJ9fQ==@&#8220; button_text=&#8220;Lesen Sie mehr&#8220; _builder_version=&#8220;4.9.10&#8243; _dynamic_attributes=&#8220;button_url&#8220; _module_preset=&#8220;545dde89-ea91-4fb4-b13d-f0f53518a37d&#8220; global_module=&#8220;320&#8243; saved_tabs=&#8220;all&#8220; global_colors_info=&#8220;{}&#8220;]<\/p>\n<p>Wir bieten auch verschiedene Softwareprodukte und L\u00f6sungen an &#8211; Details dazu haben wir hier zusammengefasst:<\/p>\n<p>[\/et_pb_cta][\/et_pb_column][et_pb_column type=&#8220;1_3&#8243; _builder_version=&#8220;4.16&#8243; _module_preset=&#8220;default&#8220; global_colors_info=&#8220;{}&#8220;][et_pb_cta title=&#8220;Informationsmaterial gesucht?&#8220; button_url=&#8220;https:\/\/www.stl-software.de\/stlEcadia\/action?securedGetRequest_const=MAQya5iDsoxMX932IWUQnmQaK0uvaHA-Ymf1QhsnGryyRHGzPVqUPlwmKf1H3MJ0pfWe6j8yyUvMngRmr6AMBBVQVbY4geNzShU8GXcguxJigJ_7qhpI11TjrMCU7gAsJ7CPmx_Ux6MOeygaLI3vEw&#8220; button_text=&#8220;Lesen Sie mehr&#8220; _builder_version=&#8220;4.9.10&#8243; _module_preset=&#8220;default&#8220; global_module=&#8220;314&#8243; global_colors_info=&#8220;{}&#8220;]<\/p>\n<p>Von Administrations- bis Anwendertrainings, Videos zur Erkl\u00e4rung des Tools cimoio bis Webinarterminen finden Sie hier.<\/p>\n<p>[\/et_pb_cta][\/et_pb_column][et_pb_column type=&#8220;1_3&#8243; _builder_version=&#8220;4.16&#8243; _module_preset=&#8220;default&#8220; global_colors_info=&#8220;{}&#8220;][et_pb_cta title=&#8220;M\u00f6chten Sie Kundenstimmen lesen?&#8220; button_url=&#8220;@ET-DC@eyJkeW5hbWljIjp0cnVlLCJjb250ZW50IjoicG9zdF9saW5rX3VybF9wYWdlIiwic2V0dGluZ3MiOnsicG9zdF9pZCI6IjI1NCJ9fQ==@&#8220; button_text=&#8220;Lesen Sie mehr&#8220; _builder_version=&#8220;4.9.10&#8243; _dynamic_attributes=&#8220;button_url&#8220; _module_preset=&#8220;545dde89-ea91-4fb4-b13d-f0f53518a37d&#8220; global_module=&#8220;317&#8243; global_colors_info=&#8220;{}&#8220;]<\/p>\n<p>Hier finden Sie Kundenstimmen zu unserem Tool cimoio, MTS-L\u00f6sungen und qamaas-Installationen<\/p>\n<p>[\/et_pb_cta][\/et_pb_column][\/et_pb_row][\/et_pb_section]<\/p>\n","protected":false},"excerpt":{"rendered":"<p>Partnerschaften der STL GmbHDie STL GmbH l\u00f6st nicht alle Aufgaben alleine &#8211; als Mittelst\u00e4ndler viel zu aufw\u00e4ndig! Im Folgenden stellen wir ihnen darzm die Partnerschaften der STL GmbH vor. Wir arbieten mit mehreren Unternehmen zusammen. Das betrifft zum Beispiel Lieferanten f\u00fcr unser Hosting Angebot, aber auch zum Beispiel Entwicklungs- oder Vertriebspartner. Ein gro\u00dfartiges Beispiel daf\u00fcr [&hellip;]<\/p>\n","protected":false},"author":3,"featured_media":0,"parent":0,"menu_order":30,"comment_status":"closed","ping_status":"closed","template":"","meta":{"_et_pb_use_builder":"on","_et_pb_old_content":"","_et_gb_content_width":"","inline_featured_image":false,"footnotes":""},"class_list":["post-1787","page","type-page","status-publish","hentry"],"yoast_head":"<!-- This site is optimized with the Yoast SEO plugin v27.2 - https:\/\/yoast.com\/product\/yoast-seo-wordpress\/ -->\n<title>Partnerschaften der STL GmbH<\/title>\n<meta name=\"description\" content=\"Partnerschaften der STL GmbH | Unsere Hosting-Partner \ud83d\udda5\ufe0f | Unsere Vertriebspartner \ud83d\udcc8 | Unsere Implementierungspartner \ud83d\udc69\u200d\ud83d\udcbb\" \/>\n<meta name=\"robots\" content=\"index, follow, max-snippet:-1, max-image-preview:large, max-video-preview:-1\" \/>\n<link rel=\"canonical\" href=\"https:\/\/www.stl-software.de\/cms\/partnerschaften-der-stl-gmbh\/\" \/>\n<meta property=\"og:locale\" content=\"de_DE\" \/>\n<meta property=\"og:type\" content=\"article\" \/>\n<meta property=\"og:title\" content=\"Partnerschaften der STL GmbH\" \/>\n<meta property=\"og:description\" content=\"Partnerschaften der STL GmbH | Unsere Hosting-Partner \ud83d\udda5\ufe0f | Unsere Vertriebspartner \ud83d\udcc8 | Unsere Implementierungspartner \ud83d\udc69\u200d\ud83d\udcbb\" \/>\n<meta property=\"og:url\" content=\"https:\/\/www.stl-software.de\/cms\/partnerschaften-der-stl-gmbh\/\" \/>\n<meta property=\"og:site_name\" content=\"STL GmbH\" \/>\n<meta property=\"article:modified_time\" content=\"2025-07-09T13:25:15+00:00\" \/>\n<meta name=\"twitter:card\" content=\"summary_large_image\" \/>\n<script type=\"application\/ld+json\" class=\"yoast-schema-graph\">{\"@context\":\"https:\/\/schema.org\",\"@graph\":[{\"@type\":\"WebPage\",\"@id\":\"https:\/\/www.stl-software.de\/cms\/partnerschaften-der-stl-gmbh\/\",\"url\":\"https:\/\/www.stl-software.de\/cms\/partnerschaften-der-stl-gmbh\/\",\"name\":\"Partnerschaften der STL GmbH\",\"isPartOf\":{\"@id\":\"https:\/\/www.stl-software.de\/cms\/#website\"},\"datePublished\":\"2024-09-23T09:19:58+00:00\",\"dateModified\":\"2025-07-09T13:25:15+00:00\",\"description\":\"Partnerschaften der STL GmbH | Unsere Hosting-Partner \ud83d\udda5\ufe0f | Unsere Vertriebspartner \ud83d\udcc8 | Unsere Implementierungspartner \ud83d\udc69\u200d\ud83d\udcbb\",\"breadcrumb\":{\"@id\":\"https:\/\/www.stl-software.de\/cms\/partnerschaften-der-stl-gmbh\/#breadcrumb\"},\"inLanguage\":\"de\",\"potentialAction\":[{\"@type\":\"ReadAction\",\"target\":[\"https:\/\/www.stl-software.de\/cms\/partnerschaften-der-stl-gmbh\/\"]}]},{\"@type\":\"BreadcrumbList\",\"@id\":\"https:\/\/www.stl-software.de\/cms\/partnerschaften-der-stl-gmbh\/#breadcrumb\",\"itemListElement\":[{\"@type\":\"ListItem\",\"position\":1,\"name\":\"Startseite\",\"item\":\"https:\/\/www.stl-software.de\/cms\/\"},{\"@type\":\"ListItem\",\"position\":2,\"name\":\"Partnerschaften der STL GmbH\"}]},{\"@type\":\"WebSite\",\"@id\":\"https:\/\/www.stl-software.de\/cms\/#website\",\"url\":\"https:\/\/www.stl-software.de\/cms\/\",\"name\":\"STL GmbH\",\"description\":\"Die Firma, die das LMS cimoio entwickelt hat\",\"potentialAction\":[{\"@type\":\"SearchAction\",\"target\":{\"@type\":\"EntryPoint\",\"urlTemplate\":\"https:\/\/www.stl-software.de\/cms\/?s={search_term_string}\"},\"query-input\":{\"@type\":\"PropertyValueSpecification\",\"valueRequired\":true,\"valueName\":\"search_term_string\"}}],\"inLanguage\":\"de\"}]}<\/script>\n<!-- \/ Yoast SEO plugin. -->","yoast_head_json":{"title":"Partnerschaften der STL GmbH","description":"Partnerschaften der STL GmbH | Unsere Hosting-Partner \ud83d\udda5\ufe0f | Unsere Vertriebspartner \ud83d\udcc8 | Unsere Implementierungspartner \ud83d\udc69\u200d\ud83d\udcbb","robots":{"index":"index","follow":"follow","max-snippet":"max-snippet:-1","max-image-preview":"max-image-preview:large","max-video-preview":"max-video-preview:-1"},"canonical":"https:\/\/www.stl-software.de\/cms\/partnerschaften-der-stl-gmbh\/","og_locale":"de_DE","og_type":"article","og_title":"Partnerschaften der STL GmbH","og_description":"Partnerschaften der STL GmbH | Unsere Hosting-Partner \ud83d\udda5\ufe0f | Unsere Vertriebspartner \ud83d\udcc8 | Unsere Implementierungspartner \ud83d\udc69\u200d\ud83d\udcbb","og_url":"https:\/\/www.stl-software.de\/cms\/partnerschaften-der-stl-gmbh\/","og_site_name":"STL GmbH","article_modified_time":"2025-07-09T13:25:15+00:00","twitter_card":"summary_large_image","schema":{"@context":"https:\/\/schema.org","@graph":[{"@type":"WebPage","@id":"https:\/\/www.stl-software.de\/cms\/partnerschaften-der-stl-gmbh\/","url":"https:\/\/www.stl-software.de\/cms\/partnerschaften-der-stl-gmbh\/","name":"Partnerschaften der STL GmbH","isPartOf":{"@id":"https:\/\/www.stl-software.de\/cms\/#website"},"datePublished":"2024-09-23T09:19:58+00:00","dateModified":"2025-07-09T13:25:15+00:00","description":"Partnerschaften der STL GmbH | Unsere Hosting-Partner \ud83d\udda5\ufe0f | Unsere Vertriebspartner \ud83d\udcc8 | Unsere Implementierungspartner \ud83d\udc69\u200d\ud83d\udcbb","breadcrumb":{"@id":"https:\/\/www.stl-software.de\/cms\/partnerschaften-der-stl-gmbh\/#breadcrumb"},"inLanguage":"de","potentialAction":[{"@type":"ReadAction","target":["https:\/\/www.stl-software.de\/cms\/partnerschaften-der-stl-gmbh\/"]}]},{"@type":"BreadcrumbList","@id":"https:\/\/www.stl-software.de\/cms\/partnerschaften-der-stl-gmbh\/#breadcrumb","itemListElement":[{"@type":"ListItem","position":1,"name":"Startseite","item":"https:\/\/www.stl-software.de\/cms\/"},{"@type":"ListItem","position":2,"name":"Partnerschaften der STL GmbH"}]},{"@type":"WebSite","@id":"https:\/\/www.stl-software.de\/cms\/#website","url":"https:\/\/www.stl-software.de\/cms\/","name":"STL GmbH","description":"Die Firma, die das LMS cimoio entwickelt hat","potentialAction":[{"@type":"SearchAction","target":{"@type":"EntryPoint","urlTemplate":"https:\/\/www.stl-software.de\/cms\/?s={search_term_string}"},"query-input":{"@type":"PropertyValueSpecification","valueRequired":true,"valueName":"search_term_string"}}],"inLanguage":"de"}]}},"_links":{"self":[{"href":"https:\/\/www.stl-software.de\/cms\/wp-json\/wp\/v2\/pages\/1787","targetHints":{"allow":["GET"]}}],"collection":[{"href":"https:\/\/www.stl-software.de\/cms\/wp-json\/wp\/v2\/pages"}],"about":[{"href":"https:\/\/www.stl-software.de\/cms\/wp-json\/wp\/v2\/types\/page"}],"author":[{"embeddable":true,"href":"https:\/\/www.stl-software.de\/cms\/wp-json\/wp\/v2\/users\/3"}],"replies":[{"embeddable":true,"href":"https:\/\/www.stl-software.de\/cms\/wp-json\/wp\/v2\/comments?post=1787"}],"version-history":[{"count":12,"href":"https:\/\/www.stl-software.de\/cms\/wp-json\/wp\/v2\/pages\/1787\/revisions"}],"predecessor-version":[{"id":1833,"href":"https:\/\/www.stl-software.de\/cms\/wp-json\/wp\/v2\/pages\/1787\/revisions\/1833"}],"wp:attachment":[{"href":"https:\/\/www.stl-software.de\/cms\/wp-json\/wp\/v2\/media?parent=1787"}],"curies":[{"name":"wp","href":"https:\/\/api.w.org\/{rel}","templated":true}]}}