{"id":1157,"date":"2022-11-28T13:30:52","date_gmt":"2022-11-28T12:30:52","guid":{"rendered":"https:\/\/www.stl-software.de\/cms\/?page_id=1157"},"modified":"2024-09-23T11:22:18","modified_gmt":"2024-09-23T09:22:18","slug":"blog-stl","status":"publish","type":"page","link":"https:\/\/www.stl-software.de\/cms\/blog-stl\/","title":{"rendered":"Blog der STL GmbH"},"content":{"rendered":"\n[et_pb_section fb_built=&#8220;1&#8243; _builder_version=&#8220;4.19.1&#8243; _module_preset=&#8220;default&#8220; global_colors_info=&#8220;{}&#8220;][et_pb_row column_structure=&#8220;1_4,3_4&#8243; _builder_version=&#8220;4.19.1&#8243; _module_preset=&#8220;default&#8220; width=&#8220;90%&#8220; max_width=&#8220;1200px&#8220; module_alignment=&#8220;center&#8220; custom_margin=&#8220;|auto||376px||&#8220; animation_style=&#8220;slide&#8220; animation_direction=&#8220;top&#8220; global_colors_info=&#8220;{}&#8220;][et_pb_column type=&#8220;1_4&#8243; _builder_version=&#8220;4.19.1&#8243; _module_preset=&#8220;default&#8220; global_colors_info=&#8220;{}&#8220;][et_pb_icon font_icon=&#8220;&#xf781;||fa||900&#8243; icon_color=&#8220;#FFFFFF&#8220; icon_width=&#8220;128px&#8220; align=&#8220;left&#8220; _builder_version=&#8220;4.19.1&#8243; _module_preset=&#8220;default&#8220; custom_padding=&#8220;|100px||||&#8220; global_colors_info=&#8220;{}&#8220;][\/et_pb_icon][\/et_pb_column][et_pb_column type=&#8220;3_4&#8243; _builder_version=&#8220;4.19.1&#8243; _module_preset=&#8220;default&#8220; global_colors_info=&#8220;{}&#8220;][et_pb_text _builder_version=&#8220;4.22.1&#8243; _module_preset=&#8220;b9bb25d6-91bf-4e23-95cd-4a9e00f511ab&#8220; text_font_size=&#8220;32px&#8220; custom_margin=&#8220;57px|||-270px|false|false&#8220; custom_padding=&#8220;|||95px||&#8220; hover_enabled=&#8220;0&#8243; global_colors_info=&#8220;{}&#8220; sticky_enabled=&#8220;0&#8243;]<h1>Der offizielle Blog der STL Software GmbH.<\/h1>[\/et_pb_text][\/et_pb_column][\/et_pb_row][\/et_pb_section][et_pb_section fb_built=&#8220;1&#8243; _builder_version=&#8220;4.19.1&#8243; _module_preset=&#8220;534b0480-ebfc-4f34-959c-de457c8ca269&#8243; background_color=&#8220;#E02B20&#8243; global_colors_info=&#8220;{}&#8220;][et_pb_row column_structure=&#8220;3_4,1_4&#8243; _builder_version=&#8220;4.19.1&#8243; _module_preset=&#8220;default&#8220; width=&#8220;90%&#8220; max_width=&#8220;1200px&#8220; module_alignment=&#8220;center&#8220; global_colors_info=&#8220;{}&#8220;][et_pb_column type=&#8220;3_4&#8243; _builder_version=&#8220;4.19.1&#8243; _module_preset=&#8220;default&#8220; global_colors_info=&#8220;{}&#8220;][et_pb_blog include_categories=&#8220;all&#8220; show_author=&#8220;off&#8220; _builder_version=&#8220;4.20.4&#8243; _module_preset=&#8220;default&#8220; header_font=&#8220;|600|||||||&#8220; header_text_color=&#8220;#009fe3&#8243; body_font=&#8220;||||||||&#8220; body_text_color=&#8220;#555555&#8243; meta_text_color=&#8220;#009fe3&#8243; meta_font_size=&#8220;12px&#8220; meta_line_height=&#8220;3em&#8220; background_color=&#8220;RGBA(255,255,255,0)&#8220; background_enable_image=&#8220;off&#8220; background_position=&#8220;top_right&#8220; background_blend=&#8220;color-burn&#8220; custom_padding=&#8220;||||false|false&#8220; animation_style=&#8220;slide&#8220; animation_direction=&#8220;left&#8220; border_color_bottom_fullwidth=&#8220;#009fe3&#8243; border_radii_image=&#8220;on|5px|5px|5px|5px&#8220; box_shadow_style_image=&#8220;preset2&#8243; global_colors_info=&#8220;{}&#8220;][\/et_pb_blog][\/et_pb_column][et_pb_column type=&#8220;1_4&#8243; _builder_version=&#8220;4.19.1&#8243; _module_preset=&#8220;default&#8220; global_colors_info=&#8220;{}&#8220;][et_pb_sidebar show_border=&#8220;off&#8220; module_class=&#8220;BlogSideBar&#8220; _builder_version=&#8220;4.19.1&#8243; _module_preset=&#8220;default&#8220; header_text_color=&#8220;#009fe3&#8243; body_text_color=&#8220;#009fe3&#8243; background_layout=&#8220;dark&#8220; animation_style=&#8220;slide&#8220; animation_direction=&#8220;right&#8220; border_color_all=&#8220;RGBA(255,255,255,0)&#8220; global_colors_info=&#8220;{}&#8220;][\/et_pb_sidebar][et_pb_post_nav in_same_term=&#8220;on&#8220; _builder_version=&#8220;4.20.4&#8243; _module_preset=&#8220;default&#8220; global_colors_info=&#8220;{}&#8220;][\/et_pb_post_nav][\/et_pb_column][\/et_pb_row][\/et_pb_section]\n","protected":false},"excerpt":{"rendered":"<p>Der offizielle Blog der STL Software GmbH.<\/p>\n","protected":false},"author":5,"featured_media":0,"parent":0,"menu_order":55,"comment_status":"closed","ping_status":"closed","template":"","meta":{"_et_pb_use_builder":"on","_et_pb_old_content":"","_et_gb_content_width":"","inline_featured_image":false,"footnotes":""},"class_list":["post-1157","page","type-page","status-publish","hentry"],"yoast_head":"<!-- This site is optimized with the Yoast SEO plugin v27.2 - https:\/\/yoast.com\/product\/yoast-seo-wordpress\/ -->\n<title>Blog der STL GmbH | STL GmbH<\/title>\n<meta name=\"description\" content=\"Willkommen auf dem Blog der STL GmbH. Hier ver\u00f6ffentlichen wir regelm\u00e4\u00dfig Unternehmensneuigkeiten und aktuelle Aktivit\u00e4ten.\" \/>\n<meta name=\"robots\" content=\"index, follow, max-snippet:-1, max-image-preview:large, max-video-preview:-1\" \/>\n<link rel=\"canonical\" href=\"https:\/\/www.stl-software.de\/cms\/blog-stl\/\" \/>\n<meta property=\"og:locale\" content=\"de_DE\" \/>\n<meta property=\"og:type\" content=\"article\" \/>\n<meta property=\"og:title\" content=\"Blog der STL GmbH | STL GmbH\" \/>\n<meta property=\"og:description\" content=\"Willkommen auf dem Blog der STL GmbH. Hier ver\u00f6ffentlichen wir regelm\u00e4\u00dfig Unternehmensneuigkeiten und aktuelle Aktivit\u00e4ten.\" \/>\n<meta property=\"og:url\" content=\"https:\/\/www.stl-software.de\/cms\/blog-stl\/\" \/>\n<meta property=\"og:site_name\" content=\"STL GmbH\" \/>\n<meta property=\"article:modified_time\" content=\"2024-09-23T09:22:18+00:00\" \/>\n<meta name=\"twitter:card\" content=\"summary_large_image\" \/>\n<script type=\"application\/ld+json\" class=\"yoast-schema-graph\">{\"@context\":\"https:\/\/schema.org\",\"@graph\":[{\"@type\":\"WebPage\",\"@id\":\"https:\/\/www.stl-software.de\/cms\/blog-stl\/\",\"url\":\"https:\/\/www.stl-software.de\/cms\/blog-stl\/\",\"name\":\"Blog der STL GmbH | STL GmbH\",\"isPartOf\":{\"@id\":\"https:\/\/www.stl-software.de\/cms\/#website\"},\"datePublished\":\"2022-11-28T12:30:52+00:00\",\"dateModified\":\"2024-09-23T09:22:18+00:00\",\"description\":\"Willkommen auf dem Blog der STL GmbH. Hier ver\u00f6ffentlichen wir regelm\u00e4\u00dfig Unternehmensneuigkeiten und aktuelle Aktivit\u00e4ten.\",\"breadcrumb\":{\"@id\":\"https:\/\/www.stl-software.de\/cms\/blog-stl\/#breadcrumb\"},\"inLanguage\":\"de\",\"potentialAction\":[{\"@type\":\"ReadAction\",\"target\":[\"https:\/\/www.stl-software.de\/cms\/blog-stl\/\"]}]},{\"@type\":\"BreadcrumbList\",\"@id\":\"https:\/\/www.stl-software.de\/cms\/blog-stl\/#breadcrumb\",\"itemListElement\":[{\"@type\":\"ListItem\",\"position\":1,\"name\":\"Startseite\",\"item\":\"https:\/\/www.stl-software.de\/cms\/\"},{\"@type\":\"ListItem\",\"position\":2,\"name\":\"Blog der STL GmbH\"}]},{\"@type\":\"WebSite\",\"@id\":\"https:\/\/www.stl-software.de\/cms\/#website\",\"url\":\"https:\/\/www.stl-software.de\/cms\/\",\"name\":\"STL GmbH\",\"description\":\"Die Firma, die das LMS cimoio entwickelt hat\",\"potentialAction\":[{\"@type\":\"SearchAction\",\"target\":{\"@type\":\"EntryPoint\",\"urlTemplate\":\"https:\/\/www.stl-software.de\/cms\/?s={search_term_string}\"},\"query-input\":{\"@type\":\"PropertyValueSpecification\",\"valueRequired\":true,\"valueName\":\"search_term_string\"}}],\"inLanguage\":\"de\"}]}<\/script>\n<!-- \/ Yoast SEO plugin. -->","yoast_head_json":{"title":"Blog der STL GmbH | STL GmbH","description":"Willkommen auf dem Blog der STL GmbH. Hier ver\u00f6ffentlichen wir regelm\u00e4\u00dfig Unternehmensneuigkeiten und aktuelle Aktivit\u00e4ten.","robots":{"index":"index","follow":"follow","max-snippet":"max-snippet:-1","max-image-preview":"max-image-preview:large","max-video-preview":"max-video-preview:-1"},"canonical":"https:\/\/www.stl-software.de\/cms\/blog-stl\/","og_locale":"de_DE","og_type":"article","og_title":"Blog der STL GmbH | STL GmbH","og_description":"Willkommen auf dem Blog der STL GmbH. Hier ver\u00f6ffentlichen wir regelm\u00e4\u00dfig Unternehmensneuigkeiten und aktuelle Aktivit\u00e4ten.","og_url":"https:\/\/www.stl-software.de\/cms\/blog-stl\/","og_site_name":"STL GmbH","article_modified_time":"2024-09-23T09:22:18+00:00","twitter_card":"summary_large_image","schema":{"@context":"https:\/\/schema.org","@graph":[{"@type":"WebPage","@id":"https:\/\/www.stl-software.de\/cms\/blog-stl\/","url":"https:\/\/www.stl-software.de\/cms\/blog-stl\/","name":"Blog der STL GmbH | STL GmbH","isPartOf":{"@id":"https:\/\/www.stl-software.de\/cms\/#website"},"datePublished":"2022-11-28T12:30:52+00:00","dateModified":"2024-09-23T09:22:18+00:00","description":"Willkommen auf dem Blog der STL GmbH. Hier ver\u00f6ffentlichen wir regelm\u00e4\u00dfig Unternehmensneuigkeiten und aktuelle Aktivit\u00e4ten.","breadcrumb":{"@id":"https:\/\/www.stl-software.de\/cms\/blog-stl\/#breadcrumb"},"inLanguage":"de","potentialAction":[{"@type":"ReadAction","target":["https:\/\/www.stl-software.de\/cms\/blog-stl\/"]}]},{"@type":"BreadcrumbList","@id":"https:\/\/www.stl-software.de\/cms\/blog-stl\/#breadcrumb","itemListElement":[{"@type":"ListItem","position":1,"name":"Startseite","item":"https:\/\/www.stl-software.de\/cms\/"},{"@type":"ListItem","position":2,"name":"Blog der STL GmbH"}]},{"@type":"WebSite","@id":"https:\/\/www.stl-software.de\/cms\/#website","url":"https:\/\/www.stl-software.de\/cms\/","name":"STL GmbH","description":"Die Firma, die das LMS cimoio entwickelt hat","potentialAction":[{"@type":"SearchAction","target":{"@type":"EntryPoint","urlTemplate":"https:\/\/www.stl-software.de\/cms\/?s={search_term_string}"},"query-input":{"@type":"PropertyValueSpecification","valueRequired":true,"valueName":"search_term_string"}}],"inLanguage":"de"}]}},"_links":{"self":[{"href":"https:\/\/www.stl-software.de\/cms\/wp-json\/wp\/v2\/pages\/1157","targetHints":{"allow":["GET"]}}],"collection":[{"href":"https:\/\/www.stl-software.de\/cms\/wp-json\/wp\/v2\/pages"}],"about":[{"href":"https:\/\/www.stl-software.de\/cms\/wp-json\/wp\/v2\/types\/page"}],"author":[{"embeddable":true,"href":"https:\/\/www.stl-software.de\/cms\/wp-json\/wp\/v2\/users\/5"}],"replies":[{"embeddable":true,"href":"https:\/\/www.stl-software.de\/cms\/wp-json\/wp\/v2\/comments?post=1157"}],"version-history":[{"count":28,"href":"https:\/\/www.stl-software.de\/cms\/wp-json\/wp\/v2\/pages\/1157\/revisions"}],"predecessor-version":[{"id":1793,"href":"https:\/\/www.stl-software.de\/cms\/wp-json\/wp\/v2\/pages\/1157\/revisions\/1793"}],"wp:attachment":[{"href":"https:\/\/www.stl-software.de\/cms\/wp-json\/wp\/v2\/media?parent=1157"}],"curies":[{"name":"wp","href":"https:\/\/api.w.org\/{rel}","templated":true}]}}